{"id":6334,"date":"2026-04-29T22:36:46","date_gmt":"2026-04-30T03:36:46","guid":{"rendered":"https:\/\/www.fullroom.ca\/?post_type=product&#038;p=6334"},"modified":"2026-04-29T23:16:59","modified_gmt":"2026-04-30T04:16:59","slug":"cintres-finesse-par-levco-copy-2","status":"publish","type":"product","link":"https:\/\/www.fullroom.ca\/fr\/shop\/nouveautes\/cintres-finesse-par-levco-copy-2\/","title":{"rendered":"PR\u00c9-COMMANDE | Table RELAUNCH par Full Room"},"content":{"rendered":"<div class=\"grid kcm\">\n<div class=\"grid__item one-whole portable--auto lap--auto palm--auto\" data-style=\"\"><\/div>\n<\/div>\n","protected":false},"excerpt":{"rendered":"<p data-start=\"282\" data-end=\"651\">La table d\u2019appoint RELAUNCH revisite un arch\u00e9type familier du design moderne : un volume cubique perc\u00e9 d\u2019ouvertures circulaires. Souvent associ\u00e9e \u00e0 Joe Colombo, cette forme a connu de nombreuses d\u00e9clinaisons \u00e0 la fin des ann\u00e9es 1960 et dans les ann\u00e9es 1970, au point d\u2019\u00eatre reproduite et r\u00e9interpr\u00e9t\u00e9e si largement que son origine s\u2019est progressivement d\u00e9plac\u00e9e d\u2019une paternit\u00e9 individuelle vers un langage de design collectif. <\/p>\n<p data-start=\"653\" data-end=\"1084\">Ce re-design par Full Room aborde cet arch\u00e9type \u00e0 travers une d\u00e9marche de r\u00e9duction et de clart\u00e9 mat\u00e9rielle. La table est enti\u00e8rement r\u00e9alis\u00e9e en t\u00f4le d\u2019aluminium, rempla\u00e7ant l\u2019assemblage traditionnel de mat\u00e9riaux multiples par une structure monomat\u00e9riau, enti\u00e8rement recyclable. Elle est produite localement au Qu\u00e9bec \u00e0 partir d\u2019aluminium canadien et re\u00e7oit une finition en poudre lustr\u00e9e, \u00e9voquant la douceur visuelle des plastiques de l\u2019\u00e8re Space Age tout en conservant la durabilit\u00e9 du m\u00e9tal.  <\/p>\n<p data-start=\"653\" data-end=\"1084\"><strong>D\u00e9lai de production et de livraison : 6 \u00e0 8 semaines suivant la commande. Veuillez nous contacter pour conna\u00eetre les frais d&rsquo;exp\u00e9dition avant de passer votre commande.  <\/strong><\/p>\n","protected":false},"featured_media":6390,"template":"","meta":[],"product_brand":[],"product_cat":[201,206],"product_tag":[],"class_list":{"0":"post-6334","1":"product","2":"type-product","3":"status-publish","4":"has-post-thumbnail","6":"product_cat-nouveautes","7":"product_cat-tables","9":"first","10":"instock","11":"taxable","12":"shipping-taxable","13":"purchasable","14":"product-type-variable"},"acf":[],"yoast_head":"<!-- This site is optimized with the Yoast SEO plugin v23.4 - https:\/\/yoast.com\/wordpress\/plugins\/seo\/ -->\n<title>PR\u00c9-COMMANDE | Table RELAUNCH par Full Room - Full Room<\/title>\n<meta name=\"robots\" content=\"index, follow, max-snippet:-1, max-image-preview:large, max-video-preview:-1\" \/>\n<link rel=\"canonical\" href=\"https:\/\/www.fullroom.ca\/fr\/shop\/nouveautes\/cintres-finesse-par-levco-copy-2\/\" \/>\n<meta property=\"og:locale\" content=\"fr_FR\" \/>\n<meta property=\"og:type\" content=\"article\" \/>\n<meta property=\"og:title\" content=\"PR\u00c9-COMMANDE | Table RELAUNCH par Full Room - Full Room\" \/>\n<meta property=\"og:description\" content=\"La table d\u2019appoint RELAUNCH revisite un arch\u00e9type familier du design moderne : un volume cubique perc\u00e9 d\u2019ouvertures circulaires. Souvent associ\u00e9e \u00e0 Joe Colombo, cette forme a connu de nombreuses d\u00e9clinaisons \u00e0 la fin des ann\u00e9es 1960 et dans les ann\u00e9es 1970, au point d\u2019\u00eatre reproduite et r\u00e9interpr\u00e9t\u00e9e si largement que son origine s\u2019est progressivement d\u00e9plac\u00e9e d\u2019une paternit\u00e9 individuelle vers un langage de design collectif. Ce re-design par Full Room aborde cet arch\u00e9type \u00e0 travers une d\u00e9marche de r\u00e9duction et de clart\u00e9 mat\u00e9rielle. La table est enti\u00e8rement r\u00e9alis\u00e9e en t\u00f4le d\u2019aluminium, rempla\u00e7ant l\u2019assemblage traditionnel de mat\u00e9riaux multiples par une structure monomat\u00e9riau, enti\u00e8rement recyclable. Elle est produite localement au Qu\u00e9bec \u00e0 partir d\u2019aluminium canadien et re\u00e7oit une finition en poudre lustr\u00e9e, \u00e9voquant la douceur visuelle des plastiques de l\u2019\u00e8re Space Age tout en conservant la durabilit\u00e9 du m\u00e9tal.  D\u00e9lai de production et de livraison : 6 \u00e0 8 semaines suivant la commande. Veuillez nous contacter pour conna\u00eetre les frais d&#039;exp\u00e9dition avant de passer votre commande.\" \/>\n<meta property=\"og:url\" content=\"https:\/\/www.fullroom.ca\/fr\/shop\/nouveautes\/cintres-finesse-par-levco-copy-2\/\" \/>\n<meta property=\"og:site_name\" content=\"Full Room\" \/>\n<meta property=\"article:modified_time\" content=\"2026-04-30T04:16:59+00:00\" \/>\n<meta property=\"og:image\" content=\"https:\/\/www.fullroom.ca\/wp-content\/uploads\/2026\/04\/ReLaunch-SpaceAge-Cube-FullRoom0312.jpg\" \/>\n\t<meta property=\"og:image:width\" content=\"2500\" \/>\n\t<meta property=\"og:image:height\" content=\"1786\" \/>\n\t<meta property=\"og:image:type\" content=\"image\/jpeg\" \/>\n<meta name=\"twitter:card\" content=\"summary_large_image\" \/>\n<script type=\"application\/ld+json\" class=\"yoast-schema-graph\">{\"@context\":\"https:\/\/schema.org\",\"@graph\":[{\"@type\":\"WebPage\",\"@id\":\"https:\/\/www.fullroom.ca\/fr\/shop\/nouveautes\/cintres-finesse-par-levco-copy-2\/\",\"url\":\"https:\/\/www.fullroom.ca\/fr\/shop\/nouveautes\/cintres-finesse-par-levco-copy-2\/\",\"name\":\"PR\u00c9-COMMANDE | Table RELAUNCH par Full Room - Full Room\",\"isPartOf\":{\"@id\":\"https:\/\/fullroom.ca\/#website\"},\"primaryImageOfPage\":{\"@id\":\"https:\/\/www.fullroom.ca\/fr\/shop\/nouveautes\/cintres-finesse-par-levco-copy-2\/#primaryimage\"},\"image\":{\"@id\":\"https:\/\/www.fullroom.ca\/fr\/shop\/nouveautes\/cintres-finesse-par-levco-copy-2\/#primaryimage\"},\"thumbnailUrl\":\"https:\/\/www.fullroom.ca\/wp-content\/uploads\/2026\/04\/ReLaunch-SpaceAge-Cube-FullRoom0312.jpg\",\"datePublished\":\"2026-04-30T03:36:46+00:00\",\"dateModified\":\"2026-04-30T04:16:59+00:00\",\"breadcrumb\":{\"@id\":\"https:\/\/www.fullroom.ca\/fr\/shop\/nouveautes\/cintres-finesse-par-levco-copy-2\/#breadcrumb\"},\"inLanguage\":\"fr-FR\",\"potentialAction\":[{\"@type\":\"ReadAction\",\"target\":[\"https:\/\/www.fullroom.ca\/fr\/shop\/nouveautes\/cintres-finesse-par-levco-copy-2\/\"]}]},{\"@type\":\"ImageObject\",\"inLanguage\":\"fr-FR\",\"@id\":\"https:\/\/www.fullroom.ca\/fr\/shop\/nouveautes\/cintres-finesse-par-levco-copy-2\/#primaryimage\",\"url\":\"https:\/\/www.fullroom.ca\/wp-content\/uploads\/2026\/04\/ReLaunch-SpaceAge-Cube-FullRoom0312.jpg\",\"contentUrl\":\"https:\/\/www.fullroom.ca\/wp-content\/uploads\/2026\/04\/ReLaunch-SpaceAge-Cube-FullRoom0312.jpg\",\"width\":2500,\"height\":1786},{\"@type\":\"BreadcrumbList\",\"@id\":\"https:\/\/www.fullroom.ca\/fr\/shop\/nouveautes\/cintres-finesse-par-levco-copy-2\/#breadcrumb\",\"itemListElement\":[{\"@type\":\"ListItem\",\"position\":1,\"name\":\"Home\",\"item\":\"https:\/\/www.fullroom.ca\/fr\/\"},{\"@type\":\"ListItem\",\"position\":2,\"name\":\"Boutique\",\"item\":\"https:\/\/www.fullroom.ca\/\"},{\"@type\":\"ListItem\",\"position\":3,\"name\":\"Private: PR\u00c9-COMMANDE | Table RELAUNCH par Full Room\"}]},{\"@type\":\"WebSite\",\"@id\":\"https:\/\/fullroom.ca\/#website\",\"url\":\"https:\/\/fullroom.ca\/\",\"name\":\"Full Room\",\"description\":\"Preloved furniture standing the test of time\",\"potentialAction\":[{\"@type\":\"SearchAction\",\"target\":{\"@type\":\"EntryPoint\",\"urlTemplate\":\"https:\/\/fullroom.ca\/?s={search_term_string}\"},\"query-input\":{\"@type\":\"PropertyValueSpecification\",\"valueRequired\":true,\"valueName\":\"search_term_string\"}}],\"inLanguage\":\"fr-FR\"}]}<\/script>\n<!-- \/ Yoast SEO plugin. -->","yoast_head_json":{"title":"PR\u00c9-COMMANDE | Table RELAUNCH par Full Room - Full Room","robots":{"index":"index","follow":"follow","max-snippet":"max-snippet:-1","max-image-preview":"max-image-preview:large","max-video-preview":"max-video-preview:-1"},"canonical":"https:\/\/www.fullroom.ca\/fr\/shop\/nouveautes\/cintres-finesse-par-levco-copy-2\/","og_locale":"fr_FR","og_type":"article","og_title":"PR\u00c9-COMMANDE | Table RELAUNCH par Full Room - Full Room","og_description":"La table d\u2019appoint RELAUNCH revisite un arch\u00e9type familier du design moderne : un volume cubique perc\u00e9 d\u2019ouvertures circulaires. Souvent associ\u00e9e \u00e0 Joe Colombo, cette forme a connu de nombreuses d\u00e9clinaisons \u00e0 la fin des ann\u00e9es 1960 et dans les ann\u00e9es 1970, au point d\u2019\u00eatre reproduite et r\u00e9interpr\u00e9t\u00e9e si largement que son origine s\u2019est progressivement d\u00e9plac\u00e9e d\u2019une paternit\u00e9 individuelle vers un langage de design collectif. Ce re-design par Full Room aborde cet arch\u00e9type \u00e0 travers une d\u00e9marche de r\u00e9duction et de clart\u00e9 mat\u00e9rielle. La table est enti\u00e8rement r\u00e9alis\u00e9e en t\u00f4le d\u2019aluminium, rempla\u00e7ant l\u2019assemblage traditionnel de mat\u00e9riaux multiples par une structure monomat\u00e9riau, enti\u00e8rement recyclable. Elle est produite localement au Qu\u00e9bec \u00e0 partir d\u2019aluminium canadien et re\u00e7oit une finition en poudre lustr\u00e9e, \u00e9voquant la douceur visuelle des plastiques de l\u2019\u00e8re Space Age tout en conservant la durabilit\u00e9 du m\u00e9tal.  D\u00e9lai de production et de livraison : 6 \u00e0 8 semaines suivant la commande. Veuillez nous contacter pour conna\u00eetre les frais d'exp\u00e9dition avant de passer votre commande.","og_url":"https:\/\/www.fullroom.ca\/fr\/shop\/nouveautes\/cintres-finesse-par-levco-copy-2\/","og_site_name":"Full Room","article_modified_time":"2026-04-30T04:16:59+00:00","og_image":[{"width":2500,"height":1786,"url":"https:\/\/www.fullroom.ca\/wp-content\/uploads\/2026\/04\/ReLaunch-SpaceAge-Cube-FullRoom0312.jpg","type":"image\/jpeg"}],"twitter_card":"summary_large_image","schema":{"@context":"https:\/\/schema.org","@graph":[{"@type":"WebPage","@id":"https:\/\/www.fullroom.ca\/fr\/shop\/nouveautes\/cintres-finesse-par-levco-copy-2\/","url":"https:\/\/www.fullroom.ca\/fr\/shop\/nouveautes\/cintres-finesse-par-levco-copy-2\/","name":"PR\u00c9-COMMANDE | Table RELAUNCH par Full Room - Full Room","isPartOf":{"@id":"https:\/\/fullroom.ca\/#website"},"primaryImageOfPage":{"@id":"https:\/\/www.fullroom.ca\/fr\/shop\/nouveautes\/cintres-finesse-par-levco-copy-2\/#primaryimage"},"image":{"@id":"https:\/\/www.fullroom.ca\/fr\/shop\/nouveautes\/cintres-finesse-par-levco-copy-2\/#primaryimage"},"thumbnailUrl":"https:\/\/www.fullroom.ca\/wp-content\/uploads\/2026\/04\/ReLaunch-SpaceAge-Cube-FullRoom0312.jpg","datePublished":"2026-04-30T03:36:46+00:00","dateModified":"2026-04-30T04:16:59+00:00","breadcrumb":{"@id":"https:\/\/www.fullroom.ca\/fr\/shop\/nouveautes\/cintres-finesse-par-levco-copy-2\/#breadcrumb"},"inLanguage":"fr-FR","potentialAction":[{"@type":"ReadAction","target":["https:\/\/www.fullroom.ca\/fr\/shop\/nouveautes\/cintres-finesse-par-levco-copy-2\/"]}]},{"@type":"ImageObject","inLanguage":"fr-FR","@id":"https:\/\/www.fullroom.ca\/fr\/shop\/nouveautes\/cintres-finesse-par-levco-copy-2\/#primaryimage","url":"https:\/\/www.fullroom.ca\/wp-content\/uploads\/2026\/04\/ReLaunch-SpaceAge-Cube-FullRoom0312.jpg","contentUrl":"https:\/\/www.fullroom.ca\/wp-content\/uploads\/2026\/04\/ReLaunch-SpaceAge-Cube-FullRoom0312.jpg","width":2500,"height":1786},{"@type":"BreadcrumbList","@id":"https:\/\/www.fullroom.ca\/fr\/shop\/nouveautes\/cintres-finesse-par-levco-copy-2\/#breadcrumb","itemListElement":[{"@type":"ListItem","position":1,"name":"Home","item":"https:\/\/www.fullroom.ca\/fr\/"},{"@type":"ListItem","position":2,"name":"Boutique","item":"https:\/\/www.fullroom.ca\/"},{"@type":"ListItem","position":3,"name":"Private: PR\u00c9-COMMANDE | Table RELAUNCH par Full Room"}]},{"@type":"WebSite","@id":"https:\/\/fullroom.ca\/#website","url":"https:\/\/fullroom.ca\/","name":"Full Room","description":"Preloved furniture standing the test of time","potentialAction":[{"@type":"SearchAction","target":{"@type":"EntryPoint","urlTemplate":"https:\/\/fullroom.ca\/?s={search_term_string}"},"query-input":{"@type":"PropertyValueSpecification","valueRequired":true,"valueName":"search_term_string"}}],"inLanguage":"fr-FR"}]}},"jetpack_sharing_enabled":true,"_links":{"self":[{"href":"https:\/\/www.fullroom.ca\/fr\/wp-json\/wp\/v2\/product\/6334","targetHints":{"allow":["GET"]}}],"collection":[{"href":"https:\/\/www.fullroom.ca\/fr\/wp-json\/wp\/v2\/product"}],"about":[{"href":"https:\/\/www.fullroom.ca\/fr\/wp-json\/wp\/v2\/types\/product"}],"wp:featuredmedia":[{"embeddable":true,"href":"https:\/\/www.fullroom.ca\/fr\/wp-json\/wp\/v2\/media\/6390"}],"wp:attachment":[{"href":"https:\/\/www.fullroom.ca\/fr\/wp-json\/wp\/v2\/media?parent=6334"}],"wp:term":[{"taxonomy":"product_brand","embeddable":true,"href":"https:\/\/www.fullroom.ca\/fr\/wp-json\/wp\/v2\/product_brand?post=6334"},{"taxonomy":"product_cat","embeddable":true,"href":"https:\/\/www.fullroom.ca\/fr\/wp-json\/wp\/v2\/product_cat?post=6334"},{"taxonomy":"product_tag","embeddable":true,"href":"https:\/\/www.fullroom.ca\/fr\/wp-json\/wp\/v2\/product_tag?post=6334"}],"curies":[{"name":"wp","href":"https:\/\/api.w.org\/{rel}","templated":true}]}}