{"id":6064,"date":"2026-04-29T19:40:18","date_gmt":"2026-04-30T00:40:18","guid":{"rendered":"https:\/\/www.fullroom.ca\/?post_type=product&#038;p=6064"},"modified":"2026-04-29T22:25:11","modified_gmt":"2026-04-30T03:25:11","slug":"cintres-finesse-par-levco-copy","status":"publish","type":"product","link":"https:\/\/www.fullroom.ca\/fr\/shop\/nouveautes\/cintres-finesse-par-levco-copy\/","title":{"rendered":"PR\u00c9-COMMANDE | R\u00e9-\u00e9dition Glo-Up par Douglas Ball X Full Room"},"content":{"rendered":"<div class=\"grid kcm\">\n<div class=\"grid__item one-whole portable--auto lap--auto palm--auto\" data-style=\"\"><\/div>\n<\/div>\n","protected":false},"excerpt":{"rendered":"<p data-start=\"715\" data-end=\"928\">En 1969, Douglas Ball a cr\u00e9\u00e9 la collection de luminaires Glo-Up \u00e0 une \u00e9poque o\u00f9 le design d\u00e9bordait de possibilit\u00e9s \u2014 port\u00e9 par l&rsquo;optimisme d&rsquo;Expo 67 et la libert\u00e9 expressive du Pop Art.<\/p>\n<p data-start=\"930\" data-end=\"1118\">Fabriqu\u00e9e \u00e0 l&rsquo;origine par Danesco \u00e0 Montr\u00e9al, la collection connut une production courte mais marquante \u00e0 travers le Canada, avant de dispara\u00eetre discr\u00e8tement.<\/p>\n<p data-start=\"1120\" data-end=\"1159\">Cette r\u00e9-\u00e9dition officielle marque le retour de la collection.<\/p>\n<p data-start=\"1161\" data-end=\"1475\">Con\u00e7ue en collaboration directe avec le designer, la collection est r\u00e9introduite pour pr\u00e9server son intention originale. Les mat\u00e9riaux et les proportions ont \u00e9t\u00e9 rigoureusement respect\u00e9s, tout en offrant une palette de couleurs nouvellement \u00e9largie. <\/p>\n<p data-start=\"1003\" data-end=\"1047\">Plus qu&rsquo;un retour, c&rsquo;est une continuit\u00e9.<\/p>\n<p><strong>Pr\u00e9commandez du 30 avril au 15 mai pour recevoir votre Glo-Up avant le 1er juillet. Les commandes subs\u00e9quentes seront exp\u00e9di\u00e9es dans un d\u00e9lai de 6 \u00e0 8 semaines suivant l&rsquo;achat. Veuillez nous contacter pour conna\u00eetre les frais d&rsquo;exp\u00e9dition avant de passer votre commande.  <\/strong><\/p>\n","protected":false},"featured_media":6276,"template":"","meta":[],"product_brand":[],"product_cat":[202,201],"product_tag":[],"class_list":{"0":"post-6064","1":"product","2":"type-product","3":"status-publish","4":"has-post-thumbnail","6":"product_cat-luminaires","7":"product_cat-nouveautes","9":"first","10":"instock","11":"taxable","12":"shipping-taxable","13":"purchasable","14":"product-type-variable"},"acf":[],"yoast_head":"<!-- This site is optimized with the Yoast SEO plugin v23.4 - https:\/\/yoast.com\/wordpress\/plugins\/seo\/ -->\n<title>PR\u00c9-COMMANDE | R\u00e9-\u00e9dition Glo-Up par Douglas Ball X Full Room - Full Room<\/title>\n<meta name=\"robots\" content=\"index, follow, max-snippet:-1, max-image-preview:large, max-video-preview:-1\" \/>\n<link rel=\"canonical\" href=\"https:\/\/www.fullroom.ca\/fr\/shop\/nouveautes\/cintres-finesse-par-levco-copy\/\" \/>\n<meta property=\"og:locale\" content=\"fr_FR\" \/>\n<meta property=\"og:type\" content=\"article\" \/>\n<meta property=\"og:title\" content=\"PR\u00c9-COMMANDE | R\u00e9-\u00e9dition Glo-Up par Douglas Ball X Full Room - Full Room\" \/>\n<meta property=\"og:description\" content=\"En 1969, Douglas Ball a cr\u00e9\u00e9 la collection de luminaires Glo-Up \u00e0 une \u00e9poque o\u00f9 le design d\u00e9bordait de possibilit\u00e9s \u2014 port\u00e9 par l&#039;optimisme d&#039;Expo 67 et la libert\u00e9 expressive du Pop Art. Fabriqu\u00e9e \u00e0 l&#039;origine par Danesco \u00e0 Montr\u00e9al, la collection connut une production courte mais marquante \u00e0 travers le Canada, avant de dispara\u00eetre discr\u00e8tement. Cette r\u00e9-\u00e9dition officielle marque le retour de la collection. Con\u00e7ue en collaboration directe avec le designer, la collection est r\u00e9introduite pour pr\u00e9server son intention originale. Les mat\u00e9riaux et les proportions ont \u00e9t\u00e9 rigoureusement respect\u00e9s, tout en offrant une palette de couleurs nouvellement \u00e9largie. Plus qu&#039;un retour, c&#039;est une continuit\u00e9. Pr\u00e9commandez du 30 avril au 15 mai pour recevoir votre Glo-Up avant le 1er juillet. Les commandes subs\u00e9quentes seront exp\u00e9di\u00e9es dans un d\u00e9lai de 6 \u00e0 8 semaines suivant l&#039;achat. Veuillez nous contacter pour conna\u00eetre les frais d&#039;exp\u00e9dition avant de passer votre commande.\" \/>\n<meta property=\"og:url\" content=\"https:\/\/www.fullroom.ca\/fr\/shop\/nouveautes\/cintres-finesse-par-levco-copy\/\" \/>\n<meta property=\"og:site_name\" content=\"Full Room\" \/>\n<meta property=\"article:modified_time\" content=\"2026-04-30T03:25:11+00:00\" \/>\n<meta property=\"og:image\" content=\"https:\/\/www.fullroom.ca\/wp-content\/uploads\/2026\/04\/GloUp-Lamp-Collection-Douglas-Ball0619-1.jpg\" \/>\n\t<meta property=\"og:image:width\" content=\"2500\" \/>\n\t<meta property=\"og:image:height\" content=\"2500\" \/>\n\t<meta property=\"og:image:type\" content=\"image\/jpeg\" \/>\n<meta name=\"twitter:card\" content=\"summary_large_image\" \/>\n<script type=\"application\/ld+json\" class=\"yoast-schema-graph\">{\"@context\":\"https:\/\/schema.org\",\"@graph\":[{\"@type\":\"WebPage\",\"@id\":\"https:\/\/www.fullroom.ca\/fr\/shop\/nouveautes\/cintres-finesse-par-levco-copy\/\",\"url\":\"https:\/\/www.fullroom.ca\/fr\/shop\/nouveautes\/cintres-finesse-par-levco-copy\/\",\"name\":\"PR\u00c9-COMMANDE | R\u00e9-\u00e9dition Glo-Up par Douglas Ball X Full Room - Full Room\",\"isPartOf\":{\"@id\":\"https:\/\/fullroom.ca\/#website\"},\"primaryImageOfPage\":{\"@id\":\"https:\/\/www.fullroom.ca\/fr\/shop\/nouveautes\/cintres-finesse-par-levco-copy\/#primaryimage\"},\"image\":{\"@id\":\"https:\/\/www.fullroom.ca\/fr\/shop\/nouveautes\/cintres-finesse-par-levco-copy\/#primaryimage\"},\"thumbnailUrl\":\"https:\/\/www.fullroom.ca\/wp-content\/uploads\/2026\/04\/GloUp-Lamp-Collection-Douglas-Ball0619-1.jpg\",\"datePublished\":\"2026-04-30T00:40:18+00:00\",\"dateModified\":\"2026-04-30T03:25:11+00:00\",\"breadcrumb\":{\"@id\":\"https:\/\/www.fullroom.ca\/fr\/shop\/nouveautes\/cintres-finesse-par-levco-copy\/#breadcrumb\"},\"inLanguage\":\"fr-FR\",\"potentialAction\":[{\"@type\":\"ReadAction\",\"target\":[\"https:\/\/www.fullroom.ca\/fr\/shop\/nouveautes\/cintres-finesse-par-levco-copy\/\"]}]},{\"@type\":\"ImageObject\",\"inLanguage\":\"fr-FR\",\"@id\":\"https:\/\/www.fullroom.ca\/fr\/shop\/nouveautes\/cintres-finesse-par-levco-copy\/#primaryimage\",\"url\":\"https:\/\/www.fullroom.ca\/wp-content\/uploads\/2026\/04\/GloUp-Lamp-Collection-Douglas-Ball0619-1.jpg\",\"contentUrl\":\"https:\/\/www.fullroom.ca\/wp-content\/uploads\/2026\/04\/GloUp-Lamp-Collection-Douglas-Ball0619-1.jpg\",\"width\":2500,\"height\":2500},{\"@type\":\"BreadcrumbList\",\"@id\":\"https:\/\/www.fullroom.ca\/fr\/shop\/nouveautes\/cintres-finesse-par-levco-copy\/#breadcrumb\",\"itemListElement\":[{\"@type\":\"ListItem\",\"position\":1,\"name\":\"Home\",\"item\":\"https:\/\/www.fullroom.ca\/fr\/\"},{\"@type\":\"ListItem\",\"position\":2,\"name\":\"Boutique\",\"item\":\"https:\/\/www.fullroom.ca\/\"},{\"@type\":\"ListItem\",\"position\":3,\"name\":\"Private: PR\u00c9-COMMANDE | R\u00e9-\u00e9dition Glo-Up par Douglas Ball X Full Room\"}]},{\"@type\":\"WebSite\",\"@id\":\"https:\/\/fullroom.ca\/#website\",\"url\":\"https:\/\/fullroom.ca\/\",\"name\":\"Full Room\",\"description\":\"Preloved furniture standing the test of time\",\"potentialAction\":[{\"@type\":\"SearchAction\",\"target\":{\"@type\":\"EntryPoint\",\"urlTemplate\":\"https:\/\/fullroom.ca\/?s={search_term_string}\"},\"query-input\":{\"@type\":\"PropertyValueSpecification\",\"valueRequired\":true,\"valueName\":\"search_term_string\"}}],\"inLanguage\":\"fr-FR\"}]}<\/script>\n<!-- \/ Yoast SEO plugin. -->","yoast_head_json":{"title":"PR\u00c9-COMMANDE | R\u00e9-\u00e9dition Glo-Up par Douglas Ball X Full Room - Full Room","robots":{"index":"index","follow":"follow","max-snippet":"max-snippet:-1","max-image-preview":"max-image-preview:large","max-video-preview":"max-video-preview:-1"},"canonical":"https:\/\/www.fullroom.ca\/fr\/shop\/nouveautes\/cintres-finesse-par-levco-copy\/","og_locale":"fr_FR","og_type":"article","og_title":"PR\u00c9-COMMANDE | R\u00e9-\u00e9dition Glo-Up par Douglas Ball X Full Room - Full Room","og_description":"En 1969, Douglas Ball a cr\u00e9\u00e9 la collection de luminaires Glo-Up \u00e0 une \u00e9poque o\u00f9 le design d\u00e9bordait de possibilit\u00e9s \u2014 port\u00e9 par l'optimisme d'Expo 67 et la libert\u00e9 expressive du Pop Art. Fabriqu\u00e9e \u00e0 l'origine par Danesco \u00e0 Montr\u00e9al, la collection connut une production courte mais marquante \u00e0 travers le Canada, avant de dispara\u00eetre discr\u00e8tement. Cette r\u00e9-\u00e9dition officielle marque le retour de la collection. Con\u00e7ue en collaboration directe avec le designer, la collection est r\u00e9introduite pour pr\u00e9server son intention originale. Les mat\u00e9riaux et les proportions ont \u00e9t\u00e9 rigoureusement respect\u00e9s, tout en offrant une palette de couleurs nouvellement \u00e9largie. Plus qu'un retour, c'est une continuit\u00e9. Pr\u00e9commandez du 30 avril au 15 mai pour recevoir votre Glo-Up avant le 1er juillet. Les commandes subs\u00e9quentes seront exp\u00e9di\u00e9es dans un d\u00e9lai de 6 \u00e0 8 semaines suivant l'achat. Veuillez nous contacter pour conna\u00eetre les frais d'exp\u00e9dition avant de passer votre commande.","og_url":"https:\/\/www.fullroom.ca\/fr\/shop\/nouveautes\/cintres-finesse-par-levco-copy\/","og_site_name":"Full Room","article_modified_time":"2026-04-30T03:25:11+00:00","og_image":[{"width":2500,"height":2500,"url":"https:\/\/www.fullroom.ca\/wp-content\/uploads\/2026\/04\/GloUp-Lamp-Collection-Douglas-Ball0619-1.jpg","type":"image\/jpeg"}],"twitter_card":"summary_large_image","schema":{"@context":"https:\/\/schema.org","@graph":[{"@type":"WebPage","@id":"https:\/\/www.fullroom.ca\/fr\/shop\/nouveautes\/cintres-finesse-par-levco-copy\/","url":"https:\/\/www.fullroom.ca\/fr\/shop\/nouveautes\/cintres-finesse-par-levco-copy\/","name":"PR\u00c9-COMMANDE | R\u00e9-\u00e9dition Glo-Up par Douglas Ball X Full Room - Full Room","isPartOf":{"@id":"https:\/\/fullroom.ca\/#website"},"primaryImageOfPage":{"@id":"https:\/\/www.fullroom.ca\/fr\/shop\/nouveautes\/cintres-finesse-par-levco-copy\/#primaryimage"},"image":{"@id":"https:\/\/www.fullroom.ca\/fr\/shop\/nouveautes\/cintres-finesse-par-levco-copy\/#primaryimage"},"thumbnailUrl":"https:\/\/www.fullroom.ca\/wp-content\/uploads\/2026\/04\/GloUp-Lamp-Collection-Douglas-Ball0619-1.jpg","datePublished":"2026-04-30T00:40:18+00:00","dateModified":"2026-04-30T03:25:11+00:00","breadcrumb":{"@id":"https:\/\/www.fullroom.ca\/fr\/shop\/nouveautes\/cintres-finesse-par-levco-copy\/#breadcrumb"},"inLanguage":"fr-FR","potentialAction":[{"@type":"ReadAction","target":["https:\/\/www.fullroom.ca\/fr\/shop\/nouveautes\/cintres-finesse-par-levco-copy\/"]}]},{"@type":"ImageObject","inLanguage":"fr-FR","@id":"https:\/\/www.fullroom.ca\/fr\/shop\/nouveautes\/cintres-finesse-par-levco-copy\/#primaryimage","url":"https:\/\/www.fullroom.ca\/wp-content\/uploads\/2026\/04\/GloUp-Lamp-Collection-Douglas-Ball0619-1.jpg","contentUrl":"https:\/\/www.fullroom.ca\/wp-content\/uploads\/2026\/04\/GloUp-Lamp-Collection-Douglas-Ball0619-1.jpg","width":2500,"height":2500},{"@type":"BreadcrumbList","@id":"https:\/\/www.fullroom.ca\/fr\/shop\/nouveautes\/cintres-finesse-par-levco-copy\/#breadcrumb","itemListElement":[{"@type":"ListItem","position":1,"name":"Home","item":"https:\/\/www.fullroom.ca\/fr\/"},{"@type":"ListItem","position":2,"name":"Boutique","item":"https:\/\/www.fullroom.ca\/"},{"@type":"ListItem","position":3,"name":"Private: PR\u00c9-COMMANDE | R\u00e9-\u00e9dition Glo-Up par Douglas Ball X Full Room"}]},{"@type":"WebSite","@id":"https:\/\/fullroom.ca\/#website","url":"https:\/\/fullroom.ca\/","name":"Full Room","description":"Preloved furniture standing the test of time","potentialAction":[{"@type":"SearchAction","target":{"@type":"EntryPoint","urlTemplate":"https:\/\/fullroom.ca\/?s={search_term_string}"},"query-input":{"@type":"PropertyValueSpecification","valueRequired":true,"valueName":"search_term_string"}}],"inLanguage":"fr-FR"}]}},"jetpack_sharing_enabled":true,"_links":{"self":[{"href":"https:\/\/www.fullroom.ca\/fr\/wp-json\/wp\/v2\/product\/6064","targetHints":{"allow":["GET"]}}],"collection":[{"href":"https:\/\/www.fullroom.ca\/fr\/wp-json\/wp\/v2\/product"}],"about":[{"href":"https:\/\/www.fullroom.ca\/fr\/wp-json\/wp\/v2\/types\/product"}],"wp:featuredmedia":[{"embeddable":true,"href":"https:\/\/www.fullroom.ca\/fr\/wp-json\/wp\/v2\/media\/6276"}],"wp:attachment":[{"href":"https:\/\/www.fullroom.ca\/fr\/wp-json\/wp\/v2\/media?parent=6064"}],"wp:term":[{"taxonomy":"product_brand","embeddable":true,"href":"https:\/\/www.fullroom.ca\/fr\/wp-json\/wp\/v2\/product_brand?post=6064"},{"taxonomy":"product_cat","embeddable":true,"href":"https:\/\/www.fullroom.ca\/fr\/wp-json\/wp\/v2\/product_cat?post=6064"},{"taxonomy":"product_tag","embeddable":true,"href":"https:\/\/www.fullroom.ca\/fr\/wp-json\/wp\/v2\/product_tag?post=6064"}],"curies":[{"name":"wp","href":"https:\/\/api.w.org\/{rel}","templated":true}]}}