{"id":6015,"date":"2026-03-30T15:14:00","date_gmt":"2026-03-30T20:14:00","guid":{"rendered":"https:\/\/www.fullroom.ca\/?post_type=product&#038;p=6015"},"modified":"2026-03-30T15:42:26","modified_gmt":"2026-03-30T20:42:26","slug":"lampe-de-table-iviken-par-ikea-copy","status":"publish","type":"product","link":"https:\/\/www.fullroom.ca\/fr\/shop\/nouveautes\/lampe-de-table-iviken-par-ikea-copy\/","title":{"rendered":"Cintres FINESSE par Levco"},"content":{"rendered":"<div class=\"grid kcm\">\n<div class=\"grid__item one-whole portable--auto lap--auto palm--auto\" data-style=\"\"><\/div>\n<\/div>\n","protected":false},"excerpt":{"rendered":"<p>S\u2019inspirant directement du c\u00e9l\u00e8bre design de cintre de Ingo Maurer pour Flair et M Design, les cintres Finesse ont \u00e9t\u00e9 fabriqu\u00e9s au Japon dans les ann\u00e9es 1970 par Levco. Presque identiques au mod\u00e8le de cintre produit en Finlande par Karhumuovi, les cintres Finesse sont r\u00e9alis\u00e9s en plastique moul\u00e9 par injection.  <\/p>\n<p>En bonne condition vintage, avec une l\u00e9g\u00e8re usure de surface. <\/p>\n","protected":false},"featured_media":6040,"template":"","meta":[],"product_brand":[],"product_cat":[201,203],"product_tag":[],"class_list":{"0":"post-6015","1":"product","2":"type-product","3":"status-publish","4":"has-post-thumbnail","6":"product_cat-nouveautes","7":"product_cat-objets","9":"first","10":"instock","11":"taxable","12":"shipping-taxable","13":"purchasable","14":"product-type-variable"},"acf":[],"yoast_head":"<!-- This site is optimized with the Yoast SEO plugin v23.4 - https:\/\/yoast.com\/wordpress\/plugins\/seo\/ -->\n<title>Cintres FINESSE par Levco - Full Room<\/title>\n<meta name=\"robots\" content=\"index, follow, max-snippet:-1, max-image-preview:large, max-video-preview:-1\" \/>\n<link rel=\"canonical\" href=\"https:\/\/www.fullroom.ca\/fr\/shop\/nouveautes\/lampe-de-table-iviken-par-ikea-copy\/\" \/>\n<meta property=\"og:locale\" content=\"fr_FR\" \/>\n<meta property=\"og:type\" content=\"article\" \/>\n<meta property=\"og:title\" content=\"Cintres FINESSE par Levco - Full Room\" \/>\n<meta property=\"og:description\" content=\"S\u2019inspirant directement du c\u00e9l\u00e8bre design de cintre de Ingo Maurer pour Flair et M Design, les cintres Finesse ont \u00e9t\u00e9 fabriqu\u00e9s au Japon dans les ann\u00e9es 1970 par Levco. Presque identiques au mod\u00e8le de cintre produit en Finlande par Karhumuovi, les cintres Finesse sont r\u00e9alis\u00e9s en plastique moul\u00e9 par injection.  En bonne condition vintage, avec une l\u00e9g\u00e8re usure de surface.\" \/>\n<meta property=\"og:url\" content=\"https:\/\/www.fullroom.ca\/fr\/shop\/nouveautes\/lampe-de-table-iviken-par-ikea-copy\/\" \/>\n<meta property=\"og:site_name\" content=\"Full Room\" \/>\n<meta property=\"article:modified_time\" content=\"2026-03-30T20:42:26+00:00\" \/>\n<meta property=\"og:image\" content=\"https:\/\/www.fullroom.ca\/wp-content\/uploads\/2026\/03\/Finesse-Karhumuovi-hangers-clotheshanger-FullRoom0847-1.jpg\" \/>\n\t<meta property=\"og:image:width\" content=\"1429\" \/>\n\t<meta property=\"og:image:height\" content=\"2000\" \/>\n\t<meta property=\"og:image:type\" content=\"image\/jpeg\" \/>\n<meta name=\"twitter:card\" content=\"summary_large_image\" \/>\n<script type=\"application\/ld+json\" class=\"yoast-schema-graph\">{\"@context\":\"https:\/\/schema.org\",\"@graph\":[{\"@type\":\"WebPage\",\"@id\":\"https:\/\/www.fullroom.ca\/fr\/shop\/nouveautes\/lampe-de-table-iviken-par-ikea-copy\/\",\"url\":\"https:\/\/www.fullroom.ca\/fr\/shop\/nouveautes\/lampe-de-table-iviken-par-ikea-copy\/\",\"name\":\"Cintres FINESSE par Levco - Full Room\",\"isPartOf\":{\"@id\":\"https:\/\/fullroom.ca\/#website\"},\"primaryImageOfPage\":{\"@id\":\"https:\/\/www.fullroom.ca\/fr\/shop\/nouveautes\/lampe-de-table-iviken-par-ikea-copy\/#primaryimage\"},\"image\":{\"@id\":\"https:\/\/www.fullroom.ca\/fr\/shop\/nouveautes\/lampe-de-table-iviken-par-ikea-copy\/#primaryimage\"},\"thumbnailUrl\":\"https:\/\/www.fullroom.ca\/wp-content\/uploads\/2026\/03\/Finesse-Karhumuovi-hangers-clotheshanger-FullRoom0847-1.jpg\",\"datePublished\":\"2026-03-30T20:14:00+00:00\",\"dateModified\":\"2026-03-30T20:42:26+00:00\",\"breadcrumb\":{\"@id\":\"https:\/\/www.fullroom.ca\/fr\/shop\/nouveautes\/lampe-de-table-iviken-par-ikea-copy\/#breadcrumb\"},\"inLanguage\":\"fr-FR\",\"potentialAction\":[{\"@type\":\"ReadAction\",\"target\":[\"https:\/\/www.fullroom.ca\/fr\/shop\/nouveautes\/lampe-de-table-iviken-par-ikea-copy\/\"]}]},{\"@type\":\"ImageObject\",\"inLanguage\":\"fr-FR\",\"@id\":\"https:\/\/www.fullroom.ca\/fr\/shop\/nouveautes\/lampe-de-table-iviken-par-ikea-copy\/#primaryimage\",\"url\":\"https:\/\/www.fullroom.ca\/wp-content\/uploads\/2026\/03\/Finesse-Karhumuovi-hangers-clotheshanger-FullRoom0847-1.jpg\",\"contentUrl\":\"https:\/\/www.fullroom.ca\/wp-content\/uploads\/2026\/03\/Finesse-Karhumuovi-hangers-clotheshanger-FullRoom0847-1.jpg\",\"width\":1429,\"height\":2000},{\"@type\":\"BreadcrumbList\",\"@id\":\"https:\/\/www.fullroom.ca\/fr\/shop\/nouveautes\/lampe-de-table-iviken-par-ikea-copy\/#breadcrumb\",\"itemListElement\":[{\"@type\":\"ListItem\",\"position\":1,\"name\":\"Home\",\"item\":\"https:\/\/www.fullroom.ca\/fr\/\"},{\"@type\":\"ListItem\",\"position\":2,\"name\":\"Boutique\",\"item\":\"https:\/\/www.fullroom.ca\/\"},{\"@type\":\"ListItem\",\"position\":3,\"name\":\"Cintres FINESSE par Levco\"}]},{\"@type\":\"WebSite\",\"@id\":\"https:\/\/fullroom.ca\/#website\",\"url\":\"https:\/\/fullroom.ca\/\",\"name\":\"Full Room\",\"description\":\"Preloved furniture standing the test of time\",\"potentialAction\":[{\"@type\":\"SearchAction\",\"target\":{\"@type\":\"EntryPoint\",\"urlTemplate\":\"https:\/\/fullroom.ca\/?s={search_term_string}\"},\"query-input\":{\"@type\":\"PropertyValueSpecification\",\"valueRequired\":true,\"valueName\":\"search_term_string\"}}],\"inLanguage\":\"fr-FR\"}]}<\/script>\n<!-- \/ Yoast SEO plugin. -->","yoast_head_json":{"title":"Cintres FINESSE par Levco - Full Room","robots":{"index":"index","follow":"follow","max-snippet":"max-snippet:-1","max-image-preview":"max-image-preview:large","max-video-preview":"max-video-preview:-1"},"canonical":"https:\/\/www.fullroom.ca\/fr\/shop\/nouveautes\/lampe-de-table-iviken-par-ikea-copy\/","og_locale":"fr_FR","og_type":"article","og_title":"Cintres FINESSE par Levco - Full Room","og_description":"S\u2019inspirant directement du c\u00e9l\u00e8bre design de cintre de Ingo Maurer pour Flair et M Design, les cintres Finesse ont \u00e9t\u00e9 fabriqu\u00e9s au Japon dans les ann\u00e9es 1970 par Levco. Presque identiques au mod\u00e8le de cintre produit en Finlande par Karhumuovi, les cintres Finesse sont r\u00e9alis\u00e9s en plastique moul\u00e9 par injection.  En bonne condition vintage, avec une l\u00e9g\u00e8re usure de surface.","og_url":"https:\/\/www.fullroom.ca\/fr\/shop\/nouveautes\/lampe-de-table-iviken-par-ikea-copy\/","og_site_name":"Full Room","article_modified_time":"2026-03-30T20:42:26+00:00","og_image":[{"width":1429,"height":2000,"url":"https:\/\/www.fullroom.ca\/wp-content\/uploads\/2026\/03\/Finesse-Karhumuovi-hangers-clotheshanger-FullRoom0847-1.jpg","type":"image\/jpeg"}],"twitter_card":"summary_large_image","schema":{"@context":"https:\/\/schema.org","@graph":[{"@type":"WebPage","@id":"https:\/\/www.fullroom.ca\/fr\/shop\/nouveautes\/lampe-de-table-iviken-par-ikea-copy\/","url":"https:\/\/www.fullroom.ca\/fr\/shop\/nouveautes\/lampe-de-table-iviken-par-ikea-copy\/","name":"Cintres FINESSE par Levco - Full Room","isPartOf":{"@id":"https:\/\/fullroom.ca\/#website"},"primaryImageOfPage":{"@id":"https:\/\/www.fullroom.ca\/fr\/shop\/nouveautes\/lampe-de-table-iviken-par-ikea-copy\/#primaryimage"},"image":{"@id":"https:\/\/www.fullroom.ca\/fr\/shop\/nouveautes\/lampe-de-table-iviken-par-ikea-copy\/#primaryimage"},"thumbnailUrl":"https:\/\/www.fullroom.ca\/wp-content\/uploads\/2026\/03\/Finesse-Karhumuovi-hangers-clotheshanger-FullRoom0847-1.jpg","datePublished":"2026-03-30T20:14:00+00:00","dateModified":"2026-03-30T20:42:26+00:00","breadcrumb":{"@id":"https:\/\/www.fullroom.ca\/fr\/shop\/nouveautes\/lampe-de-table-iviken-par-ikea-copy\/#breadcrumb"},"inLanguage":"fr-FR","potentialAction":[{"@type":"ReadAction","target":["https:\/\/www.fullroom.ca\/fr\/shop\/nouveautes\/lampe-de-table-iviken-par-ikea-copy\/"]}]},{"@type":"ImageObject","inLanguage":"fr-FR","@id":"https:\/\/www.fullroom.ca\/fr\/shop\/nouveautes\/lampe-de-table-iviken-par-ikea-copy\/#primaryimage","url":"https:\/\/www.fullroom.ca\/wp-content\/uploads\/2026\/03\/Finesse-Karhumuovi-hangers-clotheshanger-FullRoom0847-1.jpg","contentUrl":"https:\/\/www.fullroom.ca\/wp-content\/uploads\/2026\/03\/Finesse-Karhumuovi-hangers-clotheshanger-FullRoom0847-1.jpg","width":1429,"height":2000},{"@type":"BreadcrumbList","@id":"https:\/\/www.fullroom.ca\/fr\/shop\/nouveautes\/lampe-de-table-iviken-par-ikea-copy\/#breadcrumb","itemListElement":[{"@type":"ListItem","position":1,"name":"Home","item":"https:\/\/www.fullroom.ca\/fr\/"},{"@type":"ListItem","position":2,"name":"Boutique","item":"https:\/\/www.fullroom.ca\/"},{"@type":"ListItem","position":3,"name":"Cintres FINESSE par Levco"}]},{"@type":"WebSite","@id":"https:\/\/fullroom.ca\/#website","url":"https:\/\/fullroom.ca\/","name":"Full Room","description":"Preloved furniture standing the test of time","potentialAction":[{"@type":"SearchAction","target":{"@type":"EntryPoint","urlTemplate":"https:\/\/fullroom.ca\/?s={search_term_string}"},"query-input":{"@type":"PropertyValueSpecification","valueRequired":true,"valueName":"search_term_string"}}],"inLanguage":"fr-FR"}]}},"jetpack_sharing_enabled":true,"_links":{"self":[{"href":"https:\/\/www.fullroom.ca\/fr\/wp-json\/wp\/v2\/product\/6015","targetHints":{"allow":["GET"]}}],"collection":[{"href":"https:\/\/www.fullroom.ca\/fr\/wp-json\/wp\/v2\/product"}],"about":[{"href":"https:\/\/www.fullroom.ca\/fr\/wp-json\/wp\/v2\/types\/product"}],"wp:featuredmedia":[{"embeddable":true,"href":"https:\/\/www.fullroom.ca\/fr\/wp-json\/wp\/v2\/media\/6040"}],"wp:attachment":[{"href":"https:\/\/www.fullroom.ca\/fr\/wp-json\/wp\/v2\/media?parent=6015"}],"wp:term":[{"taxonomy":"product_brand","embeddable":true,"href":"https:\/\/www.fullroom.ca\/fr\/wp-json\/wp\/v2\/product_brand?post=6015"},{"taxonomy":"product_cat","embeddable":true,"href":"https:\/\/www.fullroom.ca\/fr\/wp-json\/wp\/v2\/product_cat?post=6015"},{"taxonomy":"product_tag","embeddable":true,"href":"https:\/\/www.fullroom.ca\/fr\/wp-json\/wp\/v2\/product_tag?post=6015"}],"curies":[{"name":"wp","href":"https:\/\/api.w.org\/{rel}","templated":true}]}}