{"id":5991,"date":"2026-03-19T16:55:06","date_gmt":"2026-03-19T21:55:06","guid":{"rendered":"https:\/\/www.fullroom.ca\/?post_type=product&#038;p=5991"},"modified":"2026-03-19T17:53:12","modified_gmt":"2026-03-19T22:53:12","slug":"chaise-araignee-par-amisco-copy","status":"publish","type":"product","link":"https:\/\/www.fullroom.ca\/fr\/shop\/nouveautes\/chaise-araignee-par-amisco-copy\/","title":{"rendered":"Chaise MECCANO par Amisco"},"content":{"rendered":"<div class=\"grid kcm\">\n<div class=\"grid__item one-whole portable--auto lap--auto palm--auto\" data-style=\"\"><\/div>\n<\/div>\n","protected":false},"excerpt":{"rendered":"<p data-start=\"517\" data-end=\"833\">La chaise Meccano est l\u2019une des pi\u00e8ces les plus distinctives produites par Amisco au cours de ses d\u00e9cennies d\u2019activit\u00e9. Elle faisait partie d\u2019une collection modulaire bas\u00e9e sur des composants standardis\u00e9s, assembl\u00e9s en diff\u00e9rents meubles (chaise, bureau, portemanteau). Sa construction fait r\u00e9f\u00e9rence \u00e0 la logique du syst\u00e8me iconique Meccano, avec des connexions apparentes et une esth\u00e9tique structurelle inspir\u00e9e de l\u2019ing\u00e9nierie.  <\/p>\n<p data-start=\"1175\" data-end=\"1309\">En bon \u00e9tat vintage, avec de l\u00e9g\u00e8res traces d\u2019usure de surface conformes \u00e0 l\u2019\u00e2ge et \u00e0 l\u2019usage. L\u00e9g\u00e8re d\u00e9coloration de la peinture de l\u2019assise (voir photos). <\/p>\n","protected":false},"featured_media":6003,"template":"","meta":[],"product_brand":[],"product_cat":[201,204],"product_tag":[],"class_list":{"0":"post-5991","1":"product","2":"type-product","3":"status-publish","4":"has-post-thumbnail","6":"product_cat-nouveautes","7":"product_cat-sieges","9":"first","10":"instock","11":"taxable","12":"shipping-taxable","13":"purchasable","14":"product-type-simple"},"acf":[],"yoast_head":"<!-- This site is optimized with the Yoast SEO plugin v23.4 - https:\/\/yoast.com\/wordpress\/plugins\/seo\/ -->\n<title>Chaise MECCANO par Amisco - Full Room<\/title>\n<meta name=\"robots\" content=\"index, follow, max-snippet:-1, max-image-preview:large, max-video-preview:-1\" \/>\n<link rel=\"canonical\" href=\"https:\/\/www.fullroom.ca\/fr\/shop\/nouveautes\/chaise-araignee-par-amisco-copy\/\" \/>\n<meta property=\"og:locale\" content=\"fr_FR\" \/>\n<meta property=\"og:type\" content=\"article\" \/>\n<meta property=\"og:title\" content=\"Chaise MECCANO par Amisco - Full Room\" \/>\n<meta property=\"og:description\" content=\"La chaise Meccano est l\u2019une des pi\u00e8ces les plus distinctives produites par Amisco au cours de ses d\u00e9cennies d\u2019activit\u00e9. Elle faisait partie d\u2019une collection modulaire bas\u00e9e sur des composants standardis\u00e9s, assembl\u00e9s en diff\u00e9rents meubles (chaise, bureau, portemanteau). Sa construction fait r\u00e9f\u00e9rence \u00e0 la logique du syst\u00e8me iconique Meccano, avec des connexions apparentes et une esth\u00e9tique structurelle inspir\u00e9e de l\u2019ing\u00e9nierie.  En bon \u00e9tat vintage, avec de l\u00e9g\u00e8res traces d\u2019usure de surface conformes \u00e0 l\u2019\u00e2ge et \u00e0 l\u2019usage. L\u00e9g\u00e8re d\u00e9coloration de la peinture de l\u2019assise (voir photos).\" \/>\n<meta property=\"og:url\" content=\"https:\/\/www.fullroom.ca\/fr\/shop\/nouveautes\/chaise-araignee-par-amisco-copy\/\" \/>\n<meta property=\"og:site_name\" content=\"Full Room\" \/>\n<meta property=\"article:modified_time\" content=\"2026-03-19T22:53:12+00:00\" \/>\n<meta property=\"og:image\" content=\"https:\/\/www.fullroom.ca\/wp-content\/uploads\/2026\/03\/Chaise-Meccano-Amisco-FullRoom2027.jpg\" \/>\n\t<meta property=\"og:image:width\" content=\"1429\" \/>\n\t<meta property=\"og:image:height\" content=\"2000\" \/>\n\t<meta property=\"og:image:type\" content=\"image\/jpeg\" \/>\n<meta name=\"twitter:card\" content=\"summary_large_image\" \/>\n<script type=\"application\/ld+json\" class=\"yoast-schema-graph\">{\"@context\":\"https:\/\/schema.org\",\"@graph\":[{\"@type\":\"WebPage\",\"@id\":\"https:\/\/www.fullroom.ca\/fr\/shop\/nouveautes\/chaise-araignee-par-amisco-copy\/\",\"url\":\"https:\/\/www.fullroom.ca\/fr\/shop\/nouveautes\/chaise-araignee-par-amisco-copy\/\",\"name\":\"Chaise MECCANO par Amisco - Full Room\",\"isPartOf\":{\"@id\":\"https:\/\/fullroom.ca\/#website\"},\"primaryImageOfPage\":{\"@id\":\"https:\/\/www.fullroom.ca\/fr\/shop\/nouveautes\/chaise-araignee-par-amisco-copy\/#primaryimage\"},\"image\":{\"@id\":\"https:\/\/www.fullroom.ca\/fr\/shop\/nouveautes\/chaise-araignee-par-amisco-copy\/#primaryimage\"},\"thumbnailUrl\":\"https:\/\/www.fullroom.ca\/wp-content\/uploads\/2026\/03\/Chaise-Meccano-Amisco-FullRoom2027.jpg\",\"datePublished\":\"2026-03-19T21:55:06+00:00\",\"dateModified\":\"2026-03-19T22:53:12+00:00\",\"breadcrumb\":{\"@id\":\"https:\/\/www.fullroom.ca\/fr\/shop\/nouveautes\/chaise-araignee-par-amisco-copy\/#breadcrumb\"},\"inLanguage\":\"fr-FR\",\"potentialAction\":[{\"@type\":\"ReadAction\",\"target\":[\"https:\/\/www.fullroom.ca\/fr\/shop\/nouveautes\/chaise-araignee-par-amisco-copy\/\"]}]},{\"@type\":\"ImageObject\",\"inLanguage\":\"fr-FR\",\"@id\":\"https:\/\/www.fullroom.ca\/fr\/shop\/nouveautes\/chaise-araignee-par-amisco-copy\/#primaryimage\",\"url\":\"https:\/\/www.fullroom.ca\/wp-content\/uploads\/2026\/03\/Chaise-Meccano-Amisco-FullRoom2027.jpg\",\"contentUrl\":\"https:\/\/www.fullroom.ca\/wp-content\/uploads\/2026\/03\/Chaise-Meccano-Amisco-FullRoom2027.jpg\",\"width\":1429,\"height\":2000},{\"@type\":\"BreadcrumbList\",\"@id\":\"https:\/\/www.fullroom.ca\/fr\/shop\/nouveautes\/chaise-araignee-par-amisco-copy\/#breadcrumb\",\"itemListElement\":[{\"@type\":\"ListItem\",\"position\":1,\"name\":\"Home\",\"item\":\"https:\/\/www.fullroom.ca\/fr\/\"},{\"@type\":\"ListItem\",\"position\":2,\"name\":\"Boutique\",\"item\":\"https:\/\/www.fullroom.ca\/\"},{\"@type\":\"ListItem\",\"position\":3,\"name\":\"Chaise MECCANO par Amisco\"}]},{\"@type\":\"WebSite\",\"@id\":\"https:\/\/fullroom.ca\/#website\",\"url\":\"https:\/\/fullroom.ca\/\",\"name\":\"Full Room\",\"description\":\"Preloved furniture standing the test of time\",\"potentialAction\":[{\"@type\":\"SearchAction\",\"target\":{\"@type\":\"EntryPoint\",\"urlTemplate\":\"https:\/\/fullroom.ca\/?s={search_term_string}\"},\"query-input\":{\"@type\":\"PropertyValueSpecification\",\"valueRequired\":true,\"valueName\":\"search_term_string\"}}],\"inLanguage\":\"fr-FR\"}]}<\/script>\n<!-- \/ Yoast SEO plugin. -->","yoast_head_json":{"title":"Chaise MECCANO par Amisco - Full Room","robots":{"index":"index","follow":"follow","max-snippet":"max-snippet:-1","max-image-preview":"max-image-preview:large","max-video-preview":"max-video-preview:-1"},"canonical":"https:\/\/www.fullroom.ca\/fr\/shop\/nouveautes\/chaise-araignee-par-amisco-copy\/","og_locale":"fr_FR","og_type":"article","og_title":"Chaise MECCANO par Amisco - Full Room","og_description":"La chaise Meccano est l\u2019une des pi\u00e8ces les plus distinctives produites par Amisco au cours de ses d\u00e9cennies d\u2019activit\u00e9. Elle faisait partie d\u2019une collection modulaire bas\u00e9e sur des composants standardis\u00e9s, assembl\u00e9s en diff\u00e9rents meubles (chaise, bureau, portemanteau). Sa construction fait r\u00e9f\u00e9rence \u00e0 la logique du syst\u00e8me iconique Meccano, avec des connexions apparentes et une esth\u00e9tique structurelle inspir\u00e9e de l\u2019ing\u00e9nierie.  En bon \u00e9tat vintage, avec de l\u00e9g\u00e8res traces d\u2019usure de surface conformes \u00e0 l\u2019\u00e2ge et \u00e0 l\u2019usage. L\u00e9g\u00e8re d\u00e9coloration de la peinture de l\u2019assise (voir photos).","og_url":"https:\/\/www.fullroom.ca\/fr\/shop\/nouveautes\/chaise-araignee-par-amisco-copy\/","og_site_name":"Full Room","article_modified_time":"2026-03-19T22:53:12+00:00","og_image":[{"width":1429,"height":2000,"url":"https:\/\/www.fullroom.ca\/wp-content\/uploads\/2026\/03\/Chaise-Meccano-Amisco-FullRoom2027.jpg","type":"image\/jpeg"}],"twitter_card":"summary_large_image","schema":{"@context":"https:\/\/schema.org","@graph":[{"@type":"WebPage","@id":"https:\/\/www.fullroom.ca\/fr\/shop\/nouveautes\/chaise-araignee-par-amisco-copy\/","url":"https:\/\/www.fullroom.ca\/fr\/shop\/nouveautes\/chaise-araignee-par-amisco-copy\/","name":"Chaise MECCANO par Amisco - Full Room","isPartOf":{"@id":"https:\/\/fullroom.ca\/#website"},"primaryImageOfPage":{"@id":"https:\/\/www.fullroom.ca\/fr\/shop\/nouveautes\/chaise-araignee-par-amisco-copy\/#primaryimage"},"image":{"@id":"https:\/\/www.fullroom.ca\/fr\/shop\/nouveautes\/chaise-araignee-par-amisco-copy\/#primaryimage"},"thumbnailUrl":"https:\/\/www.fullroom.ca\/wp-content\/uploads\/2026\/03\/Chaise-Meccano-Amisco-FullRoom2027.jpg","datePublished":"2026-03-19T21:55:06+00:00","dateModified":"2026-03-19T22:53:12+00:00","breadcrumb":{"@id":"https:\/\/www.fullroom.ca\/fr\/shop\/nouveautes\/chaise-araignee-par-amisco-copy\/#breadcrumb"},"inLanguage":"fr-FR","potentialAction":[{"@type":"ReadAction","target":["https:\/\/www.fullroom.ca\/fr\/shop\/nouveautes\/chaise-araignee-par-amisco-copy\/"]}]},{"@type":"ImageObject","inLanguage":"fr-FR","@id":"https:\/\/www.fullroom.ca\/fr\/shop\/nouveautes\/chaise-araignee-par-amisco-copy\/#primaryimage","url":"https:\/\/www.fullroom.ca\/wp-content\/uploads\/2026\/03\/Chaise-Meccano-Amisco-FullRoom2027.jpg","contentUrl":"https:\/\/www.fullroom.ca\/wp-content\/uploads\/2026\/03\/Chaise-Meccano-Amisco-FullRoom2027.jpg","width":1429,"height":2000},{"@type":"BreadcrumbList","@id":"https:\/\/www.fullroom.ca\/fr\/shop\/nouveautes\/chaise-araignee-par-amisco-copy\/#breadcrumb","itemListElement":[{"@type":"ListItem","position":1,"name":"Home","item":"https:\/\/www.fullroom.ca\/fr\/"},{"@type":"ListItem","position":2,"name":"Boutique","item":"https:\/\/www.fullroom.ca\/"},{"@type":"ListItem","position":3,"name":"Chaise MECCANO par Amisco"}]},{"@type":"WebSite","@id":"https:\/\/fullroom.ca\/#website","url":"https:\/\/fullroom.ca\/","name":"Full Room","description":"Preloved furniture standing the test of time","potentialAction":[{"@type":"SearchAction","target":{"@type":"EntryPoint","urlTemplate":"https:\/\/fullroom.ca\/?s={search_term_string}"},"query-input":{"@type":"PropertyValueSpecification","valueRequired":true,"valueName":"search_term_string"}}],"inLanguage":"fr-FR"}]}},"jetpack_sharing_enabled":true,"_links":{"self":[{"href":"https:\/\/www.fullroom.ca\/fr\/wp-json\/wp\/v2\/product\/5991","targetHints":{"allow":["GET"]}}],"collection":[{"href":"https:\/\/www.fullroom.ca\/fr\/wp-json\/wp\/v2\/product"}],"about":[{"href":"https:\/\/www.fullroom.ca\/fr\/wp-json\/wp\/v2\/types\/product"}],"wp:featuredmedia":[{"embeddable":true,"href":"https:\/\/www.fullroom.ca\/fr\/wp-json\/wp\/v2\/media\/6003"}],"wp:attachment":[{"href":"https:\/\/www.fullroom.ca\/fr\/wp-json\/wp\/v2\/media?parent=5991"}],"wp:term":[{"taxonomy":"product_brand","embeddable":true,"href":"https:\/\/www.fullroom.ca\/fr\/wp-json\/wp\/v2\/product_brand?post=5991"},{"taxonomy":"product_cat","embeddable":true,"href":"https:\/\/www.fullroom.ca\/fr\/wp-json\/wp\/v2\/product_cat?post=5991"},{"taxonomy":"product_tag","embeddable":true,"href":"https:\/\/www.fullroom.ca\/fr\/wp-json\/wp\/v2\/product_tag?post=5991"}],"curies":[{"name":"wp","href":"https:\/\/api.w.org\/{rel}","templated":true}]}}