{"id":5970,"date":"2026-03-19T16:30:02","date_gmt":"2026-03-19T21:30:02","guid":{"rendered":"https:\/\/www.fullroom.ca\/?post_type=product&#038;p=5970"},"modified":"2026-03-19T16:51:57","modified_gmt":"2026-03-19T21:51:57","slug":"lampe-de-table-pyramide-par-ikea-copy","status":"publish","type":"product","link":"https:\/\/www.fullroom.ca\/fr\/shop\/nouveautes\/lampe-de-table-pyramide-par-ikea-copy\/","title":{"rendered":"Lampe de table IVIKEN par IKEA"},"content":{"rendered":"<div class=\"grid kcm\">\n<div class=\"grid__item one-whole portable--auto lap--auto palm--auto\" data-style=\"\"><\/div>\n<\/div>\n","protected":false},"excerpt":{"rendered":"<p>La lampe de table Iviken est un classique bien connu des amateurs de produits IKEA vintage. D\u00e9finie par son abat-jour \u00e9pais en verre moul\u00e9 en forme de gla\u00e7on surdimensionn\u00e9, elle est \u00e0 la fois un objet sculptural et une source lumineuse. Une fois allum\u00e9e, le verre diffuse une lumi\u00e8re douce et chaude qui met en valeur la profondeur et la texture subtile du mat\u00e9riau. <\/p>\n<p>En excellente condition.<\/p>\n","protected":false},"featured_media":5981,"template":"","meta":[],"product_brand":[],"product_cat":[202,201],"product_tag":[],"class_list":{"0":"post-5970","1":"product","2":"type-product","3":"status-publish","4":"has-post-thumbnail","6":"product_cat-luminaires","7":"product_cat-nouveautes","9":"first","10":"instock","11":"taxable","12":"shipping-taxable","13":"purchasable","14":"product-type-simple"},"acf":[],"yoast_head":"<!-- This site is optimized with the Yoast SEO plugin v23.4 - https:\/\/yoast.com\/wordpress\/plugins\/seo\/ -->\n<title>Lampe de table IVIKEN par IKEA - Full Room<\/title>\n<meta name=\"robots\" content=\"index, follow, max-snippet:-1, max-image-preview:large, max-video-preview:-1\" \/>\n<link rel=\"canonical\" href=\"https:\/\/www.fullroom.ca\/fr\/shop\/nouveautes\/lampe-de-table-pyramide-par-ikea-copy\/\" \/>\n<meta property=\"og:locale\" content=\"fr_FR\" \/>\n<meta property=\"og:type\" content=\"article\" \/>\n<meta property=\"og:title\" content=\"Lampe de table IVIKEN par IKEA - Full Room\" \/>\n<meta property=\"og:description\" content=\"La lampe de table Iviken est un classique bien connu des amateurs de produits IKEA vintage. D\u00e9finie par son abat-jour \u00e9pais en verre moul\u00e9 en forme de gla\u00e7on surdimensionn\u00e9, elle est \u00e0 la fois un objet sculptural et une source lumineuse. Une fois allum\u00e9e, le verre diffuse une lumi\u00e8re douce et chaude qui met en valeur la profondeur et la texture subtile du mat\u00e9riau.  En excellente condition.\" \/>\n<meta property=\"og:url\" content=\"https:\/\/www.fullroom.ca\/fr\/shop\/nouveautes\/lampe-de-table-pyramide-par-ikea-copy\/\" \/>\n<meta property=\"og:site_name\" content=\"Full Room\" \/>\n<meta property=\"article:modified_time\" content=\"2026-03-19T21:51:57+00:00\" \/>\n<meta property=\"og:image\" content=\"https:\/\/www.fullroom.ca\/wp-content\/uploads\/2026\/03\/Iviken-Cube-Glass-Lamp-FullRoom1445-1.jpg\" \/>\n\t<meta property=\"og:image:width\" content=\"1429\" \/>\n\t<meta property=\"og:image:height\" content=\"2000\" \/>\n\t<meta property=\"og:image:type\" content=\"image\/jpeg\" \/>\n<meta name=\"twitter:card\" content=\"summary_large_image\" \/>\n<script type=\"application\/ld+json\" class=\"yoast-schema-graph\">{\"@context\":\"https:\/\/schema.org\",\"@graph\":[{\"@type\":\"WebPage\",\"@id\":\"https:\/\/www.fullroom.ca\/fr\/shop\/nouveautes\/lampe-de-table-pyramide-par-ikea-copy\/\",\"url\":\"https:\/\/www.fullroom.ca\/fr\/shop\/nouveautes\/lampe-de-table-pyramide-par-ikea-copy\/\",\"name\":\"Lampe de table IVIKEN par IKEA - Full Room\",\"isPartOf\":{\"@id\":\"https:\/\/fullroom.ca\/#website\"},\"primaryImageOfPage\":{\"@id\":\"https:\/\/www.fullroom.ca\/fr\/shop\/nouveautes\/lampe-de-table-pyramide-par-ikea-copy\/#primaryimage\"},\"image\":{\"@id\":\"https:\/\/www.fullroom.ca\/fr\/shop\/nouveautes\/lampe-de-table-pyramide-par-ikea-copy\/#primaryimage\"},\"thumbnailUrl\":\"https:\/\/www.fullroom.ca\/wp-content\/uploads\/2026\/03\/Iviken-Cube-Glass-Lamp-FullRoom1445-1.jpg\",\"datePublished\":\"2026-03-19T21:30:02+00:00\",\"dateModified\":\"2026-03-19T21:51:57+00:00\",\"breadcrumb\":{\"@id\":\"https:\/\/www.fullroom.ca\/fr\/shop\/nouveautes\/lampe-de-table-pyramide-par-ikea-copy\/#breadcrumb\"},\"inLanguage\":\"fr-FR\",\"potentialAction\":[{\"@type\":\"ReadAction\",\"target\":[\"https:\/\/www.fullroom.ca\/fr\/shop\/nouveautes\/lampe-de-table-pyramide-par-ikea-copy\/\"]}]},{\"@type\":\"ImageObject\",\"inLanguage\":\"fr-FR\",\"@id\":\"https:\/\/www.fullroom.ca\/fr\/shop\/nouveautes\/lampe-de-table-pyramide-par-ikea-copy\/#primaryimage\",\"url\":\"https:\/\/www.fullroom.ca\/wp-content\/uploads\/2026\/03\/Iviken-Cube-Glass-Lamp-FullRoom1445-1.jpg\",\"contentUrl\":\"https:\/\/www.fullroom.ca\/wp-content\/uploads\/2026\/03\/Iviken-Cube-Glass-Lamp-FullRoom1445-1.jpg\",\"width\":1429,\"height\":2000},{\"@type\":\"BreadcrumbList\",\"@id\":\"https:\/\/www.fullroom.ca\/fr\/shop\/nouveautes\/lampe-de-table-pyramide-par-ikea-copy\/#breadcrumb\",\"itemListElement\":[{\"@type\":\"ListItem\",\"position\":1,\"name\":\"Home\",\"item\":\"https:\/\/www.fullroom.ca\/fr\/\"},{\"@type\":\"ListItem\",\"position\":2,\"name\":\"Boutique\",\"item\":\"https:\/\/www.fullroom.ca\/\"},{\"@type\":\"ListItem\",\"position\":3,\"name\":\"Lampe de table IVIKEN par IKEA\"}]},{\"@type\":\"WebSite\",\"@id\":\"https:\/\/fullroom.ca\/#website\",\"url\":\"https:\/\/fullroom.ca\/\",\"name\":\"Full Room\",\"description\":\"Preloved furniture standing the test of time\",\"potentialAction\":[{\"@type\":\"SearchAction\",\"target\":{\"@type\":\"EntryPoint\",\"urlTemplate\":\"https:\/\/fullroom.ca\/?s={search_term_string}\"},\"query-input\":{\"@type\":\"PropertyValueSpecification\",\"valueRequired\":true,\"valueName\":\"search_term_string\"}}],\"inLanguage\":\"fr-FR\"}]}<\/script>\n<!-- \/ Yoast SEO plugin. -->","yoast_head_json":{"title":"Lampe de table IVIKEN par IKEA - Full Room","robots":{"index":"index","follow":"follow","max-snippet":"max-snippet:-1","max-image-preview":"max-image-preview:large","max-video-preview":"max-video-preview:-1"},"canonical":"https:\/\/www.fullroom.ca\/fr\/shop\/nouveautes\/lampe-de-table-pyramide-par-ikea-copy\/","og_locale":"fr_FR","og_type":"article","og_title":"Lampe de table IVIKEN par IKEA - Full Room","og_description":"La lampe de table Iviken est un classique bien connu des amateurs de produits IKEA vintage. D\u00e9finie par son abat-jour \u00e9pais en verre moul\u00e9 en forme de gla\u00e7on surdimensionn\u00e9, elle est \u00e0 la fois un objet sculptural et une source lumineuse. Une fois allum\u00e9e, le verre diffuse une lumi\u00e8re douce et chaude qui met en valeur la profondeur et la texture subtile du mat\u00e9riau.  En excellente condition.","og_url":"https:\/\/www.fullroom.ca\/fr\/shop\/nouveautes\/lampe-de-table-pyramide-par-ikea-copy\/","og_site_name":"Full Room","article_modified_time":"2026-03-19T21:51:57+00:00","og_image":[{"width":1429,"height":2000,"url":"https:\/\/www.fullroom.ca\/wp-content\/uploads\/2026\/03\/Iviken-Cube-Glass-Lamp-FullRoom1445-1.jpg","type":"image\/jpeg"}],"twitter_card":"summary_large_image","schema":{"@context":"https:\/\/schema.org","@graph":[{"@type":"WebPage","@id":"https:\/\/www.fullroom.ca\/fr\/shop\/nouveautes\/lampe-de-table-pyramide-par-ikea-copy\/","url":"https:\/\/www.fullroom.ca\/fr\/shop\/nouveautes\/lampe-de-table-pyramide-par-ikea-copy\/","name":"Lampe de table IVIKEN par IKEA - Full Room","isPartOf":{"@id":"https:\/\/fullroom.ca\/#website"},"primaryImageOfPage":{"@id":"https:\/\/www.fullroom.ca\/fr\/shop\/nouveautes\/lampe-de-table-pyramide-par-ikea-copy\/#primaryimage"},"image":{"@id":"https:\/\/www.fullroom.ca\/fr\/shop\/nouveautes\/lampe-de-table-pyramide-par-ikea-copy\/#primaryimage"},"thumbnailUrl":"https:\/\/www.fullroom.ca\/wp-content\/uploads\/2026\/03\/Iviken-Cube-Glass-Lamp-FullRoom1445-1.jpg","datePublished":"2026-03-19T21:30:02+00:00","dateModified":"2026-03-19T21:51:57+00:00","breadcrumb":{"@id":"https:\/\/www.fullroom.ca\/fr\/shop\/nouveautes\/lampe-de-table-pyramide-par-ikea-copy\/#breadcrumb"},"inLanguage":"fr-FR","potentialAction":[{"@type":"ReadAction","target":["https:\/\/www.fullroom.ca\/fr\/shop\/nouveautes\/lampe-de-table-pyramide-par-ikea-copy\/"]}]},{"@type":"ImageObject","inLanguage":"fr-FR","@id":"https:\/\/www.fullroom.ca\/fr\/shop\/nouveautes\/lampe-de-table-pyramide-par-ikea-copy\/#primaryimage","url":"https:\/\/www.fullroom.ca\/wp-content\/uploads\/2026\/03\/Iviken-Cube-Glass-Lamp-FullRoom1445-1.jpg","contentUrl":"https:\/\/www.fullroom.ca\/wp-content\/uploads\/2026\/03\/Iviken-Cube-Glass-Lamp-FullRoom1445-1.jpg","width":1429,"height":2000},{"@type":"BreadcrumbList","@id":"https:\/\/www.fullroom.ca\/fr\/shop\/nouveautes\/lampe-de-table-pyramide-par-ikea-copy\/#breadcrumb","itemListElement":[{"@type":"ListItem","position":1,"name":"Home","item":"https:\/\/www.fullroom.ca\/fr\/"},{"@type":"ListItem","position":2,"name":"Boutique","item":"https:\/\/www.fullroom.ca\/"},{"@type":"ListItem","position":3,"name":"Lampe de table IVIKEN par IKEA"}]},{"@type":"WebSite","@id":"https:\/\/fullroom.ca\/#website","url":"https:\/\/fullroom.ca\/","name":"Full Room","description":"Preloved furniture standing the test of time","potentialAction":[{"@type":"SearchAction","target":{"@type":"EntryPoint","urlTemplate":"https:\/\/fullroom.ca\/?s={search_term_string}"},"query-input":{"@type":"PropertyValueSpecification","valueRequired":true,"valueName":"search_term_string"}}],"inLanguage":"fr-FR"}]}},"jetpack_sharing_enabled":true,"_links":{"self":[{"href":"https:\/\/www.fullroom.ca\/fr\/wp-json\/wp\/v2\/product\/5970","targetHints":{"allow":["GET"]}}],"collection":[{"href":"https:\/\/www.fullroom.ca\/fr\/wp-json\/wp\/v2\/product"}],"about":[{"href":"https:\/\/www.fullroom.ca\/fr\/wp-json\/wp\/v2\/types\/product"}],"wp:featuredmedia":[{"embeddable":true,"href":"https:\/\/www.fullroom.ca\/fr\/wp-json\/wp\/v2\/media\/5981"}],"wp:attachment":[{"href":"https:\/\/www.fullroom.ca\/fr\/wp-json\/wp\/v2\/media?parent=5970"}],"wp:term":[{"taxonomy":"product_brand","embeddable":true,"href":"https:\/\/www.fullroom.ca\/fr\/wp-json\/wp\/v2\/product_brand?post=5970"},{"taxonomy":"product_cat","embeddable":true,"href":"https:\/\/www.fullroom.ca\/fr\/wp-json\/wp\/v2\/product_cat?post=5970"},{"taxonomy":"product_tag","embeddable":true,"href":"https:\/\/www.fullroom.ca\/fr\/wp-json\/wp\/v2\/product_tag?post=5970"}],"curies":[{"name":"wp","href":"https:\/\/api.w.org\/{rel}","templated":true}]}}