{"id":5949,"date":"2026-03-19T15:34:36","date_gmt":"2026-03-19T20:34:36","guid":{"rendered":"https:\/\/www.fullroom.ca\/?post_type=product&#038;p=5949"},"modified":"2026-03-19T16:19:11","modified_gmt":"2026-03-19T21:19:11","slug":"lampe-de-sol-gio-par-jacques-legendre-pour-clic-copy-2","status":"publish","type":"product","link":"https:\/\/www.fullroom.ca\/fr\/shop\/archives\/lampe-de-sol-gio-par-jacques-legendre-pour-clic-copy-2\/","title":{"rendered":"Lampe de sol STRIMMA par Knut et Marianne Hagberg pour IKEA"},"content":{"rendered":"<div class=\"grid kcm\">\n<div class=\"grid__item one-whole portable--auto lap--auto palm--auto\" data-style=\"\"><\/div>\n<\/div>\n","protected":false},"excerpt":{"rendered":"<p data-start=\"330\" data-end=\"597\">La collection Strimma fait partie de l\u2019\u0153uvre du duo de designers Knut Hagberg et Marianne Hagberg, reconnus pour leurs nombreuses contributions \u00e0 IKEA au cours des ann\u00e9es 1990 et du d\u00e9but des ann\u00e9es 2000. Pour cette s\u00e9rie, les Hagberg ont travaill\u00e9 le contreplaqu\u00e9 de bouleau cintr\u00e9, formant une mince coque qui d\u00e9finit la structure de la lampe. La version sur pied se distingue par un rythme vertical d\u2019ouvertures oblongues, permettant \u00e0 la lumi\u00e8re de se diffuser \u00e0 travers une couche interne en plastique.  <\/p>\n<p>En excellent \u00e9tat vintage, avec une usure minimale conforme \u00e0 l\u2019\u00e2ge et \u00e0 l\u2019usage.<\/p>\n","protected":false},"featured_media":5959,"template":"","meta":[],"product_brand":[],"product_cat":[207],"product_tag":[],"class_list":{"0":"post-5949","1":"product","2":"type-product","3":"status-publish","4":"has-post-thumbnail","6":"product_cat-archives","8":"first","9":"outofstock","10":"taxable","11":"shipping-taxable","12":"product-type-simple"},"acf":[],"yoast_head":"<!-- This site is optimized with the Yoast SEO plugin v23.4 - https:\/\/yoast.com\/wordpress\/plugins\/seo\/ -->\n<title>Lampe de sol STRIMMA par Knut et Marianne Hagberg pour IKEA - Full Room<\/title>\n<meta name=\"robots\" content=\"index, follow, max-snippet:-1, max-image-preview:large, max-video-preview:-1\" \/>\n<link rel=\"canonical\" href=\"https:\/\/www.fullroom.ca\/fr\/shop\/archives\/lampe-de-sol-gio-par-jacques-legendre-pour-clic-copy-2\/\" \/>\n<meta property=\"og:locale\" content=\"fr_FR\" \/>\n<meta property=\"og:type\" content=\"article\" \/>\n<meta property=\"og:title\" content=\"Lampe de sol STRIMMA par Knut et Marianne Hagberg pour IKEA - Full Room\" \/>\n<meta property=\"og:description\" content=\"La collection Strimma fait partie de l\u2019\u0153uvre du duo de designers Knut Hagberg et Marianne Hagberg, reconnus pour leurs nombreuses contributions \u00e0 IKEA au cours des ann\u00e9es 1990 et du d\u00e9but des ann\u00e9es 2000. Pour cette s\u00e9rie, les Hagberg ont travaill\u00e9 le contreplaqu\u00e9 de bouleau cintr\u00e9, formant une mince coque qui d\u00e9finit la structure de la lampe. La version sur pied se distingue par un rythme vertical d\u2019ouvertures oblongues, permettant \u00e0 la lumi\u00e8re de se diffuser \u00e0 travers une couche interne en plastique.  En excellent \u00e9tat vintage, avec une usure minimale conforme \u00e0 l\u2019\u00e2ge et \u00e0 l\u2019usage.\" \/>\n<meta property=\"og:url\" content=\"https:\/\/www.fullroom.ca\/fr\/shop\/archives\/lampe-de-sol-gio-par-jacques-legendre-pour-clic-copy-2\/\" \/>\n<meta property=\"og:site_name\" content=\"Full Room\" \/>\n<meta property=\"article:modified_time\" content=\"2026-03-19T21:19:11+00:00\" \/>\n<meta property=\"og:image\" content=\"https:\/\/www.fullroom.ca\/wp-content\/uploads\/2026\/03\/Strimma-FloorLamp-KM-Hagberg-FullRoom0572.jpg\" \/>\n\t<meta property=\"og:image:width\" content=\"1429\" \/>\n\t<meta property=\"og:image:height\" content=\"2000\" \/>\n\t<meta property=\"og:image:type\" content=\"image\/jpeg\" \/>\n<meta name=\"twitter:card\" content=\"summary_large_image\" \/>\n<script type=\"application\/ld+json\" class=\"yoast-schema-graph\">{\"@context\":\"https:\/\/schema.org\",\"@graph\":[{\"@type\":\"WebPage\",\"@id\":\"https:\/\/www.fullroom.ca\/fr\/shop\/archives\/lampe-de-sol-gio-par-jacques-legendre-pour-clic-copy-2\/\",\"url\":\"https:\/\/www.fullroom.ca\/fr\/shop\/archives\/lampe-de-sol-gio-par-jacques-legendre-pour-clic-copy-2\/\",\"name\":\"Lampe de sol STRIMMA par Knut et Marianne Hagberg pour IKEA - Full Room\",\"isPartOf\":{\"@id\":\"https:\/\/fullroom.ca\/#website\"},\"primaryImageOfPage\":{\"@id\":\"https:\/\/www.fullroom.ca\/fr\/shop\/archives\/lampe-de-sol-gio-par-jacques-legendre-pour-clic-copy-2\/#primaryimage\"},\"image\":{\"@id\":\"https:\/\/www.fullroom.ca\/fr\/shop\/archives\/lampe-de-sol-gio-par-jacques-legendre-pour-clic-copy-2\/#primaryimage\"},\"thumbnailUrl\":\"https:\/\/www.fullroom.ca\/wp-content\/uploads\/2026\/03\/Strimma-FloorLamp-KM-Hagberg-FullRoom0572.jpg\",\"datePublished\":\"2026-03-19T20:34:36+00:00\",\"dateModified\":\"2026-03-19T21:19:11+00:00\",\"breadcrumb\":{\"@id\":\"https:\/\/www.fullroom.ca\/fr\/shop\/archives\/lampe-de-sol-gio-par-jacques-legendre-pour-clic-copy-2\/#breadcrumb\"},\"inLanguage\":\"fr-FR\",\"potentialAction\":[{\"@type\":\"ReadAction\",\"target\":[\"https:\/\/www.fullroom.ca\/fr\/shop\/archives\/lampe-de-sol-gio-par-jacques-legendre-pour-clic-copy-2\/\"]}]},{\"@type\":\"ImageObject\",\"inLanguage\":\"fr-FR\",\"@id\":\"https:\/\/www.fullroom.ca\/fr\/shop\/archives\/lampe-de-sol-gio-par-jacques-legendre-pour-clic-copy-2\/#primaryimage\",\"url\":\"https:\/\/www.fullroom.ca\/wp-content\/uploads\/2026\/03\/Strimma-FloorLamp-KM-Hagberg-FullRoom0572.jpg\",\"contentUrl\":\"https:\/\/www.fullroom.ca\/wp-content\/uploads\/2026\/03\/Strimma-FloorLamp-KM-Hagberg-FullRoom0572.jpg\",\"width\":1429,\"height\":2000},{\"@type\":\"BreadcrumbList\",\"@id\":\"https:\/\/www.fullroom.ca\/fr\/shop\/archives\/lampe-de-sol-gio-par-jacques-legendre-pour-clic-copy-2\/#breadcrumb\",\"itemListElement\":[{\"@type\":\"ListItem\",\"position\":1,\"name\":\"Home\",\"item\":\"https:\/\/www.fullroom.ca\/fr\/\"},{\"@type\":\"ListItem\",\"position\":2,\"name\":\"Boutique\",\"item\":\"https:\/\/www.fullroom.ca\/\"},{\"@type\":\"ListItem\",\"position\":3,\"name\":\"Lampe de sol STRIMMA par Knut et Marianne Hagberg pour IKEA\"}]},{\"@type\":\"WebSite\",\"@id\":\"https:\/\/fullroom.ca\/#website\",\"url\":\"https:\/\/fullroom.ca\/\",\"name\":\"Full Room\",\"description\":\"Preloved furniture standing the test of time\",\"potentialAction\":[{\"@type\":\"SearchAction\",\"target\":{\"@type\":\"EntryPoint\",\"urlTemplate\":\"https:\/\/fullroom.ca\/?s={search_term_string}\"},\"query-input\":{\"@type\":\"PropertyValueSpecification\",\"valueRequired\":true,\"valueName\":\"search_term_string\"}}],\"inLanguage\":\"fr-FR\"}]}<\/script>\n<!-- \/ Yoast SEO plugin. -->","yoast_head_json":{"title":"Lampe de sol STRIMMA par Knut et Marianne Hagberg pour IKEA - Full Room","robots":{"index":"index","follow":"follow","max-snippet":"max-snippet:-1","max-image-preview":"max-image-preview:large","max-video-preview":"max-video-preview:-1"},"canonical":"https:\/\/www.fullroom.ca\/fr\/shop\/archives\/lampe-de-sol-gio-par-jacques-legendre-pour-clic-copy-2\/","og_locale":"fr_FR","og_type":"article","og_title":"Lampe de sol STRIMMA par Knut et Marianne Hagberg pour IKEA - Full Room","og_description":"La collection Strimma fait partie de l\u2019\u0153uvre du duo de designers Knut Hagberg et Marianne Hagberg, reconnus pour leurs nombreuses contributions \u00e0 IKEA au cours des ann\u00e9es 1990 et du d\u00e9but des ann\u00e9es 2000. Pour cette s\u00e9rie, les Hagberg ont travaill\u00e9 le contreplaqu\u00e9 de bouleau cintr\u00e9, formant une mince coque qui d\u00e9finit la structure de la lampe. La version sur pied se distingue par un rythme vertical d\u2019ouvertures oblongues, permettant \u00e0 la lumi\u00e8re de se diffuser \u00e0 travers une couche interne en plastique.  En excellent \u00e9tat vintage, avec une usure minimale conforme \u00e0 l\u2019\u00e2ge et \u00e0 l\u2019usage.","og_url":"https:\/\/www.fullroom.ca\/fr\/shop\/archives\/lampe-de-sol-gio-par-jacques-legendre-pour-clic-copy-2\/","og_site_name":"Full Room","article_modified_time":"2026-03-19T21:19:11+00:00","og_image":[{"width":1429,"height":2000,"url":"https:\/\/www.fullroom.ca\/wp-content\/uploads\/2026\/03\/Strimma-FloorLamp-KM-Hagberg-FullRoom0572.jpg","type":"image\/jpeg"}],"twitter_card":"summary_large_image","schema":{"@context":"https:\/\/schema.org","@graph":[{"@type":"WebPage","@id":"https:\/\/www.fullroom.ca\/fr\/shop\/archives\/lampe-de-sol-gio-par-jacques-legendre-pour-clic-copy-2\/","url":"https:\/\/www.fullroom.ca\/fr\/shop\/archives\/lampe-de-sol-gio-par-jacques-legendre-pour-clic-copy-2\/","name":"Lampe de sol STRIMMA par Knut et Marianne Hagberg pour IKEA - Full Room","isPartOf":{"@id":"https:\/\/fullroom.ca\/#website"},"primaryImageOfPage":{"@id":"https:\/\/www.fullroom.ca\/fr\/shop\/archives\/lampe-de-sol-gio-par-jacques-legendre-pour-clic-copy-2\/#primaryimage"},"image":{"@id":"https:\/\/www.fullroom.ca\/fr\/shop\/archives\/lampe-de-sol-gio-par-jacques-legendre-pour-clic-copy-2\/#primaryimage"},"thumbnailUrl":"https:\/\/www.fullroom.ca\/wp-content\/uploads\/2026\/03\/Strimma-FloorLamp-KM-Hagberg-FullRoom0572.jpg","datePublished":"2026-03-19T20:34:36+00:00","dateModified":"2026-03-19T21:19:11+00:00","breadcrumb":{"@id":"https:\/\/www.fullroom.ca\/fr\/shop\/archives\/lampe-de-sol-gio-par-jacques-legendre-pour-clic-copy-2\/#breadcrumb"},"inLanguage":"fr-FR","potentialAction":[{"@type":"ReadAction","target":["https:\/\/www.fullroom.ca\/fr\/shop\/archives\/lampe-de-sol-gio-par-jacques-legendre-pour-clic-copy-2\/"]}]},{"@type":"ImageObject","inLanguage":"fr-FR","@id":"https:\/\/www.fullroom.ca\/fr\/shop\/archives\/lampe-de-sol-gio-par-jacques-legendre-pour-clic-copy-2\/#primaryimage","url":"https:\/\/www.fullroom.ca\/wp-content\/uploads\/2026\/03\/Strimma-FloorLamp-KM-Hagberg-FullRoom0572.jpg","contentUrl":"https:\/\/www.fullroom.ca\/wp-content\/uploads\/2026\/03\/Strimma-FloorLamp-KM-Hagberg-FullRoom0572.jpg","width":1429,"height":2000},{"@type":"BreadcrumbList","@id":"https:\/\/www.fullroom.ca\/fr\/shop\/archives\/lampe-de-sol-gio-par-jacques-legendre-pour-clic-copy-2\/#breadcrumb","itemListElement":[{"@type":"ListItem","position":1,"name":"Home","item":"https:\/\/www.fullroom.ca\/fr\/"},{"@type":"ListItem","position":2,"name":"Boutique","item":"https:\/\/www.fullroom.ca\/"},{"@type":"ListItem","position":3,"name":"Lampe de sol STRIMMA par Knut et Marianne Hagberg pour IKEA"}]},{"@type":"WebSite","@id":"https:\/\/fullroom.ca\/#website","url":"https:\/\/fullroom.ca\/","name":"Full Room","description":"Preloved furniture standing the test of time","potentialAction":[{"@type":"SearchAction","target":{"@type":"EntryPoint","urlTemplate":"https:\/\/fullroom.ca\/?s={search_term_string}"},"query-input":{"@type":"PropertyValueSpecification","valueRequired":true,"valueName":"search_term_string"}}],"inLanguage":"fr-FR"}]}},"jetpack_sharing_enabled":true,"_links":{"self":[{"href":"https:\/\/www.fullroom.ca\/fr\/wp-json\/wp\/v2\/product\/5949","targetHints":{"allow":["GET"]}}],"collection":[{"href":"https:\/\/www.fullroom.ca\/fr\/wp-json\/wp\/v2\/product"}],"about":[{"href":"https:\/\/www.fullroom.ca\/fr\/wp-json\/wp\/v2\/types\/product"}],"wp:featuredmedia":[{"embeddable":true,"href":"https:\/\/www.fullroom.ca\/fr\/wp-json\/wp\/v2\/media\/5959"}],"wp:attachment":[{"href":"https:\/\/www.fullroom.ca\/fr\/wp-json\/wp\/v2\/media?parent=5949"}],"wp:term":[{"taxonomy":"product_brand","embeddable":true,"href":"https:\/\/www.fullroom.ca\/fr\/wp-json\/wp\/v2\/product_brand?post=5949"},{"taxonomy":"product_cat","embeddable":true,"href":"https:\/\/www.fullroom.ca\/fr\/wp-json\/wp\/v2\/product_cat?post=5949"},{"taxonomy":"product_tag","embeddable":true,"href":"https:\/\/www.fullroom.ca\/fr\/wp-json\/wp\/v2\/product_tag?post=5949"}],"curies":[{"name":"wp","href":"https:\/\/api.w.org\/{rel}","templated":true}]}}