{"id":5935,"date":"2026-03-12T19:23:03","date_gmt":"2026-03-13T00:23:03","guid":{"rendered":"https:\/\/www.fullroom.ca\/?post_type=product&#038;p=5935"},"modified":"2026-03-12T19:38:34","modified_gmt":"2026-03-13T00:38:34","slug":"lampe-de-sol-gio-par-jacques-legendre-pour-clic-copy","status":"publish","type":"product","link":"https:\/\/www.fullroom.ca\/fr\/shop\/nouveautes\/lampe-de-sol-gio-par-jacques-legendre-pour-clic-copy\/","title":{"rendered":"Lampe de table GIO par Jacques Legendre pour Clic"},"content":{"rendered":"<div class=\"grid kcm\">\n<div class=\"grid__item one-whole portable--auto lap--auto palm--auto\" data-style=\"\"><\/div>\n<\/div>\n","protected":false},"excerpt":{"rendered":"<p>Ce design m\u00e9connu est l\u2019un des meilleurs exemples du design postmoderne canadien des ann\u00e9es 1980. La lampe de table Gio faisait partie d\u2019une collection con\u00e7ue par Jacques Legendre pour le fabricant montr\u00e9alais Clic, aujourd\u2019hui disparu. La combinaison inattendue de mat\u00e9riaux comme le b\u00e9ton, l\u2019acier et l\u2019acrylique, s\u2019articule dans une forme minimaliste ponctu\u00e9e de d\u00e9tails d\u2019assemblage astucieux.<\/p>\n<p>En bonne condition vintage avec traces d&rsquo;usure minimes conformes \u00e0 l&rsquo;\u00e2ge et l&rsquo;usage. Petits \u00e9clats de peinture sur la capuchon en m\u00e9tal \u00e0 l&rsquo;extr\u00e9mit\u00e9 du tube d&rsquo;acrylique (voir photo de d\u00e9tail). La lampe utilise une ampoule fluorescente compacte \u00e0 lumi\u00e8re blanche chaude.<\/p>\n","protected":false},"featured_media":5929,"template":"","meta":[],"product_brand":[],"product_cat":[202,201],"product_tag":[],"class_list":{"0":"post-5935","1":"product","2":"type-product","3":"status-publish","4":"has-post-thumbnail","6":"product_cat-luminaires","7":"product_cat-nouveautes","9":"first","10":"instock","11":"taxable","12":"shipping-taxable","13":"purchasable","14":"product-type-simple"},"acf":[],"yoast_head":"<!-- This site is optimized with the Yoast SEO plugin v23.4 - https:\/\/yoast.com\/wordpress\/plugins\/seo\/ -->\n<title>Lampe de table GIO par Jacques Legendre pour Clic - Full Room<\/title>\n<meta name=\"robots\" content=\"index, follow, max-snippet:-1, max-image-preview:large, max-video-preview:-1\" \/>\n<link rel=\"canonical\" href=\"https:\/\/www.fullroom.ca\/fr\/shop\/nouveautes\/lampe-de-sol-gio-par-jacques-legendre-pour-clic-copy\/\" \/>\n<meta property=\"og:locale\" content=\"fr_FR\" \/>\n<meta property=\"og:type\" content=\"article\" \/>\n<meta property=\"og:title\" content=\"Lampe de table GIO par Jacques Legendre pour Clic - Full Room\" \/>\n<meta property=\"og:description\" content=\"Ce design m\u00e9connu est l\u2019un des meilleurs exemples du design postmoderne canadien des ann\u00e9es 1980. La lampe de table Gio faisait partie d\u2019une collection con\u00e7ue par Jacques Legendre pour le fabricant montr\u00e9alais Clic, aujourd\u2019hui disparu. La combinaison inattendue de mat\u00e9riaux comme le b\u00e9ton, l\u2019acier et l\u2019acrylique, s\u2019articule dans une forme minimaliste ponctu\u00e9e de d\u00e9tails d\u2019assemblage astucieux. En bonne condition vintage avec traces d&#039;usure minimes conformes \u00e0 l&#039;\u00e2ge et l&#039;usage. Petits \u00e9clats de peinture sur la capuchon en m\u00e9tal \u00e0 l&#039;extr\u00e9mit\u00e9 du tube d&#039;acrylique (voir photo de d\u00e9tail). La lampe utilise une ampoule fluorescente compacte \u00e0 lumi\u00e8re blanche chaude.\" \/>\n<meta property=\"og:url\" content=\"https:\/\/www.fullroom.ca\/fr\/shop\/nouveautes\/lampe-de-sol-gio-par-jacques-legendre-pour-clic-copy\/\" \/>\n<meta property=\"og:site_name\" content=\"Full Room\" \/>\n<meta property=\"article:modified_time\" content=\"2026-03-13T00:38:34+00:00\" \/>\n<meta property=\"og:image\" content=\"https:\/\/www.fullroom.ca\/wp-content\/uploads\/2026\/03\/Gio-Clic-Jacques-Legendre-FullRoom1168-1.jpg\" \/>\n\t<meta property=\"og:image:width\" content=\"1429\" \/>\n\t<meta property=\"og:image:height\" content=\"2000\" \/>\n\t<meta property=\"og:image:type\" content=\"image\/jpeg\" \/>\n<meta name=\"twitter:card\" content=\"summary_large_image\" \/>\n<script type=\"application\/ld+json\" class=\"yoast-schema-graph\">{\"@context\":\"https:\/\/schema.org\",\"@graph\":[{\"@type\":\"WebPage\",\"@id\":\"https:\/\/www.fullroom.ca\/fr\/shop\/nouveautes\/lampe-de-sol-gio-par-jacques-legendre-pour-clic-copy\/\",\"url\":\"https:\/\/www.fullroom.ca\/fr\/shop\/nouveautes\/lampe-de-sol-gio-par-jacques-legendre-pour-clic-copy\/\",\"name\":\"Lampe de table GIO par Jacques Legendre pour Clic - Full Room\",\"isPartOf\":{\"@id\":\"https:\/\/fullroom.ca\/#website\"},\"primaryImageOfPage\":{\"@id\":\"https:\/\/www.fullroom.ca\/fr\/shop\/nouveautes\/lampe-de-sol-gio-par-jacques-legendre-pour-clic-copy\/#primaryimage\"},\"image\":{\"@id\":\"https:\/\/www.fullroom.ca\/fr\/shop\/nouveautes\/lampe-de-sol-gio-par-jacques-legendre-pour-clic-copy\/#primaryimage\"},\"thumbnailUrl\":\"https:\/\/www.fullroom.ca\/wp-content\/uploads\/2026\/03\/Gio-Clic-Jacques-Legendre-FullRoom1168-1.jpg\",\"datePublished\":\"2026-03-13T00:23:03+00:00\",\"dateModified\":\"2026-03-13T00:38:34+00:00\",\"breadcrumb\":{\"@id\":\"https:\/\/www.fullroom.ca\/fr\/shop\/nouveautes\/lampe-de-sol-gio-par-jacques-legendre-pour-clic-copy\/#breadcrumb\"},\"inLanguage\":\"fr-FR\",\"potentialAction\":[{\"@type\":\"ReadAction\",\"target\":[\"https:\/\/www.fullroom.ca\/fr\/shop\/nouveautes\/lampe-de-sol-gio-par-jacques-legendre-pour-clic-copy\/\"]}]},{\"@type\":\"ImageObject\",\"inLanguage\":\"fr-FR\",\"@id\":\"https:\/\/www.fullroom.ca\/fr\/shop\/nouveautes\/lampe-de-sol-gio-par-jacques-legendre-pour-clic-copy\/#primaryimage\",\"url\":\"https:\/\/www.fullroom.ca\/wp-content\/uploads\/2026\/03\/Gio-Clic-Jacques-Legendre-FullRoom1168-1.jpg\",\"contentUrl\":\"https:\/\/www.fullroom.ca\/wp-content\/uploads\/2026\/03\/Gio-Clic-Jacques-Legendre-FullRoom1168-1.jpg\",\"width\":1429,\"height\":2000},{\"@type\":\"BreadcrumbList\",\"@id\":\"https:\/\/www.fullroom.ca\/fr\/shop\/nouveautes\/lampe-de-sol-gio-par-jacques-legendre-pour-clic-copy\/#breadcrumb\",\"itemListElement\":[{\"@type\":\"ListItem\",\"position\":1,\"name\":\"Home\",\"item\":\"https:\/\/www.fullroom.ca\/fr\/\"},{\"@type\":\"ListItem\",\"position\":2,\"name\":\"Boutique\",\"item\":\"https:\/\/www.fullroom.ca\/\"},{\"@type\":\"ListItem\",\"position\":3,\"name\":\"Lampe de table GIO par Jacques Legendre pour Clic\"}]},{\"@type\":\"WebSite\",\"@id\":\"https:\/\/fullroom.ca\/#website\",\"url\":\"https:\/\/fullroom.ca\/\",\"name\":\"Full Room\",\"description\":\"Preloved furniture standing the test of time\",\"potentialAction\":[{\"@type\":\"SearchAction\",\"target\":{\"@type\":\"EntryPoint\",\"urlTemplate\":\"https:\/\/fullroom.ca\/?s={search_term_string}\"},\"query-input\":{\"@type\":\"PropertyValueSpecification\",\"valueRequired\":true,\"valueName\":\"search_term_string\"}}],\"inLanguage\":\"fr-FR\"}]}<\/script>\n<!-- \/ Yoast SEO plugin. -->","yoast_head_json":{"title":"Lampe de table GIO par Jacques Legendre pour Clic - Full Room","robots":{"index":"index","follow":"follow","max-snippet":"max-snippet:-1","max-image-preview":"max-image-preview:large","max-video-preview":"max-video-preview:-1"},"canonical":"https:\/\/www.fullroom.ca\/fr\/shop\/nouveautes\/lampe-de-sol-gio-par-jacques-legendre-pour-clic-copy\/","og_locale":"fr_FR","og_type":"article","og_title":"Lampe de table GIO par Jacques Legendre pour Clic - Full Room","og_description":"Ce design m\u00e9connu est l\u2019un des meilleurs exemples du design postmoderne canadien des ann\u00e9es 1980. La lampe de table Gio faisait partie d\u2019une collection con\u00e7ue par Jacques Legendre pour le fabricant montr\u00e9alais Clic, aujourd\u2019hui disparu. La combinaison inattendue de mat\u00e9riaux comme le b\u00e9ton, l\u2019acier et l\u2019acrylique, s\u2019articule dans une forme minimaliste ponctu\u00e9e de d\u00e9tails d\u2019assemblage astucieux. En bonne condition vintage avec traces d'usure minimes conformes \u00e0 l'\u00e2ge et l'usage. Petits \u00e9clats de peinture sur la capuchon en m\u00e9tal \u00e0 l'extr\u00e9mit\u00e9 du tube d'acrylique (voir photo de d\u00e9tail). La lampe utilise une ampoule fluorescente compacte \u00e0 lumi\u00e8re blanche chaude.","og_url":"https:\/\/www.fullroom.ca\/fr\/shop\/nouveautes\/lampe-de-sol-gio-par-jacques-legendre-pour-clic-copy\/","og_site_name":"Full Room","article_modified_time":"2026-03-13T00:38:34+00:00","og_image":[{"width":1429,"height":2000,"url":"https:\/\/www.fullroom.ca\/wp-content\/uploads\/2026\/03\/Gio-Clic-Jacques-Legendre-FullRoom1168-1.jpg","type":"image\/jpeg"}],"twitter_card":"summary_large_image","schema":{"@context":"https:\/\/schema.org","@graph":[{"@type":"WebPage","@id":"https:\/\/www.fullroom.ca\/fr\/shop\/nouveautes\/lampe-de-sol-gio-par-jacques-legendre-pour-clic-copy\/","url":"https:\/\/www.fullroom.ca\/fr\/shop\/nouveautes\/lampe-de-sol-gio-par-jacques-legendre-pour-clic-copy\/","name":"Lampe de table GIO par Jacques Legendre pour Clic - Full Room","isPartOf":{"@id":"https:\/\/fullroom.ca\/#website"},"primaryImageOfPage":{"@id":"https:\/\/www.fullroom.ca\/fr\/shop\/nouveautes\/lampe-de-sol-gio-par-jacques-legendre-pour-clic-copy\/#primaryimage"},"image":{"@id":"https:\/\/www.fullroom.ca\/fr\/shop\/nouveautes\/lampe-de-sol-gio-par-jacques-legendre-pour-clic-copy\/#primaryimage"},"thumbnailUrl":"https:\/\/www.fullroom.ca\/wp-content\/uploads\/2026\/03\/Gio-Clic-Jacques-Legendre-FullRoom1168-1.jpg","datePublished":"2026-03-13T00:23:03+00:00","dateModified":"2026-03-13T00:38:34+00:00","breadcrumb":{"@id":"https:\/\/www.fullroom.ca\/fr\/shop\/nouveautes\/lampe-de-sol-gio-par-jacques-legendre-pour-clic-copy\/#breadcrumb"},"inLanguage":"fr-FR","potentialAction":[{"@type":"ReadAction","target":["https:\/\/www.fullroom.ca\/fr\/shop\/nouveautes\/lampe-de-sol-gio-par-jacques-legendre-pour-clic-copy\/"]}]},{"@type":"ImageObject","inLanguage":"fr-FR","@id":"https:\/\/www.fullroom.ca\/fr\/shop\/nouveautes\/lampe-de-sol-gio-par-jacques-legendre-pour-clic-copy\/#primaryimage","url":"https:\/\/www.fullroom.ca\/wp-content\/uploads\/2026\/03\/Gio-Clic-Jacques-Legendre-FullRoom1168-1.jpg","contentUrl":"https:\/\/www.fullroom.ca\/wp-content\/uploads\/2026\/03\/Gio-Clic-Jacques-Legendre-FullRoom1168-1.jpg","width":1429,"height":2000},{"@type":"BreadcrumbList","@id":"https:\/\/www.fullroom.ca\/fr\/shop\/nouveautes\/lampe-de-sol-gio-par-jacques-legendre-pour-clic-copy\/#breadcrumb","itemListElement":[{"@type":"ListItem","position":1,"name":"Home","item":"https:\/\/www.fullroom.ca\/fr\/"},{"@type":"ListItem","position":2,"name":"Boutique","item":"https:\/\/www.fullroom.ca\/"},{"@type":"ListItem","position":3,"name":"Lampe de table GIO par Jacques Legendre pour Clic"}]},{"@type":"WebSite","@id":"https:\/\/fullroom.ca\/#website","url":"https:\/\/fullroom.ca\/","name":"Full Room","description":"Preloved furniture standing the test of time","potentialAction":[{"@type":"SearchAction","target":{"@type":"EntryPoint","urlTemplate":"https:\/\/fullroom.ca\/?s={search_term_string}"},"query-input":{"@type":"PropertyValueSpecification","valueRequired":true,"valueName":"search_term_string"}}],"inLanguage":"fr-FR"}]}},"jetpack_sharing_enabled":true,"_links":{"self":[{"href":"https:\/\/www.fullroom.ca\/fr\/wp-json\/wp\/v2\/product\/5935","targetHints":{"allow":["GET"]}}],"collection":[{"href":"https:\/\/www.fullroom.ca\/fr\/wp-json\/wp\/v2\/product"}],"about":[{"href":"https:\/\/www.fullroom.ca\/fr\/wp-json\/wp\/v2\/types\/product"}],"wp:featuredmedia":[{"embeddable":true,"href":"https:\/\/www.fullroom.ca\/fr\/wp-json\/wp\/v2\/media\/5929"}],"wp:attachment":[{"href":"https:\/\/www.fullroom.ca\/fr\/wp-json\/wp\/v2\/media?parent=5935"}],"wp:term":[{"taxonomy":"product_brand","embeddable":true,"href":"https:\/\/www.fullroom.ca\/fr\/wp-json\/wp\/v2\/product_brand?post=5935"},{"taxonomy":"product_cat","embeddable":true,"href":"https:\/\/www.fullroom.ca\/fr\/wp-json\/wp\/v2\/product_cat?post=5935"},{"taxonomy":"product_tag","embeddable":true,"href":"https:\/\/www.fullroom.ca\/fr\/wp-json\/wp\/v2\/product_tag?post=5935"}],"curies":[{"name":"wp","href":"https:\/\/api.w.org\/{rel}","templated":true}]}}