{"id":5855,"date":"2026-03-04T17:07:10","date_gmt":"2026-03-04T22:07:10","guid":{"rendered":"https:\/\/www.fullroom.ca\/shop\/uncategorized\/lampe-suspendue-en-metal-perfore\/"},"modified":"2026-03-05T13:53:47","modified_gmt":"2026-03-05T18:53:47","slug":"lampe-suspendue-en-metal-perfore","status":"publish","type":"product","link":"https:\/\/www.fullroom.ca\/fr\/shop\/nouveautes\/lampe-suspendue-en-metal-perfore\/","title":{"rendered":"Lampe suspendue en m\u00e9tal perfor\u00e9"},"content":{"rendered":"<div class=\"grid kcm\">\n<div class=\"grid__item one-whole portable--auto lap--auto palm--auto\" data-style=\"\"><\/div>\n<\/div>\n","protected":false},"excerpt":{"rendered":"<p data-start=\"227\" data-end=\"570\">Malgr\u00e9 ses similitudes avec certains mod\u00e8les du fabricant n\u00e9erlandais Pilastro, reconnu pour son utilisation du m\u00e9tal perfor\u00e9, cette lampe a \u00e9t\u00e9 fabriqu\u00e9e au Canada dans les ann\u00e9es 1980. L\u2019abat-jour en m\u00e9tal perfor\u00e9 laisse passer la lumi\u00e8re de l\u2019ampoule \u00e0 travers de minuscules perforations, cr\u00e9ant une douce lumi\u00e8re d\u2019ambiance sans \u00e9blouissement. L\u2019abat-jour en m\u00e9tal perfor\u00e9 laisse passer la lumi\u00e8re de l\u2019ampoule \u00e0 travers de minuscules perforations, cr\u00e9ant une douce lumi\u00e8re d\u2019ambiance sans \u00e9blouissement.<\/p>\n<p data-start=\"572\" data-end=\"672\">En bon \u00e9tat vintage, avec de l\u00e9g\u00e8res traces d\u2019usure et quelques rayures sur le cache-douille (voir photo).<br \/>\nEnti\u00e8rement refil\u00e9e.<br \/>\nInclut la quincaillerie d&rsquo;installation.  <\/p>\n<p>&nbsp;<\/p>\n","protected":false},"featured_media":5847,"template":"","meta":[],"product_brand":[],"product_cat":[202,201],"product_tag":[],"class_list":{"0":"post-5855","1":"product","2":"type-product","3":"status-publish","4":"has-post-thumbnail","6":"product_cat-luminaires","7":"product_cat-nouveautes","9":"first","10":"instock","11":"taxable","12":"shipping-taxable","13":"purchasable","14":"product-type-simple"},"acf":[],"yoast_head":"<!-- This site is optimized with the Yoast SEO plugin v23.4 - https:\/\/yoast.com\/wordpress\/plugins\/seo\/ -->\n<title>Lampe suspendue en m\u00e9tal perfor\u00e9 - Full Room<\/title>\n<meta name=\"robots\" content=\"index, follow, max-snippet:-1, max-image-preview:large, max-video-preview:-1\" \/>\n<link rel=\"canonical\" href=\"https:\/\/www.fullroom.ca\/fr\/shop\/nouveautes\/lampe-suspendue-en-metal-perfore\/\" \/>\n<meta property=\"og:locale\" content=\"fr_FR\" \/>\n<meta property=\"og:type\" content=\"article\" \/>\n<meta property=\"og:title\" content=\"Lampe suspendue en m\u00e9tal perfor\u00e9 - Full Room\" \/>\n<meta property=\"og:description\" content=\"Malgr\u00e9 ses similitudes avec certains mod\u00e8les du fabricant n\u00e9erlandais Pilastro, reconnu pour son utilisation du m\u00e9tal perfor\u00e9, cette lampe a \u00e9t\u00e9 fabriqu\u00e9e au Canada dans les ann\u00e9es 1980. L\u2019abat-jour en m\u00e9tal perfor\u00e9 laisse passer la lumi\u00e8re de l\u2019ampoule \u00e0 travers de minuscules perforations, cr\u00e9ant une douce lumi\u00e8re d\u2019ambiance sans \u00e9blouissement. L\u2019abat-jour en m\u00e9tal perfor\u00e9 laisse passer la lumi\u00e8re de l\u2019ampoule \u00e0 travers de minuscules perforations, cr\u00e9ant une douce lumi\u00e8re d\u2019ambiance sans \u00e9blouissement. En bon \u00e9tat vintage, avec de l\u00e9g\u00e8res traces d\u2019usure et quelques rayures sur le cache-douille (voir photo). Enti\u00e8rement refil\u00e9e. Inclut la quincaillerie d&#039;installation.  &nbsp;\" \/>\n<meta property=\"og:url\" content=\"https:\/\/www.fullroom.ca\/fr\/shop\/nouveautes\/lampe-suspendue-en-metal-perfore\/\" \/>\n<meta property=\"og:site_name\" content=\"Full Room\" \/>\n<meta property=\"article:modified_time\" content=\"2026-03-05T18:53:47+00:00\" \/>\n<meta property=\"og:image\" content=\"https:\/\/www.fullroom.ca\/wp-content\/uploads\/2026\/03\/Mesh-Metal-Pendant-Vintage-FullRoom1658-732x1024.png\" \/>\n\t<meta property=\"og:image:width\" content=\"732\" \/>\n\t<meta property=\"og:image:height\" content=\"1024\" \/>\n\t<meta property=\"og:image:type\" content=\"image\/png\" \/>\n<meta name=\"twitter:card\" content=\"summary_large_image\" \/>\n<script type=\"application\/ld+json\" class=\"yoast-schema-graph\">{\"@context\":\"https:\/\/schema.org\",\"@graph\":[{\"@type\":\"WebPage\",\"@id\":\"https:\/\/www.fullroom.ca\/fr\/shop\/nouveautes\/lampe-suspendue-en-metal-perfore\/\",\"url\":\"https:\/\/www.fullroom.ca\/fr\/shop\/nouveautes\/lampe-suspendue-en-metal-perfore\/\",\"name\":\"Lampe suspendue en m\u00e9tal perfor\u00e9 - Full Room\",\"isPartOf\":{\"@id\":\"https:\/\/fullroom.ca\/#website\"},\"primaryImageOfPage\":{\"@id\":\"https:\/\/www.fullroom.ca\/fr\/shop\/nouveautes\/lampe-suspendue-en-metal-perfore\/#primaryimage\"},\"image\":{\"@id\":\"https:\/\/www.fullroom.ca\/fr\/shop\/nouveautes\/lampe-suspendue-en-metal-perfore\/#primaryimage\"},\"thumbnailUrl\":\"https:\/\/www.fullroom.ca\/wp-content\/uploads\/2026\/03\/Mesh-Metal-Pendant-Vintage-FullRoom1658.png\",\"datePublished\":\"2026-03-04T22:07:10+00:00\",\"dateModified\":\"2026-03-05T18:53:47+00:00\",\"breadcrumb\":{\"@id\":\"https:\/\/www.fullroom.ca\/fr\/shop\/nouveautes\/lampe-suspendue-en-metal-perfore\/#breadcrumb\"},\"inLanguage\":\"fr-FR\",\"potentialAction\":[{\"@type\":\"ReadAction\",\"target\":[\"https:\/\/www.fullroom.ca\/fr\/shop\/nouveautes\/lampe-suspendue-en-metal-perfore\/\"]}]},{\"@type\":\"ImageObject\",\"inLanguage\":\"fr-FR\",\"@id\":\"https:\/\/www.fullroom.ca\/fr\/shop\/nouveautes\/lampe-suspendue-en-metal-perfore\/#primaryimage\",\"url\":\"https:\/\/www.fullroom.ca\/wp-content\/uploads\/2026\/03\/Mesh-Metal-Pendant-Vintage-FullRoom1658.png\",\"contentUrl\":\"https:\/\/www.fullroom.ca\/wp-content\/uploads\/2026\/03\/Mesh-Metal-Pendant-Vintage-FullRoom1658.png\",\"width\":1463,\"height\":2048},{\"@type\":\"BreadcrumbList\",\"@id\":\"https:\/\/www.fullroom.ca\/fr\/shop\/nouveautes\/lampe-suspendue-en-metal-perfore\/#breadcrumb\",\"itemListElement\":[{\"@type\":\"ListItem\",\"position\":1,\"name\":\"Home\",\"item\":\"https:\/\/www.fullroom.ca\/fr\/\"},{\"@type\":\"ListItem\",\"position\":2,\"name\":\"Boutique\",\"item\":\"https:\/\/www.fullroom.ca\/\"},{\"@type\":\"ListItem\",\"position\":3,\"name\":\"Lampe suspendue en m\u00e9tal perfor\u00e9\"}]},{\"@type\":\"WebSite\",\"@id\":\"https:\/\/fullroom.ca\/#website\",\"url\":\"https:\/\/fullroom.ca\/\",\"name\":\"Full Room\",\"description\":\"Preloved furniture standing the test of time\",\"potentialAction\":[{\"@type\":\"SearchAction\",\"target\":{\"@type\":\"EntryPoint\",\"urlTemplate\":\"https:\/\/fullroom.ca\/?s={search_term_string}\"},\"query-input\":{\"@type\":\"PropertyValueSpecification\",\"valueRequired\":true,\"valueName\":\"search_term_string\"}}],\"inLanguage\":\"fr-FR\"}]}<\/script>\n<!-- \/ Yoast SEO plugin. -->","yoast_head_json":{"title":"Lampe suspendue en m\u00e9tal perfor\u00e9 - Full Room","robots":{"index":"index","follow":"follow","max-snippet":"max-snippet:-1","max-image-preview":"max-image-preview:large","max-video-preview":"max-video-preview:-1"},"canonical":"https:\/\/www.fullroom.ca\/fr\/shop\/nouveautes\/lampe-suspendue-en-metal-perfore\/","og_locale":"fr_FR","og_type":"article","og_title":"Lampe suspendue en m\u00e9tal perfor\u00e9 - Full Room","og_description":"Malgr\u00e9 ses similitudes avec certains mod\u00e8les du fabricant n\u00e9erlandais Pilastro, reconnu pour son utilisation du m\u00e9tal perfor\u00e9, cette lampe a \u00e9t\u00e9 fabriqu\u00e9e au Canada dans les ann\u00e9es 1980. L\u2019abat-jour en m\u00e9tal perfor\u00e9 laisse passer la lumi\u00e8re de l\u2019ampoule \u00e0 travers de minuscules perforations, cr\u00e9ant une douce lumi\u00e8re d\u2019ambiance sans \u00e9blouissement. L\u2019abat-jour en m\u00e9tal perfor\u00e9 laisse passer la lumi\u00e8re de l\u2019ampoule \u00e0 travers de minuscules perforations, cr\u00e9ant une douce lumi\u00e8re d\u2019ambiance sans \u00e9blouissement. En bon \u00e9tat vintage, avec de l\u00e9g\u00e8res traces d\u2019usure et quelques rayures sur le cache-douille (voir photo). Enti\u00e8rement refil\u00e9e. Inclut la quincaillerie d'installation.  &nbsp;","og_url":"https:\/\/www.fullroom.ca\/fr\/shop\/nouveautes\/lampe-suspendue-en-metal-perfore\/","og_site_name":"Full Room","article_modified_time":"2026-03-05T18:53:47+00:00","og_image":[{"width":732,"height":1024,"url":"https:\/\/www.fullroom.ca\/wp-content\/uploads\/2026\/03\/Mesh-Metal-Pendant-Vintage-FullRoom1658-732x1024.png","type":"image\/png"}],"twitter_card":"summary_large_image","schema":{"@context":"https:\/\/schema.org","@graph":[{"@type":"WebPage","@id":"https:\/\/www.fullroom.ca\/fr\/shop\/nouveautes\/lampe-suspendue-en-metal-perfore\/","url":"https:\/\/www.fullroom.ca\/fr\/shop\/nouveautes\/lampe-suspendue-en-metal-perfore\/","name":"Lampe suspendue en m\u00e9tal perfor\u00e9 - Full Room","isPartOf":{"@id":"https:\/\/fullroom.ca\/#website"},"primaryImageOfPage":{"@id":"https:\/\/www.fullroom.ca\/fr\/shop\/nouveautes\/lampe-suspendue-en-metal-perfore\/#primaryimage"},"image":{"@id":"https:\/\/www.fullroom.ca\/fr\/shop\/nouveautes\/lampe-suspendue-en-metal-perfore\/#primaryimage"},"thumbnailUrl":"https:\/\/www.fullroom.ca\/wp-content\/uploads\/2026\/03\/Mesh-Metal-Pendant-Vintage-FullRoom1658.png","datePublished":"2026-03-04T22:07:10+00:00","dateModified":"2026-03-05T18:53:47+00:00","breadcrumb":{"@id":"https:\/\/www.fullroom.ca\/fr\/shop\/nouveautes\/lampe-suspendue-en-metal-perfore\/#breadcrumb"},"inLanguage":"fr-FR","potentialAction":[{"@type":"ReadAction","target":["https:\/\/www.fullroom.ca\/fr\/shop\/nouveautes\/lampe-suspendue-en-metal-perfore\/"]}]},{"@type":"ImageObject","inLanguage":"fr-FR","@id":"https:\/\/www.fullroom.ca\/fr\/shop\/nouveautes\/lampe-suspendue-en-metal-perfore\/#primaryimage","url":"https:\/\/www.fullroom.ca\/wp-content\/uploads\/2026\/03\/Mesh-Metal-Pendant-Vintage-FullRoom1658.png","contentUrl":"https:\/\/www.fullroom.ca\/wp-content\/uploads\/2026\/03\/Mesh-Metal-Pendant-Vintage-FullRoom1658.png","width":1463,"height":2048},{"@type":"BreadcrumbList","@id":"https:\/\/www.fullroom.ca\/fr\/shop\/nouveautes\/lampe-suspendue-en-metal-perfore\/#breadcrumb","itemListElement":[{"@type":"ListItem","position":1,"name":"Home","item":"https:\/\/www.fullroom.ca\/fr\/"},{"@type":"ListItem","position":2,"name":"Boutique","item":"https:\/\/www.fullroom.ca\/"},{"@type":"ListItem","position":3,"name":"Lampe suspendue en m\u00e9tal perfor\u00e9"}]},{"@type":"WebSite","@id":"https:\/\/fullroom.ca\/#website","url":"https:\/\/fullroom.ca\/","name":"Full Room","description":"Preloved furniture standing the test of time","potentialAction":[{"@type":"SearchAction","target":{"@type":"EntryPoint","urlTemplate":"https:\/\/fullroom.ca\/?s={search_term_string}"},"query-input":{"@type":"PropertyValueSpecification","valueRequired":true,"valueName":"search_term_string"}}],"inLanguage":"fr-FR"}]}},"jetpack_sharing_enabled":true,"_links":{"self":[{"href":"https:\/\/www.fullroom.ca\/fr\/wp-json\/wp\/v2\/product\/5855","targetHints":{"allow":["GET"]}}],"collection":[{"href":"https:\/\/www.fullroom.ca\/fr\/wp-json\/wp\/v2\/product"}],"about":[{"href":"https:\/\/www.fullroom.ca\/fr\/wp-json\/wp\/v2\/types\/product"}],"wp:featuredmedia":[{"embeddable":true,"href":"https:\/\/www.fullroom.ca\/fr\/wp-json\/wp\/v2\/media\/5847"}],"wp:attachment":[{"href":"https:\/\/www.fullroom.ca\/fr\/wp-json\/wp\/v2\/media?parent=5855"}],"wp:term":[{"taxonomy":"product_brand","embeddable":true,"href":"https:\/\/www.fullroom.ca\/fr\/wp-json\/wp\/v2\/product_brand?post=5855"},{"taxonomy":"product_cat","embeddable":true,"href":"https:\/\/www.fullroom.ca\/fr\/wp-json\/wp\/v2\/product_cat?post=5855"},{"taxonomy":"product_tag","embeddable":true,"href":"https:\/\/www.fullroom.ca\/fr\/wp-json\/wp\/v2\/product_tag?post=5855"}],"curies":[{"name":"wp","href":"https:\/\/api.w.org\/{rel}","templated":true}]}}