{"id":5833,"date":"2026-03-04T16:46:30","date_gmt":"2026-03-04T21:46:30","guid":{"rendered":"https:\/\/www.fullroom.ca\/shop\/uncategorized\/lampe-suspendue-en-acrylique-vert-acide\/"},"modified":"2026-03-04T17:06:28","modified_gmt":"2026-03-04T22:06:28","slug":"lampe-suspendue-en-acrylique-vert-acide","status":"publish","type":"product","link":"https:\/\/www.fullroom.ca\/fr\/shop\/nouveautes\/lampe-suspendue-en-acrylique-vert-acide\/","title":{"rendered":"Lampe suspendue en acrylique vert acide"},"content":{"rendered":"<div class=\"grid kcm\">\n<div class=\"grid__item one-whole portable--auto lap--auto palm--auto\" data-style=\"\"><\/div>\n<\/div>\n","protected":false},"excerpt":{"rendered":"<p data-start=\"227\" data-end=\"570\">D\u2019origine inconnue, cette suspension des ann\u00e9es 1970 est d\u2019une simplicit\u00e9 absolue. Sa caract\u00e9ristique la plus remarquable est son d\u00f4me en acrylique vert acide, qui diffuse une lumi\u00e8re feutr\u00e9e mais distinctive. <\/p>\n<p data-start=\"572\" data-end=\"672\">En bon \u00e9tat vintage, avec de l\u00e9g\u00e8res traces d\u2019usure en surface sur le cache-douille en chrome (voir photos).<br \/>\nInclut la quincaillerie d&rsquo;installation.  <\/p>\n<p>&nbsp;<\/p>\n","protected":false},"featured_media":5825,"template":"","meta":[],"product_brand":[],"product_cat":[202,201],"product_tag":[],"class_list":{"0":"post-5833","1":"product","2":"type-product","3":"status-publish","4":"has-post-thumbnail","6":"product_cat-luminaires","7":"product_cat-nouveautes","9":"first","10":"instock","11":"taxable","12":"shipping-taxable","13":"purchasable","14":"product-type-simple"},"acf":[],"yoast_head":"<!-- This site is optimized with the Yoast SEO plugin v23.4 - https:\/\/yoast.com\/wordpress\/plugins\/seo\/ -->\n<title>Lampe suspendue en acrylique vert acide - Full Room<\/title>\n<meta name=\"robots\" content=\"index, follow, max-snippet:-1, max-image-preview:large, max-video-preview:-1\" \/>\n<link rel=\"canonical\" href=\"https:\/\/www.fullroom.ca\/fr\/shop\/nouveautes\/lampe-suspendue-en-acrylique-vert-acide\/\" \/>\n<meta property=\"og:locale\" content=\"fr_FR\" \/>\n<meta property=\"og:type\" content=\"article\" \/>\n<meta property=\"og:title\" content=\"Lampe suspendue en acrylique vert acide - Full Room\" \/>\n<meta property=\"og:description\" content=\"D\u2019origine inconnue, cette suspension des ann\u00e9es 1970 est d\u2019une simplicit\u00e9 absolue. Sa caract\u00e9ristique la plus remarquable est son d\u00f4me en acrylique vert acide, qui diffuse une lumi\u00e8re feutr\u00e9e mais distinctive. En bon \u00e9tat vintage, avec de l\u00e9g\u00e8res traces d\u2019usure en surface sur le cache-douille en chrome (voir photos). Inclut la quincaillerie d&#039;installation.  &nbsp;\" \/>\n<meta property=\"og:url\" content=\"https:\/\/www.fullroom.ca\/fr\/shop\/nouveautes\/lampe-suspendue-en-acrylique-vert-acide\/\" \/>\n<meta property=\"og:site_name\" content=\"Full Room\" \/>\n<meta property=\"article:modified_time\" content=\"2026-03-04T22:06:28+00:00\" \/>\n<meta property=\"og:image\" content=\"https:\/\/www.fullroom.ca\/wp-content\/uploads\/2026\/03\/Green-Acrylic-Pendant-Dome-FullRoom0574-732x1024.png\" \/>\n\t<meta property=\"og:image:width\" content=\"732\" \/>\n\t<meta property=\"og:image:height\" content=\"1024\" \/>\n\t<meta property=\"og:image:type\" content=\"image\/png\" \/>\n<meta name=\"twitter:card\" content=\"summary_large_image\" \/>\n<script type=\"application\/ld+json\" class=\"yoast-schema-graph\">{\"@context\":\"https:\/\/schema.org\",\"@graph\":[{\"@type\":\"WebPage\",\"@id\":\"https:\/\/www.fullroom.ca\/fr\/shop\/nouveautes\/lampe-suspendue-en-acrylique-vert-acide\/\",\"url\":\"https:\/\/www.fullroom.ca\/fr\/shop\/nouveautes\/lampe-suspendue-en-acrylique-vert-acide\/\",\"name\":\"Lampe suspendue en acrylique vert acide - Full Room\",\"isPartOf\":{\"@id\":\"https:\/\/fullroom.ca\/#website\"},\"primaryImageOfPage\":{\"@id\":\"https:\/\/www.fullroom.ca\/fr\/shop\/nouveautes\/lampe-suspendue-en-acrylique-vert-acide\/#primaryimage\"},\"image\":{\"@id\":\"https:\/\/www.fullroom.ca\/fr\/shop\/nouveautes\/lampe-suspendue-en-acrylique-vert-acide\/#primaryimage\"},\"thumbnailUrl\":\"https:\/\/www.fullroom.ca\/wp-content\/uploads\/2026\/03\/Green-Acrylic-Pendant-Dome-FullRoom0574.png\",\"datePublished\":\"2026-03-04T21:46:30+00:00\",\"dateModified\":\"2026-03-04T22:06:28+00:00\",\"breadcrumb\":{\"@id\":\"https:\/\/www.fullroom.ca\/fr\/shop\/nouveautes\/lampe-suspendue-en-acrylique-vert-acide\/#breadcrumb\"},\"inLanguage\":\"fr-FR\",\"potentialAction\":[{\"@type\":\"ReadAction\",\"target\":[\"https:\/\/www.fullroom.ca\/fr\/shop\/nouveautes\/lampe-suspendue-en-acrylique-vert-acide\/\"]}]},{\"@type\":\"ImageObject\",\"inLanguage\":\"fr-FR\",\"@id\":\"https:\/\/www.fullroom.ca\/fr\/shop\/nouveautes\/lampe-suspendue-en-acrylique-vert-acide\/#primaryimage\",\"url\":\"https:\/\/www.fullroom.ca\/wp-content\/uploads\/2026\/03\/Green-Acrylic-Pendant-Dome-FullRoom0574.png\",\"contentUrl\":\"https:\/\/www.fullroom.ca\/wp-content\/uploads\/2026\/03\/Green-Acrylic-Pendant-Dome-FullRoom0574.png\",\"width\":1463,\"height\":2048},{\"@type\":\"BreadcrumbList\",\"@id\":\"https:\/\/www.fullroom.ca\/fr\/shop\/nouveautes\/lampe-suspendue-en-acrylique-vert-acide\/#breadcrumb\",\"itemListElement\":[{\"@type\":\"ListItem\",\"position\":1,\"name\":\"Home\",\"item\":\"https:\/\/www.fullroom.ca\/fr\/\"},{\"@type\":\"ListItem\",\"position\":2,\"name\":\"Boutique\",\"item\":\"https:\/\/www.fullroom.ca\/\"},{\"@type\":\"ListItem\",\"position\":3,\"name\":\"Lampe suspendue en acrylique vert acide\"}]},{\"@type\":\"WebSite\",\"@id\":\"https:\/\/fullroom.ca\/#website\",\"url\":\"https:\/\/fullroom.ca\/\",\"name\":\"Full Room\",\"description\":\"Preloved furniture standing the test of time\",\"potentialAction\":[{\"@type\":\"SearchAction\",\"target\":{\"@type\":\"EntryPoint\",\"urlTemplate\":\"https:\/\/fullroom.ca\/?s={search_term_string}\"},\"query-input\":{\"@type\":\"PropertyValueSpecification\",\"valueRequired\":true,\"valueName\":\"search_term_string\"}}],\"inLanguage\":\"fr-FR\"}]}<\/script>\n<!-- \/ Yoast SEO plugin. -->","yoast_head_json":{"title":"Lampe suspendue en acrylique vert acide - Full Room","robots":{"index":"index","follow":"follow","max-snippet":"max-snippet:-1","max-image-preview":"max-image-preview:large","max-video-preview":"max-video-preview:-1"},"canonical":"https:\/\/www.fullroom.ca\/fr\/shop\/nouveautes\/lampe-suspendue-en-acrylique-vert-acide\/","og_locale":"fr_FR","og_type":"article","og_title":"Lampe suspendue en acrylique vert acide - Full Room","og_description":"D\u2019origine inconnue, cette suspension des ann\u00e9es 1970 est d\u2019une simplicit\u00e9 absolue. Sa caract\u00e9ristique la plus remarquable est son d\u00f4me en acrylique vert acide, qui diffuse une lumi\u00e8re feutr\u00e9e mais distinctive. En bon \u00e9tat vintage, avec de l\u00e9g\u00e8res traces d\u2019usure en surface sur le cache-douille en chrome (voir photos). Inclut la quincaillerie d'installation.  &nbsp;","og_url":"https:\/\/www.fullroom.ca\/fr\/shop\/nouveautes\/lampe-suspendue-en-acrylique-vert-acide\/","og_site_name":"Full Room","article_modified_time":"2026-03-04T22:06:28+00:00","og_image":[{"width":732,"height":1024,"url":"https:\/\/www.fullroom.ca\/wp-content\/uploads\/2026\/03\/Green-Acrylic-Pendant-Dome-FullRoom0574-732x1024.png","type":"image\/png"}],"twitter_card":"summary_large_image","schema":{"@context":"https:\/\/schema.org","@graph":[{"@type":"WebPage","@id":"https:\/\/www.fullroom.ca\/fr\/shop\/nouveautes\/lampe-suspendue-en-acrylique-vert-acide\/","url":"https:\/\/www.fullroom.ca\/fr\/shop\/nouveautes\/lampe-suspendue-en-acrylique-vert-acide\/","name":"Lampe suspendue en acrylique vert acide - Full Room","isPartOf":{"@id":"https:\/\/fullroom.ca\/#website"},"primaryImageOfPage":{"@id":"https:\/\/www.fullroom.ca\/fr\/shop\/nouveautes\/lampe-suspendue-en-acrylique-vert-acide\/#primaryimage"},"image":{"@id":"https:\/\/www.fullroom.ca\/fr\/shop\/nouveautes\/lampe-suspendue-en-acrylique-vert-acide\/#primaryimage"},"thumbnailUrl":"https:\/\/www.fullroom.ca\/wp-content\/uploads\/2026\/03\/Green-Acrylic-Pendant-Dome-FullRoom0574.png","datePublished":"2026-03-04T21:46:30+00:00","dateModified":"2026-03-04T22:06:28+00:00","breadcrumb":{"@id":"https:\/\/www.fullroom.ca\/fr\/shop\/nouveautes\/lampe-suspendue-en-acrylique-vert-acide\/#breadcrumb"},"inLanguage":"fr-FR","potentialAction":[{"@type":"ReadAction","target":["https:\/\/www.fullroom.ca\/fr\/shop\/nouveautes\/lampe-suspendue-en-acrylique-vert-acide\/"]}]},{"@type":"ImageObject","inLanguage":"fr-FR","@id":"https:\/\/www.fullroom.ca\/fr\/shop\/nouveautes\/lampe-suspendue-en-acrylique-vert-acide\/#primaryimage","url":"https:\/\/www.fullroom.ca\/wp-content\/uploads\/2026\/03\/Green-Acrylic-Pendant-Dome-FullRoom0574.png","contentUrl":"https:\/\/www.fullroom.ca\/wp-content\/uploads\/2026\/03\/Green-Acrylic-Pendant-Dome-FullRoom0574.png","width":1463,"height":2048},{"@type":"BreadcrumbList","@id":"https:\/\/www.fullroom.ca\/fr\/shop\/nouveautes\/lampe-suspendue-en-acrylique-vert-acide\/#breadcrumb","itemListElement":[{"@type":"ListItem","position":1,"name":"Home","item":"https:\/\/www.fullroom.ca\/fr\/"},{"@type":"ListItem","position":2,"name":"Boutique","item":"https:\/\/www.fullroom.ca\/"},{"@type":"ListItem","position":3,"name":"Lampe suspendue en acrylique vert acide"}]},{"@type":"WebSite","@id":"https:\/\/fullroom.ca\/#website","url":"https:\/\/fullroom.ca\/","name":"Full Room","description":"Preloved furniture standing the test of time","potentialAction":[{"@type":"SearchAction","target":{"@type":"EntryPoint","urlTemplate":"https:\/\/fullroom.ca\/?s={search_term_string}"},"query-input":{"@type":"PropertyValueSpecification","valueRequired":true,"valueName":"search_term_string"}}],"inLanguage":"fr-FR"}]}},"jetpack_sharing_enabled":true,"_links":{"self":[{"href":"https:\/\/www.fullroom.ca\/fr\/wp-json\/wp\/v2\/product\/5833","targetHints":{"allow":["GET"]}}],"collection":[{"href":"https:\/\/www.fullroom.ca\/fr\/wp-json\/wp\/v2\/product"}],"about":[{"href":"https:\/\/www.fullroom.ca\/fr\/wp-json\/wp\/v2\/types\/product"}],"wp:featuredmedia":[{"embeddable":true,"href":"https:\/\/www.fullroom.ca\/fr\/wp-json\/wp\/v2\/media\/5825"}],"wp:attachment":[{"href":"https:\/\/www.fullroom.ca\/fr\/wp-json\/wp\/v2\/media?parent=5833"}],"wp:term":[{"taxonomy":"product_brand","embeddable":true,"href":"https:\/\/www.fullroom.ca\/fr\/wp-json\/wp\/v2\/product_brand?post=5833"},{"taxonomy":"product_cat","embeddable":true,"href":"https:\/\/www.fullroom.ca\/fr\/wp-json\/wp\/v2\/product_cat?post=5833"},{"taxonomy":"product_tag","embeddable":true,"href":"https:\/\/www.fullroom.ca\/fr\/wp-json\/wp\/v2\/product_tag?post=5833"}],"curies":[{"name":"wp","href":"https:\/\/api.w.org\/{rel}","templated":true}]}}