{"id":5809,"date":"2025-06-11T14:49:03","date_gmt":"2025-06-11T19:49:03","guid":{"rendered":"https:\/\/www.fullroom.ca\/shop\/uncategorized\/lampes-suspendues-artik-par-jacques-legendre-et-christiane-masson-pour-clic\/"},"modified":"2026-02-11T17:15:02","modified_gmt":"2026-02-11T22:15:02","slug":"lampes-suspendues-artik-par-jacques-legendre-et-christiane-masson-pour-clic","status":"publish","type":"product","link":"https:\/\/www.fullroom.ca\/fr\/shop\/nouveautes\/lampes-suspendues-artik-par-jacques-legendre-et-christiane-masson-pour-clic\/","title":{"rendered":"Lampes suspendues ARTIK par Jacques Legendre et Christiane Masson pour Clic"},"content":{"rendered":"<div class=\"grid kcm\">\n<div class=\"grid__item one-whole portable--auto lap--auto palm--auto\" data-style=\"\"\/>\n<\/div>\n","protected":false},"excerpt":{"rendered":"<p>Identifi\u00e9e apr\u00e8s des recherches approfondies dans les magazines D\u00e9cormag des ann\u00e9es 1980, cette lampe suspendue correspond au mod\u00e8le <em data-start=\"162\" data-end=\"172\">Artik<\/em>, con\u00e7u par les designers Jacques Legendre et Christiane Masson pour le manufacturier montr\u00e9alais Clic.<\/p>\n<p>En excellente condition.<br \/>\nDisponible en jaune ou noir. <\/p>\n","protected":false},"featured_media":5797,"template":"","meta":[],"product_brand":[],"product_cat":[202,201],"product_tag":[],"class_list":{"0":"post-5809","1":"product","2":"type-product","3":"status-publish","4":"has-post-thumbnail","6":"product_cat-luminaires","7":"product_cat-nouveautes","9":"first","10":"instock","11":"taxable","12":"shipping-taxable","13":"purchasable","14":"product-type-variable"},"acf":[],"yoast_head":"<!-- This site is optimized with the Yoast SEO plugin v23.4 - https:\/\/yoast.com\/wordpress\/plugins\/seo\/ -->\n<title>Lampes suspendues ARTIK par Jacques Legendre et Christiane Masson pour Clic - Full Room<\/title>\n<meta name=\"robots\" content=\"index, follow, max-snippet:-1, max-image-preview:large, max-video-preview:-1\" \/>\n<link rel=\"canonical\" href=\"https:\/\/www.fullroom.ca\/fr\/shop\/nouveautes\/lampes-suspendues-artik-par-jacques-legendre-et-christiane-masson-pour-clic\/\" \/>\n<meta property=\"og:locale\" content=\"fr_FR\" \/>\n<meta property=\"og:type\" content=\"article\" \/>\n<meta property=\"og:title\" content=\"Lampes suspendues ARTIK par Jacques Legendre et Christiane Masson pour Clic - Full Room\" \/>\n<meta property=\"og:description\" content=\"Identifi\u00e9e apr\u00e8s des recherches approfondies dans les magazines D\u00e9cormag des ann\u00e9es 1980, cette lampe suspendue correspond au mod\u00e8le Artik, con\u00e7u par les designers Jacques Legendre et Christiane Masson pour le manufacturier montr\u00e9alais Clic. En excellente condition. Disponible en jaune ou noir.\" \/>\n<meta property=\"og:url\" content=\"https:\/\/www.fullroom.ca\/fr\/shop\/nouveautes\/lampes-suspendues-artik-par-jacques-legendre-et-christiane-masson-pour-clic\/\" \/>\n<meta property=\"og:site_name\" content=\"Full Room\" \/>\n<meta property=\"article:modified_time\" content=\"2026-02-11T22:15:02+00:00\" \/>\n<meta property=\"og:image\" content=\"https:\/\/www.fullroom.ca\/wp-content\/uploads\/2025\/06\/Sverige-Yellow-PostModern-Pendant-Vintage-FullRoom1094-1.jpg\" \/>\n\t<meta property=\"og:image:width\" content=\"1463\" \/>\n\t<meta property=\"og:image:height\" content=\"2048\" \/>\n\t<meta property=\"og:image:type\" content=\"image\/jpeg\" \/>\n<meta name=\"twitter:card\" content=\"summary_large_image\" \/>\n<script type=\"application\/ld+json\" class=\"yoast-schema-graph\">{\"@context\":\"https:\/\/schema.org\",\"@graph\":[{\"@type\":\"WebPage\",\"@id\":\"https:\/\/www.fullroom.ca\/fr\/shop\/nouveautes\/lampes-suspendues-artik-par-jacques-legendre-et-christiane-masson-pour-clic\/\",\"url\":\"https:\/\/www.fullroom.ca\/fr\/shop\/nouveautes\/lampes-suspendues-artik-par-jacques-legendre-et-christiane-masson-pour-clic\/\",\"name\":\"Lampes suspendues ARTIK par Jacques Legendre et Christiane Masson pour Clic - Full Room\",\"isPartOf\":{\"@id\":\"https:\/\/fullroom.ca\/#website\"},\"primaryImageOfPage\":{\"@id\":\"https:\/\/www.fullroom.ca\/fr\/shop\/nouveautes\/lampes-suspendues-artik-par-jacques-legendre-et-christiane-masson-pour-clic\/#primaryimage\"},\"image\":{\"@id\":\"https:\/\/www.fullroom.ca\/fr\/shop\/nouveautes\/lampes-suspendues-artik-par-jacques-legendre-et-christiane-masson-pour-clic\/#primaryimage\"},\"thumbnailUrl\":\"https:\/\/www.fullroom.ca\/wp-content\/uploads\/2025\/06\/Sverige-Yellow-PostModern-Pendant-Vintage-FullRoom1094-1.jpg\",\"datePublished\":\"2025-06-11T19:49:03+00:00\",\"dateModified\":\"2026-02-11T22:15:02+00:00\",\"breadcrumb\":{\"@id\":\"https:\/\/www.fullroom.ca\/fr\/shop\/nouveautes\/lampes-suspendues-artik-par-jacques-legendre-et-christiane-masson-pour-clic\/#breadcrumb\"},\"inLanguage\":\"fr-FR\",\"potentialAction\":[{\"@type\":\"ReadAction\",\"target\":[\"https:\/\/www.fullroom.ca\/fr\/shop\/nouveautes\/lampes-suspendues-artik-par-jacques-legendre-et-christiane-masson-pour-clic\/\"]}]},{\"@type\":\"ImageObject\",\"inLanguage\":\"fr-FR\",\"@id\":\"https:\/\/www.fullroom.ca\/fr\/shop\/nouveautes\/lampes-suspendues-artik-par-jacques-legendre-et-christiane-masson-pour-clic\/#primaryimage\",\"url\":\"https:\/\/www.fullroom.ca\/wp-content\/uploads\/2025\/06\/Sverige-Yellow-PostModern-Pendant-Vintage-FullRoom1094-1.jpg\",\"contentUrl\":\"https:\/\/www.fullroom.ca\/wp-content\/uploads\/2025\/06\/Sverige-Yellow-PostModern-Pendant-Vintage-FullRoom1094-1.jpg\",\"width\":1463,\"height\":2048},{\"@type\":\"BreadcrumbList\",\"@id\":\"https:\/\/www.fullroom.ca\/fr\/shop\/nouveautes\/lampes-suspendues-artik-par-jacques-legendre-et-christiane-masson-pour-clic\/#breadcrumb\",\"itemListElement\":[{\"@type\":\"ListItem\",\"position\":1,\"name\":\"Home\",\"item\":\"https:\/\/www.fullroom.ca\/fr\/\"},{\"@type\":\"ListItem\",\"position\":2,\"name\":\"Boutique\",\"item\":\"https:\/\/www.fullroom.ca\/\"},{\"@type\":\"ListItem\",\"position\":3,\"name\":\"Lampes suspendues ARTIK par Jacques Legendre et Christiane Masson pour Clic\"}]},{\"@type\":\"WebSite\",\"@id\":\"https:\/\/fullroom.ca\/#website\",\"url\":\"https:\/\/fullroom.ca\/\",\"name\":\"Full Room\",\"description\":\"Preloved furniture standing the test of time\",\"potentialAction\":[{\"@type\":\"SearchAction\",\"target\":{\"@type\":\"EntryPoint\",\"urlTemplate\":\"https:\/\/fullroom.ca\/?s={search_term_string}\"},\"query-input\":{\"@type\":\"PropertyValueSpecification\",\"valueRequired\":true,\"valueName\":\"search_term_string\"}}],\"inLanguage\":\"fr-FR\"}]}<\/script>\n<!-- \/ Yoast SEO plugin. -->","yoast_head_json":{"title":"Lampes suspendues ARTIK par Jacques Legendre et Christiane Masson pour Clic - Full Room","robots":{"index":"index","follow":"follow","max-snippet":"max-snippet:-1","max-image-preview":"max-image-preview:large","max-video-preview":"max-video-preview:-1"},"canonical":"https:\/\/www.fullroom.ca\/fr\/shop\/nouveautes\/lampes-suspendues-artik-par-jacques-legendre-et-christiane-masson-pour-clic\/","og_locale":"fr_FR","og_type":"article","og_title":"Lampes suspendues ARTIK par Jacques Legendre et Christiane Masson pour Clic - Full Room","og_description":"Identifi\u00e9e apr\u00e8s des recherches approfondies dans les magazines D\u00e9cormag des ann\u00e9es 1980, cette lampe suspendue correspond au mod\u00e8le Artik, con\u00e7u par les designers Jacques Legendre et Christiane Masson pour le manufacturier montr\u00e9alais Clic. En excellente condition. Disponible en jaune ou noir.","og_url":"https:\/\/www.fullroom.ca\/fr\/shop\/nouveautes\/lampes-suspendues-artik-par-jacques-legendre-et-christiane-masson-pour-clic\/","og_site_name":"Full Room","article_modified_time":"2026-02-11T22:15:02+00:00","og_image":[{"width":1463,"height":2048,"url":"https:\/\/www.fullroom.ca\/wp-content\/uploads\/2025\/06\/Sverige-Yellow-PostModern-Pendant-Vintage-FullRoom1094-1.jpg","type":"image\/jpeg"}],"twitter_card":"summary_large_image","schema":{"@context":"https:\/\/schema.org","@graph":[{"@type":"WebPage","@id":"https:\/\/www.fullroom.ca\/fr\/shop\/nouveautes\/lampes-suspendues-artik-par-jacques-legendre-et-christiane-masson-pour-clic\/","url":"https:\/\/www.fullroom.ca\/fr\/shop\/nouveautes\/lampes-suspendues-artik-par-jacques-legendre-et-christiane-masson-pour-clic\/","name":"Lampes suspendues ARTIK par Jacques Legendre et Christiane Masson pour Clic - Full Room","isPartOf":{"@id":"https:\/\/fullroom.ca\/#website"},"primaryImageOfPage":{"@id":"https:\/\/www.fullroom.ca\/fr\/shop\/nouveautes\/lampes-suspendues-artik-par-jacques-legendre-et-christiane-masson-pour-clic\/#primaryimage"},"image":{"@id":"https:\/\/www.fullroom.ca\/fr\/shop\/nouveautes\/lampes-suspendues-artik-par-jacques-legendre-et-christiane-masson-pour-clic\/#primaryimage"},"thumbnailUrl":"https:\/\/www.fullroom.ca\/wp-content\/uploads\/2025\/06\/Sverige-Yellow-PostModern-Pendant-Vintage-FullRoom1094-1.jpg","datePublished":"2025-06-11T19:49:03+00:00","dateModified":"2026-02-11T22:15:02+00:00","breadcrumb":{"@id":"https:\/\/www.fullroom.ca\/fr\/shop\/nouveautes\/lampes-suspendues-artik-par-jacques-legendre-et-christiane-masson-pour-clic\/#breadcrumb"},"inLanguage":"fr-FR","potentialAction":[{"@type":"ReadAction","target":["https:\/\/www.fullroom.ca\/fr\/shop\/nouveautes\/lampes-suspendues-artik-par-jacques-legendre-et-christiane-masson-pour-clic\/"]}]},{"@type":"ImageObject","inLanguage":"fr-FR","@id":"https:\/\/www.fullroom.ca\/fr\/shop\/nouveautes\/lampes-suspendues-artik-par-jacques-legendre-et-christiane-masson-pour-clic\/#primaryimage","url":"https:\/\/www.fullroom.ca\/wp-content\/uploads\/2025\/06\/Sverige-Yellow-PostModern-Pendant-Vintage-FullRoom1094-1.jpg","contentUrl":"https:\/\/www.fullroom.ca\/wp-content\/uploads\/2025\/06\/Sverige-Yellow-PostModern-Pendant-Vintage-FullRoom1094-1.jpg","width":1463,"height":2048},{"@type":"BreadcrumbList","@id":"https:\/\/www.fullroom.ca\/fr\/shop\/nouveautes\/lampes-suspendues-artik-par-jacques-legendre-et-christiane-masson-pour-clic\/#breadcrumb","itemListElement":[{"@type":"ListItem","position":1,"name":"Home","item":"https:\/\/www.fullroom.ca\/fr\/"},{"@type":"ListItem","position":2,"name":"Boutique","item":"https:\/\/www.fullroom.ca\/"},{"@type":"ListItem","position":3,"name":"Lampes suspendues ARTIK par Jacques Legendre et Christiane Masson pour Clic"}]},{"@type":"WebSite","@id":"https:\/\/fullroom.ca\/#website","url":"https:\/\/fullroom.ca\/","name":"Full Room","description":"Preloved furniture standing the test of time","potentialAction":[{"@type":"SearchAction","target":{"@type":"EntryPoint","urlTemplate":"https:\/\/fullroom.ca\/?s={search_term_string}"},"query-input":{"@type":"PropertyValueSpecification","valueRequired":true,"valueName":"search_term_string"}}],"inLanguage":"fr-FR"}]}},"jetpack_sharing_enabled":true,"_links":{"self":[{"href":"https:\/\/www.fullroom.ca\/fr\/wp-json\/wp\/v2\/product\/5809","targetHints":{"allow":["GET"]}}],"collection":[{"href":"https:\/\/www.fullroom.ca\/fr\/wp-json\/wp\/v2\/product"}],"about":[{"href":"https:\/\/www.fullroom.ca\/fr\/wp-json\/wp\/v2\/types\/product"}],"wp:featuredmedia":[{"embeddable":true,"href":"https:\/\/www.fullroom.ca\/fr\/wp-json\/wp\/v2\/media\/5797"}],"wp:attachment":[{"href":"https:\/\/www.fullroom.ca\/fr\/wp-json\/wp\/v2\/media?parent=5809"}],"wp:term":[{"taxonomy":"product_brand","embeddable":true,"href":"https:\/\/www.fullroom.ca\/fr\/wp-json\/wp\/v2\/product_brand?post=5809"},{"taxonomy":"product_cat","embeddable":true,"href":"https:\/\/www.fullroom.ca\/fr\/wp-json\/wp\/v2\/product_cat?post=5809"},{"taxonomy":"product_tag","embeddable":true,"href":"https:\/\/www.fullroom.ca\/fr\/wp-json\/wp\/v2\/product_tag?post=5809"}],"curies":[{"name":"wp","href":"https:\/\/api.w.org\/{rel}","templated":true}]}}