{"id":5762,"date":"2025-06-16T18:14:04","date_gmt":"2025-06-16T23:14:04","guid":{"rendered":"https:\/\/www.fullroom.ca\/shop\/uncategorized\/ensemble-de-chaises-acton-stacker-par-hugh-acton-pour-american-seating\/"},"modified":"2026-02-10T20:30:34","modified_gmt":"2026-02-11T01:30:34","slug":"ensemble-de-chaises-acton-stacker-par-hugh-acton-pour-american-seating","status":"publish","type":"product","link":"https:\/\/www.fullroom.ca\/fr\/shop\/sieges\/ensemble-de-chaises-acton-stacker-par-hugh-acton-pour-american-seating\/","title":{"rendered":"Ensemble de chaises ACTON STACKER par Hugh Acton pour American Seating"},"content":{"rendered":"<div class=\"grid kcm\">\n<div class=\"grid__item one-whole portable--auto lap--auto palm--auto\" data-style=\"\"\/>\n<\/div>\n","protected":false},"excerpt":{"rendered":"<p>Toujours fabriqu\u00e9e \u00e0 ce jour, la chaise Acton Stacker a \u00e9t\u00e9 con\u00e7ue en 1973 pour American Seating par Hugh Acton, designer bas\u00e9 au Michigan et surnomm\u00e9 le \u00ab cowboy-designer \u00bb.<br \/>\n\u00c0 la fois confortables et visuellement marquantes, ces chaises peuvent \u00eatre utilis\u00e9es dans divers contextes, du bureau \u00e0 la salle \u00e0 manger.<br \/>\nVendues en ensemble de 4 seulement.  <\/p>\n<p>&nbsp;<\/p>\n<p>En bon \u00e9tat vintage, avec de l\u2019usure de surface et de l\u00e9g\u00e8res d\u00e9colorations sur certaines parties des assises en plastique (voir photos).<\/p>\n","protected":false},"featured_media":5748,"template":"","meta":[],"product_brand":[],"product_cat":[204],"product_tag":[],"class_list":{"0":"post-5762","1":"product","2":"type-product","3":"status-publish","4":"has-post-thumbnail","6":"product_cat-sieges","8":"first","9":"instock","10":"taxable","11":"shipping-taxable","12":"purchasable","13":"product-type-simple"},"acf":[],"yoast_head":"<!-- This site is optimized with the Yoast SEO plugin v23.4 - https:\/\/yoast.com\/wordpress\/plugins\/seo\/ -->\n<title>Ensemble de chaises ACTON STACKER par Hugh Acton pour American Seating - Full Room<\/title>\n<meta name=\"robots\" content=\"index, follow, max-snippet:-1, max-image-preview:large, max-video-preview:-1\" \/>\n<link rel=\"canonical\" href=\"https:\/\/www.fullroom.ca\/fr\/shop\/sieges\/ensemble-de-chaises-acton-stacker-par-hugh-acton-pour-american-seating\/\" \/>\n<meta property=\"og:locale\" content=\"fr_FR\" \/>\n<meta property=\"og:type\" content=\"article\" \/>\n<meta property=\"og:title\" content=\"Ensemble de chaises ACTON STACKER par Hugh Acton pour American Seating - Full Room\" \/>\n<meta property=\"og:description\" content=\"Toujours fabriqu\u00e9e \u00e0 ce jour, la chaise Acton Stacker a \u00e9t\u00e9 con\u00e7ue en 1973 pour American Seating par Hugh Acton, designer bas\u00e9 au Michigan et surnomm\u00e9 le \u00ab cowboy-designer \u00bb. \u00c0 la fois confortables et visuellement marquantes, ces chaises peuvent \u00eatre utilis\u00e9es dans divers contextes, du bureau \u00e0 la salle \u00e0 manger. Vendues en ensemble de 4 seulement.  &nbsp; En bon \u00e9tat vintage, avec de l\u2019usure de surface et de l\u00e9g\u00e8res d\u00e9colorations sur certaines parties des assises en plastique (voir photos).\" \/>\n<meta property=\"og:url\" content=\"https:\/\/www.fullroom.ca\/fr\/shop\/sieges\/ensemble-de-chaises-acton-stacker-par-hugh-acton-pour-american-seating\/\" \/>\n<meta property=\"og:site_name\" content=\"Full Room\" \/>\n<meta property=\"article:modified_time\" content=\"2026-02-11T01:30:34+00:00\" \/>\n<meta property=\"og:image\" content=\"https:\/\/www.fullroom.ca\/wp-content\/uploads\/2025\/06\/Acton-Stacker-Hugh-Acton-Chair-Vintage-FullRoom4818.jpg\" \/>\n\t<meta property=\"og:image:width\" content=\"1463\" \/>\n\t<meta property=\"og:image:height\" content=\"2048\" \/>\n\t<meta property=\"og:image:type\" content=\"image\/jpeg\" \/>\n<meta name=\"twitter:card\" content=\"summary_large_image\" \/>\n<script type=\"application\/ld+json\" class=\"yoast-schema-graph\">{\"@context\":\"https:\/\/schema.org\",\"@graph\":[{\"@type\":\"WebPage\",\"@id\":\"https:\/\/www.fullroom.ca\/fr\/shop\/sieges\/ensemble-de-chaises-acton-stacker-par-hugh-acton-pour-american-seating\/\",\"url\":\"https:\/\/www.fullroom.ca\/fr\/shop\/sieges\/ensemble-de-chaises-acton-stacker-par-hugh-acton-pour-american-seating\/\",\"name\":\"Ensemble de chaises ACTON STACKER par Hugh Acton pour American Seating - Full Room\",\"isPartOf\":{\"@id\":\"https:\/\/fullroom.ca\/#website\"},\"primaryImageOfPage\":{\"@id\":\"https:\/\/www.fullroom.ca\/fr\/shop\/sieges\/ensemble-de-chaises-acton-stacker-par-hugh-acton-pour-american-seating\/#primaryimage\"},\"image\":{\"@id\":\"https:\/\/www.fullroom.ca\/fr\/shop\/sieges\/ensemble-de-chaises-acton-stacker-par-hugh-acton-pour-american-seating\/#primaryimage\"},\"thumbnailUrl\":\"https:\/\/www.fullroom.ca\/wp-content\/uploads\/2025\/06\/Acton-Stacker-Hugh-Acton-Chair-Vintage-FullRoom4818.jpg\",\"datePublished\":\"2025-06-16T23:14:04+00:00\",\"dateModified\":\"2026-02-11T01:30:34+00:00\",\"breadcrumb\":{\"@id\":\"https:\/\/www.fullroom.ca\/fr\/shop\/sieges\/ensemble-de-chaises-acton-stacker-par-hugh-acton-pour-american-seating\/#breadcrumb\"},\"inLanguage\":\"fr-FR\",\"potentialAction\":[{\"@type\":\"ReadAction\",\"target\":[\"https:\/\/www.fullroom.ca\/fr\/shop\/sieges\/ensemble-de-chaises-acton-stacker-par-hugh-acton-pour-american-seating\/\"]}]},{\"@type\":\"ImageObject\",\"inLanguage\":\"fr-FR\",\"@id\":\"https:\/\/www.fullroom.ca\/fr\/shop\/sieges\/ensemble-de-chaises-acton-stacker-par-hugh-acton-pour-american-seating\/#primaryimage\",\"url\":\"https:\/\/www.fullroom.ca\/wp-content\/uploads\/2025\/06\/Acton-Stacker-Hugh-Acton-Chair-Vintage-FullRoom4818.jpg\",\"contentUrl\":\"https:\/\/www.fullroom.ca\/wp-content\/uploads\/2025\/06\/Acton-Stacker-Hugh-Acton-Chair-Vintage-FullRoom4818.jpg\",\"width\":1463,\"height\":2048},{\"@type\":\"BreadcrumbList\",\"@id\":\"https:\/\/www.fullroom.ca\/fr\/shop\/sieges\/ensemble-de-chaises-acton-stacker-par-hugh-acton-pour-american-seating\/#breadcrumb\",\"itemListElement\":[{\"@type\":\"ListItem\",\"position\":1,\"name\":\"Home\",\"item\":\"https:\/\/www.fullroom.ca\/fr\/\"},{\"@type\":\"ListItem\",\"position\":2,\"name\":\"Boutique\",\"item\":\"https:\/\/www.fullroom.ca\/\"},{\"@type\":\"ListItem\",\"position\":3,\"name\":\"Ensemble de chaises ACTON STACKER par Hugh Acton pour American Seating\"}]},{\"@type\":\"WebSite\",\"@id\":\"https:\/\/fullroom.ca\/#website\",\"url\":\"https:\/\/fullroom.ca\/\",\"name\":\"Full Room\",\"description\":\"Preloved furniture standing the test of time\",\"potentialAction\":[{\"@type\":\"SearchAction\",\"target\":{\"@type\":\"EntryPoint\",\"urlTemplate\":\"https:\/\/fullroom.ca\/?s={search_term_string}\"},\"query-input\":{\"@type\":\"PropertyValueSpecification\",\"valueRequired\":true,\"valueName\":\"search_term_string\"}}],\"inLanguage\":\"fr-FR\"}]}<\/script>\n<!-- \/ Yoast SEO plugin. -->","yoast_head_json":{"title":"Ensemble de chaises ACTON STACKER par Hugh Acton pour American Seating - Full Room","robots":{"index":"index","follow":"follow","max-snippet":"max-snippet:-1","max-image-preview":"max-image-preview:large","max-video-preview":"max-video-preview:-1"},"canonical":"https:\/\/www.fullroom.ca\/fr\/shop\/sieges\/ensemble-de-chaises-acton-stacker-par-hugh-acton-pour-american-seating\/","og_locale":"fr_FR","og_type":"article","og_title":"Ensemble de chaises ACTON STACKER par Hugh Acton pour American Seating - Full Room","og_description":"Toujours fabriqu\u00e9e \u00e0 ce jour, la chaise Acton Stacker a \u00e9t\u00e9 con\u00e7ue en 1973 pour American Seating par Hugh Acton, designer bas\u00e9 au Michigan et surnomm\u00e9 le \u00ab cowboy-designer \u00bb. \u00c0 la fois confortables et visuellement marquantes, ces chaises peuvent \u00eatre utilis\u00e9es dans divers contextes, du bureau \u00e0 la salle \u00e0 manger. Vendues en ensemble de 4 seulement.  &nbsp; En bon \u00e9tat vintage, avec de l\u2019usure de surface et de l\u00e9g\u00e8res d\u00e9colorations sur certaines parties des assises en plastique (voir photos).","og_url":"https:\/\/www.fullroom.ca\/fr\/shop\/sieges\/ensemble-de-chaises-acton-stacker-par-hugh-acton-pour-american-seating\/","og_site_name":"Full Room","article_modified_time":"2026-02-11T01:30:34+00:00","og_image":[{"width":1463,"height":2048,"url":"https:\/\/www.fullroom.ca\/wp-content\/uploads\/2025\/06\/Acton-Stacker-Hugh-Acton-Chair-Vintage-FullRoom4818.jpg","type":"image\/jpeg"}],"twitter_card":"summary_large_image","schema":{"@context":"https:\/\/schema.org","@graph":[{"@type":"WebPage","@id":"https:\/\/www.fullroom.ca\/fr\/shop\/sieges\/ensemble-de-chaises-acton-stacker-par-hugh-acton-pour-american-seating\/","url":"https:\/\/www.fullroom.ca\/fr\/shop\/sieges\/ensemble-de-chaises-acton-stacker-par-hugh-acton-pour-american-seating\/","name":"Ensemble de chaises ACTON STACKER par Hugh Acton pour American Seating - Full Room","isPartOf":{"@id":"https:\/\/fullroom.ca\/#website"},"primaryImageOfPage":{"@id":"https:\/\/www.fullroom.ca\/fr\/shop\/sieges\/ensemble-de-chaises-acton-stacker-par-hugh-acton-pour-american-seating\/#primaryimage"},"image":{"@id":"https:\/\/www.fullroom.ca\/fr\/shop\/sieges\/ensemble-de-chaises-acton-stacker-par-hugh-acton-pour-american-seating\/#primaryimage"},"thumbnailUrl":"https:\/\/www.fullroom.ca\/wp-content\/uploads\/2025\/06\/Acton-Stacker-Hugh-Acton-Chair-Vintage-FullRoom4818.jpg","datePublished":"2025-06-16T23:14:04+00:00","dateModified":"2026-02-11T01:30:34+00:00","breadcrumb":{"@id":"https:\/\/www.fullroom.ca\/fr\/shop\/sieges\/ensemble-de-chaises-acton-stacker-par-hugh-acton-pour-american-seating\/#breadcrumb"},"inLanguage":"fr-FR","potentialAction":[{"@type":"ReadAction","target":["https:\/\/www.fullroom.ca\/fr\/shop\/sieges\/ensemble-de-chaises-acton-stacker-par-hugh-acton-pour-american-seating\/"]}]},{"@type":"ImageObject","inLanguage":"fr-FR","@id":"https:\/\/www.fullroom.ca\/fr\/shop\/sieges\/ensemble-de-chaises-acton-stacker-par-hugh-acton-pour-american-seating\/#primaryimage","url":"https:\/\/www.fullroom.ca\/wp-content\/uploads\/2025\/06\/Acton-Stacker-Hugh-Acton-Chair-Vintage-FullRoom4818.jpg","contentUrl":"https:\/\/www.fullroom.ca\/wp-content\/uploads\/2025\/06\/Acton-Stacker-Hugh-Acton-Chair-Vintage-FullRoom4818.jpg","width":1463,"height":2048},{"@type":"BreadcrumbList","@id":"https:\/\/www.fullroom.ca\/fr\/shop\/sieges\/ensemble-de-chaises-acton-stacker-par-hugh-acton-pour-american-seating\/#breadcrumb","itemListElement":[{"@type":"ListItem","position":1,"name":"Home","item":"https:\/\/www.fullroom.ca\/fr\/"},{"@type":"ListItem","position":2,"name":"Boutique","item":"https:\/\/www.fullroom.ca\/"},{"@type":"ListItem","position":3,"name":"Ensemble de chaises ACTON STACKER par Hugh Acton pour American Seating"}]},{"@type":"WebSite","@id":"https:\/\/fullroom.ca\/#website","url":"https:\/\/fullroom.ca\/","name":"Full Room","description":"Preloved furniture standing the test of time","potentialAction":[{"@type":"SearchAction","target":{"@type":"EntryPoint","urlTemplate":"https:\/\/fullroom.ca\/?s={search_term_string}"},"query-input":{"@type":"PropertyValueSpecification","valueRequired":true,"valueName":"search_term_string"}}],"inLanguage":"fr-FR"}]}},"jetpack_sharing_enabled":true,"_links":{"self":[{"href":"https:\/\/www.fullroom.ca\/fr\/wp-json\/wp\/v2\/product\/5762","targetHints":{"allow":["GET"]}}],"collection":[{"href":"https:\/\/www.fullroom.ca\/fr\/wp-json\/wp\/v2\/product"}],"about":[{"href":"https:\/\/www.fullroom.ca\/fr\/wp-json\/wp\/v2\/types\/product"}],"wp:featuredmedia":[{"embeddable":true,"href":"https:\/\/www.fullroom.ca\/fr\/wp-json\/wp\/v2\/media\/5748"}],"wp:attachment":[{"href":"https:\/\/www.fullroom.ca\/fr\/wp-json\/wp\/v2\/media?parent=5762"}],"wp:term":[{"taxonomy":"product_brand","embeddable":true,"href":"https:\/\/www.fullroom.ca\/fr\/wp-json\/wp\/v2\/product_brand?post=5762"},{"taxonomy":"product_cat","embeddable":true,"href":"https:\/\/www.fullroom.ca\/fr\/wp-json\/wp\/v2\/product_cat?post=5762"},{"taxonomy":"product_tag","embeddable":true,"href":"https:\/\/www.fullroom.ca\/fr\/wp-json\/wp\/v2\/product_tag?post=5762"}],"curies":[{"name":"wp","href":"https:\/\/api.w.org\/{rel}","templated":true}]}}