{"id":5761,"date":"2025-06-18T12:06:22","date_gmt":"2025-06-18T17:06:22","guid":{"rendered":"https:\/\/www.fullroom.ca\/shop\/uncategorized\/chaise-modele-2007-2008-par-alexander-begge-pour-casala\/"},"modified":"2026-02-10T20:25:00","modified_gmt":"2026-02-11T01:25:00","slug":"chaise-modele-2007-2008-par-alexander-begge-pour-casala","status":"publish","type":"product","link":"https:\/\/www.fullroom.ca\/fr\/shop\/sieges\/chaise-modele-2007-2008-par-alexander-begge-pour-casala\/","title":{"rendered":"Chaise mod\u00e8le 2007\/2008 par Alexander Begge pour Casala"},"content":{"rendered":"<div class=\"grid kcm\">\n<div class=\"grid__item one-whole portable--auto lap--auto palm--auto\" data-style=\"\"\/>\n<\/div>\n","protected":false},"excerpt":{"rendered":"<p>\u00c9galement appel\u00e9 chaise <em data-start=\"256\" data-end=\"266\">Casalino<\/em>, le mod\u00e8le 2007\/2008 a \u00e9t\u00e9 con\u00e7u au d\u00e9but des ann\u00e9es 1970 par Alexander Begge pour le fabricant allemand Casala. R\u00e9alis\u00e9e \u00e0 partir d\u2019une seule pi\u00e8ce de plastique moul\u00e9, la chaise illustre la fascination de l\u2019\u00e9poque pour les possibilit\u00e9s structurelles et formelles du plastique, rendues possibles par le proc\u00e9d\u00e9 industriel du moulage par injection. R\u00e9alis\u00e9e \u00e0 partir d\u2019une seule pi\u00e8ce de plastique moul\u00e9, la chaise illustre la fascination de l\u2019\u00e9poque pour les possibilit\u00e9s structurelles et formelles du plastique, rendues possibles par le proc\u00e9d\u00e9 industriel du moulage par injection.<\/p>\n<p>&nbsp;<\/p>\n<p>En bon \u00e9tat vintage, avec de l\u00e9gers \u00e9clats dans la peinture de l&rsquo;assise en plastique (voir photos).<\/p>\n","protected":false},"featured_media":5020,"template":"","meta":[],"product_brand":[],"product_cat":[204],"product_tag":[],"class_list":{"0":"post-5761","1":"product","2":"type-product","3":"status-publish","4":"has-post-thumbnail","6":"product_cat-sieges","8":"first","9":"outofstock","10":"sale","11":"taxable","12":"shipping-taxable","13":"purchasable","14":"product-type-simple"},"acf":[],"yoast_head":"<!-- This site is optimized with the Yoast SEO plugin v23.4 - https:\/\/yoast.com\/wordpress\/plugins\/seo\/ -->\n<title>Chaise mod\u00e8le 2007\/2008 par Alexander Begge pour Casala - Full Room<\/title>\n<meta name=\"robots\" content=\"index, follow, max-snippet:-1, max-image-preview:large, max-video-preview:-1\" \/>\n<link rel=\"canonical\" href=\"https:\/\/www.fullroom.ca\/fr\/shop\/sieges\/chaise-modele-2007-2008-par-alexander-begge-pour-casala\/\" \/>\n<meta property=\"og:locale\" content=\"fr_FR\" \/>\n<meta property=\"og:type\" content=\"article\" \/>\n<meta property=\"og:title\" content=\"Chaise mod\u00e8le 2007\/2008 par Alexander Begge pour Casala - Full Room\" \/>\n<meta property=\"og:description\" content=\"\u00c9galement appel\u00e9 chaise Casalino, le mod\u00e8le 2007\/2008 a \u00e9t\u00e9 con\u00e7u au d\u00e9but des ann\u00e9es 1970 par Alexander Begge pour le fabricant allemand Casala. R\u00e9alis\u00e9e \u00e0 partir d\u2019une seule pi\u00e8ce de plastique moul\u00e9, la chaise illustre la fascination de l\u2019\u00e9poque pour les possibilit\u00e9s structurelles et formelles du plastique, rendues possibles par le proc\u00e9d\u00e9 industriel du moulage par injection. R\u00e9alis\u00e9e \u00e0 partir d\u2019une seule pi\u00e8ce de plastique moul\u00e9, la chaise illustre la fascination de l\u2019\u00e9poque pour les possibilit\u00e9s structurelles et formelles du plastique, rendues possibles par le proc\u00e9d\u00e9 industriel du moulage par injection. &nbsp; En bon \u00e9tat vintage, avec de l\u00e9gers \u00e9clats dans la peinture de l&#039;assise en plastique (voir photos).\" \/>\n<meta property=\"og:url\" content=\"https:\/\/www.fullroom.ca\/fr\/shop\/sieges\/chaise-modele-2007-2008-par-alexander-begge-pour-casala\/\" \/>\n<meta property=\"og:site_name\" content=\"Full Room\" \/>\n<meta property=\"article:modified_time\" content=\"2026-02-11T01:25:00+00:00\" \/>\n<meta property=\"og:image\" content=\"https:\/\/www.fullroom.ca\/wp-content\/uploads\/2025\/06\/Casalino-chair-Casala-Alexander-Begge-FullRoom1608.jpg\" \/>\n\t<meta property=\"og:image:width\" content=\"1463\" \/>\n\t<meta property=\"og:image:height\" content=\"2048\" \/>\n\t<meta property=\"og:image:type\" content=\"image\/jpeg\" \/>\n<meta name=\"twitter:card\" content=\"summary_large_image\" \/>\n<script type=\"application\/ld+json\" class=\"yoast-schema-graph\">{\"@context\":\"https:\/\/schema.org\",\"@graph\":[{\"@type\":\"WebPage\",\"@id\":\"https:\/\/www.fullroom.ca\/fr\/shop\/sieges\/chaise-modele-2007-2008-par-alexander-begge-pour-casala\/\",\"url\":\"https:\/\/www.fullroom.ca\/fr\/shop\/sieges\/chaise-modele-2007-2008-par-alexander-begge-pour-casala\/\",\"name\":\"Chaise mod\u00e8le 2007\/2008 par Alexander Begge pour Casala - Full Room\",\"isPartOf\":{\"@id\":\"https:\/\/fullroom.ca\/#website\"},\"primaryImageOfPage\":{\"@id\":\"https:\/\/www.fullroom.ca\/fr\/shop\/sieges\/chaise-modele-2007-2008-par-alexander-begge-pour-casala\/#primaryimage\"},\"image\":{\"@id\":\"https:\/\/www.fullroom.ca\/fr\/shop\/sieges\/chaise-modele-2007-2008-par-alexander-begge-pour-casala\/#primaryimage\"},\"thumbnailUrl\":\"https:\/\/www.fullroom.ca\/wp-content\/uploads\/2025\/06\/Casalino-chair-Casala-Alexander-Begge-FullRoom1608.jpg\",\"datePublished\":\"2025-06-18T17:06:22+00:00\",\"dateModified\":\"2026-02-11T01:25:00+00:00\",\"breadcrumb\":{\"@id\":\"https:\/\/www.fullroom.ca\/fr\/shop\/sieges\/chaise-modele-2007-2008-par-alexander-begge-pour-casala\/#breadcrumb\"},\"inLanguage\":\"fr-FR\",\"potentialAction\":[{\"@type\":\"ReadAction\",\"target\":[\"https:\/\/www.fullroom.ca\/fr\/shop\/sieges\/chaise-modele-2007-2008-par-alexander-begge-pour-casala\/\"]}]},{\"@type\":\"ImageObject\",\"inLanguage\":\"fr-FR\",\"@id\":\"https:\/\/www.fullroom.ca\/fr\/shop\/sieges\/chaise-modele-2007-2008-par-alexander-begge-pour-casala\/#primaryimage\",\"url\":\"https:\/\/www.fullroom.ca\/wp-content\/uploads\/2025\/06\/Casalino-chair-Casala-Alexander-Begge-FullRoom1608.jpg\",\"contentUrl\":\"https:\/\/www.fullroom.ca\/wp-content\/uploads\/2025\/06\/Casalino-chair-Casala-Alexander-Begge-FullRoom1608.jpg\",\"width\":1463,\"height\":2048},{\"@type\":\"BreadcrumbList\",\"@id\":\"https:\/\/www.fullroom.ca\/fr\/shop\/sieges\/chaise-modele-2007-2008-par-alexander-begge-pour-casala\/#breadcrumb\",\"itemListElement\":[{\"@type\":\"ListItem\",\"position\":1,\"name\":\"Home\",\"item\":\"https:\/\/www.fullroom.ca\/fr\/\"},{\"@type\":\"ListItem\",\"position\":2,\"name\":\"Boutique\",\"item\":\"https:\/\/www.fullroom.ca\/\"},{\"@type\":\"ListItem\",\"position\":3,\"name\":\"Chaise mod\u00e8le 2007\/2008 par Alexander Begge pour Casala\"}]},{\"@type\":\"WebSite\",\"@id\":\"https:\/\/fullroom.ca\/#website\",\"url\":\"https:\/\/fullroom.ca\/\",\"name\":\"Full Room\",\"description\":\"Preloved furniture standing the test of time\",\"potentialAction\":[{\"@type\":\"SearchAction\",\"target\":{\"@type\":\"EntryPoint\",\"urlTemplate\":\"https:\/\/fullroom.ca\/?s={search_term_string}\"},\"query-input\":{\"@type\":\"PropertyValueSpecification\",\"valueRequired\":true,\"valueName\":\"search_term_string\"}}],\"inLanguage\":\"fr-FR\"}]}<\/script>\n<!-- \/ Yoast SEO plugin. -->","yoast_head_json":{"title":"Chaise mod\u00e8le 2007\/2008 par Alexander Begge pour Casala - Full Room","robots":{"index":"index","follow":"follow","max-snippet":"max-snippet:-1","max-image-preview":"max-image-preview:large","max-video-preview":"max-video-preview:-1"},"canonical":"https:\/\/www.fullroom.ca\/fr\/shop\/sieges\/chaise-modele-2007-2008-par-alexander-begge-pour-casala\/","og_locale":"fr_FR","og_type":"article","og_title":"Chaise mod\u00e8le 2007\/2008 par Alexander Begge pour Casala - Full Room","og_description":"\u00c9galement appel\u00e9 chaise Casalino, le mod\u00e8le 2007\/2008 a \u00e9t\u00e9 con\u00e7u au d\u00e9but des ann\u00e9es 1970 par Alexander Begge pour le fabricant allemand Casala. R\u00e9alis\u00e9e \u00e0 partir d\u2019une seule pi\u00e8ce de plastique moul\u00e9, la chaise illustre la fascination de l\u2019\u00e9poque pour les possibilit\u00e9s structurelles et formelles du plastique, rendues possibles par le proc\u00e9d\u00e9 industriel du moulage par injection. R\u00e9alis\u00e9e \u00e0 partir d\u2019une seule pi\u00e8ce de plastique moul\u00e9, la chaise illustre la fascination de l\u2019\u00e9poque pour les possibilit\u00e9s structurelles et formelles du plastique, rendues possibles par le proc\u00e9d\u00e9 industriel du moulage par injection. &nbsp; En bon \u00e9tat vintage, avec de l\u00e9gers \u00e9clats dans la peinture de l'assise en plastique (voir photos).","og_url":"https:\/\/www.fullroom.ca\/fr\/shop\/sieges\/chaise-modele-2007-2008-par-alexander-begge-pour-casala\/","og_site_name":"Full Room","article_modified_time":"2026-02-11T01:25:00+00:00","og_image":[{"width":1463,"height":2048,"url":"https:\/\/www.fullroom.ca\/wp-content\/uploads\/2025\/06\/Casalino-chair-Casala-Alexander-Begge-FullRoom1608.jpg","type":"image\/jpeg"}],"twitter_card":"summary_large_image","schema":{"@context":"https:\/\/schema.org","@graph":[{"@type":"WebPage","@id":"https:\/\/www.fullroom.ca\/fr\/shop\/sieges\/chaise-modele-2007-2008-par-alexander-begge-pour-casala\/","url":"https:\/\/www.fullroom.ca\/fr\/shop\/sieges\/chaise-modele-2007-2008-par-alexander-begge-pour-casala\/","name":"Chaise mod\u00e8le 2007\/2008 par Alexander Begge pour Casala - Full Room","isPartOf":{"@id":"https:\/\/fullroom.ca\/#website"},"primaryImageOfPage":{"@id":"https:\/\/www.fullroom.ca\/fr\/shop\/sieges\/chaise-modele-2007-2008-par-alexander-begge-pour-casala\/#primaryimage"},"image":{"@id":"https:\/\/www.fullroom.ca\/fr\/shop\/sieges\/chaise-modele-2007-2008-par-alexander-begge-pour-casala\/#primaryimage"},"thumbnailUrl":"https:\/\/www.fullroom.ca\/wp-content\/uploads\/2025\/06\/Casalino-chair-Casala-Alexander-Begge-FullRoom1608.jpg","datePublished":"2025-06-18T17:06:22+00:00","dateModified":"2026-02-11T01:25:00+00:00","breadcrumb":{"@id":"https:\/\/www.fullroom.ca\/fr\/shop\/sieges\/chaise-modele-2007-2008-par-alexander-begge-pour-casala\/#breadcrumb"},"inLanguage":"fr-FR","potentialAction":[{"@type":"ReadAction","target":["https:\/\/www.fullroom.ca\/fr\/shop\/sieges\/chaise-modele-2007-2008-par-alexander-begge-pour-casala\/"]}]},{"@type":"ImageObject","inLanguage":"fr-FR","@id":"https:\/\/www.fullroom.ca\/fr\/shop\/sieges\/chaise-modele-2007-2008-par-alexander-begge-pour-casala\/#primaryimage","url":"https:\/\/www.fullroom.ca\/wp-content\/uploads\/2025\/06\/Casalino-chair-Casala-Alexander-Begge-FullRoom1608.jpg","contentUrl":"https:\/\/www.fullroom.ca\/wp-content\/uploads\/2025\/06\/Casalino-chair-Casala-Alexander-Begge-FullRoom1608.jpg","width":1463,"height":2048},{"@type":"BreadcrumbList","@id":"https:\/\/www.fullroom.ca\/fr\/shop\/sieges\/chaise-modele-2007-2008-par-alexander-begge-pour-casala\/#breadcrumb","itemListElement":[{"@type":"ListItem","position":1,"name":"Home","item":"https:\/\/www.fullroom.ca\/fr\/"},{"@type":"ListItem","position":2,"name":"Boutique","item":"https:\/\/www.fullroom.ca\/"},{"@type":"ListItem","position":3,"name":"Chaise mod\u00e8le 2007\/2008 par Alexander Begge pour Casala"}]},{"@type":"WebSite","@id":"https:\/\/fullroom.ca\/#website","url":"https:\/\/fullroom.ca\/","name":"Full Room","description":"Preloved furniture standing the test of time","potentialAction":[{"@type":"SearchAction","target":{"@type":"EntryPoint","urlTemplate":"https:\/\/fullroom.ca\/?s={search_term_string}"},"query-input":{"@type":"PropertyValueSpecification","valueRequired":true,"valueName":"search_term_string"}}],"inLanguage":"fr-FR"}]}},"jetpack_sharing_enabled":true,"_links":{"self":[{"href":"https:\/\/www.fullroom.ca\/fr\/wp-json\/wp\/v2\/product\/5761","targetHints":{"allow":["GET"]}}],"collection":[{"href":"https:\/\/www.fullroom.ca\/fr\/wp-json\/wp\/v2\/product"}],"about":[{"href":"https:\/\/www.fullroom.ca\/fr\/wp-json\/wp\/v2\/types\/product"}],"wp:featuredmedia":[{"embeddable":true,"href":"https:\/\/www.fullroom.ca\/fr\/wp-json\/wp\/v2\/media\/5020"}],"wp:attachment":[{"href":"https:\/\/www.fullroom.ca\/fr\/wp-json\/wp\/v2\/media?parent=5761"}],"wp:term":[{"taxonomy":"product_brand","embeddable":true,"href":"https:\/\/www.fullroom.ca\/fr\/wp-json\/wp\/v2\/product_brand?post=5761"},{"taxonomy":"product_cat","embeddable":true,"href":"https:\/\/www.fullroom.ca\/fr\/wp-json\/wp\/v2\/product_cat?post=5761"},{"taxonomy":"product_tag","embeddable":true,"href":"https:\/\/www.fullroom.ca\/fr\/wp-json\/wp\/v2\/product_tag?post=5761"}],"curies":[{"name":"wp","href":"https:\/\/api.w.org\/{rel}","templated":true}]}}