{"id":5747,"date":"2025-06-18T17:48:37","date_gmt":"2025-06-18T22:48:37","guid":{"rendered":"https:\/\/www.fullroom.ca\/shop\/uncategorized\/lampe-de-table-pyramide-par-ikea\/"},"modified":"2026-02-10T20:24:48","modified_gmt":"2026-02-11T01:24:48","slug":"lampe-de-table-pyramide-par-ikea","status":"publish","type":"product","link":"https:\/\/www.fullroom.ca\/fr\/shop\/luminaires\/lampe-de-table-pyramide-par-ikea\/","title":{"rendered":"Lampe de table PYRAMIDE par IKEA"},"content":{"rendered":"<div class=\"grid kcm\">\n<div class=\"grid__item one-whole portable--auto lap--auto palm--auto\" data-style=\"\"\/>\n<\/div>\n","protected":false},"excerpt":{"rendered":"<p>La lampe Pyramid est apparue pour la premi\u00e8re fois dans le catalogue 1981 du fabricant su\u00e9dois IKEA, avant d\u2019\u00eatre d\u00e9finitivement retir\u00e9e du march\u00e9 en 1984. Fortement inspir\u00e9e par la simplicit\u00e9 visuelle de la c\u00e9l\u00e8bre lampe <em>Aggregato<\/em> du designer italien Enzo Mari, la Pyramide pousse le minimalisme encore plus loin en \u00e9liminant tout d\u00e9tail superflu.<\/p>\n<p>En bon \u00e9tat vintage, avec de tr\u00e8s l\u00e9g\u00e8res lignes de d\u00e9coloration sur l\u2019abat-jour (voir photos).<\/p>\n","protected":false},"featured_media":5729,"template":"","meta":[],"product_brand":[],"product_cat":[202],"product_tag":[],"class_list":{"0":"post-5747","1":"product","2":"type-product","3":"status-publish","4":"has-post-thumbnail","6":"product_cat-luminaires","8":"first","9":"instock","10":"taxable","11":"shipping-taxable","12":"purchasable","13":"product-type-simple"},"acf":[],"yoast_head":"<!-- This site is optimized with the Yoast SEO plugin v23.4 - https:\/\/yoast.com\/wordpress\/plugins\/seo\/ -->\n<title>Lampe de table PYRAMIDE par IKEA - Full Room<\/title>\n<meta name=\"robots\" content=\"index, follow, max-snippet:-1, max-image-preview:large, max-video-preview:-1\" \/>\n<link rel=\"canonical\" href=\"https:\/\/www.fullroom.ca\/fr\/shop\/luminaires\/lampe-de-table-pyramide-par-ikea\/\" \/>\n<meta property=\"og:locale\" content=\"fr_FR\" \/>\n<meta property=\"og:type\" content=\"article\" \/>\n<meta property=\"og:title\" content=\"Lampe de table PYRAMIDE par IKEA - Full Room\" \/>\n<meta property=\"og:description\" content=\"La lampe Pyramid est apparue pour la premi\u00e8re fois dans le catalogue 1981 du fabricant su\u00e9dois IKEA, avant d\u2019\u00eatre d\u00e9finitivement retir\u00e9e du march\u00e9 en 1984. Fortement inspir\u00e9e par la simplicit\u00e9 visuelle de la c\u00e9l\u00e8bre lampe Aggregato du designer italien Enzo Mari, la Pyramide pousse le minimalisme encore plus loin en \u00e9liminant tout d\u00e9tail superflu. En bon \u00e9tat vintage, avec de tr\u00e8s l\u00e9g\u00e8res lignes de d\u00e9coloration sur l\u2019abat-jour (voir photos).\" \/>\n<meta property=\"og:url\" content=\"https:\/\/www.fullroom.ca\/fr\/shop\/luminaires\/lampe-de-table-pyramide-par-ikea\/\" \/>\n<meta property=\"og:site_name\" content=\"Full Room\" \/>\n<meta property=\"article:modified_time\" content=\"2026-02-11T01:24:48+00:00\" \/>\n<meta property=\"og:image\" content=\"https:\/\/www.fullroom.ca\/wp-content\/uploads\/2025\/06\/Pyramid-Vintage-Lamp-Ikea-1980s-FullRoom0265.jpg\" \/>\n\t<meta property=\"og:image:width\" content=\"1463\" \/>\n\t<meta property=\"og:image:height\" content=\"2048\" \/>\n\t<meta property=\"og:image:type\" content=\"image\/jpeg\" \/>\n<meta name=\"twitter:card\" content=\"summary_large_image\" \/>\n<script type=\"application\/ld+json\" class=\"yoast-schema-graph\">{\"@context\":\"https:\/\/schema.org\",\"@graph\":[{\"@type\":\"WebPage\",\"@id\":\"https:\/\/www.fullroom.ca\/fr\/shop\/luminaires\/lampe-de-table-pyramide-par-ikea\/\",\"url\":\"https:\/\/www.fullroom.ca\/fr\/shop\/luminaires\/lampe-de-table-pyramide-par-ikea\/\",\"name\":\"Lampe de table PYRAMIDE par IKEA - Full Room\",\"isPartOf\":{\"@id\":\"https:\/\/fullroom.ca\/#website\"},\"primaryImageOfPage\":{\"@id\":\"https:\/\/www.fullroom.ca\/fr\/shop\/luminaires\/lampe-de-table-pyramide-par-ikea\/#primaryimage\"},\"image\":{\"@id\":\"https:\/\/www.fullroom.ca\/fr\/shop\/luminaires\/lampe-de-table-pyramide-par-ikea\/#primaryimage\"},\"thumbnailUrl\":\"https:\/\/www.fullroom.ca\/wp-content\/uploads\/2025\/06\/Pyramid-Vintage-Lamp-Ikea-1980s-FullRoom0265.jpg\",\"datePublished\":\"2025-06-18T22:48:37+00:00\",\"dateModified\":\"2026-02-11T01:24:48+00:00\",\"breadcrumb\":{\"@id\":\"https:\/\/www.fullroom.ca\/fr\/shop\/luminaires\/lampe-de-table-pyramide-par-ikea\/#breadcrumb\"},\"inLanguage\":\"fr-FR\",\"potentialAction\":[{\"@type\":\"ReadAction\",\"target\":[\"https:\/\/www.fullroom.ca\/fr\/shop\/luminaires\/lampe-de-table-pyramide-par-ikea\/\"]}]},{\"@type\":\"ImageObject\",\"inLanguage\":\"fr-FR\",\"@id\":\"https:\/\/www.fullroom.ca\/fr\/shop\/luminaires\/lampe-de-table-pyramide-par-ikea\/#primaryimage\",\"url\":\"https:\/\/www.fullroom.ca\/wp-content\/uploads\/2025\/06\/Pyramid-Vintage-Lamp-Ikea-1980s-FullRoom0265.jpg\",\"contentUrl\":\"https:\/\/www.fullroom.ca\/wp-content\/uploads\/2025\/06\/Pyramid-Vintage-Lamp-Ikea-1980s-FullRoom0265.jpg\",\"width\":1463,\"height\":2048},{\"@type\":\"BreadcrumbList\",\"@id\":\"https:\/\/www.fullroom.ca\/fr\/shop\/luminaires\/lampe-de-table-pyramide-par-ikea\/#breadcrumb\",\"itemListElement\":[{\"@type\":\"ListItem\",\"position\":1,\"name\":\"Home\",\"item\":\"https:\/\/www.fullroom.ca\/fr\/\"},{\"@type\":\"ListItem\",\"position\":2,\"name\":\"Boutique\",\"item\":\"https:\/\/www.fullroom.ca\/\"},{\"@type\":\"ListItem\",\"position\":3,\"name\":\"Lampe de table PYRAMIDE par IKEA\"}]},{\"@type\":\"WebSite\",\"@id\":\"https:\/\/fullroom.ca\/#website\",\"url\":\"https:\/\/fullroom.ca\/\",\"name\":\"Full Room\",\"description\":\"Preloved furniture standing the test of time\",\"potentialAction\":[{\"@type\":\"SearchAction\",\"target\":{\"@type\":\"EntryPoint\",\"urlTemplate\":\"https:\/\/fullroom.ca\/?s={search_term_string}\"},\"query-input\":{\"@type\":\"PropertyValueSpecification\",\"valueRequired\":true,\"valueName\":\"search_term_string\"}}],\"inLanguage\":\"fr-FR\"}]}<\/script>\n<!-- \/ Yoast SEO plugin. -->","yoast_head_json":{"title":"Lampe de table PYRAMIDE par IKEA - Full Room","robots":{"index":"index","follow":"follow","max-snippet":"max-snippet:-1","max-image-preview":"max-image-preview:large","max-video-preview":"max-video-preview:-1"},"canonical":"https:\/\/www.fullroom.ca\/fr\/shop\/luminaires\/lampe-de-table-pyramide-par-ikea\/","og_locale":"fr_FR","og_type":"article","og_title":"Lampe de table PYRAMIDE par IKEA - Full Room","og_description":"La lampe Pyramid est apparue pour la premi\u00e8re fois dans le catalogue 1981 du fabricant su\u00e9dois IKEA, avant d\u2019\u00eatre d\u00e9finitivement retir\u00e9e du march\u00e9 en 1984. Fortement inspir\u00e9e par la simplicit\u00e9 visuelle de la c\u00e9l\u00e8bre lampe Aggregato du designer italien Enzo Mari, la Pyramide pousse le minimalisme encore plus loin en \u00e9liminant tout d\u00e9tail superflu. En bon \u00e9tat vintage, avec de tr\u00e8s l\u00e9g\u00e8res lignes de d\u00e9coloration sur l\u2019abat-jour (voir photos).","og_url":"https:\/\/www.fullroom.ca\/fr\/shop\/luminaires\/lampe-de-table-pyramide-par-ikea\/","og_site_name":"Full Room","article_modified_time":"2026-02-11T01:24:48+00:00","og_image":[{"width":1463,"height":2048,"url":"https:\/\/www.fullroom.ca\/wp-content\/uploads\/2025\/06\/Pyramid-Vintage-Lamp-Ikea-1980s-FullRoom0265.jpg","type":"image\/jpeg"}],"twitter_card":"summary_large_image","schema":{"@context":"https:\/\/schema.org","@graph":[{"@type":"WebPage","@id":"https:\/\/www.fullroom.ca\/fr\/shop\/luminaires\/lampe-de-table-pyramide-par-ikea\/","url":"https:\/\/www.fullroom.ca\/fr\/shop\/luminaires\/lampe-de-table-pyramide-par-ikea\/","name":"Lampe de table PYRAMIDE par IKEA - Full Room","isPartOf":{"@id":"https:\/\/fullroom.ca\/#website"},"primaryImageOfPage":{"@id":"https:\/\/www.fullroom.ca\/fr\/shop\/luminaires\/lampe-de-table-pyramide-par-ikea\/#primaryimage"},"image":{"@id":"https:\/\/www.fullroom.ca\/fr\/shop\/luminaires\/lampe-de-table-pyramide-par-ikea\/#primaryimage"},"thumbnailUrl":"https:\/\/www.fullroom.ca\/wp-content\/uploads\/2025\/06\/Pyramid-Vintage-Lamp-Ikea-1980s-FullRoom0265.jpg","datePublished":"2025-06-18T22:48:37+00:00","dateModified":"2026-02-11T01:24:48+00:00","breadcrumb":{"@id":"https:\/\/www.fullroom.ca\/fr\/shop\/luminaires\/lampe-de-table-pyramide-par-ikea\/#breadcrumb"},"inLanguage":"fr-FR","potentialAction":[{"@type":"ReadAction","target":["https:\/\/www.fullroom.ca\/fr\/shop\/luminaires\/lampe-de-table-pyramide-par-ikea\/"]}]},{"@type":"ImageObject","inLanguage":"fr-FR","@id":"https:\/\/www.fullroom.ca\/fr\/shop\/luminaires\/lampe-de-table-pyramide-par-ikea\/#primaryimage","url":"https:\/\/www.fullroom.ca\/wp-content\/uploads\/2025\/06\/Pyramid-Vintage-Lamp-Ikea-1980s-FullRoom0265.jpg","contentUrl":"https:\/\/www.fullroom.ca\/wp-content\/uploads\/2025\/06\/Pyramid-Vintage-Lamp-Ikea-1980s-FullRoom0265.jpg","width":1463,"height":2048},{"@type":"BreadcrumbList","@id":"https:\/\/www.fullroom.ca\/fr\/shop\/luminaires\/lampe-de-table-pyramide-par-ikea\/#breadcrumb","itemListElement":[{"@type":"ListItem","position":1,"name":"Home","item":"https:\/\/www.fullroom.ca\/fr\/"},{"@type":"ListItem","position":2,"name":"Boutique","item":"https:\/\/www.fullroom.ca\/"},{"@type":"ListItem","position":3,"name":"Lampe de table PYRAMIDE par IKEA"}]},{"@type":"WebSite","@id":"https:\/\/fullroom.ca\/#website","url":"https:\/\/fullroom.ca\/","name":"Full Room","description":"Preloved furniture standing the test of time","potentialAction":[{"@type":"SearchAction","target":{"@type":"EntryPoint","urlTemplate":"https:\/\/fullroom.ca\/?s={search_term_string}"},"query-input":{"@type":"PropertyValueSpecification","valueRequired":true,"valueName":"search_term_string"}}],"inLanguage":"fr-FR"}]}},"jetpack_sharing_enabled":true,"_links":{"self":[{"href":"https:\/\/www.fullroom.ca\/fr\/wp-json\/wp\/v2\/product\/5747","targetHints":{"allow":["GET"]}}],"collection":[{"href":"https:\/\/www.fullroom.ca\/fr\/wp-json\/wp\/v2\/product"}],"about":[{"href":"https:\/\/www.fullroom.ca\/fr\/wp-json\/wp\/v2\/types\/product"}],"wp:featuredmedia":[{"embeddable":true,"href":"https:\/\/www.fullroom.ca\/fr\/wp-json\/wp\/v2\/media\/5729"}],"wp:attachment":[{"href":"https:\/\/www.fullroom.ca\/fr\/wp-json\/wp\/v2\/media?parent=5747"}],"wp:term":[{"taxonomy":"product_brand","embeddable":true,"href":"https:\/\/www.fullroom.ca\/fr\/wp-json\/wp\/v2\/product_brand?post=5747"},{"taxonomy":"product_cat","embeddable":true,"href":"https:\/\/www.fullroom.ca\/fr\/wp-json\/wp\/v2\/product_cat?post=5747"},{"taxonomy":"product_tag","embeddable":true,"href":"https:\/\/www.fullroom.ca\/fr\/wp-json\/wp\/v2\/product_tag?post=5747"}],"curies":[{"name":"wp","href":"https:\/\/api.w.org\/{rel}","templated":true}]}}