{"id":5736,"date":"2025-07-31T13:10:20","date_gmt":"2025-07-31T18:10:20","guid":{"rendered":"https:\/\/www.fullroom.ca\/shop\/uncategorized\/tabouret-beat-par-yasuaki-sasamoto-pour-dulton-co-ltd-ltd\/"},"modified":"2026-02-10T20:21:00","modified_gmt":"2026-02-11T01:21:00","slug":"tabouret-beat-par-yasuaki-sasamoto-pour-dulton-co-ltd-ltd","status":"publish","type":"product","link":"https:\/\/www.fullroom.ca\/fr\/shop\/sieges\/tabouret-beat-par-yasuaki-sasamoto-pour-dulton-co-ltd-ltd\/","title":{"rendered":"Tabouret BEAT par Yasuaki Sasamoto pour Dulton Co.\nLtd. Ltd."},"content":{"rendered":"<div class=\"grid kcm\">\n<div class=\"grid__item one-whole portable--auto lap--auto palm--auto\" data-style=\"\"\/>\n<\/div>\n","protected":false},"excerpt":{"rendered":"<p>Le tabouret Beat est l\u2019une des nombreuses pi\u00e8ces iconiques con\u00e7ues par Yasu Sasamoto pour Dulton Co.<br \/>\nLtd.<br \/>\nFabriqu\u00e9 enti\u00e8rement en acier, il t\u00e9moigne de l\u2019inventivit\u00e9 au c\u0153ur du travail de Sasamoto.<br \/>\nLe tabouret pr\u00e9sente une assise inspir\u00e9e des si\u00e8ges de tracteur, fix\u00e9e sur une base tripode inspir\u00e9e des tabourets de batteur.   <\/p>\n<p>En excellente condition vintage. Traces d&rsquo;usure minimes conforme avec l&rsquo;\u00e2ge et l&rsquo;usage.<\/p>\n","protected":false},"featured_media":5717,"template":"","meta":[],"product_brand":[],"product_cat":[204],"product_tag":[],"class_list":{"0":"post-5736","1":"product","2":"type-product","3":"status-publish","4":"has-post-thumbnail","6":"product_cat-sieges","8":"first","9":"instock","10":"taxable","11":"shipping-taxable","12":"purchasable","13":"product-type-simple"},"acf":[],"yoast_head":"<!-- This site is optimized with the Yoast SEO plugin v23.4 - https:\/\/yoast.com\/wordpress\/plugins\/seo\/ -->\n<title>Tabouret BEAT par Yasuaki Sasamoto pour Dulton Co. Ltd. Ltd. - Full Room<\/title>\n<meta name=\"robots\" content=\"index, follow, max-snippet:-1, max-image-preview:large, max-video-preview:-1\" \/>\n<link rel=\"canonical\" href=\"https:\/\/www.fullroom.ca\/fr\/shop\/sieges\/tabouret-beat-par-yasuaki-sasamoto-pour-dulton-co-ltd-ltd\/\" \/>\n<meta property=\"og:locale\" content=\"fr_FR\" \/>\n<meta property=\"og:type\" content=\"article\" \/>\n<meta property=\"og:title\" content=\"Tabouret BEAT par Yasuaki Sasamoto pour Dulton Co. Ltd. Ltd. - Full Room\" \/>\n<meta property=\"og:description\" content=\"Le tabouret Beat est l\u2019une des nombreuses pi\u00e8ces iconiques con\u00e7ues par Yasu Sasamoto pour Dulton Co. Ltd. Fabriqu\u00e9 enti\u00e8rement en acier, il t\u00e9moigne de l\u2019inventivit\u00e9 au c\u0153ur du travail de Sasamoto. Le tabouret pr\u00e9sente une assise inspir\u00e9e des si\u00e8ges de tracteur, fix\u00e9e sur une base tripode inspir\u00e9e des tabourets de batteur.   En excellente condition vintage. Traces d&#039;usure minimes conforme avec l&#039;\u00e2ge et l&#039;usage.\" \/>\n<meta property=\"og:url\" content=\"https:\/\/www.fullroom.ca\/fr\/shop\/sieges\/tabouret-beat-par-yasuaki-sasamoto-pour-dulton-co-ltd-ltd\/\" \/>\n<meta property=\"og:site_name\" content=\"Full Room\" \/>\n<meta property=\"article:modified_time\" content=\"2026-02-11T01:21:00+00:00\" \/>\n<meta property=\"og:image\" content=\"https:\/\/www.fullroom.ca\/wp-content\/uploads\/2025\/07\/Dulton-Stool-Chrome-Yasu-Sasamoto-FullRoom3357.jpg\" \/>\n\t<meta property=\"og:image:width\" content=\"1463\" \/>\n\t<meta property=\"og:image:height\" content=\"2048\" \/>\n\t<meta property=\"og:image:type\" content=\"image\/jpeg\" \/>\n<meta name=\"twitter:card\" content=\"summary_large_image\" \/>\n<script type=\"application\/ld+json\" class=\"yoast-schema-graph\">{\"@context\":\"https:\/\/schema.org\",\"@graph\":[{\"@type\":\"WebPage\",\"@id\":\"https:\/\/www.fullroom.ca\/fr\/shop\/sieges\/tabouret-beat-par-yasuaki-sasamoto-pour-dulton-co-ltd-ltd\/\",\"url\":\"https:\/\/www.fullroom.ca\/fr\/shop\/sieges\/tabouret-beat-par-yasuaki-sasamoto-pour-dulton-co-ltd-ltd\/\",\"name\":\"Tabouret BEAT par Yasuaki Sasamoto pour Dulton Co. Ltd. Ltd. - Full Room\",\"isPartOf\":{\"@id\":\"https:\/\/fullroom.ca\/#website\"},\"primaryImageOfPage\":{\"@id\":\"https:\/\/www.fullroom.ca\/fr\/shop\/sieges\/tabouret-beat-par-yasuaki-sasamoto-pour-dulton-co-ltd-ltd\/#primaryimage\"},\"image\":{\"@id\":\"https:\/\/www.fullroom.ca\/fr\/shop\/sieges\/tabouret-beat-par-yasuaki-sasamoto-pour-dulton-co-ltd-ltd\/#primaryimage\"},\"thumbnailUrl\":\"https:\/\/www.fullroom.ca\/wp-content\/uploads\/2025\/07\/Dulton-Stool-Chrome-Yasu-Sasamoto-FullRoom3357.jpg\",\"datePublished\":\"2025-07-31T18:10:20+00:00\",\"dateModified\":\"2026-02-11T01:21:00+00:00\",\"breadcrumb\":{\"@id\":\"https:\/\/www.fullroom.ca\/fr\/shop\/sieges\/tabouret-beat-par-yasuaki-sasamoto-pour-dulton-co-ltd-ltd\/#breadcrumb\"},\"inLanguage\":\"fr-FR\",\"potentialAction\":[{\"@type\":\"ReadAction\",\"target\":[\"https:\/\/www.fullroom.ca\/fr\/shop\/sieges\/tabouret-beat-par-yasuaki-sasamoto-pour-dulton-co-ltd-ltd\/\"]}]},{\"@type\":\"ImageObject\",\"inLanguage\":\"fr-FR\",\"@id\":\"https:\/\/www.fullroom.ca\/fr\/shop\/sieges\/tabouret-beat-par-yasuaki-sasamoto-pour-dulton-co-ltd-ltd\/#primaryimage\",\"url\":\"https:\/\/www.fullroom.ca\/wp-content\/uploads\/2025\/07\/Dulton-Stool-Chrome-Yasu-Sasamoto-FullRoom3357.jpg\",\"contentUrl\":\"https:\/\/www.fullroom.ca\/wp-content\/uploads\/2025\/07\/Dulton-Stool-Chrome-Yasu-Sasamoto-FullRoom3357.jpg\",\"width\":1463,\"height\":2048},{\"@type\":\"BreadcrumbList\",\"@id\":\"https:\/\/www.fullroom.ca\/fr\/shop\/sieges\/tabouret-beat-par-yasuaki-sasamoto-pour-dulton-co-ltd-ltd\/#breadcrumb\",\"itemListElement\":[{\"@type\":\"ListItem\",\"position\":1,\"name\":\"Home\",\"item\":\"https:\/\/www.fullroom.ca\/fr\/\"},{\"@type\":\"ListItem\",\"position\":2,\"name\":\"Boutique\",\"item\":\"https:\/\/www.fullroom.ca\/\"},{\"@type\":\"ListItem\",\"position\":3,\"name\":\"Tabouret BEAT par Yasuaki Sasamoto pour Dulton Co. Ltd. Ltd.\"}]},{\"@type\":\"WebSite\",\"@id\":\"https:\/\/fullroom.ca\/#website\",\"url\":\"https:\/\/fullroom.ca\/\",\"name\":\"Full Room\",\"description\":\"Preloved furniture standing the test of time\",\"potentialAction\":[{\"@type\":\"SearchAction\",\"target\":{\"@type\":\"EntryPoint\",\"urlTemplate\":\"https:\/\/fullroom.ca\/?s={search_term_string}\"},\"query-input\":{\"@type\":\"PropertyValueSpecification\",\"valueRequired\":true,\"valueName\":\"search_term_string\"}}],\"inLanguage\":\"fr-FR\"}]}<\/script>\n<!-- \/ Yoast SEO plugin. -->","yoast_head_json":{"title":"Tabouret BEAT par Yasuaki Sasamoto pour Dulton Co. Ltd. Ltd. - Full Room","robots":{"index":"index","follow":"follow","max-snippet":"max-snippet:-1","max-image-preview":"max-image-preview:large","max-video-preview":"max-video-preview:-1"},"canonical":"https:\/\/www.fullroom.ca\/fr\/shop\/sieges\/tabouret-beat-par-yasuaki-sasamoto-pour-dulton-co-ltd-ltd\/","og_locale":"fr_FR","og_type":"article","og_title":"Tabouret BEAT par Yasuaki Sasamoto pour Dulton Co. Ltd. Ltd. - Full Room","og_description":"Le tabouret Beat est l\u2019une des nombreuses pi\u00e8ces iconiques con\u00e7ues par Yasu Sasamoto pour Dulton Co. Ltd. Fabriqu\u00e9 enti\u00e8rement en acier, il t\u00e9moigne de l\u2019inventivit\u00e9 au c\u0153ur du travail de Sasamoto. Le tabouret pr\u00e9sente une assise inspir\u00e9e des si\u00e8ges de tracteur, fix\u00e9e sur une base tripode inspir\u00e9e des tabourets de batteur.   En excellente condition vintage. Traces d'usure minimes conforme avec l'\u00e2ge et l'usage.","og_url":"https:\/\/www.fullroom.ca\/fr\/shop\/sieges\/tabouret-beat-par-yasuaki-sasamoto-pour-dulton-co-ltd-ltd\/","og_site_name":"Full Room","article_modified_time":"2026-02-11T01:21:00+00:00","og_image":[{"width":1463,"height":2048,"url":"https:\/\/www.fullroom.ca\/wp-content\/uploads\/2025\/07\/Dulton-Stool-Chrome-Yasu-Sasamoto-FullRoom3357.jpg","type":"image\/jpeg"}],"twitter_card":"summary_large_image","schema":{"@context":"https:\/\/schema.org","@graph":[{"@type":"WebPage","@id":"https:\/\/www.fullroom.ca\/fr\/shop\/sieges\/tabouret-beat-par-yasuaki-sasamoto-pour-dulton-co-ltd-ltd\/","url":"https:\/\/www.fullroom.ca\/fr\/shop\/sieges\/tabouret-beat-par-yasuaki-sasamoto-pour-dulton-co-ltd-ltd\/","name":"Tabouret BEAT par Yasuaki Sasamoto pour Dulton Co. Ltd. Ltd. - Full Room","isPartOf":{"@id":"https:\/\/fullroom.ca\/#website"},"primaryImageOfPage":{"@id":"https:\/\/www.fullroom.ca\/fr\/shop\/sieges\/tabouret-beat-par-yasuaki-sasamoto-pour-dulton-co-ltd-ltd\/#primaryimage"},"image":{"@id":"https:\/\/www.fullroom.ca\/fr\/shop\/sieges\/tabouret-beat-par-yasuaki-sasamoto-pour-dulton-co-ltd-ltd\/#primaryimage"},"thumbnailUrl":"https:\/\/www.fullroom.ca\/wp-content\/uploads\/2025\/07\/Dulton-Stool-Chrome-Yasu-Sasamoto-FullRoom3357.jpg","datePublished":"2025-07-31T18:10:20+00:00","dateModified":"2026-02-11T01:21:00+00:00","breadcrumb":{"@id":"https:\/\/www.fullroom.ca\/fr\/shop\/sieges\/tabouret-beat-par-yasuaki-sasamoto-pour-dulton-co-ltd-ltd\/#breadcrumb"},"inLanguage":"fr-FR","potentialAction":[{"@type":"ReadAction","target":["https:\/\/www.fullroom.ca\/fr\/shop\/sieges\/tabouret-beat-par-yasuaki-sasamoto-pour-dulton-co-ltd-ltd\/"]}]},{"@type":"ImageObject","inLanguage":"fr-FR","@id":"https:\/\/www.fullroom.ca\/fr\/shop\/sieges\/tabouret-beat-par-yasuaki-sasamoto-pour-dulton-co-ltd-ltd\/#primaryimage","url":"https:\/\/www.fullroom.ca\/wp-content\/uploads\/2025\/07\/Dulton-Stool-Chrome-Yasu-Sasamoto-FullRoom3357.jpg","contentUrl":"https:\/\/www.fullroom.ca\/wp-content\/uploads\/2025\/07\/Dulton-Stool-Chrome-Yasu-Sasamoto-FullRoom3357.jpg","width":1463,"height":2048},{"@type":"BreadcrumbList","@id":"https:\/\/www.fullroom.ca\/fr\/shop\/sieges\/tabouret-beat-par-yasuaki-sasamoto-pour-dulton-co-ltd-ltd\/#breadcrumb","itemListElement":[{"@type":"ListItem","position":1,"name":"Home","item":"https:\/\/www.fullroom.ca\/fr\/"},{"@type":"ListItem","position":2,"name":"Boutique","item":"https:\/\/www.fullroom.ca\/"},{"@type":"ListItem","position":3,"name":"Tabouret BEAT par Yasuaki Sasamoto pour Dulton Co. Ltd. Ltd."}]},{"@type":"WebSite","@id":"https:\/\/fullroom.ca\/#website","url":"https:\/\/fullroom.ca\/","name":"Full Room","description":"Preloved furniture standing the test of time","potentialAction":[{"@type":"SearchAction","target":{"@type":"EntryPoint","urlTemplate":"https:\/\/fullroom.ca\/?s={search_term_string}"},"query-input":{"@type":"PropertyValueSpecification","valueRequired":true,"valueName":"search_term_string"}}],"inLanguage":"fr-FR"}]}},"jetpack_sharing_enabled":true,"_links":{"self":[{"href":"https:\/\/www.fullroom.ca\/fr\/wp-json\/wp\/v2\/product\/5736","targetHints":{"allow":["GET"]}}],"collection":[{"href":"https:\/\/www.fullroom.ca\/fr\/wp-json\/wp\/v2\/product"}],"about":[{"href":"https:\/\/www.fullroom.ca\/fr\/wp-json\/wp\/v2\/types\/product"}],"wp:featuredmedia":[{"embeddable":true,"href":"https:\/\/www.fullroom.ca\/fr\/wp-json\/wp\/v2\/media\/5717"}],"wp:attachment":[{"href":"https:\/\/www.fullroom.ca\/fr\/wp-json\/wp\/v2\/media?parent=5736"}],"wp:term":[{"taxonomy":"product_brand","embeddable":true,"href":"https:\/\/www.fullroom.ca\/fr\/wp-json\/wp\/v2\/product_brand?post=5736"},{"taxonomy":"product_cat","embeddable":true,"href":"https:\/\/www.fullroom.ca\/fr\/wp-json\/wp\/v2\/product_cat?post=5736"},{"taxonomy":"product_tag","embeddable":true,"href":"https:\/\/www.fullroom.ca\/fr\/wp-json\/wp\/v2\/product_tag?post=5736"}],"curies":[{"name":"wp","href":"https:\/\/api.w.org\/{rel}","templated":true}]}}