{"id":5725,"date":"2025-07-31T15:02:24","date_gmt":"2025-07-31T20:02:24","guid":{"rendered":"https:\/\/www.fullroom.ca\/shop\/uncategorized\/table-dappoint-oti-par-niels-gammelgaard-pour-ikea\/"},"modified":"2026-02-10T20:17:36","modified_gmt":"2026-02-11T01:17:36","slug":"table-dappoint-oti-par-niels-gammelgaard-pour-ikea","status":"publish","type":"product","link":"https:\/\/www.fullroom.ca\/fr\/shop\/tables\/table-dappoint-oti-par-niels-gammelgaard-pour-ikea\/","title":{"rendered":"Table d&rsquo;appoint OTI par Niels Gammelgaard pour IKEA"},"content":{"rendered":"<div class=\"grid kcm\">\n<div class=\"grid__item one-whole portable--auto lap--auto palm--auto\" data-style=\"\"\/>\n<\/div>\n","protected":false},"excerpt":{"rendered":"<p>Introduite par IKEA au milieu des ann\u00e9es 1980, la table OTI a \u00e9t\u00e9 con\u00e7ue par le designer danois Niels Gammelgaard au cours de sa collaboration de plusieurs ann\u00e9es avec la marque. Son langage formel fait \u00e9cho aux recherches de Gammelgaard autour du mobilier en tiges d&rsquo;acier. La silhouette graphique de la table para\u00eet aujourd\u2019hui aussi actuelle qu\u2019\u00e0 ses d\u00e9buts, incarnant la rigueur qui caract\u00e9rise le travail de Gammelgaard pour IKEA.  <\/p>\n<p>En parfait \u00e9tat. Refinie professionnellement avec un rev\u00eatement en poudre (\u00ab\u00a0powder coating\u00a0\u00bb) noir.<\/p>\n","protected":false},"featured_media":5706,"template":"","meta":[],"product_brand":[],"product_cat":[206],"product_tag":[],"class_list":{"0":"post-5725","1":"product","2":"type-product","3":"status-publish","4":"has-post-thumbnail","6":"product_cat-tables","8":"first","9":"instock","10":"taxable","11":"shipping-taxable","12":"purchasable","13":"product-type-simple"},"acf":[],"yoast_head":"<!-- This site is optimized with the Yoast SEO plugin v23.4 - https:\/\/yoast.com\/wordpress\/plugins\/seo\/ -->\n<title>Table d&#039;appoint OTI par Niels Gammelgaard pour IKEA - Full Room<\/title>\n<meta name=\"robots\" content=\"index, follow, max-snippet:-1, max-image-preview:large, max-video-preview:-1\" \/>\n<link rel=\"canonical\" href=\"https:\/\/www.fullroom.ca\/fr\/shop\/tables\/table-dappoint-oti-par-niels-gammelgaard-pour-ikea\/\" \/>\n<meta property=\"og:locale\" content=\"fr_FR\" \/>\n<meta property=\"og:type\" content=\"article\" \/>\n<meta property=\"og:title\" content=\"Table d&#039;appoint OTI par Niels Gammelgaard pour IKEA - Full Room\" \/>\n<meta property=\"og:description\" content=\"Introduite par IKEA au milieu des ann\u00e9es 1980, la table OTI a \u00e9t\u00e9 con\u00e7ue par le designer danois Niels Gammelgaard au cours de sa collaboration de plusieurs ann\u00e9es avec la marque. Son langage formel fait \u00e9cho aux recherches de Gammelgaard autour du mobilier en tiges d&#039;acier. La silhouette graphique de la table para\u00eet aujourd\u2019hui aussi actuelle qu\u2019\u00e0 ses d\u00e9buts, incarnant la rigueur qui caract\u00e9rise le travail de Gammelgaard pour IKEA.  En parfait \u00e9tat. Refinie professionnellement avec un rev\u00eatement en poudre (&quot;powder coating&quot;) noir.\" \/>\n<meta property=\"og:url\" content=\"https:\/\/www.fullroom.ca\/fr\/shop\/tables\/table-dappoint-oti-par-niels-gammelgaard-pour-ikea\/\" \/>\n<meta property=\"og:site_name\" content=\"Full Room\" \/>\n<meta property=\"article:modified_time\" content=\"2026-02-11T01:17:36+00:00\" \/>\n<meta property=\"og:image\" content=\"https:\/\/www.fullroom.ca\/wp-content\/uploads\/2025\/07\/OTI-table-Niels-Gammelgaard-IKEA-FullRoom0777.jpg\" \/>\n\t<meta property=\"og:image:width\" content=\"1463\" \/>\n\t<meta property=\"og:image:height\" content=\"2048\" \/>\n\t<meta property=\"og:image:type\" content=\"image\/jpeg\" \/>\n<meta name=\"twitter:card\" content=\"summary_large_image\" \/>\n<script type=\"application\/ld+json\" class=\"yoast-schema-graph\">{\"@context\":\"https:\/\/schema.org\",\"@graph\":[{\"@type\":\"WebPage\",\"@id\":\"https:\/\/www.fullroom.ca\/fr\/shop\/tables\/table-dappoint-oti-par-niels-gammelgaard-pour-ikea\/\",\"url\":\"https:\/\/www.fullroom.ca\/fr\/shop\/tables\/table-dappoint-oti-par-niels-gammelgaard-pour-ikea\/\",\"name\":\"Table d'appoint OTI par Niels Gammelgaard pour IKEA - Full Room\",\"isPartOf\":{\"@id\":\"https:\/\/fullroom.ca\/#website\"},\"primaryImageOfPage\":{\"@id\":\"https:\/\/www.fullroom.ca\/fr\/shop\/tables\/table-dappoint-oti-par-niels-gammelgaard-pour-ikea\/#primaryimage\"},\"image\":{\"@id\":\"https:\/\/www.fullroom.ca\/fr\/shop\/tables\/table-dappoint-oti-par-niels-gammelgaard-pour-ikea\/#primaryimage\"},\"thumbnailUrl\":\"https:\/\/www.fullroom.ca\/wp-content\/uploads\/2025\/07\/OTI-table-Niels-Gammelgaard-IKEA-FullRoom0777.jpg\",\"datePublished\":\"2025-07-31T20:02:24+00:00\",\"dateModified\":\"2026-02-11T01:17:36+00:00\",\"breadcrumb\":{\"@id\":\"https:\/\/www.fullroom.ca\/fr\/shop\/tables\/table-dappoint-oti-par-niels-gammelgaard-pour-ikea\/#breadcrumb\"},\"inLanguage\":\"fr-FR\",\"potentialAction\":[{\"@type\":\"ReadAction\",\"target\":[\"https:\/\/www.fullroom.ca\/fr\/shop\/tables\/table-dappoint-oti-par-niels-gammelgaard-pour-ikea\/\"]}]},{\"@type\":\"ImageObject\",\"inLanguage\":\"fr-FR\",\"@id\":\"https:\/\/www.fullroom.ca\/fr\/shop\/tables\/table-dappoint-oti-par-niels-gammelgaard-pour-ikea\/#primaryimage\",\"url\":\"https:\/\/www.fullroom.ca\/wp-content\/uploads\/2025\/07\/OTI-table-Niels-Gammelgaard-IKEA-FullRoom0777.jpg\",\"contentUrl\":\"https:\/\/www.fullroom.ca\/wp-content\/uploads\/2025\/07\/OTI-table-Niels-Gammelgaard-IKEA-FullRoom0777.jpg\",\"width\":1463,\"height\":2048},{\"@type\":\"BreadcrumbList\",\"@id\":\"https:\/\/www.fullroom.ca\/fr\/shop\/tables\/table-dappoint-oti-par-niels-gammelgaard-pour-ikea\/#breadcrumb\",\"itemListElement\":[{\"@type\":\"ListItem\",\"position\":1,\"name\":\"Home\",\"item\":\"https:\/\/www.fullroom.ca\/fr\/\"},{\"@type\":\"ListItem\",\"position\":2,\"name\":\"Boutique\",\"item\":\"https:\/\/www.fullroom.ca\/\"},{\"@type\":\"ListItem\",\"position\":3,\"name\":\"Table d&#8217;appoint OTI par Niels Gammelgaard pour IKEA\"}]},{\"@type\":\"WebSite\",\"@id\":\"https:\/\/fullroom.ca\/#website\",\"url\":\"https:\/\/fullroom.ca\/\",\"name\":\"Full Room\",\"description\":\"Preloved furniture standing the test of time\",\"potentialAction\":[{\"@type\":\"SearchAction\",\"target\":{\"@type\":\"EntryPoint\",\"urlTemplate\":\"https:\/\/fullroom.ca\/?s={search_term_string}\"},\"query-input\":{\"@type\":\"PropertyValueSpecification\",\"valueRequired\":true,\"valueName\":\"search_term_string\"}}],\"inLanguage\":\"fr-FR\"}]}<\/script>\n<!-- \/ Yoast SEO plugin. -->","yoast_head_json":{"title":"Table d'appoint OTI par Niels Gammelgaard pour IKEA - Full Room","robots":{"index":"index","follow":"follow","max-snippet":"max-snippet:-1","max-image-preview":"max-image-preview:large","max-video-preview":"max-video-preview:-1"},"canonical":"https:\/\/www.fullroom.ca\/fr\/shop\/tables\/table-dappoint-oti-par-niels-gammelgaard-pour-ikea\/","og_locale":"fr_FR","og_type":"article","og_title":"Table d'appoint OTI par Niels Gammelgaard pour IKEA - Full Room","og_description":"Introduite par IKEA au milieu des ann\u00e9es 1980, la table OTI a \u00e9t\u00e9 con\u00e7ue par le designer danois Niels Gammelgaard au cours de sa collaboration de plusieurs ann\u00e9es avec la marque. Son langage formel fait \u00e9cho aux recherches de Gammelgaard autour du mobilier en tiges d'acier. La silhouette graphique de la table para\u00eet aujourd\u2019hui aussi actuelle qu\u2019\u00e0 ses d\u00e9buts, incarnant la rigueur qui caract\u00e9rise le travail de Gammelgaard pour IKEA.  En parfait \u00e9tat. Refinie professionnellement avec un rev\u00eatement en poudre (\"powder coating\") noir.","og_url":"https:\/\/www.fullroom.ca\/fr\/shop\/tables\/table-dappoint-oti-par-niels-gammelgaard-pour-ikea\/","og_site_name":"Full Room","article_modified_time":"2026-02-11T01:17:36+00:00","og_image":[{"width":1463,"height":2048,"url":"https:\/\/www.fullroom.ca\/wp-content\/uploads\/2025\/07\/OTI-table-Niels-Gammelgaard-IKEA-FullRoom0777.jpg","type":"image\/jpeg"}],"twitter_card":"summary_large_image","schema":{"@context":"https:\/\/schema.org","@graph":[{"@type":"WebPage","@id":"https:\/\/www.fullroom.ca\/fr\/shop\/tables\/table-dappoint-oti-par-niels-gammelgaard-pour-ikea\/","url":"https:\/\/www.fullroom.ca\/fr\/shop\/tables\/table-dappoint-oti-par-niels-gammelgaard-pour-ikea\/","name":"Table d'appoint OTI par Niels Gammelgaard pour IKEA - Full Room","isPartOf":{"@id":"https:\/\/fullroom.ca\/#website"},"primaryImageOfPage":{"@id":"https:\/\/www.fullroom.ca\/fr\/shop\/tables\/table-dappoint-oti-par-niels-gammelgaard-pour-ikea\/#primaryimage"},"image":{"@id":"https:\/\/www.fullroom.ca\/fr\/shop\/tables\/table-dappoint-oti-par-niels-gammelgaard-pour-ikea\/#primaryimage"},"thumbnailUrl":"https:\/\/www.fullroom.ca\/wp-content\/uploads\/2025\/07\/OTI-table-Niels-Gammelgaard-IKEA-FullRoom0777.jpg","datePublished":"2025-07-31T20:02:24+00:00","dateModified":"2026-02-11T01:17:36+00:00","breadcrumb":{"@id":"https:\/\/www.fullroom.ca\/fr\/shop\/tables\/table-dappoint-oti-par-niels-gammelgaard-pour-ikea\/#breadcrumb"},"inLanguage":"fr-FR","potentialAction":[{"@type":"ReadAction","target":["https:\/\/www.fullroom.ca\/fr\/shop\/tables\/table-dappoint-oti-par-niels-gammelgaard-pour-ikea\/"]}]},{"@type":"ImageObject","inLanguage":"fr-FR","@id":"https:\/\/www.fullroom.ca\/fr\/shop\/tables\/table-dappoint-oti-par-niels-gammelgaard-pour-ikea\/#primaryimage","url":"https:\/\/www.fullroom.ca\/wp-content\/uploads\/2025\/07\/OTI-table-Niels-Gammelgaard-IKEA-FullRoom0777.jpg","contentUrl":"https:\/\/www.fullroom.ca\/wp-content\/uploads\/2025\/07\/OTI-table-Niels-Gammelgaard-IKEA-FullRoom0777.jpg","width":1463,"height":2048},{"@type":"BreadcrumbList","@id":"https:\/\/www.fullroom.ca\/fr\/shop\/tables\/table-dappoint-oti-par-niels-gammelgaard-pour-ikea\/#breadcrumb","itemListElement":[{"@type":"ListItem","position":1,"name":"Home","item":"https:\/\/www.fullroom.ca\/fr\/"},{"@type":"ListItem","position":2,"name":"Boutique","item":"https:\/\/www.fullroom.ca\/"},{"@type":"ListItem","position":3,"name":"Table d&#8217;appoint OTI par Niels Gammelgaard pour IKEA"}]},{"@type":"WebSite","@id":"https:\/\/fullroom.ca\/#website","url":"https:\/\/fullroom.ca\/","name":"Full Room","description":"Preloved furniture standing the test of time","potentialAction":[{"@type":"SearchAction","target":{"@type":"EntryPoint","urlTemplate":"https:\/\/fullroom.ca\/?s={search_term_string}"},"query-input":{"@type":"PropertyValueSpecification","valueRequired":true,"valueName":"search_term_string"}}],"inLanguage":"fr-FR"}]}},"jetpack_sharing_enabled":true,"_links":{"self":[{"href":"https:\/\/www.fullroom.ca\/fr\/wp-json\/wp\/v2\/product\/5725","targetHints":{"allow":["GET"]}}],"collection":[{"href":"https:\/\/www.fullroom.ca\/fr\/wp-json\/wp\/v2\/product"}],"about":[{"href":"https:\/\/www.fullroom.ca\/fr\/wp-json\/wp\/v2\/types\/product"}],"wp:featuredmedia":[{"embeddable":true,"href":"https:\/\/www.fullroom.ca\/fr\/wp-json\/wp\/v2\/media\/5706"}],"wp:attachment":[{"href":"https:\/\/www.fullroom.ca\/fr\/wp-json\/wp\/v2\/media?parent=5725"}],"wp:term":[{"taxonomy":"product_brand","embeddable":true,"href":"https:\/\/www.fullroom.ca\/fr\/wp-json\/wp\/v2\/product_brand?post=5725"},{"taxonomy":"product_cat","embeddable":true,"href":"https:\/\/www.fullroom.ca\/fr\/wp-json\/wp\/v2\/product_cat?post=5725"},{"taxonomy":"product_tag","embeddable":true,"href":"https:\/\/www.fullroom.ca\/fr\/wp-json\/wp\/v2\/product_tag?post=5725"}],"curies":[{"name":"wp","href":"https:\/\/api.w.org\/{rel}","templated":true}]}}