{"id":5703,"date":"2025-08-06T09:25:51","date_gmt":"2025-08-06T14:25:51","guid":{"rendered":"https:\/\/www.fullroom.ca\/shop\/uncategorized\/lampe-de-table-col-de-cygne\/"},"modified":"2026-02-10T20:14:13","modified_gmt":"2026-02-11T01:14:13","slug":"lampe-de-table-col-de-cygne","status":"publish","type":"product","link":"https:\/\/www.fullroom.ca\/fr\/shop\/archives\/lampe-de-table-col-de-cygne\/","title":{"rendered":"Lampe de table COL DE CYGNE"},"content":{"rendered":"<div class=\"grid kcm\">\n<div class=\"grid__item one-whole portable--auto lap--auto palm--auto\" data-style=\"\"\/>\n<\/div>\n","protected":false},"excerpt":{"rendered":"<p>Malgr\u00e9 son allure r\u00e9solument italienne, cette adorable lampe \u00e0 col de cygne a en r\u00e9alit\u00e9 \u00e9t\u00e9 con\u00e7ue et produite \u00e0 Hong Kong durant l\u2019\u00e2ge d\u2019or manufacturier de la ville, dans les ann\u00e9es 1970. Malgr\u00e9 son caract\u00e8re distinct, cette lampe laisse clairement transpara\u00eetre l\u2019influence de mod\u00e8les \u00e0 col de cygne ant\u00e9rieurs, en particulier la c\u00e9l\u00e8bre lampe <em data-start=\"442\" data-end=\"454\">Periscopio<\/em> de Stilnovo et certains mod\u00e8les de Targetti-Sankey. <\/p>\n<p>En excellente condition.<\/p>\n","protected":false},"featured_media":5686,"template":"","meta":[],"product_brand":[],"product_cat":[207],"product_tag":[],"class_list":{"0":"post-5703","1":"product","2":"type-product","3":"status-publish","4":"has-post-thumbnail","6":"product_cat-archives","8":"first","9":"outofstock","10":"taxable","11":"shipping-taxable","12":"product-type-simple"},"acf":[],"yoast_head":"<!-- This site is optimized with the Yoast SEO plugin v23.4 - https:\/\/yoast.com\/wordpress\/plugins\/seo\/ -->\n<title>Lampe de table COL DE CYGNE - Full Room<\/title>\n<meta name=\"robots\" content=\"index, follow, max-snippet:-1, max-image-preview:large, max-video-preview:-1\" \/>\n<link rel=\"canonical\" href=\"https:\/\/www.fullroom.ca\/fr\/shop\/archives\/lampe-de-table-col-de-cygne\/\" \/>\n<meta property=\"og:locale\" content=\"fr_FR\" \/>\n<meta property=\"og:type\" content=\"article\" \/>\n<meta property=\"og:title\" content=\"Lampe de table COL DE CYGNE - Full Room\" \/>\n<meta property=\"og:description\" content=\"Malgr\u00e9 son allure r\u00e9solument italienne, cette adorable lampe \u00e0 col de cygne a en r\u00e9alit\u00e9 \u00e9t\u00e9 con\u00e7ue et produite \u00e0 Hong Kong durant l\u2019\u00e2ge d\u2019or manufacturier de la ville, dans les ann\u00e9es 1970. Malgr\u00e9 son caract\u00e8re distinct, cette lampe laisse clairement transpara\u00eetre l\u2019influence de mod\u00e8les \u00e0 col de cygne ant\u00e9rieurs, en particulier la c\u00e9l\u00e8bre lampe Periscopio de Stilnovo et certains mod\u00e8les de Targetti-Sankey.  En excellente condition.\" \/>\n<meta property=\"og:url\" content=\"https:\/\/www.fullroom.ca\/fr\/shop\/archives\/lampe-de-table-col-de-cygne\/\" \/>\n<meta property=\"og:site_name\" content=\"Full Room\" \/>\n<meta property=\"article:modified_time\" content=\"2026-02-11T01:14:13+00:00\" \/>\n<meta property=\"og:image\" content=\"https:\/\/www.fullroom.ca\/wp-content\/uploads\/2025\/08\/Lamp-Gooseneck-HongKong-FullRoom3692.jpg\" \/>\n\t<meta property=\"og:image:width\" content=\"1463\" \/>\n\t<meta property=\"og:image:height\" content=\"2048\" \/>\n\t<meta property=\"og:image:type\" content=\"image\/jpeg\" \/>\n<meta name=\"twitter:card\" content=\"summary_large_image\" \/>\n<script type=\"application\/ld+json\" class=\"yoast-schema-graph\">{\"@context\":\"https:\/\/schema.org\",\"@graph\":[{\"@type\":\"WebPage\",\"@id\":\"https:\/\/www.fullroom.ca\/fr\/shop\/archives\/lampe-de-table-col-de-cygne\/\",\"url\":\"https:\/\/www.fullroom.ca\/fr\/shop\/archives\/lampe-de-table-col-de-cygne\/\",\"name\":\"Lampe de table COL DE CYGNE - Full Room\",\"isPartOf\":{\"@id\":\"https:\/\/fullroom.ca\/#website\"},\"primaryImageOfPage\":{\"@id\":\"https:\/\/www.fullroom.ca\/fr\/shop\/archives\/lampe-de-table-col-de-cygne\/#primaryimage\"},\"image\":{\"@id\":\"https:\/\/www.fullroom.ca\/fr\/shop\/archives\/lampe-de-table-col-de-cygne\/#primaryimage\"},\"thumbnailUrl\":\"https:\/\/www.fullroom.ca\/wp-content\/uploads\/2025\/08\/Lamp-Gooseneck-HongKong-FullRoom3692.jpg\",\"datePublished\":\"2025-08-06T14:25:51+00:00\",\"dateModified\":\"2026-02-11T01:14:13+00:00\",\"breadcrumb\":{\"@id\":\"https:\/\/www.fullroom.ca\/fr\/shop\/archives\/lampe-de-table-col-de-cygne\/#breadcrumb\"},\"inLanguage\":\"fr-FR\",\"potentialAction\":[{\"@type\":\"ReadAction\",\"target\":[\"https:\/\/www.fullroom.ca\/fr\/shop\/archives\/lampe-de-table-col-de-cygne\/\"]}]},{\"@type\":\"ImageObject\",\"inLanguage\":\"fr-FR\",\"@id\":\"https:\/\/www.fullroom.ca\/fr\/shop\/archives\/lampe-de-table-col-de-cygne\/#primaryimage\",\"url\":\"https:\/\/www.fullroom.ca\/wp-content\/uploads\/2025\/08\/Lamp-Gooseneck-HongKong-FullRoom3692.jpg\",\"contentUrl\":\"https:\/\/www.fullroom.ca\/wp-content\/uploads\/2025\/08\/Lamp-Gooseneck-HongKong-FullRoom3692.jpg\",\"width\":1463,\"height\":2048},{\"@type\":\"BreadcrumbList\",\"@id\":\"https:\/\/www.fullroom.ca\/fr\/shop\/archives\/lampe-de-table-col-de-cygne\/#breadcrumb\",\"itemListElement\":[{\"@type\":\"ListItem\",\"position\":1,\"name\":\"Home\",\"item\":\"https:\/\/www.fullroom.ca\/fr\/\"},{\"@type\":\"ListItem\",\"position\":2,\"name\":\"Boutique\",\"item\":\"https:\/\/www.fullroom.ca\/\"},{\"@type\":\"ListItem\",\"position\":3,\"name\":\"Lampe de table COL DE CYGNE\"}]},{\"@type\":\"WebSite\",\"@id\":\"https:\/\/fullroom.ca\/#website\",\"url\":\"https:\/\/fullroom.ca\/\",\"name\":\"Full Room\",\"description\":\"Preloved furniture standing the test of time\",\"potentialAction\":[{\"@type\":\"SearchAction\",\"target\":{\"@type\":\"EntryPoint\",\"urlTemplate\":\"https:\/\/fullroom.ca\/?s={search_term_string}\"},\"query-input\":{\"@type\":\"PropertyValueSpecification\",\"valueRequired\":true,\"valueName\":\"search_term_string\"}}],\"inLanguage\":\"fr-FR\"}]}<\/script>\n<!-- \/ Yoast SEO plugin. -->","yoast_head_json":{"title":"Lampe de table COL DE CYGNE - Full Room","robots":{"index":"index","follow":"follow","max-snippet":"max-snippet:-1","max-image-preview":"max-image-preview:large","max-video-preview":"max-video-preview:-1"},"canonical":"https:\/\/www.fullroom.ca\/fr\/shop\/archives\/lampe-de-table-col-de-cygne\/","og_locale":"fr_FR","og_type":"article","og_title":"Lampe de table COL DE CYGNE - Full Room","og_description":"Malgr\u00e9 son allure r\u00e9solument italienne, cette adorable lampe \u00e0 col de cygne a en r\u00e9alit\u00e9 \u00e9t\u00e9 con\u00e7ue et produite \u00e0 Hong Kong durant l\u2019\u00e2ge d\u2019or manufacturier de la ville, dans les ann\u00e9es 1970. Malgr\u00e9 son caract\u00e8re distinct, cette lampe laisse clairement transpara\u00eetre l\u2019influence de mod\u00e8les \u00e0 col de cygne ant\u00e9rieurs, en particulier la c\u00e9l\u00e8bre lampe Periscopio de Stilnovo et certains mod\u00e8les de Targetti-Sankey.  En excellente condition.","og_url":"https:\/\/www.fullroom.ca\/fr\/shop\/archives\/lampe-de-table-col-de-cygne\/","og_site_name":"Full Room","article_modified_time":"2026-02-11T01:14:13+00:00","og_image":[{"width":1463,"height":2048,"url":"https:\/\/www.fullroom.ca\/wp-content\/uploads\/2025\/08\/Lamp-Gooseneck-HongKong-FullRoom3692.jpg","type":"image\/jpeg"}],"twitter_card":"summary_large_image","schema":{"@context":"https:\/\/schema.org","@graph":[{"@type":"WebPage","@id":"https:\/\/www.fullroom.ca\/fr\/shop\/archives\/lampe-de-table-col-de-cygne\/","url":"https:\/\/www.fullroom.ca\/fr\/shop\/archives\/lampe-de-table-col-de-cygne\/","name":"Lampe de table COL DE CYGNE - Full Room","isPartOf":{"@id":"https:\/\/fullroom.ca\/#website"},"primaryImageOfPage":{"@id":"https:\/\/www.fullroom.ca\/fr\/shop\/archives\/lampe-de-table-col-de-cygne\/#primaryimage"},"image":{"@id":"https:\/\/www.fullroom.ca\/fr\/shop\/archives\/lampe-de-table-col-de-cygne\/#primaryimage"},"thumbnailUrl":"https:\/\/www.fullroom.ca\/wp-content\/uploads\/2025\/08\/Lamp-Gooseneck-HongKong-FullRoom3692.jpg","datePublished":"2025-08-06T14:25:51+00:00","dateModified":"2026-02-11T01:14:13+00:00","breadcrumb":{"@id":"https:\/\/www.fullroom.ca\/fr\/shop\/archives\/lampe-de-table-col-de-cygne\/#breadcrumb"},"inLanguage":"fr-FR","potentialAction":[{"@type":"ReadAction","target":["https:\/\/www.fullroom.ca\/fr\/shop\/archives\/lampe-de-table-col-de-cygne\/"]}]},{"@type":"ImageObject","inLanguage":"fr-FR","@id":"https:\/\/www.fullroom.ca\/fr\/shop\/archives\/lampe-de-table-col-de-cygne\/#primaryimage","url":"https:\/\/www.fullroom.ca\/wp-content\/uploads\/2025\/08\/Lamp-Gooseneck-HongKong-FullRoom3692.jpg","contentUrl":"https:\/\/www.fullroom.ca\/wp-content\/uploads\/2025\/08\/Lamp-Gooseneck-HongKong-FullRoom3692.jpg","width":1463,"height":2048},{"@type":"BreadcrumbList","@id":"https:\/\/www.fullroom.ca\/fr\/shop\/archives\/lampe-de-table-col-de-cygne\/#breadcrumb","itemListElement":[{"@type":"ListItem","position":1,"name":"Home","item":"https:\/\/www.fullroom.ca\/fr\/"},{"@type":"ListItem","position":2,"name":"Boutique","item":"https:\/\/www.fullroom.ca\/"},{"@type":"ListItem","position":3,"name":"Lampe de table COL DE CYGNE"}]},{"@type":"WebSite","@id":"https:\/\/fullroom.ca\/#website","url":"https:\/\/fullroom.ca\/","name":"Full Room","description":"Preloved furniture standing the test of time","potentialAction":[{"@type":"SearchAction","target":{"@type":"EntryPoint","urlTemplate":"https:\/\/fullroom.ca\/?s={search_term_string}"},"query-input":{"@type":"PropertyValueSpecification","valueRequired":true,"valueName":"search_term_string"}}],"inLanguage":"fr-FR"}]}},"jetpack_sharing_enabled":true,"_links":{"self":[{"href":"https:\/\/www.fullroom.ca\/fr\/wp-json\/wp\/v2\/product\/5703","targetHints":{"allow":["GET"]}}],"collection":[{"href":"https:\/\/www.fullroom.ca\/fr\/wp-json\/wp\/v2\/product"}],"about":[{"href":"https:\/\/www.fullroom.ca\/fr\/wp-json\/wp\/v2\/types\/product"}],"wp:featuredmedia":[{"embeddable":true,"href":"https:\/\/www.fullroom.ca\/fr\/wp-json\/wp\/v2\/media\/5686"}],"wp:attachment":[{"href":"https:\/\/www.fullroom.ca\/fr\/wp-json\/wp\/v2\/media?parent=5703"}],"wp:term":[{"taxonomy":"product_brand","embeddable":true,"href":"https:\/\/www.fullroom.ca\/fr\/wp-json\/wp\/v2\/product_brand?post=5703"},{"taxonomy":"product_cat","embeddable":true,"href":"https:\/\/www.fullroom.ca\/fr\/wp-json\/wp\/v2\/product_cat?post=5703"},{"taxonomy":"product_tag","embeddable":true,"href":"https:\/\/www.fullroom.ca\/fr\/wp-json\/wp\/v2\/product_tag?post=5703"}],"curies":[{"name":"wp","href":"https:\/\/api.w.org\/{rel}","templated":true}]}}