{"id":5695,"date":"2025-09-19T14:36:55","date_gmt":"2025-09-19T19:36:55","guid":{"rendered":"https:\/\/www.fullroom.ca\/shop\/uncategorized\/ensemble-de-chaises-nuova-x-line-par-niels-jorgen-haugesen-pour-hybodan\/"},"modified":"2026-02-10T20:10:37","modified_gmt":"2026-02-11T01:10:37","slug":"ensemble-de-chaises-nuova-x-line-par-niels-jorgen-haugesen-pour-hybodan","status":"publish","type":"product","link":"https:\/\/www.fullroom.ca\/fr\/shop\/sieges\/ensemble-de-chaises-nuova-x-line-par-niels-jorgen-haugesen-pour-hybodan\/","title":{"rendered":"Ensemble de chaises NUOVA X-LINE par Niels J\u00f8rgen Haugesen pour Hybodan"},"content":{"rendered":"<div class=\"grid kcm\">\n<div class=\"grid__item one-whole portable--auto lap--auto palm--auto\" data-style=\"\"\/>\n<\/div>\n","protected":false},"excerpt":{"rendered":"<p>Cr\u00e9\u00e9e par le designer danois Niels J\u00f8rgen Haugesen, la chaise X-Line est un mod\u00e8le iconique lanc\u00e9 sur le march\u00e9 en 1977. Au fil des ann\u00e9es, deux mod\u00e8les distincts ont \u00e9t\u00e9 fabriqu\u00e9s par Hybodan ; celui-ci est connu sous le nom de Nuova X-Line. Il se distingue par l\u2019absence de contreventement en X sous l\u2019assise, ce qui facilite l\u2019empilage.<\/p>\n<p>En excellente condition. L\u2019assise et le dossier ont \u00e9t\u00e9 refinies professionnellement avec un rev\u00eatement en poudre (\u00ab\u00a0powder coating\u00a0\u00bb) noir lustr\u00e9.<\/p>\n","protected":false},"featured_media":5677,"template":"","meta":[],"product_brand":[],"product_cat":[204],"product_tag":[],"class_list":{"0":"post-5695","1":"product","2":"type-product","3":"status-publish","4":"has-post-thumbnail","6":"product_cat-sieges","8":"first","9":"instock","10":"taxable","11":"shipping-taxable","12":"purchasable","13":"product-type-simple"},"acf":[],"yoast_head":"<!-- This site is optimized with the Yoast SEO plugin v23.4 - https:\/\/yoast.com\/wordpress\/plugins\/seo\/ -->\n<title>Ensemble de chaises NUOVA X-LINE par Niels J\u00f8rgen Haugesen pour Hybodan - Full Room<\/title>\n<meta name=\"robots\" content=\"index, follow, max-snippet:-1, max-image-preview:large, max-video-preview:-1\" \/>\n<link rel=\"canonical\" href=\"https:\/\/www.fullroom.ca\/fr\/shop\/sieges\/ensemble-de-chaises-nuova-x-line-par-niels-jorgen-haugesen-pour-hybodan\/\" \/>\n<meta property=\"og:locale\" content=\"fr_FR\" \/>\n<meta property=\"og:type\" content=\"article\" \/>\n<meta property=\"og:title\" content=\"Ensemble de chaises NUOVA X-LINE par Niels J\u00f8rgen Haugesen pour Hybodan - Full Room\" \/>\n<meta property=\"og:description\" content=\"Cr\u00e9\u00e9e par le designer danois Niels J\u00f8rgen Haugesen, la chaise X-Line est un mod\u00e8le iconique lanc\u00e9 sur le march\u00e9 en 1977. Au fil des ann\u00e9es, deux mod\u00e8les distincts ont \u00e9t\u00e9 fabriqu\u00e9s par Hybodan ; celui-ci est connu sous le nom de Nuova X-Line. Il se distingue par l\u2019absence de contreventement en X sous l\u2019assise, ce qui facilite l\u2019empilage. En excellente condition. L\u2019assise et le dossier ont \u00e9t\u00e9 refinies professionnellement avec un rev\u00eatement en poudre (&quot;powder coating&quot;) noir lustr\u00e9.\" \/>\n<meta property=\"og:url\" content=\"https:\/\/www.fullroom.ca\/fr\/shop\/sieges\/ensemble-de-chaises-nuova-x-line-par-niels-jorgen-haugesen-pour-hybodan\/\" \/>\n<meta property=\"og:site_name\" content=\"Full Room\" \/>\n<meta property=\"article:modified_time\" content=\"2026-02-11T01:10:37+00:00\" \/>\n<meta property=\"og:image\" content=\"https:\/\/www.fullroom.ca\/wp-content\/uploads\/2025\/09\/XLine-Niels-Jorgen-Haugesen-Hay-FullRoom2393-1-732x1024.jpg\" \/>\n\t<meta property=\"og:image:width\" content=\"732\" \/>\n\t<meta property=\"og:image:height\" content=\"1024\" \/>\n\t<meta property=\"og:image:type\" content=\"image\/jpeg\" \/>\n<meta name=\"twitter:card\" content=\"summary_large_image\" \/>\n<script type=\"application\/ld+json\" class=\"yoast-schema-graph\">{\"@context\":\"https:\/\/schema.org\",\"@graph\":[{\"@type\":\"WebPage\",\"@id\":\"https:\/\/www.fullroom.ca\/fr\/shop\/sieges\/ensemble-de-chaises-nuova-x-line-par-niels-jorgen-haugesen-pour-hybodan\/\",\"url\":\"https:\/\/www.fullroom.ca\/fr\/shop\/sieges\/ensemble-de-chaises-nuova-x-line-par-niels-jorgen-haugesen-pour-hybodan\/\",\"name\":\"Ensemble de chaises NUOVA X-LINE par Niels J\u00f8rgen Haugesen pour Hybodan - Full Room\",\"isPartOf\":{\"@id\":\"https:\/\/fullroom.ca\/#website\"},\"primaryImageOfPage\":{\"@id\":\"https:\/\/www.fullroom.ca\/fr\/shop\/sieges\/ensemble-de-chaises-nuova-x-line-par-niels-jorgen-haugesen-pour-hybodan\/#primaryimage\"},\"image\":{\"@id\":\"https:\/\/www.fullroom.ca\/fr\/shop\/sieges\/ensemble-de-chaises-nuova-x-line-par-niels-jorgen-haugesen-pour-hybodan\/#primaryimage\"},\"thumbnailUrl\":\"https:\/\/www.fullroom.ca\/wp-content\/uploads\/2025\/09\/XLine-Niels-Jorgen-Haugesen-Hay-FullRoom2393-1.jpg\",\"datePublished\":\"2025-09-19T19:36:55+00:00\",\"dateModified\":\"2026-02-11T01:10:37+00:00\",\"breadcrumb\":{\"@id\":\"https:\/\/www.fullroom.ca\/fr\/shop\/sieges\/ensemble-de-chaises-nuova-x-line-par-niels-jorgen-haugesen-pour-hybodan\/#breadcrumb\"},\"inLanguage\":\"fr-FR\",\"potentialAction\":[{\"@type\":\"ReadAction\",\"target\":[\"https:\/\/www.fullroom.ca\/fr\/shop\/sieges\/ensemble-de-chaises-nuova-x-line-par-niels-jorgen-haugesen-pour-hybodan\/\"]}]},{\"@type\":\"ImageObject\",\"inLanguage\":\"fr-FR\",\"@id\":\"https:\/\/www.fullroom.ca\/fr\/shop\/sieges\/ensemble-de-chaises-nuova-x-line-par-niels-jorgen-haugesen-pour-hybodan\/#primaryimage\",\"url\":\"https:\/\/www.fullroom.ca\/wp-content\/uploads\/2025\/09\/XLine-Niels-Jorgen-Haugesen-Hay-FullRoom2393-1.jpg\",\"contentUrl\":\"https:\/\/www.fullroom.ca\/wp-content\/uploads\/2025\/09\/XLine-Niels-Jorgen-Haugesen-Hay-FullRoom2393-1.jpg\",\"width\":1463,\"height\":2048},{\"@type\":\"BreadcrumbList\",\"@id\":\"https:\/\/www.fullroom.ca\/fr\/shop\/sieges\/ensemble-de-chaises-nuova-x-line-par-niels-jorgen-haugesen-pour-hybodan\/#breadcrumb\",\"itemListElement\":[{\"@type\":\"ListItem\",\"position\":1,\"name\":\"Home\",\"item\":\"https:\/\/www.fullroom.ca\/fr\/\"},{\"@type\":\"ListItem\",\"position\":2,\"name\":\"Boutique\",\"item\":\"https:\/\/www.fullroom.ca\/\"},{\"@type\":\"ListItem\",\"position\":3,\"name\":\"Ensemble de chaises NUOVA X-LINE par Niels J\u00f8rgen Haugesen pour Hybodan\"}]},{\"@type\":\"WebSite\",\"@id\":\"https:\/\/fullroom.ca\/#website\",\"url\":\"https:\/\/fullroom.ca\/\",\"name\":\"Full Room\",\"description\":\"Preloved furniture standing the test of time\",\"potentialAction\":[{\"@type\":\"SearchAction\",\"target\":{\"@type\":\"EntryPoint\",\"urlTemplate\":\"https:\/\/fullroom.ca\/?s={search_term_string}\"},\"query-input\":{\"@type\":\"PropertyValueSpecification\",\"valueRequired\":true,\"valueName\":\"search_term_string\"}}],\"inLanguage\":\"fr-FR\"}]}<\/script>\n<!-- \/ Yoast SEO plugin. -->","yoast_head_json":{"title":"Ensemble de chaises NUOVA X-LINE par Niels J\u00f8rgen Haugesen pour Hybodan - Full Room","robots":{"index":"index","follow":"follow","max-snippet":"max-snippet:-1","max-image-preview":"max-image-preview:large","max-video-preview":"max-video-preview:-1"},"canonical":"https:\/\/www.fullroom.ca\/fr\/shop\/sieges\/ensemble-de-chaises-nuova-x-line-par-niels-jorgen-haugesen-pour-hybodan\/","og_locale":"fr_FR","og_type":"article","og_title":"Ensemble de chaises NUOVA X-LINE par Niels J\u00f8rgen Haugesen pour Hybodan - Full Room","og_description":"Cr\u00e9\u00e9e par le designer danois Niels J\u00f8rgen Haugesen, la chaise X-Line est un mod\u00e8le iconique lanc\u00e9 sur le march\u00e9 en 1977. Au fil des ann\u00e9es, deux mod\u00e8les distincts ont \u00e9t\u00e9 fabriqu\u00e9s par Hybodan ; celui-ci est connu sous le nom de Nuova X-Line. Il se distingue par l\u2019absence de contreventement en X sous l\u2019assise, ce qui facilite l\u2019empilage. En excellente condition. L\u2019assise et le dossier ont \u00e9t\u00e9 refinies professionnellement avec un rev\u00eatement en poudre (\"powder coating\") noir lustr\u00e9.","og_url":"https:\/\/www.fullroom.ca\/fr\/shop\/sieges\/ensemble-de-chaises-nuova-x-line-par-niels-jorgen-haugesen-pour-hybodan\/","og_site_name":"Full Room","article_modified_time":"2026-02-11T01:10:37+00:00","og_image":[{"width":732,"height":1024,"url":"https:\/\/www.fullroom.ca\/wp-content\/uploads\/2025\/09\/XLine-Niels-Jorgen-Haugesen-Hay-FullRoom2393-1-732x1024.jpg","type":"image\/jpeg"}],"twitter_card":"summary_large_image","schema":{"@context":"https:\/\/schema.org","@graph":[{"@type":"WebPage","@id":"https:\/\/www.fullroom.ca\/fr\/shop\/sieges\/ensemble-de-chaises-nuova-x-line-par-niels-jorgen-haugesen-pour-hybodan\/","url":"https:\/\/www.fullroom.ca\/fr\/shop\/sieges\/ensemble-de-chaises-nuova-x-line-par-niels-jorgen-haugesen-pour-hybodan\/","name":"Ensemble de chaises NUOVA X-LINE par Niels J\u00f8rgen Haugesen pour Hybodan - Full Room","isPartOf":{"@id":"https:\/\/fullroom.ca\/#website"},"primaryImageOfPage":{"@id":"https:\/\/www.fullroom.ca\/fr\/shop\/sieges\/ensemble-de-chaises-nuova-x-line-par-niels-jorgen-haugesen-pour-hybodan\/#primaryimage"},"image":{"@id":"https:\/\/www.fullroom.ca\/fr\/shop\/sieges\/ensemble-de-chaises-nuova-x-line-par-niels-jorgen-haugesen-pour-hybodan\/#primaryimage"},"thumbnailUrl":"https:\/\/www.fullroom.ca\/wp-content\/uploads\/2025\/09\/XLine-Niels-Jorgen-Haugesen-Hay-FullRoom2393-1.jpg","datePublished":"2025-09-19T19:36:55+00:00","dateModified":"2026-02-11T01:10:37+00:00","breadcrumb":{"@id":"https:\/\/www.fullroom.ca\/fr\/shop\/sieges\/ensemble-de-chaises-nuova-x-line-par-niels-jorgen-haugesen-pour-hybodan\/#breadcrumb"},"inLanguage":"fr-FR","potentialAction":[{"@type":"ReadAction","target":["https:\/\/www.fullroom.ca\/fr\/shop\/sieges\/ensemble-de-chaises-nuova-x-line-par-niels-jorgen-haugesen-pour-hybodan\/"]}]},{"@type":"ImageObject","inLanguage":"fr-FR","@id":"https:\/\/www.fullroom.ca\/fr\/shop\/sieges\/ensemble-de-chaises-nuova-x-line-par-niels-jorgen-haugesen-pour-hybodan\/#primaryimage","url":"https:\/\/www.fullroom.ca\/wp-content\/uploads\/2025\/09\/XLine-Niels-Jorgen-Haugesen-Hay-FullRoom2393-1.jpg","contentUrl":"https:\/\/www.fullroom.ca\/wp-content\/uploads\/2025\/09\/XLine-Niels-Jorgen-Haugesen-Hay-FullRoom2393-1.jpg","width":1463,"height":2048},{"@type":"BreadcrumbList","@id":"https:\/\/www.fullroom.ca\/fr\/shop\/sieges\/ensemble-de-chaises-nuova-x-line-par-niels-jorgen-haugesen-pour-hybodan\/#breadcrumb","itemListElement":[{"@type":"ListItem","position":1,"name":"Home","item":"https:\/\/www.fullroom.ca\/fr\/"},{"@type":"ListItem","position":2,"name":"Boutique","item":"https:\/\/www.fullroom.ca\/"},{"@type":"ListItem","position":3,"name":"Ensemble de chaises NUOVA X-LINE par Niels J\u00f8rgen Haugesen pour Hybodan"}]},{"@type":"WebSite","@id":"https:\/\/fullroom.ca\/#website","url":"https:\/\/fullroom.ca\/","name":"Full Room","description":"Preloved furniture standing the test of time","potentialAction":[{"@type":"SearchAction","target":{"@type":"EntryPoint","urlTemplate":"https:\/\/fullroom.ca\/?s={search_term_string}"},"query-input":{"@type":"PropertyValueSpecification","valueRequired":true,"valueName":"search_term_string"}}],"inLanguage":"fr-FR"}]}},"jetpack_sharing_enabled":true,"_links":{"self":[{"href":"https:\/\/www.fullroom.ca\/fr\/wp-json\/wp\/v2\/product\/5695","targetHints":{"allow":["GET"]}}],"collection":[{"href":"https:\/\/www.fullroom.ca\/fr\/wp-json\/wp\/v2\/product"}],"about":[{"href":"https:\/\/www.fullroom.ca\/fr\/wp-json\/wp\/v2\/types\/product"}],"wp:featuredmedia":[{"embeddable":true,"href":"https:\/\/www.fullroom.ca\/fr\/wp-json\/wp\/v2\/media\/5677"}],"wp:attachment":[{"href":"https:\/\/www.fullroom.ca\/fr\/wp-json\/wp\/v2\/media?parent=5695"}],"wp:term":[{"taxonomy":"product_brand","embeddable":true,"href":"https:\/\/www.fullroom.ca\/fr\/wp-json\/wp\/v2\/product_brand?post=5695"},{"taxonomy":"product_cat","embeddable":true,"href":"https:\/\/www.fullroom.ca\/fr\/wp-json\/wp\/v2\/product_cat?post=5695"},{"taxonomy":"product_tag","embeddable":true,"href":"https:\/\/www.fullroom.ca\/fr\/wp-json\/wp\/v2\/product_tag?post=5695"}],"curies":[{"name":"wp","href":"https:\/\/api.w.org\/{rel}","templated":true}]}}