{"id":5676,"date":"2025-09-19T15:27:01","date_gmt":"2025-09-19T20:27:01","guid":{"rendered":"https:\/\/www.fullroom.ca\/shop\/uncategorized\/trio-de-tabourets-par-tomado\/"},"modified":"2026-02-10T20:07:20","modified_gmt":"2026-02-11T01:07:20","slug":"trio-de-tabourets-par-tomado","status":"publish","type":"product","link":"https:\/\/www.fullroom.ca\/fr\/shop\/sieges\/trio-de-tabourets-par-tomado\/","title":{"rendered":"Trio de tabourets par Tomado"},"content":{"rendered":"<div class=\"grid kcm\">\n<div class=\"grid__item one-whole portable--auto lap--auto palm--auto\" data-style=\"\"\/>\n<\/div>\n","protected":false},"excerpt":{"rendered":"<p>Ces tabourets, souvent attribu\u00e9s au fabricant n\u00e9erlandais Tomado, pr\u00e9sentent de fortes similitudes avec les chaises X-Line de Niels J\u00f8rgen Haugesen et d\u2019autres mod\u00e8les produits par Arrben. Leur design simple repose sur une structure en chrome robuste supportant une assise et un dossier en t\u00f4le d\u2019acier \u00e0 perforations carr\u00e9es. <\/p>\n<p>&nbsp;<\/p>\n<p>En excellente condition.<br \/>\nL\u2019assise et le dossier ont \u00e9t\u00e9 refinies professionnellement avec un rev\u00eatement en poudre (\u00ab\u00a0powder coating\u00a0\u00bb) blanc cass\u00e9. <\/p>\n","protected":false},"featured_media":5669,"template":"","meta":[],"product_brand":[],"product_cat":[204],"product_tag":[],"class_list":{"0":"post-5676","1":"product","2":"type-product","3":"status-publish","4":"has-post-thumbnail","6":"product_cat-sieges","8":"first","9":"instock","10":"sale","11":"taxable","12":"shipping-taxable","13":"purchasable","14":"product-type-simple"},"acf":[],"yoast_head":"<!-- This site is optimized with the Yoast SEO plugin v23.4 - https:\/\/yoast.com\/wordpress\/plugins\/seo\/ -->\n<title>Trio de tabourets par Tomado - Full Room<\/title>\n<meta name=\"robots\" content=\"index, follow, max-snippet:-1, max-image-preview:large, max-video-preview:-1\" \/>\n<link rel=\"canonical\" href=\"https:\/\/www.fullroom.ca\/fr\/shop\/sieges\/trio-de-tabourets-par-tomado\/\" \/>\n<meta property=\"og:locale\" content=\"fr_FR\" \/>\n<meta property=\"og:type\" content=\"article\" \/>\n<meta property=\"og:title\" content=\"Trio de tabourets par Tomado - Full Room\" \/>\n<meta property=\"og:description\" content=\"Ces tabourets, souvent attribu\u00e9s au fabricant n\u00e9erlandais Tomado, pr\u00e9sentent de fortes similitudes avec les chaises X-Line de Niels J\u00f8rgen Haugesen et d\u2019autres mod\u00e8les produits par Arrben. Leur design simple repose sur une structure en chrome robuste supportant une assise et un dossier en t\u00f4le d\u2019acier \u00e0 perforations carr\u00e9es.  &nbsp; En excellente condition. L\u2019assise et le dossier ont \u00e9t\u00e9 refinies professionnellement avec un rev\u00eatement en poudre (&quot;powder coating&quot;) blanc cass\u00e9.\" \/>\n<meta property=\"og:url\" content=\"https:\/\/www.fullroom.ca\/fr\/shop\/sieges\/trio-de-tabourets-par-tomado\/\" \/>\n<meta property=\"og:site_name\" content=\"Full Room\" \/>\n<meta property=\"article:modified_time\" content=\"2026-02-11T01:07:20+00:00\" \/>\n<meta property=\"og:image\" content=\"https:\/\/www.fullroom.ca\/wp-content\/uploads\/2025\/09\/Arrben-Sultana-NielsJorgenHaugesen-FullRoom1127-732x1024.jpg\" \/>\n\t<meta property=\"og:image:width\" content=\"732\" \/>\n\t<meta property=\"og:image:height\" content=\"1024\" \/>\n\t<meta property=\"og:image:type\" content=\"image\/jpeg\" \/>\n<meta name=\"twitter:card\" content=\"summary_large_image\" \/>\n<script type=\"application\/ld+json\" class=\"yoast-schema-graph\">{\"@context\":\"https:\/\/schema.org\",\"@graph\":[{\"@type\":\"WebPage\",\"@id\":\"https:\/\/www.fullroom.ca\/fr\/shop\/sieges\/trio-de-tabourets-par-tomado\/\",\"url\":\"https:\/\/www.fullroom.ca\/fr\/shop\/sieges\/trio-de-tabourets-par-tomado\/\",\"name\":\"Trio de tabourets par Tomado - Full Room\",\"isPartOf\":{\"@id\":\"https:\/\/fullroom.ca\/#website\"},\"primaryImageOfPage\":{\"@id\":\"https:\/\/www.fullroom.ca\/fr\/shop\/sieges\/trio-de-tabourets-par-tomado\/#primaryimage\"},\"image\":{\"@id\":\"https:\/\/www.fullroom.ca\/fr\/shop\/sieges\/trio-de-tabourets-par-tomado\/#primaryimage\"},\"thumbnailUrl\":\"https:\/\/www.fullroom.ca\/wp-content\/uploads\/2025\/09\/Arrben-Sultana-NielsJorgenHaugesen-FullRoom1127.jpg\",\"datePublished\":\"2025-09-19T20:27:01+00:00\",\"dateModified\":\"2026-02-11T01:07:20+00:00\",\"breadcrumb\":{\"@id\":\"https:\/\/www.fullroom.ca\/fr\/shop\/sieges\/trio-de-tabourets-par-tomado\/#breadcrumb\"},\"inLanguage\":\"fr-FR\",\"potentialAction\":[{\"@type\":\"ReadAction\",\"target\":[\"https:\/\/www.fullroom.ca\/fr\/shop\/sieges\/trio-de-tabourets-par-tomado\/\"]}]},{\"@type\":\"ImageObject\",\"inLanguage\":\"fr-FR\",\"@id\":\"https:\/\/www.fullroom.ca\/fr\/shop\/sieges\/trio-de-tabourets-par-tomado\/#primaryimage\",\"url\":\"https:\/\/www.fullroom.ca\/wp-content\/uploads\/2025\/09\/Arrben-Sultana-NielsJorgenHaugesen-FullRoom1127.jpg\",\"contentUrl\":\"https:\/\/www.fullroom.ca\/wp-content\/uploads\/2025\/09\/Arrben-Sultana-NielsJorgenHaugesen-FullRoom1127.jpg\",\"width\":1463,\"height\":2048},{\"@type\":\"BreadcrumbList\",\"@id\":\"https:\/\/www.fullroom.ca\/fr\/shop\/sieges\/trio-de-tabourets-par-tomado\/#breadcrumb\",\"itemListElement\":[{\"@type\":\"ListItem\",\"position\":1,\"name\":\"Home\",\"item\":\"https:\/\/www.fullroom.ca\/fr\/\"},{\"@type\":\"ListItem\",\"position\":2,\"name\":\"Boutique\",\"item\":\"https:\/\/www.fullroom.ca\/\"},{\"@type\":\"ListItem\",\"position\":3,\"name\":\"Trio de tabourets par Tomado\"}]},{\"@type\":\"WebSite\",\"@id\":\"https:\/\/fullroom.ca\/#website\",\"url\":\"https:\/\/fullroom.ca\/\",\"name\":\"Full Room\",\"description\":\"Preloved furniture standing the test of time\",\"potentialAction\":[{\"@type\":\"SearchAction\",\"target\":{\"@type\":\"EntryPoint\",\"urlTemplate\":\"https:\/\/fullroom.ca\/?s={search_term_string}\"},\"query-input\":{\"@type\":\"PropertyValueSpecification\",\"valueRequired\":true,\"valueName\":\"search_term_string\"}}],\"inLanguage\":\"fr-FR\"}]}<\/script>\n<!-- \/ Yoast SEO plugin. -->","yoast_head_json":{"title":"Trio de tabourets par Tomado - Full Room","robots":{"index":"index","follow":"follow","max-snippet":"max-snippet:-1","max-image-preview":"max-image-preview:large","max-video-preview":"max-video-preview:-1"},"canonical":"https:\/\/www.fullroom.ca\/fr\/shop\/sieges\/trio-de-tabourets-par-tomado\/","og_locale":"fr_FR","og_type":"article","og_title":"Trio de tabourets par Tomado - Full Room","og_description":"Ces tabourets, souvent attribu\u00e9s au fabricant n\u00e9erlandais Tomado, pr\u00e9sentent de fortes similitudes avec les chaises X-Line de Niels J\u00f8rgen Haugesen et d\u2019autres mod\u00e8les produits par Arrben. Leur design simple repose sur une structure en chrome robuste supportant une assise et un dossier en t\u00f4le d\u2019acier \u00e0 perforations carr\u00e9es.  &nbsp; En excellente condition. L\u2019assise et le dossier ont \u00e9t\u00e9 refinies professionnellement avec un rev\u00eatement en poudre (\"powder coating\") blanc cass\u00e9.","og_url":"https:\/\/www.fullroom.ca\/fr\/shop\/sieges\/trio-de-tabourets-par-tomado\/","og_site_name":"Full Room","article_modified_time":"2026-02-11T01:07:20+00:00","og_image":[{"width":732,"height":1024,"url":"https:\/\/www.fullroom.ca\/wp-content\/uploads\/2025\/09\/Arrben-Sultana-NielsJorgenHaugesen-FullRoom1127-732x1024.jpg","type":"image\/jpeg"}],"twitter_card":"summary_large_image","schema":{"@context":"https:\/\/schema.org","@graph":[{"@type":"WebPage","@id":"https:\/\/www.fullroom.ca\/fr\/shop\/sieges\/trio-de-tabourets-par-tomado\/","url":"https:\/\/www.fullroom.ca\/fr\/shop\/sieges\/trio-de-tabourets-par-tomado\/","name":"Trio de tabourets par Tomado - Full Room","isPartOf":{"@id":"https:\/\/fullroom.ca\/#website"},"primaryImageOfPage":{"@id":"https:\/\/www.fullroom.ca\/fr\/shop\/sieges\/trio-de-tabourets-par-tomado\/#primaryimage"},"image":{"@id":"https:\/\/www.fullroom.ca\/fr\/shop\/sieges\/trio-de-tabourets-par-tomado\/#primaryimage"},"thumbnailUrl":"https:\/\/www.fullroom.ca\/wp-content\/uploads\/2025\/09\/Arrben-Sultana-NielsJorgenHaugesen-FullRoom1127.jpg","datePublished":"2025-09-19T20:27:01+00:00","dateModified":"2026-02-11T01:07:20+00:00","breadcrumb":{"@id":"https:\/\/www.fullroom.ca\/fr\/shop\/sieges\/trio-de-tabourets-par-tomado\/#breadcrumb"},"inLanguage":"fr-FR","potentialAction":[{"@type":"ReadAction","target":["https:\/\/www.fullroom.ca\/fr\/shop\/sieges\/trio-de-tabourets-par-tomado\/"]}]},{"@type":"ImageObject","inLanguage":"fr-FR","@id":"https:\/\/www.fullroom.ca\/fr\/shop\/sieges\/trio-de-tabourets-par-tomado\/#primaryimage","url":"https:\/\/www.fullroom.ca\/wp-content\/uploads\/2025\/09\/Arrben-Sultana-NielsJorgenHaugesen-FullRoom1127.jpg","contentUrl":"https:\/\/www.fullroom.ca\/wp-content\/uploads\/2025\/09\/Arrben-Sultana-NielsJorgenHaugesen-FullRoom1127.jpg","width":1463,"height":2048},{"@type":"BreadcrumbList","@id":"https:\/\/www.fullroom.ca\/fr\/shop\/sieges\/trio-de-tabourets-par-tomado\/#breadcrumb","itemListElement":[{"@type":"ListItem","position":1,"name":"Home","item":"https:\/\/www.fullroom.ca\/fr\/"},{"@type":"ListItem","position":2,"name":"Boutique","item":"https:\/\/www.fullroom.ca\/"},{"@type":"ListItem","position":3,"name":"Trio de tabourets par Tomado"}]},{"@type":"WebSite","@id":"https:\/\/fullroom.ca\/#website","url":"https:\/\/fullroom.ca\/","name":"Full Room","description":"Preloved furniture standing the test of time","potentialAction":[{"@type":"SearchAction","target":{"@type":"EntryPoint","urlTemplate":"https:\/\/fullroom.ca\/?s={search_term_string}"},"query-input":{"@type":"PropertyValueSpecification","valueRequired":true,"valueName":"search_term_string"}}],"inLanguage":"fr-FR"}]}},"jetpack_sharing_enabled":true,"_links":{"self":[{"href":"https:\/\/www.fullroom.ca\/fr\/wp-json\/wp\/v2\/product\/5676","targetHints":{"allow":["GET"]}}],"collection":[{"href":"https:\/\/www.fullroom.ca\/fr\/wp-json\/wp\/v2\/product"}],"about":[{"href":"https:\/\/www.fullroom.ca\/fr\/wp-json\/wp\/v2\/types\/product"}],"wp:featuredmedia":[{"embeddable":true,"href":"https:\/\/www.fullroom.ca\/fr\/wp-json\/wp\/v2\/media\/5669"}],"wp:attachment":[{"href":"https:\/\/www.fullroom.ca\/fr\/wp-json\/wp\/v2\/media?parent=5676"}],"wp:term":[{"taxonomy":"product_brand","embeddable":true,"href":"https:\/\/www.fullroom.ca\/fr\/wp-json\/wp\/v2\/product_brand?post=5676"},{"taxonomy":"product_cat","embeddable":true,"href":"https:\/\/www.fullroom.ca\/fr\/wp-json\/wp\/v2\/product_cat?post=5676"},{"taxonomy":"product_tag","embeddable":true,"href":"https:\/\/www.fullroom.ca\/fr\/wp-json\/wp\/v2\/product_tag?post=5676"}],"curies":[{"name":"wp","href":"https:\/\/api.w.org\/{rel}","templated":true}]}}