{"id":5665,"date":"2025-09-19T15:34:41","date_gmt":"2025-09-19T20:34:41","guid":{"rendered":"https:\/\/www.fullroom.ca\/shop\/uncategorized\/trio-de-tables-gigognes-isocele-par-max-sauze\/"},"modified":"2026-02-10T20:02:42","modified_gmt":"2026-02-11T01:02:42","slug":"trio-de-tables-gigognes-isocele-par-max-sauze","status":"publish","type":"product","link":"https:\/\/www.fullroom.ca\/fr\/shop\/tables\/trio-de-tables-gigognes-isocele-par-max-sauze\/","title":{"rendered":"Trio de tables gigognes ISOC\u00c8LE par Max Sauze"},"content":{"rendered":"<div class=\"grid kcm\">\n<div class=\"grid__item one-whole portable--auto lap--auto palm--auto\" data-style=\"\"\/>\n<\/div>\n","protected":false},"excerpt":{"rendered":"<p>Classiques et imm\u00e9diatement reconnaissables, les tables gigognes Isoc\u00e8le, embl\u00e9matiques des ann\u00e9es 1970, ont \u00e9t\u00e9 con\u00e7ues par le designer franco-alg\u00e9rien Max Sauze. Chaque table Isoc\u00e8le repose sur un assemblage ing\u00e9nieux de six cadres carr\u00e9s, mettant en valeur la g\u00e9om\u00e9trie simple pour cr\u00e9er un effet visuel fort. Chaque table Isoc\u00e8le repose sur un assemblage ing\u00e9nieux de six cadres carr\u00e9s, mettant en valeur la g\u00e9om\u00e9trie simple pour cr\u00e9er un effet visuel fort. Les structures en acier ont \u00e9t\u00e9 refinies professionnellement dans un rev\u00eatement en poudre (\u00ab\u00a0powder coating\u00a0\u00bb) noir lustr\u00e9.<\/p>\n<p>&nbsp;<\/p>\n<p>Traces d&rsquo;usure minimes et \u00e9gratignures l\u00e9g\u00e8res sur les plateaux en verre. Traces d&rsquo;usure minimes et \u00e9gratignures l\u00e9g\u00e8res sur les plateaux en verre.<\/p>\n","protected":false},"featured_media":5657,"template":"","meta":[],"product_brand":[],"product_cat":[206],"product_tag":[],"class_list":{"0":"post-5665","1":"product","2":"type-product","3":"status-publish","4":"has-post-thumbnail","6":"product_cat-tables","8":"first","9":"instock","10":"taxable","11":"shipping-taxable","12":"purchasable","13":"product-type-simple"},"acf":[],"yoast_head":"<!-- This site is optimized with the Yoast SEO plugin v23.4 - https:\/\/yoast.com\/wordpress\/plugins\/seo\/ -->\n<title>Trio de tables gigognes ISOC\u00c8LE par Max Sauze - Full Room<\/title>\n<meta name=\"robots\" content=\"index, follow, max-snippet:-1, max-image-preview:large, max-video-preview:-1\" \/>\n<link rel=\"canonical\" href=\"https:\/\/www.fullroom.ca\/fr\/shop\/tables\/trio-de-tables-gigognes-isocele-par-max-sauze\/\" \/>\n<meta property=\"og:locale\" content=\"fr_FR\" \/>\n<meta property=\"og:type\" content=\"article\" \/>\n<meta property=\"og:title\" content=\"Trio de tables gigognes ISOC\u00c8LE par Max Sauze - Full Room\" \/>\n<meta property=\"og:description\" content=\"Classiques et imm\u00e9diatement reconnaissables, les tables gigognes Isoc\u00e8le, embl\u00e9matiques des ann\u00e9es 1970, ont \u00e9t\u00e9 con\u00e7ues par le designer franco-alg\u00e9rien Max Sauze. Chaque table Isoc\u00e8le repose sur un assemblage ing\u00e9nieux de six cadres carr\u00e9s, mettant en valeur la g\u00e9om\u00e9trie simple pour cr\u00e9er un effet visuel fort. Chaque table Isoc\u00e8le repose sur un assemblage ing\u00e9nieux de six cadres carr\u00e9s, mettant en valeur la g\u00e9om\u00e9trie simple pour cr\u00e9er un effet visuel fort. Les structures en acier ont \u00e9t\u00e9 refinies professionnellement dans un rev\u00eatement en poudre (&quot;powder coating&quot;) noir lustr\u00e9. &nbsp; Traces d&#039;usure minimes et \u00e9gratignures l\u00e9g\u00e8res sur les plateaux en verre. Traces d&#039;usure minimes et \u00e9gratignures l\u00e9g\u00e8res sur les plateaux en verre.\" \/>\n<meta property=\"og:url\" content=\"https:\/\/www.fullroom.ca\/fr\/shop\/tables\/trio-de-tables-gigognes-isocele-par-max-sauze\/\" \/>\n<meta property=\"og:site_name\" content=\"Full Room\" \/>\n<meta property=\"article:modified_time\" content=\"2026-02-11T01:02:42+00:00\" \/>\n<meta property=\"og:image\" content=\"https:\/\/www.fullroom.ca\/wp-content\/uploads\/2025\/09\/Isocele-nesting-table-MaxSauze-FullRoom0555-732x1024.jpg\" \/>\n\t<meta property=\"og:image:width\" content=\"732\" \/>\n\t<meta property=\"og:image:height\" content=\"1024\" \/>\n\t<meta property=\"og:image:type\" content=\"image\/jpeg\" \/>\n<meta name=\"twitter:card\" content=\"summary_large_image\" \/>\n<script type=\"application\/ld+json\" class=\"yoast-schema-graph\">{\"@context\":\"https:\/\/schema.org\",\"@graph\":[{\"@type\":\"WebPage\",\"@id\":\"https:\/\/www.fullroom.ca\/fr\/shop\/tables\/trio-de-tables-gigognes-isocele-par-max-sauze\/\",\"url\":\"https:\/\/www.fullroom.ca\/fr\/shop\/tables\/trio-de-tables-gigognes-isocele-par-max-sauze\/\",\"name\":\"Trio de tables gigognes ISOC\u00c8LE par Max Sauze - Full Room\",\"isPartOf\":{\"@id\":\"https:\/\/fullroom.ca\/#website\"},\"primaryImageOfPage\":{\"@id\":\"https:\/\/www.fullroom.ca\/fr\/shop\/tables\/trio-de-tables-gigognes-isocele-par-max-sauze\/#primaryimage\"},\"image\":{\"@id\":\"https:\/\/www.fullroom.ca\/fr\/shop\/tables\/trio-de-tables-gigognes-isocele-par-max-sauze\/#primaryimage\"},\"thumbnailUrl\":\"https:\/\/www.fullroom.ca\/wp-content\/uploads\/2025\/09\/Isocele-nesting-table-MaxSauze-FullRoom0555.jpg\",\"datePublished\":\"2025-09-19T20:34:41+00:00\",\"dateModified\":\"2026-02-11T01:02:42+00:00\",\"breadcrumb\":{\"@id\":\"https:\/\/www.fullroom.ca\/fr\/shop\/tables\/trio-de-tables-gigognes-isocele-par-max-sauze\/#breadcrumb\"},\"inLanguage\":\"fr-FR\",\"potentialAction\":[{\"@type\":\"ReadAction\",\"target\":[\"https:\/\/www.fullroom.ca\/fr\/shop\/tables\/trio-de-tables-gigognes-isocele-par-max-sauze\/\"]}]},{\"@type\":\"ImageObject\",\"inLanguage\":\"fr-FR\",\"@id\":\"https:\/\/www.fullroom.ca\/fr\/shop\/tables\/trio-de-tables-gigognes-isocele-par-max-sauze\/#primaryimage\",\"url\":\"https:\/\/www.fullroom.ca\/wp-content\/uploads\/2025\/09\/Isocele-nesting-table-MaxSauze-FullRoom0555.jpg\",\"contentUrl\":\"https:\/\/www.fullroom.ca\/wp-content\/uploads\/2025\/09\/Isocele-nesting-table-MaxSauze-FullRoom0555.jpg\",\"width\":1463,\"height\":2048},{\"@type\":\"BreadcrumbList\",\"@id\":\"https:\/\/www.fullroom.ca\/fr\/shop\/tables\/trio-de-tables-gigognes-isocele-par-max-sauze\/#breadcrumb\",\"itemListElement\":[{\"@type\":\"ListItem\",\"position\":1,\"name\":\"Home\",\"item\":\"https:\/\/www.fullroom.ca\/fr\/\"},{\"@type\":\"ListItem\",\"position\":2,\"name\":\"Boutique\",\"item\":\"https:\/\/www.fullroom.ca\/\"},{\"@type\":\"ListItem\",\"position\":3,\"name\":\"Trio de tables gigognes ISOC\u00c8LE par Max Sauze\"}]},{\"@type\":\"WebSite\",\"@id\":\"https:\/\/fullroom.ca\/#website\",\"url\":\"https:\/\/fullroom.ca\/\",\"name\":\"Full Room\",\"description\":\"Preloved furniture standing the test of time\",\"potentialAction\":[{\"@type\":\"SearchAction\",\"target\":{\"@type\":\"EntryPoint\",\"urlTemplate\":\"https:\/\/fullroom.ca\/?s={search_term_string}\"},\"query-input\":{\"@type\":\"PropertyValueSpecification\",\"valueRequired\":true,\"valueName\":\"search_term_string\"}}],\"inLanguage\":\"fr-FR\"}]}<\/script>\n<!-- \/ Yoast SEO plugin. -->","yoast_head_json":{"title":"Trio de tables gigognes ISOC\u00c8LE par Max Sauze - Full Room","robots":{"index":"index","follow":"follow","max-snippet":"max-snippet:-1","max-image-preview":"max-image-preview:large","max-video-preview":"max-video-preview:-1"},"canonical":"https:\/\/www.fullroom.ca\/fr\/shop\/tables\/trio-de-tables-gigognes-isocele-par-max-sauze\/","og_locale":"fr_FR","og_type":"article","og_title":"Trio de tables gigognes ISOC\u00c8LE par Max Sauze - Full Room","og_description":"Classiques et imm\u00e9diatement reconnaissables, les tables gigognes Isoc\u00e8le, embl\u00e9matiques des ann\u00e9es 1970, ont \u00e9t\u00e9 con\u00e7ues par le designer franco-alg\u00e9rien Max Sauze. Chaque table Isoc\u00e8le repose sur un assemblage ing\u00e9nieux de six cadres carr\u00e9s, mettant en valeur la g\u00e9om\u00e9trie simple pour cr\u00e9er un effet visuel fort. Chaque table Isoc\u00e8le repose sur un assemblage ing\u00e9nieux de six cadres carr\u00e9s, mettant en valeur la g\u00e9om\u00e9trie simple pour cr\u00e9er un effet visuel fort. Les structures en acier ont \u00e9t\u00e9 refinies professionnellement dans un rev\u00eatement en poudre (\"powder coating\") noir lustr\u00e9. &nbsp; Traces d'usure minimes et \u00e9gratignures l\u00e9g\u00e8res sur les plateaux en verre. Traces d'usure minimes et \u00e9gratignures l\u00e9g\u00e8res sur les plateaux en verre.","og_url":"https:\/\/www.fullroom.ca\/fr\/shop\/tables\/trio-de-tables-gigognes-isocele-par-max-sauze\/","og_site_name":"Full Room","article_modified_time":"2026-02-11T01:02:42+00:00","og_image":[{"width":732,"height":1024,"url":"https:\/\/www.fullroom.ca\/wp-content\/uploads\/2025\/09\/Isocele-nesting-table-MaxSauze-FullRoom0555-732x1024.jpg","type":"image\/jpeg"}],"twitter_card":"summary_large_image","schema":{"@context":"https:\/\/schema.org","@graph":[{"@type":"WebPage","@id":"https:\/\/www.fullroom.ca\/fr\/shop\/tables\/trio-de-tables-gigognes-isocele-par-max-sauze\/","url":"https:\/\/www.fullroom.ca\/fr\/shop\/tables\/trio-de-tables-gigognes-isocele-par-max-sauze\/","name":"Trio de tables gigognes ISOC\u00c8LE par Max Sauze - Full Room","isPartOf":{"@id":"https:\/\/fullroom.ca\/#website"},"primaryImageOfPage":{"@id":"https:\/\/www.fullroom.ca\/fr\/shop\/tables\/trio-de-tables-gigognes-isocele-par-max-sauze\/#primaryimage"},"image":{"@id":"https:\/\/www.fullroom.ca\/fr\/shop\/tables\/trio-de-tables-gigognes-isocele-par-max-sauze\/#primaryimage"},"thumbnailUrl":"https:\/\/www.fullroom.ca\/wp-content\/uploads\/2025\/09\/Isocele-nesting-table-MaxSauze-FullRoom0555.jpg","datePublished":"2025-09-19T20:34:41+00:00","dateModified":"2026-02-11T01:02:42+00:00","breadcrumb":{"@id":"https:\/\/www.fullroom.ca\/fr\/shop\/tables\/trio-de-tables-gigognes-isocele-par-max-sauze\/#breadcrumb"},"inLanguage":"fr-FR","potentialAction":[{"@type":"ReadAction","target":["https:\/\/www.fullroom.ca\/fr\/shop\/tables\/trio-de-tables-gigognes-isocele-par-max-sauze\/"]}]},{"@type":"ImageObject","inLanguage":"fr-FR","@id":"https:\/\/www.fullroom.ca\/fr\/shop\/tables\/trio-de-tables-gigognes-isocele-par-max-sauze\/#primaryimage","url":"https:\/\/www.fullroom.ca\/wp-content\/uploads\/2025\/09\/Isocele-nesting-table-MaxSauze-FullRoom0555.jpg","contentUrl":"https:\/\/www.fullroom.ca\/wp-content\/uploads\/2025\/09\/Isocele-nesting-table-MaxSauze-FullRoom0555.jpg","width":1463,"height":2048},{"@type":"BreadcrumbList","@id":"https:\/\/www.fullroom.ca\/fr\/shop\/tables\/trio-de-tables-gigognes-isocele-par-max-sauze\/#breadcrumb","itemListElement":[{"@type":"ListItem","position":1,"name":"Home","item":"https:\/\/www.fullroom.ca\/fr\/"},{"@type":"ListItem","position":2,"name":"Boutique","item":"https:\/\/www.fullroom.ca\/"},{"@type":"ListItem","position":3,"name":"Trio de tables gigognes ISOC\u00c8LE par Max Sauze"}]},{"@type":"WebSite","@id":"https:\/\/fullroom.ca\/#website","url":"https:\/\/fullroom.ca\/","name":"Full Room","description":"Preloved furniture standing the test of time","potentialAction":[{"@type":"SearchAction","target":{"@type":"EntryPoint","urlTemplate":"https:\/\/fullroom.ca\/?s={search_term_string}"},"query-input":{"@type":"PropertyValueSpecification","valueRequired":true,"valueName":"search_term_string"}}],"inLanguage":"fr-FR"}]}},"jetpack_sharing_enabled":true,"_links":{"self":[{"href":"https:\/\/www.fullroom.ca\/fr\/wp-json\/wp\/v2\/product\/5665","targetHints":{"allow":["GET"]}}],"collection":[{"href":"https:\/\/www.fullroom.ca\/fr\/wp-json\/wp\/v2\/product"}],"about":[{"href":"https:\/\/www.fullroom.ca\/fr\/wp-json\/wp\/v2\/types\/product"}],"wp:featuredmedia":[{"embeddable":true,"href":"https:\/\/www.fullroom.ca\/fr\/wp-json\/wp\/v2\/media\/5657"}],"wp:attachment":[{"href":"https:\/\/www.fullroom.ca\/fr\/wp-json\/wp\/v2\/media?parent=5665"}],"wp:term":[{"taxonomy":"product_brand","embeddable":true,"href":"https:\/\/www.fullroom.ca\/fr\/wp-json\/wp\/v2\/product_brand?post=5665"},{"taxonomy":"product_cat","embeddable":true,"href":"https:\/\/www.fullroom.ca\/fr\/wp-json\/wp\/v2\/product_cat?post=5665"},{"taxonomy":"product_tag","embeddable":true,"href":"https:\/\/www.fullroom.ca\/fr\/wp-json\/wp\/v2\/product_tag?post=5665"}],"curies":[{"name":"wp","href":"https:\/\/api.w.org\/{rel}","templated":true}]}}