{"id":5655,"date":"2025-09-19T15:45:41","date_gmt":"2025-09-19T20:45:41","guid":{"rendered":"https:\/\/www.fullroom.ca\/shop\/uncategorized\/banc-dentree-double-par-jeffery-robert-fear-pour-kinetics\/"},"modified":"2026-02-10T19:59:42","modified_gmt":"2026-02-11T00:59:42","slug":"banc-dentree-double-par-jeffery-robert-fear-pour-kinetics","status":"publish","type":"product","link":"https:\/\/www.fullroom.ca\/fr\/shop\/sieges\/banc-dentree-double-par-jeffery-robert-fear-pour-kinetics\/","title":{"rendered":"Banc d&rsquo;entr\u00e9e double par Jeffery Robert Fear pour Kinetics"},"content":{"rendered":"<div class=\"grid kcm\">\n<div class=\"grid__item one-whole portable--auto lap--auto palm--auto\" data-style=\"\"\/>\n<\/div>\n","protected":false},"excerpt":{"rendered":"<p>Ce banc rare a \u00e9t\u00e9 dessin\u00e9 dans les ann\u00e9es 1970 par Jeffery Robert Fear, consultant en design ayant contribu\u00e9 au d\u00e9veloppement de la ligne de mobilier corporatif du fabricant canadien Kinetics. \u00c0 la fois robuste et \u00e9l\u00e9gant, ce banc s&rsquo;adapte autant aux espaces commerciaux qu\u2019aux int\u00e9rieurs r\u00e9sidentiels. <\/p>\n<p>En excellente condition.<br \/>\nLa structure en acier a \u00e9t\u00e9 refinie professionnellement avec un rev\u00eatement en poudre (\u00ab\u00a0powder coating\u00a0\u00bb) blanc cass\u00e9. <\/p>\n","protected":false},"featured_media":5647,"template":"","meta":[],"product_brand":[],"product_cat":[204],"product_tag":[],"class_list":{"0":"post-5655","1":"product","2":"type-product","3":"status-publish","4":"has-post-thumbnail","6":"product_cat-sieges","8":"first","9":"instock","10":"taxable","11":"shipping-taxable","12":"purchasable","13":"product-type-simple"},"acf":[],"yoast_head":"<!-- This site is optimized with the Yoast SEO plugin v23.4 - https:\/\/yoast.com\/wordpress\/plugins\/seo\/ -->\n<title>Banc d&#039;entr\u00e9e double par Jeffery Robert Fear pour Kinetics - Full Room<\/title>\n<meta name=\"robots\" content=\"index, follow, max-snippet:-1, max-image-preview:large, max-video-preview:-1\" \/>\n<link rel=\"canonical\" href=\"https:\/\/www.fullroom.ca\/fr\/shop\/sieges\/banc-dentree-double-par-jeffery-robert-fear-pour-kinetics\/\" \/>\n<meta property=\"og:locale\" content=\"fr_FR\" \/>\n<meta property=\"og:type\" content=\"article\" \/>\n<meta property=\"og:title\" content=\"Banc d&#039;entr\u00e9e double par Jeffery Robert Fear pour Kinetics - Full Room\" \/>\n<meta property=\"og:description\" content=\"Ce banc rare a \u00e9t\u00e9 dessin\u00e9 dans les ann\u00e9es 1970 par Jeffery Robert Fear, consultant en design ayant contribu\u00e9 au d\u00e9veloppement de la ligne de mobilier corporatif du fabricant canadien Kinetics. \u00c0 la fois robuste et \u00e9l\u00e9gant, ce banc s&#039;adapte autant aux espaces commerciaux qu\u2019aux int\u00e9rieurs r\u00e9sidentiels.  En excellente condition. La structure en acier a \u00e9t\u00e9 refinie professionnellement avec un rev\u00eatement en poudre (&quot;powder coating&quot;) blanc cass\u00e9.\" \/>\n<meta property=\"og:url\" content=\"https:\/\/www.fullroom.ca\/fr\/shop\/sieges\/banc-dentree-double-par-jeffery-robert-fear-pour-kinetics\/\" \/>\n<meta property=\"og:site_name\" content=\"Full Room\" \/>\n<meta property=\"article:modified_time\" content=\"2026-02-11T00:59:42+00:00\" \/>\n<meta property=\"og:image\" content=\"https:\/\/www.fullroom.ca\/wp-content\/uploads\/2025\/09\/Banc-Bench-Kinetics-Vintage-FullRoom2950-732x1024.jpg\" \/>\n\t<meta property=\"og:image:width\" content=\"732\" \/>\n\t<meta property=\"og:image:height\" content=\"1024\" \/>\n\t<meta property=\"og:image:type\" content=\"image\/jpeg\" \/>\n<meta name=\"twitter:card\" content=\"summary_large_image\" \/>\n<script type=\"application\/ld+json\" class=\"yoast-schema-graph\">{\"@context\":\"https:\/\/schema.org\",\"@graph\":[{\"@type\":\"WebPage\",\"@id\":\"https:\/\/www.fullroom.ca\/fr\/shop\/sieges\/banc-dentree-double-par-jeffery-robert-fear-pour-kinetics\/\",\"url\":\"https:\/\/www.fullroom.ca\/fr\/shop\/sieges\/banc-dentree-double-par-jeffery-robert-fear-pour-kinetics\/\",\"name\":\"Banc d'entr\u00e9e double par Jeffery Robert Fear pour Kinetics - Full Room\",\"isPartOf\":{\"@id\":\"https:\/\/fullroom.ca\/#website\"},\"primaryImageOfPage\":{\"@id\":\"https:\/\/www.fullroom.ca\/fr\/shop\/sieges\/banc-dentree-double-par-jeffery-robert-fear-pour-kinetics\/#primaryimage\"},\"image\":{\"@id\":\"https:\/\/www.fullroom.ca\/fr\/shop\/sieges\/banc-dentree-double-par-jeffery-robert-fear-pour-kinetics\/#primaryimage\"},\"thumbnailUrl\":\"https:\/\/www.fullroom.ca\/wp-content\/uploads\/2025\/09\/Banc-Bench-Kinetics-Vintage-FullRoom2950.jpg\",\"datePublished\":\"2025-09-19T20:45:41+00:00\",\"dateModified\":\"2026-02-11T00:59:42+00:00\",\"breadcrumb\":{\"@id\":\"https:\/\/www.fullroom.ca\/fr\/shop\/sieges\/banc-dentree-double-par-jeffery-robert-fear-pour-kinetics\/#breadcrumb\"},\"inLanguage\":\"fr-FR\",\"potentialAction\":[{\"@type\":\"ReadAction\",\"target\":[\"https:\/\/www.fullroom.ca\/fr\/shop\/sieges\/banc-dentree-double-par-jeffery-robert-fear-pour-kinetics\/\"]}]},{\"@type\":\"ImageObject\",\"inLanguage\":\"fr-FR\",\"@id\":\"https:\/\/www.fullroom.ca\/fr\/shop\/sieges\/banc-dentree-double-par-jeffery-robert-fear-pour-kinetics\/#primaryimage\",\"url\":\"https:\/\/www.fullroom.ca\/wp-content\/uploads\/2025\/09\/Banc-Bench-Kinetics-Vintage-FullRoom2950.jpg\",\"contentUrl\":\"https:\/\/www.fullroom.ca\/wp-content\/uploads\/2025\/09\/Banc-Bench-Kinetics-Vintage-FullRoom2950.jpg\",\"width\":1463,\"height\":2048},{\"@type\":\"BreadcrumbList\",\"@id\":\"https:\/\/www.fullroom.ca\/fr\/shop\/sieges\/banc-dentree-double-par-jeffery-robert-fear-pour-kinetics\/#breadcrumb\",\"itemListElement\":[{\"@type\":\"ListItem\",\"position\":1,\"name\":\"Home\",\"item\":\"https:\/\/www.fullroom.ca\/fr\/\"},{\"@type\":\"ListItem\",\"position\":2,\"name\":\"Boutique\",\"item\":\"https:\/\/www.fullroom.ca\/\"},{\"@type\":\"ListItem\",\"position\":3,\"name\":\"Banc d&#8217;entr\u00e9e double par Jeffery Robert Fear pour Kinetics\"}]},{\"@type\":\"WebSite\",\"@id\":\"https:\/\/fullroom.ca\/#website\",\"url\":\"https:\/\/fullroom.ca\/\",\"name\":\"Full Room\",\"description\":\"Preloved furniture standing the test of time\",\"potentialAction\":[{\"@type\":\"SearchAction\",\"target\":{\"@type\":\"EntryPoint\",\"urlTemplate\":\"https:\/\/fullroom.ca\/?s={search_term_string}\"},\"query-input\":{\"@type\":\"PropertyValueSpecification\",\"valueRequired\":true,\"valueName\":\"search_term_string\"}}],\"inLanguage\":\"fr-FR\"}]}<\/script>\n<!-- \/ Yoast SEO plugin. -->","yoast_head_json":{"title":"Banc d'entr\u00e9e double par Jeffery Robert Fear pour Kinetics - Full Room","robots":{"index":"index","follow":"follow","max-snippet":"max-snippet:-1","max-image-preview":"max-image-preview:large","max-video-preview":"max-video-preview:-1"},"canonical":"https:\/\/www.fullroom.ca\/fr\/shop\/sieges\/banc-dentree-double-par-jeffery-robert-fear-pour-kinetics\/","og_locale":"fr_FR","og_type":"article","og_title":"Banc d'entr\u00e9e double par Jeffery Robert Fear pour Kinetics - Full Room","og_description":"Ce banc rare a \u00e9t\u00e9 dessin\u00e9 dans les ann\u00e9es 1970 par Jeffery Robert Fear, consultant en design ayant contribu\u00e9 au d\u00e9veloppement de la ligne de mobilier corporatif du fabricant canadien Kinetics. \u00c0 la fois robuste et \u00e9l\u00e9gant, ce banc s'adapte autant aux espaces commerciaux qu\u2019aux int\u00e9rieurs r\u00e9sidentiels.  En excellente condition. La structure en acier a \u00e9t\u00e9 refinie professionnellement avec un rev\u00eatement en poudre (\"powder coating\") blanc cass\u00e9.","og_url":"https:\/\/www.fullroom.ca\/fr\/shop\/sieges\/banc-dentree-double-par-jeffery-robert-fear-pour-kinetics\/","og_site_name":"Full Room","article_modified_time":"2026-02-11T00:59:42+00:00","og_image":[{"width":732,"height":1024,"url":"https:\/\/www.fullroom.ca\/wp-content\/uploads\/2025\/09\/Banc-Bench-Kinetics-Vintage-FullRoom2950-732x1024.jpg","type":"image\/jpeg"}],"twitter_card":"summary_large_image","schema":{"@context":"https:\/\/schema.org","@graph":[{"@type":"WebPage","@id":"https:\/\/www.fullroom.ca\/fr\/shop\/sieges\/banc-dentree-double-par-jeffery-robert-fear-pour-kinetics\/","url":"https:\/\/www.fullroom.ca\/fr\/shop\/sieges\/banc-dentree-double-par-jeffery-robert-fear-pour-kinetics\/","name":"Banc d'entr\u00e9e double par Jeffery Robert Fear pour Kinetics - Full Room","isPartOf":{"@id":"https:\/\/fullroom.ca\/#website"},"primaryImageOfPage":{"@id":"https:\/\/www.fullroom.ca\/fr\/shop\/sieges\/banc-dentree-double-par-jeffery-robert-fear-pour-kinetics\/#primaryimage"},"image":{"@id":"https:\/\/www.fullroom.ca\/fr\/shop\/sieges\/banc-dentree-double-par-jeffery-robert-fear-pour-kinetics\/#primaryimage"},"thumbnailUrl":"https:\/\/www.fullroom.ca\/wp-content\/uploads\/2025\/09\/Banc-Bench-Kinetics-Vintage-FullRoom2950.jpg","datePublished":"2025-09-19T20:45:41+00:00","dateModified":"2026-02-11T00:59:42+00:00","breadcrumb":{"@id":"https:\/\/www.fullroom.ca\/fr\/shop\/sieges\/banc-dentree-double-par-jeffery-robert-fear-pour-kinetics\/#breadcrumb"},"inLanguage":"fr-FR","potentialAction":[{"@type":"ReadAction","target":["https:\/\/www.fullroom.ca\/fr\/shop\/sieges\/banc-dentree-double-par-jeffery-robert-fear-pour-kinetics\/"]}]},{"@type":"ImageObject","inLanguage":"fr-FR","@id":"https:\/\/www.fullroom.ca\/fr\/shop\/sieges\/banc-dentree-double-par-jeffery-robert-fear-pour-kinetics\/#primaryimage","url":"https:\/\/www.fullroom.ca\/wp-content\/uploads\/2025\/09\/Banc-Bench-Kinetics-Vintage-FullRoom2950.jpg","contentUrl":"https:\/\/www.fullroom.ca\/wp-content\/uploads\/2025\/09\/Banc-Bench-Kinetics-Vintage-FullRoom2950.jpg","width":1463,"height":2048},{"@type":"BreadcrumbList","@id":"https:\/\/www.fullroom.ca\/fr\/shop\/sieges\/banc-dentree-double-par-jeffery-robert-fear-pour-kinetics\/#breadcrumb","itemListElement":[{"@type":"ListItem","position":1,"name":"Home","item":"https:\/\/www.fullroom.ca\/fr\/"},{"@type":"ListItem","position":2,"name":"Boutique","item":"https:\/\/www.fullroom.ca\/"},{"@type":"ListItem","position":3,"name":"Banc d&#8217;entr\u00e9e double par Jeffery Robert Fear pour Kinetics"}]},{"@type":"WebSite","@id":"https:\/\/fullroom.ca\/#website","url":"https:\/\/fullroom.ca\/","name":"Full Room","description":"Preloved furniture standing the test of time","potentialAction":[{"@type":"SearchAction","target":{"@type":"EntryPoint","urlTemplate":"https:\/\/fullroom.ca\/?s={search_term_string}"},"query-input":{"@type":"PropertyValueSpecification","valueRequired":true,"valueName":"search_term_string"}}],"inLanguage":"fr-FR"}]}},"jetpack_sharing_enabled":true,"_links":{"self":[{"href":"https:\/\/www.fullroom.ca\/fr\/wp-json\/wp\/v2\/product\/5655","targetHints":{"allow":["GET"]}}],"collection":[{"href":"https:\/\/www.fullroom.ca\/fr\/wp-json\/wp\/v2\/product"}],"about":[{"href":"https:\/\/www.fullroom.ca\/fr\/wp-json\/wp\/v2\/types\/product"}],"wp:featuredmedia":[{"embeddable":true,"href":"https:\/\/www.fullroom.ca\/fr\/wp-json\/wp\/v2\/media\/5647"}],"wp:attachment":[{"href":"https:\/\/www.fullroom.ca\/fr\/wp-json\/wp\/v2\/media?parent=5655"}],"wp:term":[{"taxonomy":"product_brand","embeddable":true,"href":"https:\/\/www.fullroom.ca\/fr\/wp-json\/wp\/v2\/product_brand?post=5655"},{"taxonomy":"product_cat","embeddable":true,"href":"https:\/\/www.fullroom.ca\/fr\/wp-json\/wp\/v2\/product_cat?post=5655"},{"taxonomy":"product_tag","embeddable":true,"href":"https:\/\/www.fullroom.ca\/fr\/wp-json\/wp\/v2\/product_tag?post=5655"}],"curies":[{"name":"wp","href":"https:\/\/api.w.org\/{rel}","templated":true}]}}