{"id":5644,"date":"2025-10-15T18:12:40","date_gmt":"2025-10-15T23:12:40","guid":{"rendered":"https:\/\/www.fullroom.ca\/shop\/uncategorized\/chaise-spaghetti-par-giandomenico-belotti-pour-fly-line\/"},"modified":"2026-02-10T19:56:56","modified_gmt":"2026-02-11T00:56:56","slug":"chaise-spaghetti-par-giandomenico-belotti-pour-fly-line","status":"publish","type":"product","link":"https:\/\/www.fullroom.ca\/fr\/shop\/nouveautes\/chaise-spaghetti-par-giandomenico-belotti-pour-fly-line\/","title":{"rendered":"Chaise SPAGHETTI par Giandomenico Belotti pour Fly Line"},"content":{"rendered":"<div class=\"grid kcm\">\n<div class=\"grid__item one-whole portable--auto lap--auto palm--auto\" data-style=\"\"\/>\n<\/div>\n","protected":false},"excerpt":{"rendered":"<p>V\u00e9ritable classique du design italien postmoderne, la chaise Spaghetti a \u00e9t\u00e9 produite en plusieurs variantes par diff\u00e9rents fabricants. Cette version a \u00e9t\u00e9 con\u00e7ue par l&rsquo;architecte italien Giandomenico Belotti pour le manufacturier Fly Line. La rigueur formelle de la structure, associ\u00e9e \u00e0 la l\u00e9g\u00e8ret\u00e9 visuelle du cordon en PVC, cr\u00e9e un contraste saisissant. Plus de quarante ans apr\u00e8s leur lancement, ces chaises demeurent parfaitement adapt\u00e9es aux environnements contemporains.   <\/p>\n<p>En bonne condition vintage avec traces d&rsquo;usure minimes conformes \u00e0 l&rsquo;\u00e2ge et l&rsquo;usage.<\/p>\n","protected":false},"featured_media":5305,"template":"","meta":[],"product_brand":[],"product_cat":[201,204],"product_tag":[],"class_list":{"0":"post-5644","1":"product","2":"type-product","3":"status-publish","4":"has-post-thumbnail","6":"product_cat-nouveautes","7":"product_cat-sieges","9":"first","10":"instock","11":"taxable","12":"shipping-taxable","13":"purchasable","14":"product-type-simple"},"acf":[],"yoast_head":"<!-- This site is optimized with the Yoast SEO plugin v23.4 - https:\/\/yoast.com\/wordpress\/plugins\/seo\/ -->\n<title>Chaise SPAGHETTI par Giandomenico Belotti pour Fly Line - Full Room<\/title>\n<meta name=\"robots\" content=\"index, follow, max-snippet:-1, max-image-preview:large, max-video-preview:-1\" \/>\n<link rel=\"canonical\" href=\"https:\/\/www.fullroom.ca\/fr\/shop\/nouveautes\/chaise-spaghetti-par-giandomenico-belotti-pour-fly-line\/\" \/>\n<meta property=\"og:locale\" content=\"fr_FR\" \/>\n<meta property=\"og:type\" content=\"article\" \/>\n<meta property=\"og:title\" content=\"Chaise SPAGHETTI par Giandomenico Belotti pour Fly Line - Full Room\" \/>\n<meta property=\"og:description\" content=\"V\u00e9ritable classique du design italien postmoderne, la chaise Spaghetti a \u00e9t\u00e9 produite en plusieurs variantes par diff\u00e9rents fabricants. Cette version a \u00e9t\u00e9 con\u00e7ue par l&#039;architecte italien Giandomenico Belotti pour le manufacturier Fly Line. La rigueur formelle de la structure, associ\u00e9e \u00e0 la l\u00e9g\u00e8ret\u00e9 visuelle du cordon en PVC, cr\u00e9e un contraste saisissant. Plus de quarante ans apr\u00e8s leur lancement, ces chaises demeurent parfaitement adapt\u00e9es aux environnements contemporains.   En bonne condition vintage avec traces d&#039;usure minimes conformes \u00e0 l&#039;\u00e2ge et l&#039;usage.\" \/>\n<meta property=\"og:url\" content=\"https:\/\/www.fullroom.ca\/fr\/shop\/nouveautes\/chaise-spaghetti-par-giandomenico-belotti-pour-fly-line\/\" \/>\n<meta property=\"og:site_name\" content=\"Full Room\" \/>\n<meta property=\"article:modified_time\" content=\"2026-02-11T00:56:56+00:00\" \/>\n<meta property=\"og:image\" content=\"https:\/\/www.fullroom.ca\/wp-content\/uploads\/2025\/10\/Spaghetti-chair-Flyline-Giandomenico-Belotti-FullRoom2120-732x1024.jpg\" \/>\n\t<meta property=\"og:image:width\" content=\"732\" \/>\n\t<meta property=\"og:image:height\" content=\"1024\" \/>\n\t<meta property=\"og:image:type\" content=\"image\/jpeg\" \/>\n<meta name=\"twitter:card\" content=\"summary_large_image\" \/>\n<script type=\"application\/ld+json\" class=\"yoast-schema-graph\">{\"@context\":\"https:\/\/schema.org\",\"@graph\":[{\"@type\":\"WebPage\",\"@id\":\"https:\/\/www.fullroom.ca\/fr\/shop\/nouveautes\/chaise-spaghetti-par-giandomenico-belotti-pour-fly-line\/\",\"url\":\"https:\/\/www.fullroom.ca\/fr\/shop\/nouveautes\/chaise-spaghetti-par-giandomenico-belotti-pour-fly-line\/\",\"name\":\"Chaise SPAGHETTI par Giandomenico Belotti pour Fly Line - Full Room\",\"isPartOf\":{\"@id\":\"https:\/\/fullroom.ca\/#website\"},\"primaryImageOfPage\":{\"@id\":\"https:\/\/www.fullroom.ca\/fr\/shop\/nouveautes\/chaise-spaghetti-par-giandomenico-belotti-pour-fly-line\/#primaryimage\"},\"image\":{\"@id\":\"https:\/\/www.fullroom.ca\/fr\/shop\/nouveautes\/chaise-spaghetti-par-giandomenico-belotti-pour-fly-line\/#primaryimage\"},\"thumbnailUrl\":\"https:\/\/www.fullroom.ca\/wp-content\/uploads\/2025\/10\/Spaghetti-chair-Flyline-Giandomenico-Belotti-FullRoom2120.jpg\",\"datePublished\":\"2025-10-15T23:12:40+00:00\",\"dateModified\":\"2026-02-11T00:56:56+00:00\",\"breadcrumb\":{\"@id\":\"https:\/\/www.fullroom.ca\/fr\/shop\/nouveautes\/chaise-spaghetti-par-giandomenico-belotti-pour-fly-line\/#breadcrumb\"},\"inLanguage\":\"fr-FR\",\"potentialAction\":[{\"@type\":\"ReadAction\",\"target\":[\"https:\/\/www.fullroom.ca\/fr\/shop\/nouveautes\/chaise-spaghetti-par-giandomenico-belotti-pour-fly-line\/\"]}]},{\"@type\":\"ImageObject\",\"inLanguage\":\"fr-FR\",\"@id\":\"https:\/\/www.fullroom.ca\/fr\/shop\/nouveautes\/chaise-spaghetti-par-giandomenico-belotti-pour-fly-line\/#primaryimage\",\"url\":\"https:\/\/www.fullroom.ca\/wp-content\/uploads\/2025\/10\/Spaghetti-chair-Flyline-Giandomenico-Belotti-FullRoom2120.jpg\",\"contentUrl\":\"https:\/\/www.fullroom.ca\/wp-content\/uploads\/2025\/10\/Spaghetti-chair-Flyline-Giandomenico-Belotti-FullRoom2120.jpg\",\"width\":1463,\"height\":2048},{\"@type\":\"BreadcrumbList\",\"@id\":\"https:\/\/www.fullroom.ca\/fr\/shop\/nouveautes\/chaise-spaghetti-par-giandomenico-belotti-pour-fly-line\/#breadcrumb\",\"itemListElement\":[{\"@type\":\"ListItem\",\"position\":1,\"name\":\"Home\",\"item\":\"https:\/\/www.fullroom.ca\/fr\/\"},{\"@type\":\"ListItem\",\"position\":2,\"name\":\"Boutique\",\"item\":\"https:\/\/www.fullroom.ca\/\"},{\"@type\":\"ListItem\",\"position\":3,\"name\":\"Chaise SPAGHETTI par Giandomenico Belotti pour Fly Line\"}]},{\"@type\":\"WebSite\",\"@id\":\"https:\/\/fullroom.ca\/#website\",\"url\":\"https:\/\/fullroom.ca\/\",\"name\":\"Full Room\",\"description\":\"Preloved furniture standing the test of time\",\"potentialAction\":[{\"@type\":\"SearchAction\",\"target\":{\"@type\":\"EntryPoint\",\"urlTemplate\":\"https:\/\/fullroom.ca\/?s={search_term_string}\"},\"query-input\":{\"@type\":\"PropertyValueSpecification\",\"valueRequired\":true,\"valueName\":\"search_term_string\"}}],\"inLanguage\":\"fr-FR\"}]}<\/script>\n<!-- \/ Yoast SEO plugin. -->","yoast_head_json":{"title":"Chaise SPAGHETTI par Giandomenico Belotti pour Fly Line - Full Room","robots":{"index":"index","follow":"follow","max-snippet":"max-snippet:-1","max-image-preview":"max-image-preview:large","max-video-preview":"max-video-preview:-1"},"canonical":"https:\/\/www.fullroom.ca\/fr\/shop\/nouveautes\/chaise-spaghetti-par-giandomenico-belotti-pour-fly-line\/","og_locale":"fr_FR","og_type":"article","og_title":"Chaise SPAGHETTI par Giandomenico Belotti pour Fly Line - Full Room","og_description":"V\u00e9ritable classique du design italien postmoderne, la chaise Spaghetti a \u00e9t\u00e9 produite en plusieurs variantes par diff\u00e9rents fabricants. Cette version a \u00e9t\u00e9 con\u00e7ue par l'architecte italien Giandomenico Belotti pour le manufacturier Fly Line. La rigueur formelle de la structure, associ\u00e9e \u00e0 la l\u00e9g\u00e8ret\u00e9 visuelle du cordon en PVC, cr\u00e9e un contraste saisissant. Plus de quarante ans apr\u00e8s leur lancement, ces chaises demeurent parfaitement adapt\u00e9es aux environnements contemporains.   En bonne condition vintage avec traces d'usure minimes conformes \u00e0 l'\u00e2ge et l'usage.","og_url":"https:\/\/www.fullroom.ca\/fr\/shop\/nouveautes\/chaise-spaghetti-par-giandomenico-belotti-pour-fly-line\/","og_site_name":"Full Room","article_modified_time":"2026-02-11T00:56:56+00:00","og_image":[{"width":732,"height":1024,"url":"https:\/\/www.fullroom.ca\/wp-content\/uploads\/2025\/10\/Spaghetti-chair-Flyline-Giandomenico-Belotti-FullRoom2120-732x1024.jpg","type":"image\/jpeg"}],"twitter_card":"summary_large_image","schema":{"@context":"https:\/\/schema.org","@graph":[{"@type":"WebPage","@id":"https:\/\/www.fullroom.ca\/fr\/shop\/nouveautes\/chaise-spaghetti-par-giandomenico-belotti-pour-fly-line\/","url":"https:\/\/www.fullroom.ca\/fr\/shop\/nouveautes\/chaise-spaghetti-par-giandomenico-belotti-pour-fly-line\/","name":"Chaise SPAGHETTI par Giandomenico Belotti pour Fly Line - Full Room","isPartOf":{"@id":"https:\/\/fullroom.ca\/#website"},"primaryImageOfPage":{"@id":"https:\/\/www.fullroom.ca\/fr\/shop\/nouveautes\/chaise-spaghetti-par-giandomenico-belotti-pour-fly-line\/#primaryimage"},"image":{"@id":"https:\/\/www.fullroom.ca\/fr\/shop\/nouveautes\/chaise-spaghetti-par-giandomenico-belotti-pour-fly-line\/#primaryimage"},"thumbnailUrl":"https:\/\/www.fullroom.ca\/wp-content\/uploads\/2025\/10\/Spaghetti-chair-Flyline-Giandomenico-Belotti-FullRoom2120.jpg","datePublished":"2025-10-15T23:12:40+00:00","dateModified":"2026-02-11T00:56:56+00:00","breadcrumb":{"@id":"https:\/\/www.fullroom.ca\/fr\/shop\/nouveautes\/chaise-spaghetti-par-giandomenico-belotti-pour-fly-line\/#breadcrumb"},"inLanguage":"fr-FR","potentialAction":[{"@type":"ReadAction","target":["https:\/\/www.fullroom.ca\/fr\/shop\/nouveautes\/chaise-spaghetti-par-giandomenico-belotti-pour-fly-line\/"]}]},{"@type":"ImageObject","inLanguage":"fr-FR","@id":"https:\/\/www.fullroom.ca\/fr\/shop\/nouveautes\/chaise-spaghetti-par-giandomenico-belotti-pour-fly-line\/#primaryimage","url":"https:\/\/www.fullroom.ca\/wp-content\/uploads\/2025\/10\/Spaghetti-chair-Flyline-Giandomenico-Belotti-FullRoom2120.jpg","contentUrl":"https:\/\/www.fullroom.ca\/wp-content\/uploads\/2025\/10\/Spaghetti-chair-Flyline-Giandomenico-Belotti-FullRoom2120.jpg","width":1463,"height":2048},{"@type":"BreadcrumbList","@id":"https:\/\/www.fullroom.ca\/fr\/shop\/nouveautes\/chaise-spaghetti-par-giandomenico-belotti-pour-fly-line\/#breadcrumb","itemListElement":[{"@type":"ListItem","position":1,"name":"Home","item":"https:\/\/www.fullroom.ca\/fr\/"},{"@type":"ListItem","position":2,"name":"Boutique","item":"https:\/\/www.fullroom.ca\/"},{"@type":"ListItem","position":3,"name":"Chaise SPAGHETTI par Giandomenico Belotti pour Fly Line"}]},{"@type":"WebSite","@id":"https:\/\/fullroom.ca\/#website","url":"https:\/\/fullroom.ca\/","name":"Full Room","description":"Preloved furniture standing the test of time","potentialAction":[{"@type":"SearchAction","target":{"@type":"EntryPoint","urlTemplate":"https:\/\/fullroom.ca\/?s={search_term_string}"},"query-input":{"@type":"PropertyValueSpecification","valueRequired":true,"valueName":"search_term_string"}}],"inLanguage":"fr-FR"}]}},"jetpack_sharing_enabled":true,"_links":{"self":[{"href":"https:\/\/www.fullroom.ca\/fr\/wp-json\/wp\/v2\/product\/5644","targetHints":{"allow":["GET"]}}],"collection":[{"href":"https:\/\/www.fullroom.ca\/fr\/wp-json\/wp\/v2\/product"}],"about":[{"href":"https:\/\/www.fullroom.ca\/fr\/wp-json\/wp\/v2\/types\/product"}],"wp:featuredmedia":[{"embeddable":true,"href":"https:\/\/www.fullroom.ca\/fr\/wp-json\/wp\/v2\/media\/5305"}],"wp:attachment":[{"href":"https:\/\/www.fullroom.ca\/fr\/wp-json\/wp\/v2\/media?parent=5644"}],"wp:term":[{"taxonomy":"product_brand","embeddable":true,"href":"https:\/\/www.fullroom.ca\/fr\/wp-json\/wp\/v2\/product_brand?post=5644"},{"taxonomy":"product_cat","embeddable":true,"href":"https:\/\/www.fullroom.ca\/fr\/wp-json\/wp\/v2\/product_cat?post=5644"},{"taxonomy":"product_tag","embeddable":true,"href":"https:\/\/www.fullroom.ca\/fr\/wp-json\/wp\/v2\/product_tag?post=5644"}],"curies":[{"name":"wp","href":"https:\/\/api.w.org\/{rel}","templated":true}]}}