{"id":5629,"date":"2025-10-15T18:52:22","date_gmt":"2025-10-15T23:52:22","guid":{"rendered":"https:\/\/www.fullroom.ca\/shop\/uncategorized\/lampe-sur-pied-spot-par-nordlux\/"},"modified":"2026-02-10T19:50:56","modified_gmt":"2026-02-11T00:50:56","slug":"lampe-sur-pied-spot-par-nordlux","status":"publish","type":"product","link":"https:\/\/www.fullroom.ca\/fr\/shop\/archives\/lampe-sur-pied-spot-par-nordlux\/","title":{"rendered":"Lampe sur pied SPOT par Nordlux"},"content":{"rendered":"<div class=\"grid kcm\">\n<div class=\"grid__item one-whole portable--auto lap--auto palm--auto\" data-style=\"\"\/>\n<\/div>\n","protected":false},"excerpt":{"rendered":"<p>Cette petite lampe de sol est un mod\u00e8le de la marque danoise Nordlux, fond\u00e9e en 1977. Sa hauteur est r\u00e9glable jusqu\u2019\u00e0 47 po, ce qui en fait un mod\u00e8le hybride entre une lampe de bureau et une lampe sur pied. La t\u00eate, de style projecteur, peut \u00eatre orient\u00e9e et inclin\u00e9e selon les besoins d\u2019\u00e9clairage.  <\/p>\n<p>En bonne condition vintage avec traces d&rsquo;usure minimes conformes \u00e0 l&rsquo;\u00e2ge et l&rsquo;usage.<\/p>\n","protected":false},"featured_media":5621,"template":"","meta":[],"product_brand":[],"product_cat":[207],"product_tag":[],"class_list":{"0":"post-5629","1":"product","2":"type-product","3":"status-publish","4":"has-post-thumbnail","6":"product_cat-archives","8":"first","9":"outofstock","10":"taxable","11":"shipping-taxable","12":"product-type-simple"},"acf":[],"yoast_head":"<!-- This site is optimized with the Yoast SEO plugin v23.4 - https:\/\/yoast.com\/wordpress\/plugins\/seo\/ -->\n<title>Lampe sur pied SPOT par Nordlux - Full Room<\/title>\n<meta name=\"robots\" content=\"index, follow, max-snippet:-1, max-image-preview:large, max-video-preview:-1\" \/>\n<link rel=\"canonical\" href=\"https:\/\/www.fullroom.ca\/fr\/shop\/archives\/lampe-sur-pied-spot-par-nordlux\/\" \/>\n<meta property=\"og:locale\" content=\"fr_FR\" \/>\n<meta property=\"og:type\" content=\"article\" \/>\n<meta property=\"og:title\" content=\"Lampe sur pied SPOT par Nordlux - Full Room\" \/>\n<meta property=\"og:description\" content=\"Cette petite lampe de sol est un mod\u00e8le de la marque danoise Nordlux, fond\u00e9e en 1977. Sa hauteur est r\u00e9glable jusqu\u2019\u00e0 47 po, ce qui en fait un mod\u00e8le hybride entre une lampe de bureau et une lampe sur pied. La t\u00eate, de style projecteur, peut \u00eatre orient\u00e9e et inclin\u00e9e selon les besoins d\u2019\u00e9clairage.  En bonne condition vintage avec traces d&#039;usure minimes conformes \u00e0 l&#039;\u00e2ge et l&#039;usage.\" \/>\n<meta property=\"og:url\" content=\"https:\/\/www.fullroom.ca\/fr\/shop\/archives\/lampe-sur-pied-spot-par-nordlux\/\" \/>\n<meta property=\"og:site_name\" content=\"Full Room\" \/>\n<meta property=\"article:modified_time\" content=\"2026-02-11T00:50:56+00:00\" \/>\n<meta property=\"og:image\" content=\"https:\/\/www.fullroom.ca\/wp-content\/uploads\/2025\/10\/Nordlux-Floor-Lamp-MCM-Vintage-FullRoom1308.jpg\" \/>\n\t<meta property=\"og:image:width\" content=\"1463\" \/>\n\t<meta property=\"og:image:height\" content=\"2048\" \/>\n\t<meta property=\"og:image:type\" content=\"image\/jpeg\" \/>\n<meta name=\"twitter:card\" content=\"summary_large_image\" \/>\n<script type=\"application\/ld+json\" class=\"yoast-schema-graph\">{\"@context\":\"https:\/\/schema.org\",\"@graph\":[{\"@type\":\"WebPage\",\"@id\":\"https:\/\/www.fullroom.ca\/fr\/shop\/archives\/lampe-sur-pied-spot-par-nordlux\/\",\"url\":\"https:\/\/www.fullroom.ca\/fr\/shop\/archives\/lampe-sur-pied-spot-par-nordlux\/\",\"name\":\"Lampe sur pied SPOT par Nordlux - Full Room\",\"isPartOf\":{\"@id\":\"https:\/\/fullroom.ca\/#website\"},\"primaryImageOfPage\":{\"@id\":\"https:\/\/www.fullroom.ca\/fr\/shop\/archives\/lampe-sur-pied-spot-par-nordlux\/#primaryimage\"},\"image\":{\"@id\":\"https:\/\/www.fullroom.ca\/fr\/shop\/archives\/lampe-sur-pied-spot-par-nordlux\/#primaryimage\"},\"thumbnailUrl\":\"https:\/\/www.fullroom.ca\/wp-content\/uploads\/2025\/10\/Nordlux-Floor-Lamp-MCM-Vintage-FullRoom1308.jpg\",\"datePublished\":\"2025-10-15T23:52:22+00:00\",\"dateModified\":\"2026-02-11T00:50:56+00:00\",\"breadcrumb\":{\"@id\":\"https:\/\/www.fullroom.ca\/fr\/shop\/archives\/lampe-sur-pied-spot-par-nordlux\/#breadcrumb\"},\"inLanguage\":\"fr-FR\",\"potentialAction\":[{\"@type\":\"ReadAction\",\"target\":[\"https:\/\/www.fullroom.ca\/fr\/shop\/archives\/lampe-sur-pied-spot-par-nordlux\/\"]}]},{\"@type\":\"ImageObject\",\"inLanguage\":\"fr-FR\",\"@id\":\"https:\/\/www.fullroom.ca\/fr\/shop\/archives\/lampe-sur-pied-spot-par-nordlux\/#primaryimage\",\"url\":\"https:\/\/www.fullroom.ca\/wp-content\/uploads\/2025\/10\/Nordlux-Floor-Lamp-MCM-Vintage-FullRoom1308.jpg\",\"contentUrl\":\"https:\/\/www.fullroom.ca\/wp-content\/uploads\/2025\/10\/Nordlux-Floor-Lamp-MCM-Vintage-FullRoom1308.jpg\",\"width\":1463,\"height\":2048},{\"@type\":\"BreadcrumbList\",\"@id\":\"https:\/\/www.fullroom.ca\/fr\/shop\/archives\/lampe-sur-pied-spot-par-nordlux\/#breadcrumb\",\"itemListElement\":[{\"@type\":\"ListItem\",\"position\":1,\"name\":\"Home\",\"item\":\"https:\/\/www.fullroom.ca\/fr\/\"},{\"@type\":\"ListItem\",\"position\":2,\"name\":\"Boutique\",\"item\":\"https:\/\/www.fullroom.ca\/\"},{\"@type\":\"ListItem\",\"position\":3,\"name\":\"Lampe sur pied SPOT par Nordlux\"}]},{\"@type\":\"WebSite\",\"@id\":\"https:\/\/fullroom.ca\/#website\",\"url\":\"https:\/\/fullroom.ca\/\",\"name\":\"Full Room\",\"description\":\"Preloved furniture standing the test of time\",\"potentialAction\":[{\"@type\":\"SearchAction\",\"target\":{\"@type\":\"EntryPoint\",\"urlTemplate\":\"https:\/\/fullroom.ca\/?s={search_term_string}\"},\"query-input\":{\"@type\":\"PropertyValueSpecification\",\"valueRequired\":true,\"valueName\":\"search_term_string\"}}],\"inLanguage\":\"fr-FR\"}]}<\/script>\n<!-- \/ Yoast SEO plugin. -->","yoast_head_json":{"title":"Lampe sur pied SPOT par Nordlux - Full Room","robots":{"index":"index","follow":"follow","max-snippet":"max-snippet:-1","max-image-preview":"max-image-preview:large","max-video-preview":"max-video-preview:-1"},"canonical":"https:\/\/www.fullroom.ca\/fr\/shop\/archives\/lampe-sur-pied-spot-par-nordlux\/","og_locale":"fr_FR","og_type":"article","og_title":"Lampe sur pied SPOT par Nordlux - Full Room","og_description":"Cette petite lampe de sol est un mod\u00e8le de la marque danoise Nordlux, fond\u00e9e en 1977. Sa hauteur est r\u00e9glable jusqu\u2019\u00e0 47 po, ce qui en fait un mod\u00e8le hybride entre une lampe de bureau et une lampe sur pied. La t\u00eate, de style projecteur, peut \u00eatre orient\u00e9e et inclin\u00e9e selon les besoins d\u2019\u00e9clairage.  En bonne condition vintage avec traces d'usure minimes conformes \u00e0 l'\u00e2ge et l'usage.","og_url":"https:\/\/www.fullroom.ca\/fr\/shop\/archives\/lampe-sur-pied-spot-par-nordlux\/","og_site_name":"Full Room","article_modified_time":"2026-02-11T00:50:56+00:00","og_image":[{"width":1463,"height":2048,"url":"https:\/\/www.fullroom.ca\/wp-content\/uploads\/2025\/10\/Nordlux-Floor-Lamp-MCM-Vintage-FullRoom1308.jpg","type":"image\/jpeg"}],"twitter_card":"summary_large_image","schema":{"@context":"https:\/\/schema.org","@graph":[{"@type":"WebPage","@id":"https:\/\/www.fullroom.ca\/fr\/shop\/archives\/lampe-sur-pied-spot-par-nordlux\/","url":"https:\/\/www.fullroom.ca\/fr\/shop\/archives\/lampe-sur-pied-spot-par-nordlux\/","name":"Lampe sur pied SPOT par Nordlux - Full Room","isPartOf":{"@id":"https:\/\/fullroom.ca\/#website"},"primaryImageOfPage":{"@id":"https:\/\/www.fullroom.ca\/fr\/shop\/archives\/lampe-sur-pied-spot-par-nordlux\/#primaryimage"},"image":{"@id":"https:\/\/www.fullroom.ca\/fr\/shop\/archives\/lampe-sur-pied-spot-par-nordlux\/#primaryimage"},"thumbnailUrl":"https:\/\/www.fullroom.ca\/wp-content\/uploads\/2025\/10\/Nordlux-Floor-Lamp-MCM-Vintage-FullRoom1308.jpg","datePublished":"2025-10-15T23:52:22+00:00","dateModified":"2026-02-11T00:50:56+00:00","breadcrumb":{"@id":"https:\/\/www.fullroom.ca\/fr\/shop\/archives\/lampe-sur-pied-spot-par-nordlux\/#breadcrumb"},"inLanguage":"fr-FR","potentialAction":[{"@type":"ReadAction","target":["https:\/\/www.fullroom.ca\/fr\/shop\/archives\/lampe-sur-pied-spot-par-nordlux\/"]}]},{"@type":"ImageObject","inLanguage":"fr-FR","@id":"https:\/\/www.fullroom.ca\/fr\/shop\/archives\/lampe-sur-pied-spot-par-nordlux\/#primaryimage","url":"https:\/\/www.fullroom.ca\/wp-content\/uploads\/2025\/10\/Nordlux-Floor-Lamp-MCM-Vintage-FullRoom1308.jpg","contentUrl":"https:\/\/www.fullroom.ca\/wp-content\/uploads\/2025\/10\/Nordlux-Floor-Lamp-MCM-Vintage-FullRoom1308.jpg","width":1463,"height":2048},{"@type":"BreadcrumbList","@id":"https:\/\/www.fullroom.ca\/fr\/shop\/archives\/lampe-sur-pied-spot-par-nordlux\/#breadcrumb","itemListElement":[{"@type":"ListItem","position":1,"name":"Home","item":"https:\/\/www.fullroom.ca\/fr\/"},{"@type":"ListItem","position":2,"name":"Boutique","item":"https:\/\/www.fullroom.ca\/"},{"@type":"ListItem","position":3,"name":"Lampe sur pied SPOT par Nordlux"}]},{"@type":"WebSite","@id":"https:\/\/fullroom.ca\/#website","url":"https:\/\/fullroom.ca\/","name":"Full Room","description":"Preloved furniture standing the test of time","potentialAction":[{"@type":"SearchAction","target":{"@type":"EntryPoint","urlTemplate":"https:\/\/fullroom.ca\/?s={search_term_string}"},"query-input":{"@type":"PropertyValueSpecification","valueRequired":true,"valueName":"search_term_string"}}],"inLanguage":"fr-FR"}]}},"jetpack_sharing_enabled":true,"_links":{"self":[{"href":"https:\/\/www.fullroom.ca\/fr\/wp-json\/wp\/v2\/product\/5629","targetHints":{"allow":["GET"]}}],"collection":[{"href":"https:\/\/www.fullroom.ca\/fr\/wp-json\/wp\/v2\/product"}],"about":[{"href":"https:\/\/www.fullroom.ca\/fr\/wp-json\/wp\/v2\/types\/product"}],"wp:featuredmedia":[{"embeddable":true,"href":"https:\/\/www.fullroom.ca\/fr\/wp-json\/wp\/v2\/media\/5621"}],"wp:attachment":[{"href":"https:\/\/www.fullroom.ca\/fr\/wp-json\/wp\/v2\/media?parent=5629"}],"wp:term":[{"taxonomy":"product_brand","embeddable":true,"href":"https:\/\/www.fullroom.ca\/fr\/wp-json\/wp\/v2\/product_brand?post=5629"},{"taxonomy":"product_cat","embeddable":true,"href":"https:\/\/www.fullroom.ca\/fr\/wp-json\/wp\/v2\/product_cat?post=5629"},{"taxonomy":"product_tag","embeddable":true,"href":"https:\/\/www.fullroom.ca\/fr\/wp-json\/wp\/v2\/product_tag?post=5629"}],"curies":[{"name":"wp","href":"https:\/\/api.w.org\/{rel}","templated":true}]}}