{"id":5616,"date":"2025-10-15T19:11:41","date_gmt":"2025-10-16T00:11:41","guid":{"rendered":"https:\/\/www.fullroom.ca\/shop\/uncategorized\/lampe-de-table-meridiana-par-paolo-piva-pour-stefano-cevoli\/"},"modified":"2026-02-10T19:41:25","modified_gmt":"2026-02-11T00:41:25","slug":"lampe-de-table-meridiana-par-paolo-piva-pour-stefano-cevoli","status":"publish","type":"product","link":"https:\/\/www.fullroom.ca\/fr\/shop\/luminaires\/lampe-de-table-meridiana-par-paolo-piva-pour-stefano-cevoli\/","title":{"rendered":"Lampe de table MERIDIANA par Paolo Piva pour Stefano Cevoli"},"content":{"rendered":"<div class=\"grid kcm\">\n<div class=\"grid__item one-whole portable--auto lap--auto palm--auto\" data-style=\"\"\/>\n<\/div>\n","protected":false},"excerpt":{"rendered":"<p>V\u00e9ritable ic\u00f4ne du design italien de l\u2019\u00e8re postmoderne, la collection Meridiana a \u00e9t\u00e9 dessin\u00e9e par l\u2019architecte italien Paolo Piva pour l\u2019\u00e9diteur de luminaires Stefano Cevoli. Ce luminaire \u00e0 la finition noire mate textur\u00e9e peut \u00eatre inclin\u00e9 sur pr\u00e8s de 180 degr\u00e9s autour de l\u2019axe central fixe de la base, tandis que la t\u00eate est orientable \u00e0 360 degr\u00e9s pour r\u00e9pondre \u00e0 diff\u00e9rents besoins d\u2019\u00e9clairage. Ce luminaire \u00e0 la finition noire mate textur\u00e9e peut \u00eatre inclin\u00e9 sur pr\u00e8s de 180 degr\u00e9s autour de l\u2019axe central fixe de la base, tandis que la t\u00eate est orientable \u00e0 360 degr\u00e9s pour r\u00e9pondre \u00e0 diff\u00e9rents besoins d\u2019\u00e9clairage.<\/p>\n<p>En excellente condition.<\/p>\n<p>&nbsp;<\/p>\n","protected":false},"featured_media":5608,"template":"","meta":[],"product_brand":[],"product_cat":[202],"product_tag":[],"class_list":{"0":"post-5616","1":"product","2":"type-product","3":"status-publish","4":"has-post-thumbnail","6":"product_cat-luminaires","8":"first","9":"instock","10":"taxable","11":"shipping-taxable","12":"purchasable","13":"product-type-simple"},"acf":[],"yoast_head":"<!-- This site is optimized with the Yoast SEO plugin v23.4 - https:\/\/yoast.com\/wordpress\/plugins\/seo\/ -->\n<title>Lampe de table MERIDIANA par Paolo Piva pour Stefano Cevoli - Full Room<\/title>\n<meta name=\"robots\" content=\"index, follow, max-snippet:-1, max-image-preview:large, max-video-preview:-1\" \/>\n<link rel=\"canonical\" href=\"https:\/\/www.fullroom.ca\/fr\/shop\/luminaires\/lampe-de-table-meridiana-par-paolo-piva-pour-stefano-cevoli\/\" \/>\n<meta property=\"og:locale\" content=\"fr_FR\" \/>\n<meta property=\"og:type\" content=\"article\" \/>\n<meta property=\"og:title\" content=\"Lampe de table MERIDIANA par Paolo Piva pour Stefano Cevoli - Full Room\" \/>\n<meta property=\"og:description\" content=\"V\u00e9ritable ic\u00f4ne du design italien de l\u2019\u00e8re postmoderne, la collection Meridiana a \u00e9t\u00e9 dessin\u00e9e par l\u2019architecte italien Paolo Piva pour l\u2019\u00e9diteur de luminaires Stefano Cevoli. Ce luminaire \u00e0 la finition noire mate textur\u00e9e peut \u00eatre inclin\u00e9 sur pr\u00e8s de 180 degr\u00e9s autour de l\u2019axe central fixe de la base, tandis que la t\u00eate est orientable \u00e0 360 degr\u00e9s pour r\u00e9pondre \u00e0 diff\u00e9rents besoins d\u2019\u00e9clairage. Ce luminaire \u00e0 la finition noire mate textur\u00e9e peut \u00eatre inclin\u00e9 sur pr\u00e8s de 180 degr\u00e9s autour de l\u2019axe central fixe de la base, tandis que la t\u00eate est orientable \u00e0 360 degr\u00e9s pour r\u00e9pondre \u00e0 diff\u00e9rents besoins d\u2019\u00e9clairage. En excellente condition. &nbsp;\" \/>\n<meta property=\"og:url\" content=\"https:\/\/www.fullroom.ca\/fr\/shop\/luminaires\/lampe-de-table-meridiana-par-paolo-piva-pour-stefano-cevoli\/\" \/>\n<meta property=\"og:site_name\" content=\"Full Room\" \/>\n<meta property=\"article:modified_time\" content=\"2026-02-11T00:41:25+00:00\" \/>\n<meta property=\"og:image\" content=\"https:\/\/www.fullroom.ca\/wp-content\/uploads\/2025\/10\/Meridiana-Paolo-Piva-Stefano-Cevoli-FullRoom4122.jpg\" \/>\n\t<meta property=\"og:image:width\" content=\"1463\" \/>\n\t<meta property=\"og:image:height\" content=\"2048\" \/>\n\t<meta property=\"og:image:type\" content=\"image\/jpeg\" \/>\n<meta name=\"twitter:card\" content=\"summary_large_image\" \/>\n<script type=\"application\/ld+json\" class=\"yoast-schema-graph\">{\"@context\":\"https:\/\/schema.org\",\"@graph\":[{\"@type\":\"WebPage\",\"@id\":\"https:\/\/www.fullroom.ca\/fr\/shop\/luminaires\/lampe-de-table-meridiana-par-paolo-piva-pour-stefano-cevoli\/\",\"url\":\"https:\/\/www.fullroom.ca\/fr\/shop\/luminaires\/lampe-de-table-meridiana-par-paolo-piva-pour-stefano-cevoli\/\",\"name\":\"Lampe de table MERIDIANA par Paolo Piva pour Stefano Cevoli - Full Room\",\"isPartOf\":{\"@id\":\"https:\/\/fullroom.ca\/#website\"},\"primaryImageOfPage\":{\"@id\":\"https:\/\/www.fullroom.ca\/fr\/shop\/luminaires\/lampe-de-table-meridiana-par-paolo-piva-pour-stefano-cevoli\/#primaryimage\"},\"image\":{\"@id\":\"https:\/\/www.fullroom.ca\/fr\/shop\/luminaires\/lampe-de-table-meridiana-par-paolo-piva-pour-stefano-cevoli\/#primaryimage\"},\"thumbnailUrl\":\"https:\/\/www.fullroom.ca\/wp-content\/uploads\/2025\/10\/Meridiana-Paolo-Piva-Stefano-Cevoli-FullRoom4122.jpg\",\"datePublished\":\"2025-10-16T00:11:41+00:00\",\"dateModified\":\"2026-02-11T00:41:25+00:00\",\"breadcrumb\":{\"@id\":\"https:\/\/www.fullroom.ca\/fr\/shop\/luminaires\/lampe-de-table-meridiana-par-paolo-piva-pour-stefano-cevoli\/#breadcrumb\"},\"inLanguage\":\"fr-FR\",\"potentialAction\":[{\"@type\":\"ReadAction\",\"target\":[\"https:\/\/www.fullroom.ca\/fr\/shop\/luminaires\/lampe-de-table-meridiana-par-paolo-piva-pour-stefano-cevoli\/\"]}]},{\"@type\":\"ImageObject\",\"inLanguage\":\"fr-FR\",\"@id\":\"https:\/\/www.fullroom.ca\/fr\/shop\/luminaires\/lampe-de-table-meridiana-par-paolo-piva-pour-stefano-cevoli\/#primaryimage\",\"url\":\"https:\/\/www.fullroom.ca\/wp-content\/uploads\/2025\/10\/Meridiana-Paolo-Piva-Stefano-Cevoli-FullRoom4122.jpg\",\"contentUrl\":\"https:\/\/www.fullroom.ca\/wp-content\/uploads\/2025\/10\/Meridiana-Paolo-Piva-Stefano-Cevoli-FullRoom4122.jpg\",\"width\":1463,\"height\":2048},{\"@type\":\"BreadcrumbList\",\"@id\":\"https:\/\/www.fullroom.ca\/fr\/shop\/luminaires\/lampe-de-table-meridiana-par-paolo-piva-pour-stefano-cevoli\/#breadcrumb\",\"itemListElement\":[{\"@type\":\"ListItem\",\"position\":1,\"name\":\"Home\",\"item\":\"https:\/\/www.fullroom.ca\/fr\/\"},{\"@type\":\"ListItem\",\"position\":2,\"name\":\"Boutique\",\"item\":\"https:\/\/www.fullroom.ca\/\"},{\"@type\":\"ListItem\",\"position\":3,\"name\":\"Lampe de table MERIDIANA par Paolo Piva pour Stefano Cevoli\"}]},{\"@type\":\"WebSite\",\"@id\":\"https:\/\/fullroom.ca\/#website\",\"url\":\"https:\/\/fullroom.ca\/\",\"name\":\"Full Room\",\"description\":\"Preloved furniture standing the test of time\",\"potentialAction\":[{\"@type\":\"SearchAction\",\"target\":{\"@type\":\"EntryPoint\",\"urlTemplate\":\"https:\/\/fullroom.ca\/?s={search_term_string}\"},\"query-input\":{\"@type\":\"PropertyValueSpecification\",\"valueRequired\":true,\"valueName\":\"search_term_string\"}}],\"inLanguage\":\"fr-FR\"}]}<\/script>\n<!-- \/ Yoast SEO plugin. -->","yoast_head_json":{"title":"Lampe de table MERIDIANA par Paolo Piva pour Stefano Cevoli - Full Room","robots":{"index":"index","follow":"follow","max-snippet":"max-snippet:-1","max-image-preview":"max-image-preview:large","max-video-preview":"max-video-preview:-1"},"canonical":"https:\/\/www.fullroom.ca\/fr\/shop\/luminaires\/lampe-de-table-meridiana-par-paolo-piva-pour-stefano-cevoli\/","og_locale":"fr_FR","og_type":"article","og_title":"Lampe de table MERIDIANA par Paolo Piva pour Stefano Cevoli - Full Room","og_description":"V\u00e9ritable ic\u00f4ne du design italien de l\u2019\u00e8re postmoderne, la collection Meridiana a \u00e9t\u00e9 dessin\u00e9e par l\u2019architecte italien Paolo Piva pour l\u2019\u00e9diteur de luminaires Stefano Cevoli. Ce luminaire \u00e0 la finition noire mate textur\u00e9e peut \u00eatre inclin\u00e9 sur pr\u00e8s de 180 degr\u00e9s autour de l\u2019axe central fixe de la base, tandis que la t\u00eate est orientable \u00e0 360 degr\u00e9s pour r\u00e9pondre \u00e0 diff\u00e9rents besoins d\u2019\u00e9clairage. Ce luminaire \u00e0 la finition noire mate textur\u00e9e peut \u00eatre inclin\u00e9 sur pr\u00e8s de 180 degr\u00e9s autour de l\u2019axe central fixe de la base, tandis que la t\u00eate est orientable \u00e0 360 degr\u00e9s pour r\u00e9pondre \u00e0 diff\u00e9rents besoins d\u2019\u00e9clairage. En excellente condition. &nbsp;","og_url":"https:\/\/www.fullroom.ca\/fr\/shop\/luminaires\/lampe-de-table-meridiana-par-paolo-piva-pour-stefano-cevoli\/","og_site_name":"Full Room","article_modified_time":"2026-02-11T00:41:25+00:00","og_image":[{"width":1463,"height":2048,"url":"https:\/\/www.fullroom.ca\/wp-content\/uploads\/2025\/10\/Meridiana-Paolo-Piva-Stefano-Cevoli-FullRoom4122.jpg","type":"image\/jpeg"}],"twitter_card":"summary_large_image","schema":{"@context":"https:\/\/schema.org","@graph":[{"@type":"WebPage","@id":"https:\/\/www.fullroom.ca\/fr\/shop\/luminaires\/lampe-de-table-meridiana-par-paolo-piva-pour-stefano-cevoli\/","url":"https:\/\/www.fullroom.ca\/fr\/shop\/luminaires\/lampe-de-table-meridiana-par-paolo-piva-pour-stefano-cevoli\/","name":"Lampe de table MERIDIANA par Paolo Piva pour Stefano Cevoli - Full Room","isPartOf":{"@id":"https:\/\/fullroom.ca\/#website"},"primaryImageOfPage":{"@id":"https:\/\/www.fullroom.ca\/fr\/shop\/luminaires\/lampe-de-table-meridiana-par-paolo-piva-pour-stefano-cevoli\/#primaryimage"},"image":{"@id":"https:\/\/www.fullroom.ca\/fr\/shop\/luminaires\/lampe-de-table-meridiana-par-paolo-piva-pour-stefano-cevoli\/#primaryimage"},"thumbnailUrl":"https:\/\/www.fullroom.ca\/wp-content\/uploads\/2025\/10\/Meridiana-Paolo-Piva-Stefano-Cevoli-FullRoom4122.jpg","datePublished":"2025-10-16T00:11:41+00:00","dateModified":"2026-02-11T00:41:25+00:00","breadcrumb":{"@id":"https:\/\/www.fullroom.ca\/fr\/shop\/luminaires\/lampe-de-table-meridiana-par-paolo-piva-pour-stefano-cevoli\/#breadcrumb"},"inLanguage":"fr-FR","potentialAction":[{"@type":"ReadAction","target":["https:\/\/www.fullroom.ca\/fr\/shop\/luminaires\/lampe-de-table-meridiana-par-paolo-piva-pour-stefano-cevoli\/"]}]},{"@type":"ImageObject","inLanguage":"fr-FR","@id":"https:\/\/www.fullroom.ca\/fr\/shop\/luminaires\/lampe-de-table-meridiana-par-paolo-piva-pour-stefano-cevoli\/#primaryimage","url":"https:\/\/www.fullroom.ca\/wp-content\/uploads\/2025\/10\/Meridiana-Paolo-Piva-Stefano-Cevoli-FullRoom4122.jpg","contentUrl":"https:\/\/www.fullroom.ca\/wp-content\/uploads\/2025\/10\/Meridiana-Paolo-Piva-Stefano-Cevoli-FullRoom4122.jpg","width":1463,"height":2048},{"@type":"BreadcrumbList","@id":"https:\/\/www.fullroom.ca\/fr\/shop\/luminaires\/lampe-de-table-meridiana-par-paolo-piva-pour-stefano-cevoli\/#breadcrumb","itemListElement":[{"@type":"ListItem","position":1,"name":"Home","item":"https:\/\/www.fullroom.ca\/fr\/"},{"@type":"ListItem","position":2,"name":"Boutique","item":"https:\/\/www.fullroom.ca\/"},{"@type":"ListItem","position":3,"name":"Lampe de table MERIDIANA par Paolo Piva pour Stefano Cevoli"}]},{"@type":"WebSite","@id":"https:\/\/fullroom.ca\/#website","url":"https:\/\/fullroom.ca\/","name":"Full Room","description":"Preloved furniture standing the test of time","potentialAction":[{"@type":"SearchAction","target":{"@type":"EntryPoint","urlTemplate":"https:\/\/fullroom.ca\/?s={search_term_string}"},"query-input":{"@type":"PropertyValueSpecification","valueRequired":true,"valueName":"search_term_string"}}],"inLanguage":"fr-FR"}]}},"jetpack_sharing_enabled":true,"_links":{"self":[{"href":"https:\/\/www.fullroom.ca\/fr\/wp-json\/wp\/v2\/product\/5616","targetHints":{"allow":["GET"]}}],"collection":[{"href":"https:\/\/www.fullroom.ca\/fr\/wp-json\/wp\/v2\/product"}],"about":[{"href":"https:\/\/www.fullroom.ca\/fr\/wp-json\/wp\/v2\/types\/product"}],"wp:featuredmedia":[{"embeddable":true,"href":"https:\/\/www.fullroom.ca\/fr\/wp-json\/wp\/v2\/media\/5608"}],"wp:attachment":[{"href":"https:\/\/www.fullroom.ca\/fr\/wp-json\/wp\/v2\/media?parent=5616"}],"wp:term":[{"taxonomy":"product_brand","embeddable":true,"href":"https:\/\/www.fullroom.ca\/fr\/wp-json\/wp\/v2\/product_brand?post=5616"},{"taxonomy":"product_cat","embeddable":true,"href":"https:\/\/www.fullroom.ca\/fr\/wp-json\/wp\/v2\/product_cat?post=5616"},{"taxonomy":"product_tag","embeddable":true,"href":"https:\/\/www.fullroom.ca\/fr\/wp-json\/wp\/v2\/product_tag?post=5616"}],"curies":[{"name":"wp","href":"https:\/\/api.w.org\/{rel}","templated":true}]}}