{"id":5604,"date":"2026-01-12T15:56:56","date_gmt":"2026-01-12T20:56:56","guid":{"rendered":"https:\/\/www.fullroom.ca\/shop\/uncategorized\/table-dappoint-1990-par-amisco\/"},"modified":"2026-02-10T19:35:54","modified_gmt":"2026-02-11T00:35:54","slug":"table-dappoint-1990-par-amisco","status":"publish","type":"product","link":"https:\/\/www.fullroom.ca\/fr\/shop\/nouveautes\/table-dappoint-1990-par-amisco\/","title":{"rendered":"Table d&rsquo;appoint 1990 par Amisco"},"content":{"rendered":"<div class=\"grid kcm\">\n<div class=\"grid__item one-whole portable--auto lap--auto palm--auto\" data-style=\"\"\/>\n<\/div>\n","protected":false},"excerpt":{"rendered":"<p>Reconnue pour son utilisation novatrice du tube d\u2019acier cintr\u00e9 dans sa production de mobilier des ann\u00e9es 1980, Amisco est l\u2019une des entreprises de mobilier les plus connues du Qu\u00e9bec. Cette table est un mod\u00e8le rare int\u00e9grant la t\u00f4le d&rsquo;acier perfor\u00e9e comme mat\u00e9riau distinctif. This table is a rare model integrating perforated metal sheet as a feature material.<\/p>\n<p>&nbsp;<\/p>\n<p>Le m\u00e9tal est en \u00e9tat impeccable ; la structure a \u00e9t\u00e9 refinie professionnellement avec un rev\u00eatement en poudre (\u00ab\u00a0powder coating\u00a0\u00bb) bleu p\u00e2le. <\/p>\n","protected":false},"featured_media":5596,"template":"","meta":[],"product_brand":[],"product_cat":[201,206],"product_tag":[],"class_list":{"0":"post-5604","1":"product","2":"type-product","3":"status-publish","4":"has-post-thumbnail","6":"product_cat-nouveautes","7":"product_cat-tables","9":"first","10":"instock","11":"taxable","12":"shipping-taxable","13":"purchasable","14":"product-type-simple"},"acf":[],"yoast_head":"<!-- This site is optimized with the Yoast SEO plugin v23.4 - https:\/\/yoast.com\/wordpress\/plugins\/seo\/ -->\n<title>Table d&#039;appoint 1990 par Amisco - Full Room<\/title>\n<meta name=\"robots\" content=\"index, follow, max-snippet:-1, max-image-preview:large, max-video-preview:-1\" \/>\n<link rel=\"canonical\" href=\"https:\/\/www.fullroom.ca\/fr\/shop\/nouveautes\/table-dappoint-1990-par-amisco\/\" \/>\n<meta property=\"og:locale\" content=\"fr_FR\" \/>\n<meta property=\"og:type\" content=\"article\" \/>\n<meta property=\"og:title\" content=\"Table d&#039;appoint 1990 par Amisco - Full Room\" \/>\n<meta property=\"og:description\" content=\"Reconnue pour son utilisation novatrice du tube d\u2019acier cintr\u00e9 dans sa production de mobilier des ann\u00e9es 1980, Amisco est l\u2019une des entreprises de mobilier les plus connues du Qu\u00e9bec. Cette table est un mod\u00e8le rare int\u00e9grant la t\u00f4le d&#039;acier perfor\u00e9e comme mat\u00e9riau distinctif. This table is a rare model integrating perforated metal sheet as a feature material. &nbsp; Le m\u00e9tal est en \u00e9tat impeccable ; la structure a \u00e9t\u00e9 refinie professionnellement avec un rev\u00eatement en poudre (&quot;powder coating&quot;) bleu p\u00e2le.\" \/>\n<meta property=\"og:url\" content=\"https:\/\/www.fullroom.ca\/fr\/shop\/nouveautes\/table-dappoint-1990-par-amisco\/\" \/>\n<meta property=\"og:site_name\" content=\"Full Room\" \/>\n<meta property=\"article:modified_time\" content=\"2026-02-11T00:35:54+00:00\" \/>\n<meta property=\"og:image\" content=\"https:\/\/www.fullroom.ca\/wp-content\/uploads\/2026\/01\/Mesh-Table-Vintage-Amisco-1980s-FullRoom1065-732x1024.jpg\" \/>\n\t<meta property=\"og:image:width\" content=\"732\" \/>\n\t<meta property=\"og:image:height\" content=\"1024\" \/>\n\t<meta property=\"og:image:type\" content=\"image\/jpeg\" \/>\n<meta name=\"twitter:card\" content=\"summary_large_image\" \/>\n<script type=\"application\/ld+json\" class=\"yoast-schema-graph\">{\"@context\":\"https:\/\/schema.org\",\"@graph\":[{\"@type\":\"WebPage\",\"@id\":\"https:\/\/www.fullroom.ca\/fr\/shop\/nouveautes\/table-dappoint-1990-par-amisco\/\",\"url\":\"https:\/\/www.fullroom.ca\/fr\/shop\/nouveautes\/table-dappoint-1990-par-amisco\/\",\"name\":\"Table d'appoint 1990 par Amisco - Full Room\",\"isPartOf\":{\"@id\":\"https:\/\/fullroom.ca\/#website\"},\"primaryImageOfPage\":{\"@id\":\"https:\/\/www.fullroom.ca\/fr\/shop\/nouveautes\/table-dappoint-1990-par-amisco\/#primaryimage\"},\"image\":{\"@id\":\"https:\/\/www.fullroom.ca\/fr\/shop\/nouveautes\/table-dappoint-1990-par-amisco\/#primaryimage\"},\"thumbnailUrl\":\"https:\/\/www.fullroom.ca\/wp-content\/uploads\/2026\/01\/Mesh-Table-Vintage-Amisco-1980s-FullRoom1065.jpg\",\"datePublished\":\"2026-01-12T20:56:56+00:00\",\"dateModified\":\"2026-02-11T00:35:54+00:00\",\"breadcrumb\":{\"@id\":\"https:\/\/www.fullroom.ca\/fr\/shop\/nouveautes\/table-dappoint-1990-par-amisco\/#breadcrumb\"},\"inLanguage\":\"fr-FR\",\"potentialAction\":[{\"@type\":\"ReadAction\",\"target\":[\"https:\/\/www.fullroom.ca\/fr\/shop\/nouveautes\/table-dappoint-1990-par-amisco\/\"]}]},{\"@type\":\"ImageObject\",\"inLanguage\":\"fr-FR\",\"@id\":\"https:\/\/www.fullroom.ca\/fr\/shop\/nouveautes\/table-dappoint-1990-par-amisco\/#primaryimage\",\"url\":\"https:\/\/www.fullroom.ca\/wp-content\/uploads\/2026\/01\/Mesh-Table-Vintage-Amisco-1980s-FullRoom1065.jpg\",\"contentUrl\":\"https:\/\/www.fullroom.ca\/wp-content\/uploads\/2026\/01\/Mesh-Table-Vintage-Amisco-1980s-FullRoom1065.jpg\",\"width\":1463,\"height\":2048},{\"@type\":\"BreadcrumbList\",\"@id\":\"https:\/\/www.fullroom.ca\/fr\/shop\/nouveautes\/table-dappoint-1990-par-amisco\/#breadcrumb\",\"itemListElement\":[{\"@type\":\"ListItem\",\"position\":1,\"name\":\"Home\",\"item\":\"https:\/\/www.fullroom.ca\/fr\/\"},{\"@type\":\"ListItem\",\"position\":2,\"name\":\"Boutique\",\"item\":\"https:\/\/www.fullroom.ca\/\"},{\"@type\":\"ListItem\",\"position\":3,\"name\":\"Table d&#8217;appoint 1990 par Amisco\"}]},{\"@type\":\"WebSite\",\"@id\":\"https:\/\/fullroom.ca\/#website\",\"url\":\"https:\/\/fullroom.ca\/\",\"name\":\"Full Room\",\"description\":\"Preloved furniture standing the test of time\",\"potentialAction\":[{\"@type\":\"SearchAction\",\"target\":{\"@type\":\"EntryPoint\",\"urlTemplate\":\"https:\/\/fullroom.ca\/?s={search_term_string}\"},\"query-input\":{\"@type\":\"PropertyValueSpecification\",\"valueRequired\":true,\"valueName\":\"search_term_string\"}}],\"inLanguage\":\"fr-FR\"}]}<\/script>\n<!-- \/ Yoast SEO plugin. -->","yoast_head_json":{"title":"Table d'appoint 1990 par Amisco - Full Room","robots":{"index":"index","follow":"follow","max-snippet":"max-snippet:-1","max-image-preview":"max-image-preview:large","max-video-preview":"max-video-preview:-1"},"canonical":"https:\/\/www.fullroom.ca\/fr\/shop\/nouveautes\/table-dappoint-1990-par-amisco\/","og_locale":"fr_FR","og_type":"article","og_title":"Table d'appoint 1990 par Amisco - Full Room","og_description":"Reconnue pour son utilisation novatrice du tube d\u2019acier cintr\u00e9 dans sa production de mobilier des ann\u00e9es 1980, Amisco est l\u2019une des entreprises de mobilier les plus connues du Qu\u00e9bec. Cette table est un mod\u00e8le rare int\u00e9grant la t\u00f4le d'acier perfor\u00e9e comme mat\u00e9riau distinctif. This table is a rare model integrating perforated metal sheet as a feature material. &nbsp; Le m\u00e9tal est en \u00e9tat impeccable ; la structure a \u00e9t\u00e9 refinie professionnellement avec un rev\u00eatement en poudre (\"powder coating\") bleu p\u00e2le.","og_url":"https:\/\/www.fullroom.ca\/fr\/shop\/nouveautes\/table-dappoint-1990-par-amisco\/","og_site_name":"Full Room","article_modified_time":"2026-02-11T00:35:54+00:00","og_image":[{"width":732,"height":1024,"url":"https:\/\/www.fullroom.ca\/wp-content\/uploads\/2026\/01\/Mesh-Table-Vintage-Amisco-1980s-FullRoom1065-732x1024.jpg","type":"image\/jpeg"}],"twitter_card":"summary_large_image","schema":{"@context":"https:\/\/schema.org","@graph":[{"@type":"WebPage","@id":"https:\/\/www.fullroom.ca\/fr\/shop\/nouveautes\/table-dappoint-1990-par-amisco\/","url":"https:\/\/www.fullroom.ca\/fr\/shop\/nouveautes\/table-dappoint-1990-par-amisco\/","name":"Table d'appoint 1990 par Amisco - Full Room","isPartOf":{"@id":"https:\/\/fullroom.ca\/#website"},"primaryImageOfPage":{"@id":"https:\/\/www.fullroom.ca\/fr\/shop\/nouveautes\/table-dappoint-1990-par-amisco\/#primaryimage"},"image":{"@id":"https:\/\/www.fullroom.ca\/fr\/shop\/nouveautes\/table-dappoint-1990-par-amisco\/#primaryimage"},"thumbnailUrl":"https:\/\/www.fullroom.ca\/wp-content\/uploads\/2026\/01\/Mesh-Table-Vintage-Amisco-1980s-FullRoom1065.jpg","datePublished":"2026-01-12T20:56:56+00:00","dateModified":"2026-02-11T00:35:54+00:00","breadcrumb":{"@id":"https:\/\/www.fullroom.ca\/fr\/shop\/nouveautes\/table-dappoint-1990-par-amisco\/#breadcrumb"},"inLanguage":"fr-FR","potentialAction":[{"@type":"ReadAction","target":["https:\/\/www.fullroom.ca\/fr\/shop\/nouveautes\/table-dappoint-1990-par-amisco\/"]}]},{"@type":"ImageObject","inLanguage":"fr-FR","@id":"https:\/\/www.fullroom.ca\/fr\/shop\/nouveautes\/table-dappoint-1990-par-amisco\/#primaryimage","url":"https:\/\/www.fullroom.ca\/wp-content\/uploads\/2026\/01\/Mesh-Table-Vintage-Amisco-1980s-FullRoom1065.jpg","contentUrl":"https:\/\/www.fullroom.ca\/wp-content\/uploads\/2026\/01\/Mesh-Table-Vintage-Amisco-1980s-FullRoom1065.jpg","width":1463,"height":2048},{"@type":"BreadcrumbList","@id":"https:\/\/www.fullroom.ca\/fr\/shop\/nouveautes\/table-dappoint-1990-par-amisco\/#breadcrumb","itemListElement":[{"@type":"ListItem","position":1,"name":"Home","item":"https:\/\/www.fullroom.ca\/fr\/"},{"@type":"ListItem","position":2,"name":"Boutique","item":"https:\/\/www.fullroom.ca\/"},{"@type":"ListItem","position":3,"name":"Table d&#8217;appoint 1990 par Amisco"}]},{"@type":"WebSite","@id":"https:\/\/fullroom.ca\/#website","url":"https:\/\/fullroom.ca\/","name":"Full Room","description":"Preloved furniture standing the test of time","potentialAction":[{"@type":"SearchAction","target":{"@type":"EntryPoint","urlTemplate":"https:\/\/fullroom.ca\/?s={search_term_string}"},"query-input":{"@type":"PropertyValueSpecification","valueRequired":true,"valueName":"search_term_string"}}],"inLanguage":"fr-FR"}]}},"jetpack_sharing_enabled":true,"_links":{"self":[{"href":"https:\/\/www.fullroom.ca\/fr\/wp-json\/wp\/v2\/product\/5604","targetHints":{"allow":["GET"]}}],"collection":[{"href":"https:\/\/www.fullroom.ca\/fr\/wp-json\/wp\/v2\/product"}],"about":[{"href":"https:\/\/www.fullroom.ca\/fr\/wp-json\/wp\/v2\/types\/product"}],"wp:featuredmedia":[{"embeddable":true,"href":"https:\/\/www.fullroom.ca\/fr\/wp-json\/wp\/v2\/media\/5596"}],"wp:attachment":[{"href":"https:\/\/www.fullroom.ca\/fr\/wp-json\/wp\/v2\/media?parent=5604"}],"wp:term":[{"taxonomy":"product_brand","embeddable":true,"href":"https:\/\/www.fullroom.ca\/fr\/wp-json\/wp\/v2\/product_brand?post=5604"},{"taxonomy":"product_cat","embeddable":true,"href":"https:\/\/www.fullroom.ca\/fr\/wp-json\/wp\/v2\/product_cat?post=5604"},{"taxonomy":"product_tag","embeddable":true,"href":"https:\/\/www.fullroom.ca\/fr\/wp-json\/wp\/v2\/product_tag?post=5604"}],"curies":[{"name":"wp","href":"https:\/\/api.w.org\/{rel}","templated":true}]}}