{"id":5590,"date":"2026-01-12T16:55:03","date_gmt":"2026-01-12T21:55:03","guid":{"rendered":"https:\/\/www.fullroom.ca\/shop\/uncategorized\/chaise-araignee-par-amisco\/"},"modified":"2026-02-10T19:30:35","modified_gmt":"2026-02-11T00:30:35","slug":"chaise-araignee-par-amisco","status":"publish","type":"product","link":"https:\/\/www.fullroom.ca\/fr\/shop\/nouveautes\/chaise-araignee-par-amisco\/","title":{"rendered":"Chaise Araign\u00e9e par Amisco"},"content":{"rendered":"<div class=\"grid kcm\">\n<div class=\"grid__item one-whole portable--auto lap--auto palm--auto\" data-style=\"\"\/>\n<\/div>\n","protected":false},"excerpt":{"rendered":"<p>Souvent appel\u00e9e \u00e0 tort la chaise Qu\u00e9bec 69 de Les Amisca, ce mod\u00e8le est en r\u00e9alit\u00e9 la mythique chaise Araign\u00e9e, fabriqu\u00e9e dans les ann\u00e9es 1980 par le manufacturier qu\u00e9b\u00e9cois Amisco. Sculpturale et expressive, sa structure m\u00e9tallique rappelle la forme d\u2019une araign\u00e9e, d\u2019o\u00f9 son nom. Adapt\u00e9e autant aux espaces commerciaux que r\u00e9sidentiels, cette chaise s\u2019impose comme une pi\u00e8ce forte qui attire immanquablement l\u2019attention.  Adapt\u00e9e autant aux espaces commerciaux que r\u00e9sidentiels, cette chaise s\u2019impose comme une pi\u00e8ce forte qui attire immanquablement l\u2019attention.<\/p>\n<p>En excellente condition.<\/p>\n","protected":false},"featured_media":5428,"template":"","meta":[],"product_brand":[],"product_cat":[201,204],"product_tag":[],"class_list":{"0":"post-5590","1":"product","2":"type-product","3":"status-publish","4":"has-post-thumbnail","6":"product_cat-nouveautes","7":"product_cat-sieges","9":"first","10":"instock","11":"taxable","12":"shipping-taxable","13":"purchasable","14":"product-type-simple"},"acf":[],"yoast_head":"<!-- This site is optimized with the Yoast SEO plugin v23.4 - https:\/\/yoast.com\/wordpress\/plugins\/seo\/ -->\n<title>Chaise Araign\u00e9e par Amisco - Full Room<\/title>\n<meta name=\"robots\" content=\"index, follow, max-snippet:-1, max-image-preview:large, max-video-preview:-1\" \/>\n<link rel=\"canonical\" href=\"https:\/\/www.fullroom.ca\/fr\/shop\/nouveautes\/chaise-araignee-par-amisco\/\" \/>\n<meta property=\"og:locale\" content=\"fr_FR\" \/>\n<meta property=\"og:type\" content=\"article\" \/>\n<meta property=\"og:title\" content=\"Chaise Araign\u00e9e par Amisco - Full Room\" \/>\n<meta property=\"og:description\" content=\"Souvent appel\u00e9e \u00e0 tort la chaise Qu\u00e9bec 69 de Les Amisca, ce mod\u00e8le est en r\u00e9alit\u00e9 la mythique chaise Araign\u00e9e, fabriqu\u00e9e dans les ann\u00e9es 1980 par le manufacturier qu\u00e9b\u00e9cois Amisco. Sculpturale et expressive, sa structure m\u00e9tallique rappelle la forme d\u2019une araign\u00e9e, d\u2019o\u00f9 son nom. Adapt\u00e9e autant aux espaces commerciaux que r\u00e9sidentiels, cette chaise s\u2019impose comme une pi\u00e8ce forte qui attire immanquablement l\u2019attention. Adapt\u00e9e autant aux espaces commerciaux que r\u00e9sidentiels, cette chaise s\u2019impose comme une pi\u00e8ce forte qui attire immanquablement l\u2019attention. En excellente condition.\" \/>\n<meta property=\"og:url\" content=\"https:\/\/www.fullroom.ca\/fr\/shop\/nouveautes\/chaise-araignee-par-amisco\/\" \/>\n<meta property=\"og:site_name\" content=\"Full Room\" \/>\n<meta property=\"article:modified_time\" content=\"2026-02-11T00:30:35+00:00\" \/>\n<meta property=\"og:image\" content=\"https:\/\/www.fullroom.ca\/wp-content\/uploads\/2026\/01\/Spider-Chair-90s-Amisco-Vintage-FullRoom1343-732x1024.jpg\" \/>\n\t<meta property=\"og:image:width\" content=\"732\" \/>\n\t<meta property=\"og:image:height\" content=\"1024\" \/>\n\t<meta property=\"og:image:type\" content=\"image\/jpeg\" \/>\n<meta name=\"twitter:card\" content=\"summary_large_image\" \/>\n<script type=\"application\/ld+json\" class=\"yoast-schema-graph\">{\"@context\":\"https:\/\/schema.org\",\"@graph\":[{\"@type\":\"WebPage\",\"@id\":\"https:\/\/www.fullroom.ca\/fr\/shop\/nouveautes\/chaise-araignee-par-amisco\/\",\"url\":\"https:\/\/www.fullroom.ca\/fr\/shop\/nouveautes\/chaise-araignee-par-amisco\/\",\"name\":\"Chaise Araign\u00e9e par Amisco - Full Room\",\"isPartOf\":{\"@id\":\"https:\/\/fullroom.ca\/#website\"},\"primaryImageOfPage\":{\"@id\":\"https:\/\/www.fullroom.ca\/fr\/shop\/nouveautes\/chaise-araignee-par-amisco\/#primaryimage\"},\"image\":{\"@id\":\"https:\/\/www.fullroom.ca\/fr\/shop\/nouveautes\/chaise-araignee-par-amisco\/#primaryimage\"},\"thumbnailUrl\":\"https:\/\/www.fullroom.ca\/wp-content\/uploads\/2026\/01\/Spider-Chair-90s-Amisco-Vintage-FullRoom1343.jpg\",\"datePublished\":\"2026-01-12T21:55:03+00:00\",\"dateModified\":\"2026-02-11T00:30:35+00:00\",\"breadcrumb\":{\"@id\":\"https:\/\/www.fullroom.ca\/fr\/shop\/nouveautes\/chaise-araignee-par-amisco\/#breadcrumb\"},\"inLanguage\":\"fr-FR\",\"potentialAction\":[{\"@type\":\"ReadAction\",\"target\":[\"https:\/\/www.fullroom.ca\/fr\/shop\/nouveautes\/chaise-araignee-par-amisco\/\"]}]},{\"@type\":\"ImageObject\",\"inLanguage\":\"fr-FR\",\"@id\":\"https:\/\/www.fullroom.ca\/fr\/shop\/nouveautes\/chaise-araignee-par-amisco\/#primaryimage\",\"url\":\"https:\/\/www.fullroom.ca\/wp-content\/uploads\/2026\/01\/Spider-Chair-90s-Amisco-Vintage-FullRoom1343.jpg\",\"contentUrl\":\"https:\/\/www.fullroom.ca\/wp-content\/uploads\/2026\/01\/Spider-Chair-90s-Amisco-Vintage-FullRoom1343.jpg\",\"width\":1463,\"height\":2048},{\"@type\":\"BreadcrumbList\",\"@id\":\"https:\/\/www.fullroom.ca\/fr\/shop\/nouveautes\/chaise-araignee-par-amisco\/#breadcrumb\",\"itemListElement\":[{\"@type\":\"ListItem\",\"position\":1,\"name\":\"Home\",\"item\":\"https:\/\/www.fullroom.ca\/fr\/\"},{\"@type\":\"ListItem\",\"position\":2,\"name\":\"Boutique\",\"item\":\"https:\/\/www.fullroom.ca\/\"},{\"@type\":\"ListItem\",\"position\":3,\"name\":\"Chaise Araign\u00e9e par Amisco\"}]},{\"@type\":\"WebSite\",\"@id\":\"https:\/\/fullroom.ca\/#website\",\"url\":\"https:\/\/fullroom.ca\/\",\"name\":\"Full Room\",\"description\":\"Preloved furniture standing the test of time\",\"potentialAction\":[{\"@type\":\"SearchAction\",\"target\":{\"@type\":\"EntryPoint\",\"urlTemplate\":\"https:\/\/fullroom.ca\/?s={search_term_string}\"},\"query-input\":{\"@type\":\"PropertyValueSpecification\",\"valueRequired\":true,\"valueName\":\"search_term_string\"}}],\"inLanguage\":\"fr-FR\"}]}<\/script>\n<!-- \/ Yoast SEO plugin. -->","yoast_head_json":{"title":"Chaise Araign\u00e9e par Amisco - Full Room","robots":{"index":"index","follow":"follow","max-snippet":"max-snippet:-1","max-image-preview":"max-image-preview:large","max-video-preview":"max-video-preview:-1"},"canonical":"https:\/\/www.fullroom.ca\/fr\/shop\/nouveautes\/chaise-araignee-par-amisco\/","og_locale":"fr_FR","og_type":"article","og_title":"Chaise Araign\u00e9e par Amisco - Full Room","og_description":"Souvent appel\u00e9e \u00e0 tort la chaise Qu\u00e9bec 69 de Les Amisca, ce mod\u00e8le est en r\u00e9alit\u00e9 la mythique chaise Araign\u00e9e, fabriqu\u00e9e dans les ann\u00e9es 1980 par le manufacturier qu\u00e9b\u00e9cois Amisco. Sculpturale et expressive, sa structure m\u00e9tallique rappelle la forme d\u2019une araign\u00e9e, d\u2019o\u00f9 son nom. Adapt\u00e9e autant aux espaces commerciaux que r\u00e9sidentiels, cette chaise s\u2019impose comme une pi\u00e8ce forte qui attire immanquablement l\u2019attention. Adapt\u00e9e autant aux espaces commerciaux que r\u00e9sidentiels, cette chaise s\u2019impose comme une pi\u00e8ce forte qui attire immanquablement l\u2019attention. En excellente condition.","og_url":"https:\/\/www.fullroom.ca\/fr\/shop\/nouveautes\/chaise-araignee-par-amisco\/","og_site_name":"Full Room","article_modified_time":"2026-02-11T00:30:35+00:00","og_image":[{"width":732,"height":1024,"url":"https:\/\/www.fullroom.ca\/wp-content\/uploads\/2026\/01\/Spider-Chair-90s-Amisco-Vintage-FullRoom1343-732x1024.jpg","type":"image\/jpeg"}],"twitter_card":"summary_large_image","schema":{"@context":"https:\/\/schema.org","@graph":[{"@type":"WebPage","@id":"https:\/\/www.fullroom.ca\/fr\/shop\/nouveautes\/chaise-araignee-par-amisco\/","url":"https:\/\/www.fullroom.ca\/fr\/shop\/nouveautes\/chaise-araignee-par-amisco\/","name":"Chaise Araign\u00e9e par Amisco - Full Room","isPartOf":{"@id":"https:\/\/fullroom.ca\/#website"},"primaryImageOfPage":{"@id":"https:\/\/www.fullroom.ca\/fr\/shop\/nouveautes\/chaise-araignee-par-amisco\/#primaryimage"},"image":{"@id":"https:\/\/www.fullroom.ca\/fr\/shop\/nouveautes\/chaise-araignee-par-amisco\/#primaryimage"},"thumbnailUrl":"https:\/\/www.fullroom.ca\/wp-content\/uploads\/2026\/01\/Spider-Chair-90s-Amisco-Vintage-FullRoom1343.jpg","datePublished":"2026-01-12T21:55:03+00:00","dateModified":"2026-02-11T00:30:35+00:00","breadcrumb":{"@id":"https:\/\/www.fullroom.ca\/fr\/shop\/nouveautes\/chaise-araignee-par-amisco\/#breadcrumb"},"inLanguage":"fr-FR","potentialAction":[{"@type":"ReadAction","target":["https:\/\/www.fullroom.ca\/fr\/shop\/nouveautes\/chaise-araignee-par-amisco\/"]}]},{"@type":"ImageObject","inLanguage":"fr-FR","@id":"https:\/\/www.fullroom.ca\/fr\/shop\/nouveautes\/chaise-araignee-par-amisco\/#primaryimage","url":"https:\/\/www.fullroom.ca\/wp-content\/uploads\/2026\/01\/Spider-Chair-90s-Amisco-Vintage-FullRoom1343.jpg","contentUrl":"https:\/\/www.fullroom.ca\/wp-content\/uploads\/2026\/01\/Spider-Chair-90s-Amisco-Vintage-FullRoom1343.jpg","width":1463,"height":2048},{"@type":"BreadcrumbList","@id":"https:\/\/www.fullroom.ca\/fr\/shop\/nouveautes\/chaise-araignee-par-amisco\/#breadcrumb","itemListElement":[{"@type":"ListItem","position":1,"name":"Home","item":"https:\/\/www.fullroom.ca\/fr\/"},{"@type":"ListItem","position":2,"name":"Boutique","item":"https:\/\/www.fullroom.ca\/"},{"@type":"ListItem","position":3,"name":"Chaise Araign\u00e9e par Amisco"}]},{"@type":"WebSite","@id":"https:\/\/fullroom.ca\/#website","url":"https:\/\/fullroom.ca\/","name":"Full Room","description":"Preloved furniture standing the test of time","potentialAction":[{"@type":"SearchAction","target":{"@type":"EntryPoint","urlTemplate":"https:\/\/fullroom.ca\/?s={search_term_string}"},"query-input":{"@type":"PropertyValueSpecification","valueRequired":true,"valueName":"search_term_string"}}],"inLanguage":"fr-FR"}]}},"jetpack_sharing_enabled":true,"_links":{"self":[{"href":"https:\/\/www.fullroom.ca\/fr\/wp-json\/wp\/v2\/product\/5590","targetHints":{"allow":["GET"]}}],"collection":[{"href":"https:\/\/www.fullroom.ca\/fr\/wp-json\/wp\/v2\/product"}],"about":[{"href":"https:\/\/www.fullroom.ca\/fr\/wp-json\/wp\/v2\/types\/product"}],"wp:featuredmedia":[{"embeddable":true,"href":"https:\/\/www.fullroom.ca\/fr\/wp-json\/wp\/v2\/media\/5428"}],"wp:attachment":[{"href":"https:\/\/www.fullroom.ca\/fr\/wp-json\/wp\/v2\/media?parent=5590"}],"wp:term":[{"taxonomy":"product_brand","embeddable":true,"href":"https:\/\/www.fullroom.ca\/fr\/wp-json\/wp\/v2\/product_brand?post=5590"},{"taxonomy":"product_cat","embeddable":true,"href":"https:\/\/www.fullroom.ca\/fr\/wp-json\/wp\/v2\/product_cat?post=5590"},{"taxonomy":"product_tag","embeddable":true,"href":"https:\/\/www.fullroom.ca\/fr\/wp-json\/wp\/v2\/product_tag?post=5590"}],"curies":[{"name":"wp","href":"https:\/\/api.w.org\/{rel}","templated":true}]}}