{"id":5577,"date":"2026-01-12T17:31:59","date_gmt":"2026-01-12T22:31:59","guid":{"rendered":"https:\/\/www.fullroom.ca\/shop\/uncategorized\/mini-lampe-de-bureau-par-md-lighting\/"},"modified":"2026-02-10T19:30:36","modified_gmt":"2026-02-11T00:30:36","slug":"mini-lampe-de-bureau-par-md-lighting","status":"publish","type":"product","link":"https:\/\/www.fullroom.ca\/fr\/shop\/archives\/mini-lampe-de-bureau-par-md-lighting\/","title":{"rendered":"MINI lampe de bureau par  MD Lighting"},"content":{"rendered":"<div class=\"grid kcm\">\n<div class=\"grid__item one-whole portable--auto lap--auto palm--auto\" data-style=\"\"\/>\n<\/div>\n","protected":false},"excerpt":{"rendered":"<p data-start=\"1153\" data-end=\"1339\">\u00c9voquant les lampes de travail scandinaves des ann\u00e9es 1970\u20131980 de marques telles que Lyskaer, Luxo et Nordlux, cette lampe de bureau compacte a \u00e9t\u00e9 produite par l\u2019entreprise autrichienne MD Lighting. Pens\u00e9e pour l\u2019efficacit\u00e9 et la flexibilit\u00e9, ses proportions modestes et sa grande ajustabilit\u00e9 en font un compagnon id\u00e9al pour tout travail de bureau. <\/p>\n<p>En excellente condition.<\/p>\n","protected":false},"featured_media":5570,"template":"","meta":[],"product_brand":[],"product_cat":[207],"product_tag":[],"class_list":{"0":"post-5577","1":"product","2":"type-product","3":"status-publish","4":"has-post-thumbnail","6":"product_cat-archives","8":"first","9":"outofstock","10":"taxable","11":"shipping-taxable","12":"product-type-simple"},"acf":[],"yoast_head":"<!-- This site is optimized with the Yoast SEO plugin v23.4 - https:\/\/yoast.com\/wordpress\/plugins\/seo\/ -->\n<title>MINI lampe de bureau par MD Lighting - Full Room<\/title>\n<meta name=\"robots\" content=\"index, follow, max-snippet:-1, max-image-preview:large, max-video-preview:-1\" \/>\n<link rel=\"canonical\" href=\"https:\/\/www.fullroom.ca\/fr\/shop\/archives\/mini-lampe-de-bureau-par-md-lighting\/\" \/>\n<meta property=\"og:locale\" content=\"fr_FR\" \/>\n<meta property=\"og:type\" content=\"article\" \/>\n<meta property=\"og:title\" content=\"MINI lampe de bureau par MD Lighting - Full Room\" \/>\n<meta property=\"og:description\" content=\"\u00c9voquant les lampes de travail scandinaves des ann\u00e9es 1970\u20131980 de marques telles que Lyskaer, Luxo et Nordlux, cette lampe de bureau compacte a \u00e9t\u00e9 produite par l\u2019entreprise autrichienne MD Lighting. Pens\u00e9e pour l\u2019efficacit\u00e9 et la flexibilit\u00e9, ses proportions modestes et sa grande ajustabilit\u00e9 en font un compagnon id\u00e9al pour tout travail de bureau. En excellente condition.\" \/>\n<meta property=\"og:url\" content=\"https:\/\/www.fullroom.ca\/fr\/shop\/archives\/mini-lampe-de-bureau-par-md-lighting\/\" \/>\n<meta property=\"og:site_name\" content=\"Full Room\" \/>\n<meta property=\"article:modified_time\" content=\"2026-02-11T00:30:36+00:00\" \/>\n<meta property=\"og:image\" content=\"https:\/\/www.fullroom.ca\/wp-content\/uploads\/2026\/01\/Desk-Lamp-Vintage-MD-Lighting-FullRoom1423-732x1024.jpg\" \/>\n\t<meta property=\"og:image:width\" content=\"732\" \/>\n\t<meta property=\"og:image:height\" content=\"1024\" \/>\n\t<meta property=\"og:image:type\" content=\"image\/jpeg\" \/>\n<meta name=\"twitter:card\" content=\"summary_large_image\" \/>\n<script type=\"application\/ld+json\" class=\"yoast-schema-graph\">{\"@context\":\"https:\/\/schema.org\",\"@graph\":[{\"@type\":\"WebPage\",\"@id\":\"https:\/\/www.fullroom.ca\/fr\/shop\/archives\/mini-lampe-de-bureau-par-md-lighting\/\",\"url\":\"https:\/\/www.fullroom.ca\/fr\/shop\/archives\/mini-lampe-de-bureau-par-md-lighting\/\",\"name\":\"MINI lampe de bureau par MD Lighting - Full Room\",\"isPartOf\":{\"@id\":\"https:\/\/fullroom.ca\/#website\"},\"primaryImageOfPage\":{\"@id\":\"https:\/\/www.fullroom.ca\/fr\/shop\/archives\/mini-lampe-de-bureau-par-md-lighting\/#primaryimage\"},\"image\":{\"@id\":\"https:\/\/www.fullroom.ca\/fr\/shop\/archives\/mini-lampe-de-bureau-par-md-lighting\/#primaryimage\"},\"thumbnailUrl\":\"https:\/\/www.fullroom.ca\/wp-content\/uploads\/2026\/01\/Desk-Lamp-Vintage-MD-Lighting-FullRoom1423.jpg\",\"datePublished\":\"2026-01-12T22:31:59+00:00\",\"dateModified\":\"2026-02-11T00:30:36+00:00\",\"breadcrumb\":{\"@id\":\"https:\/\/www.fullroom.ca\/fr\/shop\/archives\/mini-lampe-de-bureau-par-md-lighting\/#breadcrumb\"},\"inLanguage\":\"fr-FR\",\"potentialAction\":[{\"@type\":\"ReadAction\",\"target\":[\"https:\/\/www.fullroom.ca\/fr\/shop\/archives\/mini-lampe-de-bureau-par-md-lighting\/\"]}]},{\"@type\":\"ImageObject\",\"inLanguage\":\"fr-FR\",\"@id\":\"https:\/\/www.fullroom.ca\/fr\/shop\/archives\/mini-lampe-de-bureau-par-md-lighting\/#primaryimage\",\"url\":\"https:\/\/www.fullroom.ca\/wp-content\/uploads\/2026\/01\/Desk-Lamp-Vintage-MD-Lighting-FullRoom1423.jpg\",\"contentUrl\":\"https:\/\/www.fullroom.ca\/wp-content\/uploads\/2026\/01\/Desk-Lamp-Vintage-MD-Lighting-FullRoom1423.jpg\",\"width\":1463,\"height\":2048},{\"@type\":\"BreadcrumbList\",\"@id\":\"https:\/\/www.fullroom.ca\/fr\/shop\/archives\/mini-lampe-de-bureau-par-md-lighting\/#breadcrumb\",\"itemListElement\":[{\"@type\":\"ListItem\",\"position\":1,\"name\":\"Home\",\"item\":\"https:\/\/www.fullroom.ca\/fr\/\"},{\"@type\":\"ListItem\",\"position\":2,\"name\":\"Boutique\",\"item\":\"https:\/\/www.fullroom.ca\/\"},{\"@type\":\"ListItem\",\"position\":3,\"name\":\"MINI lampe de bureau par MD Lighting\"}]},{\"@type\":\"WebSite\",\"@id\":\"https:\/\/fullroom.ca\/#website\",\"url\":\"https:\/\/fullroom.ca\/\",\"name\":\"Full Room\",\"description\":\"Preloved furniture standing the test of time\",\"potentialAction\":[{\"@type\":\"SearchAction\",\"target\":{\"@type\":\"EntryPoint\",\"urlTemplate\":\"https:\/\/fullroom.ca\/?s={search_term_string}\"},\"query-input\":{\"@type\":\"PropertyValueSpecification\",\"valueRequired\":true,\"valueName\":\"search_term_string\"}}],\"inLanguage\":\"fr-FR\"}]}<\/script>\n<!-- \/ Yoast SEO plugin. -->","yoast_head_json":{"title":"MINI lampe de bureau par MD Lighting - Full Room","robots":{"index":"index","follow":"follow","max-snippet":"max-snippet:-1","max-image-preview":"max-image-preview:large","max-video-preview":"max-video-preview:-1"},"canonical":"https:\/\/www.fullroom.ca\/fr\/shop\/archives\/mini-lampe-de-bureau-par-md-lighting\/","og_locale":"fr_FR","og_type":"article","og_title":"MINI lampe de bureau par MD Lighting - Full Room","og_description":"\u00c9voquant les lampes de travail scandinaves des ann\u00e9es 1970\u20131980 de marques telles que Lyskaer, Luxo et Nordlux, cette lampe de bureau compacte a \u00e9t\u00e9 produite par l\u2019entreprise autrichienne MD Lighting. Pens\u00e9e pour l\u2019efficacit\u00e9 et la flexibilit\u00e9, ses proportions modestes et sa grande ajustabilit\u00e9 en font un compagnon id\u00e9al pour tout travail de bureau. En excellente condition.","og_url":"https:\/\/www.fullroom.ca\/fr\/shop\/archives\/mini-lampe-de-bureau-par-md-lighting\/","og_site_name":"Full Room","article_modified_time":"2026-02-11T00:30:36+00:00","og_image":[{"width":732,"height":1024,"url":"https:\/\/www.fullroom.ca\/wp-content\/uploads\/2026\/01\/Desk-Lamp-Vintage-MD-Lighting-FullRoom1423-732x1024.jpg","type":"image\/jpeg"}],"twitter_card":"summary_large_image","schema":{"@context":"https:\/\/schema.org","@graph":[{"@type":"WebPage","@id":"https:\/\/www.fullroom.ca\/fr\/shop\/archives\/mini-lampe-de-bureau-par-md-lighting\/","url":"https:\/\/www.fullroom.ca\/fr\/shop\/archives\/mini-lampe-de-bureau-par-md-lighting\/","name":"MINI lampe de bureau par MD Lighting - Full Room","isPartOf":{"@id":"https:\/\/fullroom.ca\/#website"},"primaryImageOfPage":{"@id":"https:\/\/www.fullroom.ca\/fr\/shop\/archives\/mini-lampe-de-bureau-par-md-lighting\/#primaryimage"},"image":{"@id":"https:\/\/www.fullroom.ca\/fr\/shop\/archives\/mini-lampe-de-bureau-par-md-lighting\/#primaryimage"},"thumbnailUrl":"https:\/\/www.fullroom.ca\/wp-content\/uploads\/2026\/01\/Desk-Lamp-Vintage-MD-Lighting-FullRoom1423.jpg","datePublished":"2026-01-12T22:31:59+00:00","dateModified":"2026-02-11T00:30:36+00:00","breadcrumb":{"@id":"https:\/\/www.fullroom.ca\/fr\/shop\/archives\/mini-lampe-de-bureau-par-md-lighting\/#breadcrumb"},"inLanguage":"fr-FR","potentialAction":[{"@type":"ReadAction","target":["https:\/\/www.fullroom.ca\/fr\/shop\/archives\/mini-lampe-de-bureau-par-md-lighting\/"]}]},{"@type":"ImageObject","inLanguage":"fr-FR","@id":"https:\/\/www.fullroom.ca\/fr\/shop\/archives\/mini-lampe-de-bureau-par-md-lighting\/#primaryimage","url":"https:\/\/www.fullroom.ca\/wp-content\/uploads\/2026\/01\/Desk-Lamp-Vintage-MD-Lighting-FullRoom1423.jpg","contentUrl":"https:\/\/www.fullroom.ca\/wp-content\/uploads\/2026\/01\/Desk-Lamp-Vintage-MD-Lighting-FullRoom1423.jpg","width":1463,"height":2048},{"@type":"BreadcrumbList","@id":"https:\/\/www.fullroom.ca\/fr\/shop\/archives\/mini-lampe-de-bureau-par-md-lighting\/#breadcrumb","itemListElement":[{"@type":"ListItem","position":1,"name":"Home","item":"https:\/\/www.fullroom.ca\/fr\/"},{"@type":"ListItem","position":2,"name":"Boutique","item":"https:\/\/www.fullroom.ca\/"},{"@type":"ListItem","position":3,"name":"MINI lampe de bureau par MD Lighting"}]},{"@type":"WebSite","@id":"https:\/\/fullroom.ca\/#website","url":"https:\/\/fullroom.ca\/","name":"Full Room","description":"Preloved furniture standing the test of time","potentialAction":[{"@type":"SearchAction","target":{"@type":"EntryPoint","urlTemplate":"https:\/\/fullroom.ca\/?s={search_term_string}"},"query-input":{"@type":"PropertyValueSpecification","valueRequired":true,"valueName":"search_term_string"}}],"inLanguage":"fr-FR"}]}},"jetpack_sharing_enabled":true,"_links":{"self":[{"href":"https:\/\/www.fullroom.ca\/fr\/wp-json\/wp\/v2\/product\/5577","targetHints":{"allow":["GET"]}}],"collection":[{"href":"https:\/\/www.fullroom.ca\/fr\/wp-json\/wp\/v2\/product"}],"about":[{"href":"https:\/\/www.fullroom.ca\/fr\/wp-json\/wp\/v2\/types\/product"}],"wp:featuredmedia":[{"embeddable":true,"href":"https:\/\/www.fullroom.ca\/fr\/wp-json\/wp\/v2\/media\/5570"}],"wp:attachment":[{"href":"https:\/\/www.fullroom.ca\/fr\/wp-json\/wp\/v2\/media?parent=5577"}],"wp:term":[{"taxonomy":"product_brand","embeddable":true,"href":"https:\/\/www.fullroom.ca\/fr\/wp-json\/wp\/v2\/product_brand?post=5577"},{"taxonomy":"product_cat","embeddable":true,"href":"https:\/\/www.fullroom.ca\/fr\/wp-json\/wp\/v2\/product_cat?post=5577"},{"taxonomy":"product_tag","embeddable":true,"href":"https:\/\/www.fullroom.ca\/fr\/wp-json\/wp\/v2\/product_tag?post=5577"}],"curies":[{"name":"wp","href":"https:\/\/api.w.org\/{rel}","templated":true}]}}