{"id":5565,"date":"2026-01-12T17:48:58","date_gmt":"2026-01-12T22:48:58","guid":{"rendered":"https:\/\/www.fullroom.ca\/shop\/uncategorized\/tabouret-plopp-standard-par-oskar-zieta-studio\/"},"modified":"2026-02-05T17:04:01","modified_gmt":"2026-02-05T22:04:01","slug":"tabouret-plopp-standard-par-oskar-zieta-studio","status":"publish","type":"product","link":"https:\/\/www.fullroom.ca\/fr\/shop\/nouveautes\/tabouret-plopp-standard-par-oskar-zieta-studio\/","title":{"rendered":"Tabouret PLOPP standard par Oskar Zieta Studio"},"content":{"rendered":"<div class=\"grid kcm\">\n<div class=\"grid__item one-whole portable--auto lap--auto palm--auto\" data-style=\"\"\/>\n<\/div>\n","protected":false},"excerpt":{"rendered":"<p>Moins de vingt ans apr\u00e8s son lancement, le tabouret Plopp du designer polonais Oskar Zi\u0119ta a d\u00e9j\u00e0 acquis un statut iconique dans le design de mobilier contemporain.<br \/>\nChaque tabouret Plopp t\u00e9moigne de son processus de fabrication, o\u00f9 l\u2019ing\u00e9nierie innovante donne vie \u00e0 une v\u00e9ritable pi\u00e8ce d&rsquo;art fonctionnelle.  <\/p>\n<p>&nbsp;<\/p>\n<p>En excellent \u00e9tat vintage, avec une l\u00e9g\u00e8re bosse sur l\u2019assise qui se fond visuellement dans le relief de la forme g\u00e9n\u00e9rale (voir photos).<\/p>\n","protected":false},"featured_media":5453,"template":"","meta":[],"product_brand":[],"product_cat":[201,204],"product_tag":[],"class_list":{"0":"post-5565","1":"product","2":"type-product","3":"status-publish","4":"has-post-thumbnail","6":"product_cat-nouveautes","7":"product_cat-sieges","9":"first","10":"instock","11":"taxable","12":"shipping-taxable","13":"purchasable","14":"product-type-simple"},"acf":[],"yoast_head":"<!-- This site is optimized with the Yoast SEO plugin v23.4 - https:\/\/yoast.com\/wordpress\/plugins\/seo\/ -->\n<title>Tabouret PLOPP standard par Oskar Zieta Studio - Full Room<\/title>\n<meta name=\"robots\" content=\"index, follow, max-snippet:-1, max-image-preview:large, max-video-preview:-1\" \/>\n<link rel=\"canonical\" href=\"https:\/\/www.fullroom.ca\/fr\/shop\/nouveautes\/tabouret-plopp-standard-par-oskar-zieta-studio\/\" \/>\n<meta property=\"og:locale\" content=\"fr_FR\" \/>\n<meta property=\"og:type\" content=\"article\" \/>\n<meta property=\"og:title\" content=\"Tabouret PLOPP standard par Oskar Zieta Studio - Full Room\" \/>\n<meta property=\"og:description\" content=\"Moins de vingt ans apr\u00e8s son lancement, le tabouret Plopp du designer polonais Oskar Zi\u0119ta a d\u00e9j\u00e0 acquis un statut iconique dans le design de mobilier contemporain. Chaque tabouret Plopp t\u00e9moigne de son processus de fabrication, o\u00f9 l\u2019ing\u00e9nierie innovante donne vie \u00e0 une v\u00e9ritable pi\u00e8ce d&#039;art fonctionnelle.  &nbsp; En excellent \u00e9tat vintage, avec une l\u00e9g\u00e8re bosse sur l\u2019assise qui se fond visuellement dans le relief de la forme g\u00e9n\u00e9rale (voir photos).\" \/>\n<meta property=\"og:url\" content=\"https:\/\/www.fullroom.ca\/fr\/shop\/nouveautes\/tabouret-plopp-standard-par-oskar-zieta-studio\/\" \/>\n<meta property=\"og:site_name\" content=\"Full Room\" \/>\n<meta property=\"article:modified_time\" content=\"2026-02-05T22:04:01+00:00\" \/>\n<meta property=\"og:image\" content=\"https:\/\/www.fullroom.ca\/wp-content\/uploads\/2026\/01\/Plopp-Standard-Oskar-Zieta-FullRoom1111-732x1024.jpg\" \/>\n\t<meta property=\"og:image:width\" content=\"732\" \/>\n\t<meta property=\"og:image:height\" content=\"1024\" \/>\n\t<meta property=\"og:image:type\" content=\"image\/jpeg\" \/>\n<meta name=\"twitter:card\" content=\"summary_large_image\" \/>\n<script type=\"application\/ld+json\" class=\"yoast-schema-graph\">{\"@context\":\"https:\/\/schema.org\",\"@graph\":[{\"@type\":\"WebPage\",\"@id\":\"https:\/\/www.fullroom.ca\/fr\/shop\/nouveautes\/tabouret-plopp-standard-par-oskar-zieta-studio\/\",\"url\":\"https:\/\/www.fullroom.ca\/fr\/shop\/nouveautes\/tabouret-plopp-standard-par-oskar-zieta-studio\/\",\"name\":\"Tabouret PLOPP standard par Oskar Zieta Studio - Full Room\",\"isPartOf\":{\"@id\":\"https:\/\/fullroom.ca\/#website\"},\"primaryImageOfPage\":{\"@id\":\"https:\/\/www.fullroom.ca\/fr\/shop\/nouveautes\/tabouret-plopp-standard-par-oskar-zieta-studio\/#primaryimage\"},\"image\":{\"@id\":\"https:\/\/www.fullroom.ca\/fr\/shop\/nouveautes\/tabouret-plopp-standard-par-oskar-zieta-studio\/#primaryimage\"},\"thumbnailUrl\":\"https:\/\/www.fullroom.ca\/wp-content\/uploads\/2026\/01\/Plopp-Standard-Oskar-Zieta-FullRoom1111.jpg\",\"datePublished\":\"2026-01-12T22:48:58+00:00\",\"dateModified\":\"2026-02-05T22:04:01+00:00\",\"breadcrumb\":{\"@id\":\"https:\/\/www.fullroom.ca\/fr\/shop\/nouveautes\/tabouret-plopp-standard-par-oskar-zieta-studio\/#breadcrumb\"},\"inLanguage\":\"fr-FR\",\"potentialAction\":[{\"@type\":\"ReadAction\",\"target\":[\"https:\/\/www.fullroom.ca\/fr\/shop\/nouveautes\/tabouret-plopp-standard-par-oskar-zieta-studio\/\"]}]},{\"@type\":\"ImageObject\",\"inLanguage\":\"fr-FR\",\"@id\":\"https:\/\/www.fullroom.ca\/fr\/shop\/nouveautes\/tabouret-plopp-standard-par-oskar-zieta-studio\/#primaryimage\",\"url\":\"https:\/\/www.fullroom.ca\/wp-content\/uploads\/2026\/01\/Plopp-Standard-Oskar-Zieta-FullRoom1111.jpg\",\"contentUrl\":\"https:\/\/www.fullroom.ca\/wp-content\/uploads\/2026\/01\/Plopp-Standard-Oskar-Zieta-FullRoom1111.jpg\",\"width\":1463,\"height\":2048},{\"@type\":\"BreadcrumbList\",\"@id\":\"https:\/\/www.fullroom.ca\/fr\/shop\/nouveautes\/tabouret-plopp-standard-par-oskar-zieta-studio\/#breadcrumb\",\"itemListElement\":[{\"@type\":\"ListItem\",\"position\":1,\"name\":\"Home\",\"item\":\"https:\/\/www.fullroom.ca\/fr\/\"},{\"@type\":\"ListItem\",\"position\":2,\"name\":\"Boutique\",\"item\":\"https:\/\/www.fullroom.ca\/\"},{\"@type\":\"ListItem\",\"position\":3,\"name\":\"Tabouret PLOPP standard par Oskar Zieta Studio\"}]},{\"@type\":\"WebSite\",\"@id\":\"https:\/\/fullroom.ca\/#website\",\"url\":\"https:\/\/fullroom.ca\/\",\"name\":\"Full Room\",\"description\":\"Preloved furniture standing the test of time\",\"potentialAction\":[{\"@type\":\"SearchAction\",\"target\":{\"@type\":\"EntryPoint\",\"urlTemplate\":\"https:\/\/fullroom.ca\/?s={search_term_string}\"},\"query-input\":{\"@type\":\"PropertyValueSpecification\",\"valueRequired\":true,\"valueName\":\"search_term_string\"}}],\"inLanguage\":\"fr-FR\"}]}<\/script>\n<!-- \/ Yoast SEO plugin. -->","yoast_head_json":{"title":"Tabouret PLOPP standard par Oskar Zieta Studio - Full Room","robots":{"index":"index","follow":"follow","max-snippet":"max-snippet:-1","max-image-preview":"max-image-preview:large","max-video-preview":"max-video-preview:-1"},"canonical":"https:\/\/www.fullroom.ca\/fr\/shop\/nouveautes\/tabouret-plopp-standard-par-oskar-zieta-studio\/","og_locale":"fr_FR","og_type":"article","og_title":"Tabouret PLOPP standard par Oskar Zieta Studio - Full Room","og_description":"Moins de vingt ans apr\u00e8s son lancement, le tabouret Plopp du designer polonais Oskar Zi\u0119ta a d\u00e9j\u00e0 acquis un statut iconique dans le design de mobilier contemporain. Chaque tabouret Plopp t\u00e9moigne de son processus de fabrication, o\u00f9 l\u2019ing\u00e9nierie innovante donne vie \u00e0 une v\u00e9ritable pi\u00e8ce d'art fonctionnelle.  &nbsp; En excellent \u00e9tat vintage, avec une l\u00e9g\u00e8re bosse sur l\u2019assise qui se fond visuellement dans le relief de la forme g\u00e9n\u00e9rale (voir photos).","og_url":"https:\/\/www.fullroom.ca\/fr\/shop\/nouveautes\/tabouret-plopp-standard-par-oskar-zieta-studio\/","og_site_name":"Full Room","article_modified_time":"2026-02-05T22:04:01+00:00","og_image":[{"width":732,"height":1024,"url":"https:\/\/www.fullroom.ca\/wp-content\/uploads\/2026\/01\/Plopp-Standard-Oskar-Zieta-FullRoom1111-732x1024.jpg","type":"image\/jpeg"}],"twitter_card":"summary_large_image","schema":{"@context":"https:\/\/schema.org","@graph":[{"@type":"WebPage","@id":"https:\/\/www.fullroom.ca\/fr\/shop\/nouveautes\/tabouret-plopp-standard-par-oskar-zieta-studio\/","url":"https:\/\/www.fullroom.ca\/fr\/shop\/nouveautes\/tabouret-plopp-standard-par-oskar-zieta-studio\/","name":"Tabouret PLOPP standard par Oskar Zieta Studio - Full Room","isPartOf":{"@id":"https:\/\/fullroom.ca\/#website"},"primaryImageOfPage":{"@id":"https:\/\/www.fullroom.ca\/fr\/shop\/nouveautes\/tabouret-plopp-standard-par-oskar-zieta-studio\/#primaryimage"},"image":{"@id":"https:\/\/www.fullroom.ca\/fr\/shop\/nouveautes\/tabouret-plopp-standard-par-oskar-zieta-studio\/#primaryimage"},"thumbnailUrl":"https:\/\/www.fullroom.ca\/wp-content\/uploads\/2026\/01\/Plopp-Standard-Oskar-Zieta-FullRoom1111.jpg","datePublished":"2026-01-12T22:48:58+00:00","dateModified":"2026-02-05T22:04:01+00:00","breadcrumb":{"@id":"https:\/\/www.fullroom.ca\/fr\/shop\/nouveautes\/tabouret-plopp-standard-par-oskar-zieta-studio\/#breadcrumb"},"inLanguage":"fr-FR","potentialAction":[{"@type":"ReadAction","target":["https:\/\/www.fullroom.ca\/fr\/shop\/nouveautes\/tabouret-plopp-standard-par-oskar-zieta-studio\/"]}]},{"@type":"ImageObject","inLanguage":"fr-FR","@id":"https:\/\/www.fullroom.ca\/fr\/shop\/nouveautes\/tabouret-plopp-standard-par-oskar-zieta-studio\/#primaryimage","url":"https:\/\/www.fullroom.ca\/wp-content\/uploads\/2026\/01\/Plopp-Standard-Oskar-Zieta-FullRoom1111.jpg","contentUrl":"https:\/\/www.fullroom.ca\/wp-content\/uploads\/2026\/01\/Plopp-Standard-Oskar-Zieta-FullRoom1111.jpg","width":1463,"height":2048},{"@type":"BreadcrumbList","@id":"https:\/\/www.fullroom.ca\/fr\/shop\/nouveautes\/tabouret-plopp-standard-par-oskar-zieta-studio\/#breadcrumb","itemListElement":[{"@type":"ListItem","position":1,"name":"Home","item":"https:\/\/www.fullroom.ca\/fr\/"},{"@type":"ListItem","position":2,"name":"Boutique","item":"https:\/\/www.fullroom.ca\/"},{"@type":"ListItem","position":3,"name":"Tabouret PLOPP standard par Oskar Zieta Studio"}]},{"@type":"WebSite","@id":"https:\/\/fullroom.ca\/#website","url":"https:\/\/fullroom.ca\/","name":"Full Room","description":"Preloved furniture standing the test of time","potentialAction":[{"@type":"SearchAction","target":{"@type":"EntryPoint","urlTemplate":"https:\/\/fullroom.ca\/?s={search_term_string}"},"query-input":{"@type":"PropertyValueSpecification","valueRequired":true,"valueName":"search_term_string"}}],"inLanguage":"fr-FR"}]}},"jetpack_sharing_enabled":true,"_links":{"self":[{"href":"https:\/\/www.fullroom.ca\/fr\/wp-json\/wp\/v2\/product\/5565","targetHints":{"allow":["GET"]}}],"collection":[{"href":"https:\/\/www.fullroom.ca\/fr\/wp-json\/wp\/v2\/product"}],"about":[{"href":"https:\/\/www.fullroom.ca\/fr\/wp-json\/wp\/v2\/types\/product"}],"wp:featuredmedia":[{"embeddable":true,"href":"https:\/\/www.fullroom.ca\/fr\/wp-json\/wp\/v2\/media\/5453"}],"wp:attachment":[{"href":"https:\/\/www.fullroom.ca\/fr\/wp-json\/wp\/v2\/media?parent=5565"}],"wp:term":[{"taxonomy":"product_brand","embeddable":true,"href":"https:\/\/www.fullroom.ca\/fr\/wp-json\/wp\/v2\/product_brand?post=5565"},{"taxonomy":"product_cat","embeddable":true,"href":"https:\/\/www.fullroom.ca\/fr\/wp-json\/wp\/v2\/product_cat?post=5565"},{"taxonomy":"product_tag","embeddable":true,"href":"https:\/\/www.fullroom.ca\/fr\/wp-json\/wp\/v2\/product_tag?post=5565"}],"curies":[{"name":"wp","href":"https:\/\/api.w.org\/{rel}","templated":true}]}}