{"id":5550,"date":"2026-01-12T18:15:41","date_gmt":"2026-01-12T23:15:41","guid":{"rendered":"https:\/\/www.fullroom.ca\/shop\/uncategorized\/lampe-dome-en-acrylique-1970s\/"},"modified":"2026-02-05T17:04:02","modified_gmt":"2026-02-05T22:04:02","slug":"lampe-dome-en-acrylique-1970s","status":"publish","type":"product","link":"https:\/\/www.fullroom.ca\/fr\/shop\/archives\/lampe-dome-en-acrylique-1970s\/","title":{"rendered":"Lampe D\u00d4ME en acrylique 1970s"},"content":{"rendered":"<div class=\"grid kcm\">\n<div class=\"grid__item one-whole portable--auto lap--auto palm--auto\" data-style=\"\"\/>\n<\/div>\n","protected":false},"excerpt":{"rendered":"<p data-start=\"227\" data-end=\"570\">D\u2019origine inconnue, ce luminaire suspendu des ann\u00e9es 1970 se veut sans doute un clin d&rsquo;oeil \u00e0 l\u2019iconique collection Flowerpot de Verner Panton.<br \/>\nSon d\u00f4me en acrylique blanc cass\u00e9 diffuse une lumi\u00e8re douce et chaleureuse.<br \/>\nL\u2019ampoule est plac\u00e9e derri\u00e8re un diffuseur en verre, qui adoucit la lumi\u00e8re et limite l\u2019\u00e9blouissement.  <\/p>\n<p data-start=\"572\" data-end=\"672\">En excellente condition vintage.<br \/>\nEnti\u00e8rement refil\u00e9 avec un fil de 8&prime;.<br \/>\nInclut la quincaillerie d&rsquo;installation.  <\/p>\n<p>&nbsp;<\/p>\n","protected":false},"featured_media":5478,"template":"","meta":[],"product_brand":[],"product_cat":[207],"product_tag":[],"class_list":{"0":"post-5550","1":"product","2":"type-product","3":"status-publish","4":"has-post-thumbnail","6":"product_cat-archives","8":"first","9":"outofstock","10":"taxable","11":"shipping-taxable","12":"purchasable","13":"product-type-simple"},"acf":[],"yoast_head":"<!-- This site is optimized with the Yoast SEO plugin v23.4 - https:\/\/yoast.com\/wordpress\/plugins\/seo\/ -->\n<title>Lampe D\u00d4ME en acrylique 1970s - Full Room<\/title>\n<meta name=\"robots\" content=\"index, follow, max-snippet:-1, max-image-preview:large, max-video-preview:-1\" \/>\n<link rel=\"canonical\" href=\"https:\/\/www.fullroom.ca\/fr\/shop\/archives\/lampe-dome-en-acrylique-1970s\/\" \/>\n<meta property=\"og:locale\" content=\"fr_FR\" \/>\n<meta property=\"og:type\" content=\"article\" \/>\n<meta property=\"og:title\" content=\"Lampe D\u00d4ME en acrylique 1970s - Full Room\" \/>\n<meta property=\"og:description\" content=\"D\u2019origine inconnue, ce luminaire suspendu des ann\u00e9es 1970 se veut sans doute un clin d&#039;oeil \u00e0 l\u2019iconique collection Flowerpot de Verner Panton. Son d\u00f4me en acrylique blanc cass\u00e9 diffuse une lumi\u00e8re douce et chaleureuse. L\u2019ampoule est plac\u00e9e derri\u00e8re un diffuseur en verre, qui adoucit la lumi\u00e8re et limite l\u2019\u00e9blouissement.  En excellente condition vintage. Enti\u00e8rement refil\u00e9 avec un fil de 8&#039;. Inclut la quincaillerie d&#039;installation.  &nbsp;\" \/>\n<meta property=\"og:url\" content=\"https:\/\/www.fullroom.ca\/fr\/shop\/archives\/lampe-dome-en-acrylique-1970s\/\" \/>\n<meta property=\"og:site_name\" content=\"Full Room\" \/>\n<meta property=\"article:modified_time\" content=\"2026-02-05T22:04:02+00:00\" \/>\n<meta property=\"og:image\" content=\"https:\/\/www.fullroom.ca\/wp-content\/uploads\/2026\/01\/MCM-Pendant-Acrylic-FlowerPot-FullRoom0525.jpg\" \/>\n\t<meta property=\"og:image:width\" content=\"1080\" \/>\n\t<meta property=\"og:image:height\" content=\"1512\" \/>\n\t<meta property=\"og:image:type\" content=\"image\/jpeg\" \/>\n<meta name=\"twitter:card\" content=\"summary_large_image\" \/>\n<script type=\"application\/ld+json\" class=\"yoast-schema-graph\">{\"@context\":\"https:\/\/schema.org\",\"@graph\":[{\"@type\":\"WebPage\",\"@id\":\"https:\/\/www.fullroom.ca\/fr\/shop\/archives\/lampe-dome-en-acrylique-1970s\/\",\"url\":\"https:\/\/www.fullroom.ca\/fr\/shop\/archives\/lampe-dome-en-acrylique-1970s\/\",\"name\":\"Lampe D\u00d4ME en acrylique 1970s - Full Room\",\"isPartOf\":{\"@id\":\"https:\/\/fullroom.ca\/#website\"},\"primaryImageOfPage\":{\"@id\":\"https:\/\/www.fullroom.ca\/fr\/shop\/archives\/lampe-dome-en-acrylique-1970s\/#primaryimage\"},\"image\":{\"@id\":\"https:\/\/www.fullroom.ca\/fr\/shop\/archives\/lampe-dome-en-acrylique-1970s\/#primaryimage\"},\"thumbnailUrl\":\"https:\/\/www.fullroom.ca\/wp-content\/uploads\/2026\/01\/MCM-Pendant-Acrylic-FlowerPot-FullRoom0525.jpg\",\"datePublished\":\"2026-01-12T23:15:41+00:00\",\"dateModified\":\"2026-02-05T22:04:02+00:00\",\"breadcrumb\":{\"@id\":\"https:\/\/www.fullroom.ca\/fr\/shop\/archives\/lampe-dome-en-acrylique-1970s\/#breadcrumb\"},\"inLanguage\":\"fr-FR\",\"potentialAction\":[{\"@type\":\"ReadAction\",\"target\":[\"https:\/\/www.fullroom.ca\/fr\/shop\/archives\/lampe-dome-en-acrylique-1970s\/\"]}]},{\"@type\":\"ImageObject\",\"inLanguage\":\"fr-FR\",\"@id\":\"https:\/\/www.fullroom.ca\/fr\/shop\/archives\/lampe-dome-en-acrylique-1970s\/#primaryimage\",\"url\":\"https:\/\/www.fullroom.ca\/wp-content\/uploads\/2026\/01\/MCM-Pendant-Acrylic-FlowerPot-FullRoom0525.jpg\",\"contentUrl\":\"https:\/\/www.fullroom.ca\/wp-content\/uploads\/2026\/01\/MCM-Pendant-Acrylic-FlowerPot-FullRoom0525.jpg\",\"width\":1080,\"height\":1512},{\"@type\":\"BreadcrumbList\",\"@id\":\"https:\/\/www.fullroom.ca\/fr\/shop\/archives\/lampe-dome-en-acrylique-1970s\/#breadcrumb\",\"itemListElement\":[{\"@type\":\"ListItem\",\"position\":1,\"name\":\"Home\",\"item\":\"https:\/\/www.fullroom.ca\/fr\/\"},{\"@type\":\"ListItem\",\"position\":2,\"name\":\"Boutique\",\"item\":\"https:\/\/www.fullroom.ca\/\"},{\"@type\":\"ListItem\",\"position\":3,\"name\":\"Lampe D\u00d4ME en acrylique 1970s\"}]},{\"@type\":\"WebSite\",\"@id\":\"https:\/\/fullroom.ca\/#website\",\"url\":\"https:\/\/fullroom.ca\/\",\"name\":\"Full Room\",\"description\":\"Preloved furniture standing the test of time\",\"potentialAction\":[{\"@type\":\"SearchAction\",\"target\":{\"@type\":\"EntryPoint\",\"urlTemplate\":\"https:\/\/fullroom.ca\/?s={search_term_string}\"},\"query-input\":{\"@type\":\"PropertyValueSpecification\",\"valueRequired\":true,\"valueName\":\"search_term_string\"}}],\"inLanguage\":\"fr-FR\"}]}<\/script>\n<!-- \/ Yoast SEO plugin. -->","yoast_head_json":{"title":"Lampe D\u00d4ME en acrylique 1970s - Full Room","robots":{"index":"index","follow":"follow","max-snippet":"max-snippet:-1","max-image-preview":"max-image-preview:large","max-video-preview":"max-video-preview:-1"},"canonical":"https:\/\/www.fullroom.ca\/fr\/shop\/archives\/lampe-dome-en-acrylique-1970s\/","og_locale":"fr_FR","og_type":"article","og_title":"Lampe D\u00d4ME en acrylique 1970s - Full Room","og_description":"D\u2019origine inconnue, ce luminaire suspendu des ann\u00e9es 1970 se veut sans doute un clin d'oeil \u00e0 l\u2019iconique collection Flowerpot de Verner Panton. Son d\u00f4me en acrylique blanc cass\u00e9 diffuse une lumi\u00e8re douce et chaleureuse. L\u2019ampoule est plac\u00e9e derri\u00e8re un diffuseur en verre, qui adoucit la lumi\u00e8re et limite l\u2019\u00e9blouissement.  En excellente condition vintage. Enti\u00e8rement refil\u00e9 avec un fil de 8'. Inclut la quincaillerie d'installation.  &nbsp;","og_url":"https:\/\/www.fullroom.ca\/fr\/shop\/archives\/lampe-dome-en-acrylique-1970s\/","og_site_name":"Full Room","article_modified_time":"2026-02-05T22:04:02+00:00","og_image":[{"width":1080,"height":1512,"url":"https:\/\/www.fullroom.ca\/wp-content\/uploads\/2026\/01\/MCM-Pendant-Acrylic-FlowerPot-FullRoom0525.jpg","type":"image\/jpeg"}],"twitter_card":"summary_large_image","schema":{"@context":"https:\/\/schema.org","@graph":[{"@type":"WebPage","@id":"https:\/\/www.fullroom.ca\/fr\/shop\/archives\/lampe-dome-en-acrylique-1970s\/","url":"https:\/\/www.fullroom.ca\/fr\/shop\/archives\/lampe-dome-en-acrylique-1970s\/","name":"Lampe D\u00d4ME en acrylique 1970s - Full Room","isPartOf":{"@id":"https:\/\/fullroom.ca\/#website"},"primaryImageOfPage":{"@id":"https:\/\/www.fullroom.ca\/fr\/shop\/archives\/lampe-dome-en-acrylique-1970s\/#primaryimage"},"image":{"@id":"https:\/\/www.fullroom.ca\/fr\/shop\/archives\/lampe-dome-en-acrylique-1970s\/#primaryimage"},"thumbnailUrl":"https:\/\/www.fullroom.ca\/wp-content\/uploads\/2026\/01\/MCM-Pendant-Acrylic-FlowerPot-FullRoom0525.jpg","datePublished":"2026-01-12T23:15:41+00:00","dateModified":"2026-02-05T22:04:02+00:00","breadcrumb":{"@id":"https:\/\/www.fullroom.ca\/fr\/shop\/archives\/lampe-dome-en-acrylique-1970s\/#breadcrumb"},"inLanguage":"fr-FR","potentialAction":[{"@type":"ReadAction","target":["https:\/\/www.fullroom.ca\/fr\/shop\/archives\/lampe-dome-en-acrylique-1970s\/"]}]},{"@type":"ImageObject","inLanguage":"fr-FR","@id":"https:\/\/www.fullroom.ca\/fr\/shop\/archives\/lampe-dome-en-acrylique-1970s\/#primaryimage","url":"https:\/\/www.fullroom.ca\/wp-content\/uploads\/2026\/01\/MCM-Pendant-Acrylic-FlowerPot-FullRoom0525.jpg","contentUrl":"https:\/\/www.fullroom.ca\/wp-content\/uploads\/2026\/01\/MCM-Pendant-Acrylic-FlowerPot-FullRoom0525.jpg","width":1080,"height":1512},{"@type":"BreadcrumbList","@id":"https:\/\/www.fullroom.ca\/fr\/shop\/archives\/lampe-dome-en-acrylique-1970s\/#breadcrumb","itemListElement":[{"@type":"ListItem","position":1,"name":"Home","item":"https:\/\/www.fullroom.ca\/fr\/"},{"@type":"ListItem","position":2,"name":"Boutique","item":"https:\/\/www.fullroom.ca\/"},{"@type":"ListItem","position":3,"name":"Lampe D\u00d4ME en acrylique 1970s"}]},{"@type":"WebSite","@id":"https:\/\/fullroom.ca\/#website","url":"https:\/\/fullroom.ca\/","name":"Full Room","description":"Preloved furniture standing the test of time","potentialAction":[{"@type":"SearchAction","target":{"@type":"EntryPoint","urlTemplate":"https:\/\/fullroom.ca\/?s={search_term_string}"},"query-input":{"@type":"PropertyValueSpecification","valueRequired":true,"valueName":"search_term_string"}}],"inLanguage":"fr-FR"}]}},"jetpack_sharing_enabled":true,"_links":{"self":[{"href":"https:\/\/www.fullroom.ca\/fr\/wp-json\/wp\/v2\/product\/5550","targetHints":{"allow":["GET"]}}],"collection":[{"href":"https:\/\/www.fullroom.ca\/fr\/wp-json\/wp\/v2\/product"}],"about":[{"href":"https:\/\/www.fullroom.ca\/fr\/wp-json\/wp\/v2\/types\/product"}],"wp:featuredmedia":[{"embeddable":true,"href":"https:\/\/www.fullroom.ca\/fr\/wp-json\/wp\/v2\/media\/5478"}],"wp:attachment":[{"href":"https:\/\/www.fullroom.ca\/fr\/wp-json\/wp\/v2\/media?parent=5550"}],"wp:term":[{"taxonomy":"product_brand","embeddable":true,"href":"https:\/\/www.fullroom.ca\/fr\/wp-json\/wp\/v2\/product_brand?post=5550"},{"taxonomy":"product_cat","embeddable":true,"href":"https:\/\/www.fullroom.ca\/fr\/wp-json\/wp\/v2\/product_cat?post=5550"},{"taxonomy":"product_tag","embeddable":true,"href":"https:\/\/www.fullroom.ca\/fr\/wp-json\/wp\/v2\/product_tag?post=5550"}],"curies":[{"name":"wp","href":"https:\/\/api.w.org\/{rel}","templated":true}]}}