{"id":5522,"date":"2025-12-16T17:37:20","date_gmt":"2025-12-16T22:37:20","guid":{"rendered":"https:\/\/www.fullroom.ca\/contact\/politiques\/"},"modified":"2025-12-16T17:37:20","modified_gmt":"2025-12-16T22:37:20","slug":"politiques","status":"publish","type":"page","link":"https:\/\/www.fullroom.ca\/fr\/contact\/politiques\/","title":{"rendered":"Politiques"},"content":{"rendered":"<div class=\"grid kcm\">\n<div class=\"grid__item one-whole portable--auto lap--auto palm--auto\" data-style=\"\">\n<p class=\"\"><strong>Retours et \u00e9changes:<\/strong><\/p>\n<p class=\"\">Toutes les ventes d&rsquo;objets, de luminaires et de mobilier \u00ab\u00a0vintage\u00a0\u00bb sont FINALES. Full Room n\u2019offre aucun retour ni \u00e9change sur les articles vintage. Les articles sont vendus tels quels. Veuillez v\u00e9rifier les dimensions et poser toutes les questions n\u00e9cessaires. Il nous fera plaisir de vous envoyer des photos, des vid\u00e9os ou des d\u00e9tails suppl\u00e9mentaires avant l\u2019achat. Nous nous effor\u00e7ons d\u2019offrir des articles vintage dans le meilleur \u00e9tat possible. Certaines pi\u00e8ces vintage pr\u00e9sentent des marques d\u2019usure coh\u00e9rentes avec leur \u00e2ge et leur utilisation. L\u2019\u00e9tat de chaque article peut donc varier, et ceux-ci sont vendus tels quels. Les ventes d\u2019articles vintage effectu\u00e9es en ligne sont finales. Une fois la commande trait\u00e9e, il n\u2019est plus possible d\u2019annuler une commande en ligne.<\/p>\n<p><strong>Garantie:<\/strong><\/p>\n<p>Full Room se sp\u00e9cialise dans la vente d&rsquo;objets, de mobilier et de luminaires vintage. Nous faisons de notre mieux pour v\u00e9rifier et d\u00e9crire l\u2019\u00e9tat des pi\u00e8ces avec la plus grande exactitude possible. Nous n\u2019offrons aucune garantie, puisque nous n\u2019avons pas fabriqu\u00e9 ces pi\u00e8ces vintage. La majorit\u00e9 de notre inventaire a \u00e9t\u00e9 fabriqu\u00e9e il y a entre 30 et 60 ans. En cas de bris ou de mauvais fonctionnement apr\u00e8s l\u2019achat, Full Room n\u2019est pas responsable de la r\u00e9paration, du remplacement ou de l\u2019acceptation d\u2019un retour.<\/p>\n<\/div>\n<\/div>\n","protected":false},"excerpt":{"rendered":"<p>Retours et \u00e9changes: Toutes les ventes d&rsquo;objets, de luminaires et de mobilier \u00ab\u00a0vintage\u00a0\u00bb sont FINALES. Full Room n\u2019offre aucun retour ni \u00e9change sur les articles vintage. Les articles sont vendus tels quels. Veuillez v\u00e9rifier les dimensions et poser toutes les questions n\u00e9cessaires. Il nous fera plaisir de vous envoyer des photos, des vid\u00e9os ou des [&hellip;]<\/p>\n","protected":false},"author":1,"featured_media":0,"parent":5519,"menu_order":0,"comment_status":"closed","ping_status":"closed","template":"","meta":{"footnotes":""},"class_list":["post-5522","page","type-page","status-publish","hentry"],"acf":[],"yoast_head":"<!-- This site is optimized with the Yoast SEO plugin v23.4 - https:\/\/yoast.com\/wordpress\/plugins\/seo\/ -->\n<title>Politiques - Full Room<\/title>\n<meta name=\"robots\" content=\"index, follow, max-snippet:-1, max-image-preview:large, max-video-preview:-1\" \/>\n<link rel=\"canonical\" href=\"https:\/\/www.fullroom.ca\/fr\/contact\/politiques\/\" \/>\n<meta property=\"og:locale\" content=\"fr_FR\" \/>\n<meta property=\"og:type\" content=\"article\" \/>\n<meta property=\"og:title\" content=\"Politiques - Full Room\" \/>\n<meta property=\"og:description\" content=\"Retours et \u00e9changes: Toutes les ventes d&rsquo;objets, de luminaires et de mobilier \u00ab\u00a0vintage\u00a0\u00bb sont FINALES. Full Room n\u2019offre aucun retour ni \u00e9change sur les articles vintage. Les articles sont vendus tels quels. Veuillez v\u00e9rifier les dimensions et poser toutes les questions n\u00e9cessaires. Il nous fera plaisir de vous envoyer des photos, des vid\u00e9os ou des [&hellip;]\" \/>\n<meta property=\"og:url\" content=\"https:\/\/www.fullroom.ca\/fr\/contact\/politiques\/\" \/>\n<meta property=\"og:site_name\" content=\"Full Room\" \/>\n<meta name=\"twitter:card\" content=\"summary_large_image\" \/>\n<meta name=\"twitter:label1\" content=\"Dur\u00e9e de lecture estim\u00e9e\" \/>\n\t<meta name=\"twitter:data1\" content=\"1 minute\" \/>\n<script type=\"application\/ld+json\" class=\"yoast-schema-graph\">{\"@context\":\"https:\/\/schema.org\",\"@graph\":[{\"@type\":\"WebPage\",\"@id\":\"https:\/\/www.fullroom.ca\/fr\/contact\/politiques\/\",\"url\":\"https:\/\/www.fullroom.ca\/fr\/contact\/politiques\/\",\"name\":\"Politiques - Full Room\",\"isPartOf\":{\"@id\":\"https:\/\/fullroom.ca\/#website\"},\"datePublished\":\"2025-12-16T22:37:20+00:00\",\"dateModified\":\"2025-12-16T22:37:20+00:00\",\"breadcrumb\":{\"@id\":\"https:\/\/www.fullroom.ca\/fr\/contact\/politiques\/#breadcrumb\"},\"inLanguage\":\"fr-FR\",\"potentialAction\":[{\"@type\":\"ReadAction\",\"target\":[\"https:\/\/www.fullroom.ca\/fr\/contact\/politiques\/\"]}]},{\"@type\":\"BreadcrumbList\",\"@id\":\"https:\/\/www.fullroom.ca\/fr\/contact\/politiques\/#breadcrumb\",\"itemListElement\":[{\"@type\":\"ListItem\",\"position\":1,\"name\":\"Home\",\"item\":\"https:\/\/www.fullroom.ca\/fr\/\"},{\"@type\":\"ListItem\",\"position\":2,\"name\":\"Contact\",\"item\":\"https:\/\/www.fullroom.ca\/fr\/contact\/\"},{\"@type\":\"ListItem\",\"position\":3,\"name\":\"Politiques\"}]},{\"@type\":\"WebSite\",\"@id\":\"https:\/\/fullroom.ca\/#website\",\"url\":\"https:\/\/fullroom.ca\/\",\"name\":\"Full Room\",\"description\":\"Preloved furniture standing the test of time\",\"potentialAction\":[{\"@type\":\"SearchAction\",\"target\":{\"@type\":\"EntryPoint\",\"urlTemplate\":\"https:\/\/fullroom.ca\/?s={search_term_string}\"},\"query-input\":{\"@type\":\"PropertyValueSpecification\",\"valueRequired\":true,\"valueName\":\"search_term_string\"}}],\"inLanguage\":\"fr-FR\"}]}<\/script>\n<!-- \/ Yoast SEO plugin. -->","yoast_head_json":{"title":"Politiques - Full Room","robots":{"index":"index","follow":"follow","max-snippet":"max-snippet:-1","max-image-preview":"max-image-preview:large","max-video-preview":"max-video-preview:-1"},"canonical":"https:\/\/www.fullroom.ca\/fr\/contact\/politiques\/","og_locale":"fr_FR","og_type":"article","og_title":"Politiques - Full Room","og_description":"Retours et \u00e9changes: Toutes les ventes d&rsquo;objets, de luminaires et de mobilier \u00ab\u00a0vintage\u00a0\u00bb sont FINALES. Full Room n\u2019offre aucun retour ni \u00e9change sur les articles vintage. Les articles sont vendus tels quels. Veuillez v\u00e9rifier les dimensions et poser toutes les questions n\u00e9cessaires. Il nous fera plaisir de vous envoyer des photos, des vid\u00e9os ou des [&hellip;]","og_url":"https:\/\/www.fullroom.ca\/fr\/contact\/politiques\/","og_site_name":"Full Room","twitter_card":"summary_large_image","twitter_misc":{"Dur\u00e9e de lecture estim\u00e9e":"1 minute"},"schema":{"@context":"https:\/\/schema.org","@graph":[{"@type":"WebPage","@id":"https:\/\/www.fullroom.ca\/fr\/contact\/politiques\/","url":"https:\/\/www.fullroom.ca\/fr\/contact\/politiques\/","name":"Politiques - Full Room","isPartOf":{"@id":"https:\/\/fullroom.ca\/#website"},"datePublished":"2025-12-16T22:37:20+00:00","dateModified":"2025-12-16T22:37:20+00:00","breadcrumb":{"@id":"https:\/\/www.fullroom.ca\/fr\/contact\/politiques\/#breadcrumb"},"inLanguage":"fr-FR","potentialAction":[{"@type":"ReadAction","target":["https:\/\/www.fullroom.ca\/fr\/contact\/politiques\/"]}]},{"@type":"BreadcrumbList","@id":"https:\/\/www.fullroom.ca\/fr\/contact\/politiques\/#breadcrumb","itemListElement":[{"@type":"ListItem","position":1,"name":"Home","item":"https:\/\/www.fullroom.ca\/fr\/"},{"@type":"ListItem","position":2,"name":"Contact","item":"https:\/\/www.fullroom.ca\/fr\/contact\/"},{"@type":"ListItem","position":3,"name":"Politiques"}]},{"@type":"WebSite","@id":"https:\/\/fullroom.ca\/#website","url":"https:\/\/fullroom.ca\/","name":"Full Room","description":"Preloved furniture standing the test of time","potentialAction":[{"@type":"SearchAction","target":{"@type":"EntryPoint","urlTemplate":"https:\/\/fullroom.ca\/?s={search_term_string}"},"query-input":{"@type":"PropertyValueSpecification","valueRequired":true,"valueName":"search_term_string"}}],"inLanguage":"fr-FR"}]}},"jetpack_sharing_enabled":true,"_links":{"self":[{"href":"https:\/\/www.fullroom.ca\/fr\/wp-json\/wp\/v2\/pages\/5522","targetHints":{"allow":["GET"]}}],"collection":[{"href":"https:\/\/www.fullroom.ca\/fr\/wp-json\/wp\/v2\/pages"}],"about":[{"href":"https:\/\/www.fullroom.ca\/fr\/wp-json\/wp\/v2\/types\/page"}],"author":[{"embeddable":true,"href":"https:\/\/www.fullroom.ca\/fr\/wp-json\/wp\/v2\/users\/1"}],"replies":[{"embeddable":true,"href":"https:\/\/www.fullroom.ca\/fr\/wp-json\/wp\/v2\/comments?post=5522"}],"version-history":[{"count":0,"href":"https:\/\/www.fullroom.ca\/fr\/wp-json\/wp\/v2\/pages\/5522\/revisions"}],"up":[{"embeddable":true,"href":"https:\/\/www.fullroom.ca\/fr\/wp-json\/wp\/v2\/pages\/5519"}],"wp:attachment":[{"href":"https:\/\/www.fullroom.ca\/fr\/wp-json\/wp\/v2\/media?parent=5522"}],"curies":[{"name":"wp","href":"https:\/\/api.w.org\/{rel}","templated":true}]}}